{"id":1418,"date":"2026-01-27T17:29:14","date_gmt":"2026-01-27T16:29:14","guid":{"rendered":"https:\/\/dev.ic-services.io\/?page_id=1418"},"modified":"2026-02-25T15:51:53","modified_gmt":"2026-02-25T14:51:53","slug":"conformite-et-audit","status":"publish","type":"page","link":"https:\/\/ic-services.io\/fr\/about\/compliance-and-audit\/","title":{"rendered":"conformit\u00e9 et audit"},"content":{"rendered":"<div class=\"wp-block-uagb-container uagb-block-yhjvtctu alignfull uagb-is-root-container\"><div class=\"uagb-container-inner-blocks-wrap\">\n<div class=\"wp-block-uagb-container uagb-block-irdcwvs4\">\n<div class=\"wp-block-uagb-info-box uagb-block-vt6ociqf uagb-infobox__content-wrap  uagb-infobox-icon-above-title uagb-infobox-image-valign-top\"><div class=\"uagb-ifb-content\"><div class=\"uagb-ifb-title-wrap\"><h1 class=\"uagb-ifb-title\">Interception l\u00e9gale certifi\u00e9e, v\u00e9rifi\u00e9e et conforme aux normes<\/h1><\/div><p class=\"uagb-ifb-desc\">Les solutions ICS sont bas\u00e9es sur les sp\u00e9cifications ETSI et 3GPP et ont \u00e9t\u00e9 audit\u00e9es avec succ\u00e8s par les autorit\u00e9s r\u00e9glementaires. Nous vous aidons \u00e0 mettre en \u0153uvre des syst\u00e8mes d'interception l\u00e9gale qui passent les inspections r\u00e9glementaires et fournissent des donn\u00e9es de qualit\u00e9 probante.<\/p><\/div><\/div>\n\n\n\n<div class=\"wp-block-uagb-buttons uagb-buttons__outer-wrap uagb-btn__default-btn uagb-btn-tablet__default-btn uagb-btn-mobile__default-btn uagb-block-zjjrrejj\"><div class=\"uagb-buttons__wrap uagb-buttons-layout-wrap\">\n<div class=\"wp-block-uagb-buttons-child uagb-buttons__outer-wrap uagb-block-wr8nyvol wp-block-button\"><div class=\"uagb-button__wrapper\"><a class=\"uagb-buttons-repeater wp-block-button__link\" aria-label=\"\" href=\"\/fr\/contact\/\" rel=\"follow noopener\" target=\"_self\" role=\"button\"><div class=\"uagb-button__link\">Prendre contact<\/div><\/a><\/div><\/div>\n<\/div><\/div>\n<\/div>\n\n\n\n<div class=\"wp-block-uagb-container uagb-block-opzedjnt\">\n<div class=\"wp-block-uagb-image alignleft uagb-block-qqdczneq wp-block-uagb-image--layout-default wp-block-uagb-image--effect-static wp-block-uagb-image--align-left\"><figure class=\"wp-block-uagb-image__figure\"><img decoding=\"async\" srcset=\"https:\/\/ic-services.io\/wp-content\/uploads\/2026\/02\/g7587007e3209a747aa1ca4b1f1f0b16d717a88440ba863313de1ec6d54d927d7086105baf8b7692ba6709c8deed5d946_1280-265130-1024x682.jpg ,https:\/\/ic-services.io\/wp-content\/uploads\/2026\/02\/g7587007e3209a747aa1ca4b1f1f0b16d717a88440ba863313de1ec6d54d927d7086105baf8b7692ba6709c8deed5d946_1280-265130.jpg 780w, https:\/\/ic-services.io\/wp-content\/uploads\/2026\/02\/g7587007e3209a747aa1ca4b1f1f0b16d717a88440ba863313de1ec6d54d927d7086105baf8b7692ba6709c8deed5d946_1280-265130.jpg 360w\" sizes=\"auto, (max-width: 480px) 150px\" src=\"https:\/\/ic-services.io\/wp-content\/uploads\/2026\/02\/g7587007e3209a747aa1ca4b1f1f0b16d717a88440ba863313de1ec6d54d927d7086105baf8b7692ba6709c8deed5d946_1280-265130-1024x682.jpg\" alt=\"s\u00e9curit\u00e9, protection, antivirus, logiciel, cms, wordpress, syst\u00e8me de gestion de contenu, r\u00e9daction, contenu, sauvegarde, hack, web, internet, blog, upload, post office, media, commentaires, \u00e9cran, contenu, cr\u00e9er, \u00e9crire, publier, publication, s\u00e9curit\u00e9, s\u00e9curit\u00e9, s\u00e9curit\u00e9, s\u00e9curit\u00e9, s\u00e9curit\u00e9, s\u00e9curit\u00e9\" class=\"uag-image-1603\" width=\"270\" height=\"360\" title=\"g7587007e3209a747aa1ca4b1f1f0b16d717a88440ba863313de1ec6d54d927d7086105baf8b7692ba6709c8deed5d946 1280 265130\" loading=\"lazy\" role=\"img\"\/><\/figure><\/div>\n\n\n\n<div class=\"wp-block-uagb-image alignleft uagb-block-xjhw34iy wp-block-uagb-image--layout-default wp-block-uagb-image--effect-static wp-block-uagb-image--align-left\"><figure class=\"wp-block-uagb-image__figure\"><img decoding=\"async\" srcset=\"https:\/\/ic-services.io\/wp-content\/uploads\/2026\/02\/pexels-photo-6930548-6930548-1-1024x794.jpg ,https:\/\/ic-services.io\/wp-content\/uploads\/2026\/02\/pexels-photo-6930548-6930548-1-scaled.jpg 780w, https:\/\/ic-services.io\/wp-content\/uploads\/2026\/02\/pexels-photo-6930548-6930548-1-scaled.jpg 360w\" sizes=\"auto, (max-width: 480px) 150px\" src=\"https:\/\/ic-services.io\/wp-content\/uploads\/2026\/02\/pexels-photo-6930548-6930548-1-1024x794.jpg\" alt=\"Trois coll\u00e8gues travaillent en \u00e9quipe autour d&#039;un ordinateur portable dans un bureau moderne.\" class=\"uag-image-1740\" width=\"270\" height=\"360\" title=\"pexels photo 6930548 6930548 1\" loading=\"lazy\" role=\"img\"\/><\/figure><\/div>\n<\/div>\n<\/div><\/div>\n\n\n\n<div class=\"wp-block-uagb-container uagb-block-l1emufvy alignfull uagb-is-root-container\"><div class=\"uagb-container-inner-blocks-wrap\">\n<div class=\"wp-block-uagb-container uagb-block-qitgqsts\">\n<div class=\"wp-block-uagb-info-box uagb-block-vplhpkls uagb-infobox__content-wrap  uagb-infobox-icon-above-title uagb-infobox-image-valign-top\"><div class=\"uagb-ifb-content\"><div class=\"uagb-ifb-title-wrap\"><h2 class=\"uagb-ifb-title\">Notre engagement en mati\u00e8re de normes et de conformit\u00e9 r\u00e9glementaire<\/h2><\/div><\/div><\/div>\n\n\n\n<div class=\"wp-block-uagb-info-box uagb-block-b4coqf6u uagb-infobox__content-wrap  uagb-infobox-icon-above-title uagb-infobox-image-valign-top\"><div class=\"uagb-ifb-content\"><div class=\"uagb-ifb-title-wrap\"><\/div><p class=\"uagb-ifb-desc\">Chaque solution ICS est con\u00e7ue pour r\u00e9pondre \u00e0 des exigences techniques et r\u00e9glementaires strictes, ce qui garantit que votre infrastructure d'interception l\u00e9gale est pr\u00eate \u00e0 \u00eatre audit\u00e9e d\u00e8s le premier jour.<\/p><\/div><\/div>\n<\/div>\n\n\n\n<div class=\"wp-block-uagb-container uagb-block-gb16mfys\">\n<div class=\"wp-block-uagb-container uagb-block-ehdtdckl\">\n<div class=\"wp-block-uagb-info-box uagb-block-xtdbpq4n uagb-infobox__content-wrap  uagb-infobox-icon-above-title uagb-infobox-image-valign-top\"><div class=\"uagb-ifb-content\"><div class=\"uagb-ifb-icon-wrap\"><div class=\"uagb-iconbox-icon-wrap uagb-infobox-shape-circle\"><svg xmlns=\"https:\/\/www.w3.org\/2000\/svg\" viewbox=\"0 0 448 512\"><path d=\"M438.6 105.4C451.1 117.9 451.1 138.1 438.6 150.6L182.6 406.6C170.1 419.1 149.9 419.1 137.4 406.6L9.372 278.6C-3.124 266.1-3.124 245.9 9.372 233.4C21.87 220.9 42.13 220.9 54.63 233.4L159.1 338.7L393.4 105.4C405.9 92.88 426.1 92.88 438.6 105.4H438.6z\"><\/path><\/svg><\/div><\/div><div class=\"uagb-ifb-title-wrap\"><h3 class=\"uagb-ifb-title\">Conformit\u00e9 aux normes ETSI et 3GPP<\/h3><\/div><p class=\"uagb-ifb-desc\">Nos plates-formes logicielles et nos appareils mettent en \u0153uvre les sp\u00e9cifications actuelles de l'ETSI, notamment TS 102 232 (IP-based LI handover), TS 103 707 (OTT services), TS 102 657 (retained data) et 3GPP TS 33.106\/33.107\/33.108 (mobile LI architecture). Nous suivons l'\u00e9volution des normes et fournissons des mises \u00e0 jour r\u00e9guli\u00e8res pour maintenir l'alignement sur les derni\u00e8res versions et les d\u00e9finitions des param\u00e8tres nationaux.<\/p><\/div><\/div>\n<\/div>\n\n\n\n<div class=\"wp-block-uagb-container uagb-block-tyrjxonj\">\n<div class=\"wp-block-uagb-info-box uagb-block-ohkhryqh uagb-infobox__content-wrap  uagb-infobox-icon-above-title uagb-infobox-image-valign-top\"><div class=\"uagb-ifb-content\"><div class=\"uagb-ifb-icon-wrap\"><div class=\"uagb-iconbox-icon-wrap uagb-infobox-shape-circle\"><svg xmlns=\"https:\/\/www.w3.org\/2000\/svg\" viewbox=\"0 0 448 512\"><path d=\"M438.6 105.4C451.1 117.9 451.1 138.1 438.6 150.6L182.6 406.6C170.1 419.1 149.9 419.1 137.4 406.6L9.372 278.6C-3.124 266.1-3.124 245.9 9.372 233.4C21.87 220.9 42.13 220.9 54.63 233.4L159.1 338.7L393.4 105.4C405.9 92.88 426.1 92.88 438.6 105.4H438.6z\"><\/path><\/svg><\/div><\/div><div class=\"uagb-ifb-title-wrap\"><h3 class=\"uagb-ifb-title\">Audits des autorit\u00e9s r\u00e9glementaires<\/h3><\/div><p class=\"uagb-ifb-desc\">Les solutions ICS ont \u00e9t\u00e9 d\u00e9ploy\u00e9es et audit\u00e9es avec succ\u00e8s par les autorit\u00e9s de r\u00e9gulation des t\u00e9l\u00e9communications, notamment le Bundesnetzagentur (Allemagne). Ces audits v\u00e9rifient la conformit\u00e9 technique, l'exactitude de l'interface, l'exactitude du format des donn\u00e9es et les proc\u00e9dures op\u00e9rationnelles, fournissant ainsi une validation ind\u00e9pendante de nos mises en \u0153uvre.<\/p><\/div><\/div>\n<\/div>\n\n\n\n<div class=\"wp-block-uagb-container uagb-block-arb2xqyc\">\n<div class=\"wp-block-uagb-info-box uagb-block-henvxmsu uagb-infobox__content-wrap  uagb-infobox-icon-above-title uagb-infobox-image-valign-top\"><div class=\"uagb-ifb-content\"><div class=\"uagb-ifb-icon-wrap\"><div class=\"uagb-iconbox-icon-wrap uagb-infobox-shape-circle\"><svg xmlns=\"https:\/\/www.w3.org\/2000\/svg\" viewbox=\"0 0 448 512\"><path d=\"M438.6 105.4C451.1 117.9 451.1 138.1 438.6 150.6L182.6 406.6C170.1 419.1 149.9 419.1 137.4 406.6L9.372 278.6C-3.124 266.1-3.124 245.9 9.372 233.4C21.87 220.9 42.13 220.9 54.63 233.4L159.1 338.7L393.4 105.4C405.9 92.88 426.1 92.88 438.6 105.4H438.6z\"><\/path><\/svg><\/div><\/div><div class=\"uagb-ifb-title-wrap\"><h3 class=\"uagb-ifb-title\">Soutien \u00e0 la certification et \u00e0 la documentation<\/h3><\/div><p class=\"uagb-ifb-desc\">Nous fournissons une documentation compl\u00e8te pour les soumissions r\u00e9glementaires, y compris les sp\u00e9cifications techniques, les descriptions d'interface, les rapports d'essai et les proc\u00e9dures op\u00e9rationnelles. Notre \u00e9quipe vous assiste tout au long du processus de certification, depuis la demande initiale jusqu'\u00e0 l'approbation finale, en passant par les d\u00e9monstrations techniques et les tests d'autorit\u00e9, en veillant \u00e0 ce que votre syst\u00e8me LI r\u00e9ponde \u00e0 toutes les exigences nationales.<\/p><\/div><\/div>\n<\/div>\n<\/div>\n<\/div><\/div>\n\n\n\n<div class=\"wp-block-uagb-container uagb-block-ot3oihrw alignfull uagb-is-root-container\"><div class=\"uagb-container-inner-blocks-wrap\">\n<div class=\"wp-block-uagb-info-box uagb-block-urrnbmok uagb-infobox__content-wrap  uagb-infobox-icon-above-title uagb-infobox-image-valign-top\"><div class=\"uagb-ifb-content\"><div class=\"uagb-ifb-title-wrap\"><h2 class=\"uagb-ifb-title\">Ce qui est audit\u00e9<\/h2><\/div><p class=\"uagb-ifb-desc\">Les audits r\u00e9glementaires \u00e9valuent de multiples aspects de la capacit\u00e9 d'interception l\u00e9gale :<\/p><\/div><\/div>\n\n\n\n<div class=\"wp-block-uagb-container uagb-layout-grid uagb-block-kgrv9qdl\">\n<div class=\"wp-block-uagb-container uagb-block-vnov42ro\">\n<div class=\"wp-block-uagb-info-box uagb-block-nnp6qpwi uagb-infobox__content-wrap  uagb-infobox-icon-above-title uagb-infobox-image-valign-top\"><div class=\"uagb-ifb-content\"><div class=\"uagb-ifb-title-wrap\"><h3 class=\"uagb-ifb-title\"><strong>Interfaces techniques<\/strong><\/h3><\/div><p class=\"uagb-ifb-desc\">V\u00e9rification que les interfaces de r\u00e9seau X1\/X2\/X3 et les interfaces de transfert HI1\/HI2\/HI3 sont conformes aux sp\u00e9cifications ETSI et 3GPP applicables, notamment en ce qui concerne la structure des messages, le codage (ASN.1 BER\/DER), le comportement du protocole et la gestion des erreurs.<\/p><\/div><\/div>\n<\/div>\n\n\n\n<div class=\"wp-block-uagb-container uagb-block-rui8vjmv\">\n<div class=\"wp-block-uagb-info-box uagb-block-6dzqdrva uagb-infobox__content-wrap  uagb-infobox-icon-above-title uagb-infobox-image-valign-top\"><div class=\"uagb-ifb-content\"><div class=\"uagb-ifb-title-wrap\"><h3 class=\"uagb-ifb-title\"><strong>Pr\u00e9cision des donn\u00e9es<\/strong><\/h3><\/div><p class=\"uagb-ifb-desc\">Validation du fait que les informations relatives \u00e0 l'interception et le contenu de la communication contiennent des donn\u00e9es compl\u00e8tes, exactes et correctement format\u00e9es qui peuvent \u00eatre utilis\u00e9es comme preuve dans une proc\u00e9dure judiciaire, y compris tous les champs obligatoires conform\u00e9ment aux sp\u00e9cifications de l'ETSI.<\/p><\/div><\/div>\n<\/div>\n\n\n\n<div class=\"wp-block-uagb-container uagb-block-uhbakdci\">\n<div class=\"wp-block-uagb-info-box uagb-block-z0hod6dx uagb-infobox__content-wrap  uagb-infobox-icon-above-title uagb-infobox-image-valign-top\"><div class=\"uagb-ifb-content\"><div class=\"uagb-ifb-title-wrap\"><h3 class=\"uagb-ifb-title\"><strong>S\u00e9curit\u00e9 et contr\u00f4le d'acc\u00e8s<\/strong><\/h3><\/div><p class=\"uagb-ifb-desc\">Examen des m\u00e9canismes d'authentification, des protocoles de cryptage (TLS 1.2\/1.3), de la gestion des certificats, des contr\u00f4les d'acc\u00e8s bas\u00e9s sur les r\u00f4les et de l'enregistrement des audits afin de garantir que seul le personnel autoris\u00e9 peut acc\u00e9der aux fonctions d'interception et que les donn\u00e9es sensibles sont prot\u00e9g\u00e9es.<\/p><\/div><\/div>\n<\/div>\n\n\n\n<div class=\"wp-block-uagb-container uagb-block-rsankakm\">\n<div class=\"wp-block-uagb-info-box uagb-block-3tub9kk2 uagb-infobox__content-wrap  uagb-infobox-icon-above-title uagb-infobox-image-valign-top\"><div class=\"uagb-ifb-content\"><div class=\"uagb-ifb-title-wrap\"><h3 class=\"uagb-ifb-title\"><strong>Proc\u00e9dures op\u00e9rationnelles<\/strong><\/h3><\/div><p class=\"uagb-ifb-desc\">Examen des flux de travail li\u00e9s au traitement des mandats, des processus d'approvisionnement des cibles, des m\u00e9canismes de confirmation des livraisons et des pratiques documentaires afin de v\u00e9rifier la conformit\u00e9 op\u00e9rationnelle avec les exigences l\u00e9gales et r\u00e9glementaires.<\/p><\/div><\/div>\n<\/div>\n\n\n\n<div class=\"wp-block-uagb-container uagb-block-6zogf6re\">\n<div class=\"wp-block-uagb-info-box uagb-block-i7pqsajo uagb-infobox__content-wrap  uagb-infobox-icon-above-title uagb-infobox-image-valign-top\"><div class=\"uagb-ifb-content\"><div class=\"uagb-ifb-title-wrap\"><h3 class=\"uagb-ifb-title\"><strong>Conservation des preuves<\/strong><\/h3><\/div><p class=\"uagb-ifb-desc\">\u00c9valuation des politiques de conservation des donn\u00e9es, de la s\u00e9curit\u00e9 du stockage, de la protection de l'int\u00e9grit\u00e9 et de l'exhaustivit\u00e9 de la piste d'audit afin de garantir que les donn\u00e9es intercept\u00e9es et les enregistrements associ\u00e9s puissent servir de base \u00e0 des enqu\u00eates et \u00e0 des proc\u00e9dures judiciaires ult\u00e9rieures.<\/p><\/div><\/div>\n<\/div>\n<\/div>\n<\/div><\/div>\n\n\n\n<p><\/p>\n\n\n\n<div class=\"wp-block-uagb-container uagb-block-ybrfjbpr alignfull uagb-is-root-container\"><div class=\"uagb-container-inner-blocks-wrap\">\n<div class=\"wp-block-uagb-container uagb-block-3mvkjc8x\">\n<div class=\"wp-block-uagb-info-box uagb-block-vlqpidhs uagb-infobox__content-wrap  uagb-infobox-icon-above-title uagb-infobox-image-valign-top\"><div class=\"uagb-ifb-content\"><div class=\"uagb-ifb-title-wrap\"><h3 class=\"uagb-ifb-title\">L'importance du respect des normes<\/h3><\/div><\/div><\/div>\n<\/div>\n\n\n\n<div class=\"wp-block-uagb-container uagb-layout-grid uagb-block-lnoabbmv\">\n<div class=\"wp-block-uagb-container uagb-block-7djszb4r\">\n<div class=\"wp-block-uagb-info-box uagb-block-juc0pxga uagb-infobox__content-wrap  uagb-infobox-icon-above-title uagb-infobox-image-valign-top\"><div class=\"uagb-ifb-content\"><div class=\"uagb-ifb-icon-wrap\"><div class=\"uagb-iconbox-icon-wrap uagb-infobox-shape-circle\"><svg xmlns=\"https:\/\/www.w3.org\/2000\/svg\" viewbox=\"0 0 448 512\"><path d=\"M438.6 105.4C451.1 117.9 451.1 138.1 438.6 150.6L182.6 406.6C170.1 419.1 149.9 419.1 137.4 406.6L9.372 278.6C-3.124 266.1-3.124 245.9 9.372 233.4C21.87 220.9 42.13 220.9 54.63 233.4L159.1 338.7L393.4 105.4C405.9 92.88 426.1 92.88 438.6 105.4H438.6z\"><\/path><\/svg><\/div><\/div><div class=\"uagb-ifb-title-wrap\"><h4 class=\"uagb-ifb-title\"><strong>Acceptation de la r\u00e9glementation<\/strong><\/h4><\/div><p class=\"uagb-ifb-desc\">Les autorit\u00e9s exigent une conformit\u00e9 d\u00e9montrable avec les cadres nationaux de la LI, qui font g\u00e9n\u00e9ralement r\u00e9f\u00e9rence aux normes ETSI et 3GPP. Les solutions conformes aux normes r\u00e9duisent les d\u00e9lais d'approbation et les risques d'audit.<\/p><\/div><\/div>\n<\/div>\n\n\n\n<div class=\"wp-block-uagb-container uagb-block-3azxuabp\">\n<div class=\"wp-block-uagb-info-box uagb-block-t7db5wsh uagb-infobox__content-wrap  uagb-infobox-icon-above-title uagb-infobox-image-valign-top\"><div class=\"uagb-ifb-content\"><div class=\"uagb-ifb-icon-wrap\"><div class=\"uagb-iconbox-icon-wrap uagb-infobox-shape-circle\"><svg xmlns=\"https:\/\/www.w3.org\/2000\/svg\" viewbox=\"0 0 448 512\"><path d=\"M438.6 105.4C451.1 117.9 451.1 138.1 438.6 150.6L182.6 406.6C170.1 419.1 149.9 419.1 137.4 406.6L9.372 278.6C-3.124 266.1-3.124 245.9 9.372 233.4C21.87 220.9 42.13 220.9 54.63 233.4L159.1 338.7L393.4 105.4C405.9 92.88 426.1 92.88 438.6 105.4H438.6z\"><\/path><\/svg><\/div><\/div><div class=\"uagb-ifb-title-wrap\"><h4 class=\"uagb-ifb-title\"><strong>Admissibilit\u00e9 des preuves<\/strong><\/h4><\/div><p class=\"uagb-ifb-desc\">Les tribunaux exigent la preuve que les donn\u00e9es intercept\u00e9es ont \u00e9t\u00e9 collect\u00e9es selon des m\u00e9thodes et des formats approuv\u00e9s. La conformit\u00e9 \u00e0 l'ETSI\/3GPP permet d'assurer la cha\u00eene de contr\u00f4le et l'int\u00e9grit\u00e9 des preuves n\u00e9cessaires aux proc\u00e9dures judiciaires.<\/p><\/div><\/div>\n<\/div>\n\n\n\n<div class=\"wp-block-uagb-container uagb-block-x6pbvhxa\">\n<div class=\"wp-block-uagb-info-box uagb-block-idhmafgm uagb-infobox__content-wrap  uagb-infobox-icon-above-title uagb-infobox-image-valign-top\"><div class=\"uagb-ifb-content\"><div class=\"uagb-ifb-icon-wrap\"><div class=\"uagb-iconbox-icon-wrap uagb-infobox-shape-circle\"><svg xmlns=\"https:\/\/www.w3.org\/2000\/svg\" viewbox=\"0 0 448 512\"><path d=\"M438.6 105.4C451.1 117.9 451.1 138.1 438.6 150.6L182.6 406.6C170.1 419.1 149.9 419.1 137.4 406.6L9.372 278.6C-3.124 266.1-3.124 245.9 9.372 233.4C21.87 220.9 42.13 220.9 54.63 233.4L159.1 338.7L393.4 105.4C405.9 92.88 426.1 92.88 438.6 105.4H438.6z\"><\/path><\/svg><\/div><\/div><div class=\"uagb-ifb-title-wrap\"><h4 class=\"uagb-ifb-title\"><strong>Interop\u00e9rabilit\u00e9<\/strong><\/h4><\/div><p class=\"uagb-ifb-desc\">Les interfaces bas\u00e9es sur des normes garantissent que votre syst\u00e8me LI fonctionne avec l'\u00e9quipement r\u00e9seau de plusieurs fournisseurs et qu'il peut \u00eatre utilis\u00e9 par plusieurs organismes charg\u00e9s de l'application de la loi disposant d'installations de surveillance diff\u00e9rentes.<\/p><\/div><\/div>\n<\/div>\n\n\n\n<div class=\"wp-block-uagb-container uagb-block-5k4ijom1\">\n<div class=\"wp-block-uagb-info-box uagb-block-zootkzaa uagb-infobox__content-wrap  uagb-infobox-icon-above-title uagb-infobox-image-valign-top\"><div class=\"uagb-ifb-content\"><div class=\"uagb-ifb-icon-wrap\"><div class=\"uagb-iconbox-icon-wrap uagb-infobox-shape-circle\"><svg xmlns=\"https:\/\/www.w3.org\/2000\/svg\" viewbox=\"0 0 448 512\"><path d=\"M438.6 105.4C451.1 117.9 451.1 138.1 438.6 150.6L182.6 406.6C170.1 419.1 149.9 419.1 137.4 406.6L9.372 278.6C-3.124 266.1-3.124 245.9 9.372 233.4C21.87 220.9 42.13 220.9 54.63 233.4L159.1 338.7L393.4 105.4C405.9 92.88 426.1 92.88 438.6 105.4H438.6z\"><\/path><\/svg><\/div><\/div><div class=\"uagb-ifb-title-wrap\"><h4 class=\"uagb-ifb-title\"><strong>La protection de l'avenir<\/strong><\/h4><\/div><p class=\"uagb-ifb-desc\">Le respect des normes \u00e9tablies prot\u00e8ge votre investissement en garantissant la compatibilit\u00e9 avec les technologies de r\u00e9seau en \u00e9volution, les nouveaux types de services et les exigences r\u00e9glementaires actualis\u00e9es.<\/p><\/div><\/div>\n<\/div>\n<\/div>\n<\/div><\/div>","protected":false},"excerpt":{"rendered":"","protected":false},"author":2,"featured_media":0,"parent":12,"menu_order":0,"comment_status":"closed","ping_status":"closed","template":"","meta":{"_uag_custom_page_level_css":"","site-sidebar-layout":"default","site-content-layout":"","ast-site-content-layout":"default","site-content-style":"default","site-sidebar-style":"default","ast-global-header-display":"","ast-banner-title-visibility":"","ast-main-header-display":"","ast-hfb-above-header-display":"","ast-hfb-below-header-display":"","ast-hfb-mobile-header-display":"","site-post-title":"disabled","ast-breadcrumbs-content":"","ast-featured-img":"","footer-sml-layout":"","ast-disable-related-posts":"","theme-transparent-header-meta":"","adv-header-id-meta":"","stick-header-meta":"","header-above-stick-meta":"","header-main-stick-meta":"","header-below-stick-meta":"","astra-migrate-meta-layouts":"default","ast-page-background-enabled":"default","ast-page-background-meta":{"desktop":{"background-color":"var(--ast-global-color-5)","background-image":"","background-repeat":"repeat","background-position":"center center","background-size":"auto","background-attachment":"scroll","background-type":"","background-media":"","overlay-type":"","overlay-color":"","overlay-opacity":"","overlay-gradient":""},"tablet":{"background-color":"","background-image":"","background-repeat":"repeat","background-position":"center center","background-size":"auto","background-attachment":"scroll","background-type":"","background-media":"","overlay-type":"","overlay-color":"","overlay-opacity":"","overlay-gradient":""},"mobile":{"background-color":"","background-image":"","background-repeat":"repeat","background-position":"center center","background-size":"auto","background-attachment":"scroll","background-type":"","background-media":"","overlay-type":"","overlay-color":"","overlay-opacity":"","overlay-gradient":""}},"ast-content-background-meta":{"desktop":{"background-color":"var(--ast-global-color-4)","background-image":"","background-repeat":"repeat","background-position":"center center","background-size":"auto","background-attachment":"scroll","background-type":"","background-media":"","overlay-type":"","overlay-color":"","overlay-opacity":"","overlay-gradient":""},"tablet":{"background-color":"var(--ast-global-color-4)","background-image":"","background-repeat":"repeat","background-position":"center center","background-size":"auto","background-attachment":"scroll","background-type":"","background-media":"","overlay-type":"","overlay-color":"","overlay-opacity":"","overlay-gradient":""},"mobile":{"background-color":"var(--ast-global-color-4)","background-image":"","background-repeat":"repeat","background-position":"center center","background-size":"auto","background-attachment":"scroll","background-type":"","background-media":"","overlay-type":"","overlay-color":"","overlay-opacity":"","overlay-gradient":""}},"footnotes":""},"class_list":["post-1418","page","type-page","status-publish","hentry"],"uagb_featured_image_src":{"full":false,"thumbnail":false,"medium":false,"medium_large":false,"large":false,"1536x1536":false,"2048x2048":false,"trp-custom-language-flag":false},"uagb_author_info":{"display_name":"chatgpt","author_link":"https:\/\/ic-services.io\/fr\/author\/chatgpt\/"},"uagb_comment_info":0,"uagb_excerpt":null,"_links":{"self":[{"href":"https:\/\/ic-services.io\/fr\/wp-json\/wp\/v2\/pages\/1418","targetHints":{"allow":["GET"]}}],"collection":[{"href":"https:\/\/ic-services.io\/fr\/wp-json\/wp\/v2\/pages"}],"about":[{"href":"https:\/\/ic-services.io\/fr\/wp-json\/wp\/v2\/types\/page"}],"author":[{"embeddable":true,"href":"https:\/\/ic-services.io\/fr\/wp-json\/wp\/v2\/users\/2"}],"replies":[{"embeddable":true,"href":"https:\/\/ic-services.io\/fr\/wp-json\/wp\/v2\/comments?post=1418"}],"version-history":[{"count":10,"href":"https:\/\/ic-services.io\/fr\/wp-json\/wp\/v2\/pages\/1418\/revisions"}],"predecessor-version":[{"id":2092,"href":"https:\/\/ic-services.io\/fr\/wp-json\/wp\/v2\/pages\/1418\/revisions\/2092"}],"up":[{"embeddable":true,"href":"https:\/\/ic-services.io\/fr\/wp-json\/wp\/v2\/pages\/12"}],"wp:attachment":[{"href":"https:\/\/ic-services.io\/fr\/wp-json\/wp\/v2\/media?parent=1418"}],"curies":[{"name":"wp","href":"https:\/\/api.w.org\/{rel}","templated":true}]}}