{"id":1424,"date":"2026-01-27T17:35:05","date_gmt":"2026-01-27T16:35:05","guid":{"rendered":"https:\/\/dev.ic-services.io\/?page_id=1424"},"modified":"2026-02-25T15:46:28","modified_gmt":"2026-02-25T14:46:28","slug":"services-de-facturation","status":"publish","type":"page","link":"https:\/\/ic-services.io\/fr\/services\/billing-services\/","title":{"rendered":"Services de facturation"},"content":{"rendered":"<div class=\"wp-block-uagb-container uagb-block-utckf1mt alignfull uagb-is-root-container\">\n<div class=\"wp-block-uagb-container uagb-block-2tlqmnlt\">\n<div class=\"wp-block-uagb-info-box uagb-block-6vajfjn2 uagb-infobox__content-wrap  uagb-infobox-icon-above-title uagb-infobox-image-valign-top\"><div class=\"uagb-ifb-content\"><div class=\"uagb-ifb-title-wrap\"><h1 class=\"uagb-ifb-title\">Vous avez fait le travail. Quelqu'un d'autre peut s'occuper de la facturation.<\/h1><\/div><\/div><\/div>\n\n\n\n<div class=\"wp-block-uagb-container uagb-block-twm9n5us\">\n<div class=\"wp-block-uagb-info-box uagb-block-rzcdyeoy uagb-infobox__content-wrap  uagb-infobox-icon-above-title uagb-infobox-image-valign-top\"><div class=\"uagb-ifb-content\"><div class=\"uagb-ifb-title-wrap\"><\/div><p class=\"uagb-ifb-desc\">L'interception l\u00e9gale n\u00e9cessite une infrastructure, des op\u00e9rations, du personnel charg\u00e9 de la conformit\u00e9 et une maintenance permanente. Dans de nombreuses juridictions, la r\u00e9glementation autorise les FSC \u00e0 demander le remboursement de ces co\u00fbts aux services r\u00e9pressifs. Mais la collecte de cet argent implique le suivi de chaque interception, le calcul des co\u00fbts par agence, la production de factures conformes et le suivi des paiements - des frais administratifs que la plupart des FSC pr\u00e9f\u00e9reraient \u00e9viter.<\/p><\/div><\/div>\n\n\n\n<div class=\"wp-block-uagb-buttons uagb-buttons__outer-wrap uagb-btn__default-btn uagb-btn-tablet__default-btn uagb-btn-mobile__default-btn uagb-block-9hqfj0il\"><div class=\"uagb-buttons__wrap uagb-buttons-layout-wrap\">\n<div class=\"wp-block-uagb-buttons-child uagb-buttons__outer-wrap uagb-block-hfazbobn wp-block-button\"><div class=\"uagb-button__wrapper\"><a class=\"uagb-buttons-repeater wp-block-button__link\" aria-label=\"\" href=\"\/fr\/contact\/\" rel=\"follow noopener\" target=\"_self\" role=\"button\"><div class=\"uagb-button__link\">nous contacter<\/div><\/a><\/div><\/div>\n<\/div><\/div>\n<\/div>\n<\/div>\n\n\n\n<div class=\"wp-block-uagb-container uagb-block-pjwve2ur alignfull uagb-is-root-container\"><\/div>\n<\/div>\n\n\n\n<div class=\"wp-block-uagb-container uagb-block-ajukdziw alignfull uagb-is-root-container\"><div class=\"uagb-container-inner-blocks-wrap\">\n<div class=\"wp-block-uagb-info-box uagb-block-7ka4skze uagb-infobox__content-wrap  uagb-infobox-icon-above-title uagb-infobox-image-valign-top\"><div class=\"uagb-ifb-content\"><div class=\"uagb-ifb-title-wrap\"><p class=\"uagb-ifb-title-prefix\">LE D\u00c9FI DU REMBOURSEMENT<\/p><h2 class=\"uagb-ifb-title\">Facturation et remboursement des services d'interception l\u00e9gale<\/h2><\/div><\/div><\/div>\n\n\n\n<div class=\"wp-block-uagb-container uagb-block-ds1gqsqa\">\n<div class=\"wp-block-uagb-info-box uagb-block-o8odgwob uagb-infobox__content-wrap  uagb-infobox-icon-above-title uagb-infobox-image-valign-top\"><div class=\"uagb-ifb-content\"><div class=\"uagb-ifb-title-wrap\"><h3 class=\"uagb-ifb-title-prefix\">Remboursement<\/h3><p class=\"uagb-ifb-title\">Dans certains pays, les FSC ont l\u00e9galement le droit d'\u00eatre indemnis\u00e9s pour les co\u00fbts d'interception l\u00e9gale, y compris la configuration technique, les d\u00e9penses op\u00e9rationnelles par interception, le traitement des demandes de donn\u00e9es conserv\u00e9es, l'infrastructure de stockage et le temps de travail du personnel. Toutefois, les r\u00e8gles de remboursement varient consid\u00e9rablement d'une juridiction \u00e0 l'autre. Certains pays assurent le recouvrement int\u00e9gral des co\u00fbts, d'autres proposent un remboursement partiel avec des plafonds ou des bar\u00e8mes normalis\u00e9s, et d'autres encore ne pr\u00e9voient aucun cadre de remboursement.<br><br>M\u00eame lorsqu'un remboursement est possible, sa perception n\u00e9cessite un suivi m\u00e9ticuleux de chaque \u00e9v\u00e9nement facturable, la compr\u00e9hension des proc\u00e9dures et des conditions de paiement de chaque agence, la production de factures conformes aux exigences locales et la gestion de l'ensemble du cycle de recouvrement des paiements. Pour les FSC qui se concentrent sur l'exploitation de leurs r\u00e9seaux et le service \u00e0 la client\u00e8le, cette charge administrative est une distraction qu'ils pr\u00e9f\u00e9reraient confier \u00e0 un prestataire de services sp\u00e9cialis\u00e9.<\/p><\/div><\/div><\/div>\n\n\n\n<div class=\"wp-block-uagb-container uagb-block-4drpflzb\">\n<div class=\"wp-block-uagb-info-box uagb-block-mbjhwekr uagb-infobox__content-wrap  uagb-infobox-icon-above-title uagb-infobox-image-valign-top wp-block-uagb-info-box--has-margin\"><div class=\"uagb-infobox-margin-wrapper\"><div class=\"uagb-ifb-content\"><div class=\"uagb-ifb-title-wrap\"><h4 class=\"uagb-ifb-title\">Des solutions ax\u00e9es sur l'innovation<\/h4><\/div><p class=\"uagb-ifb-desc\">Notre service de facturation suit automatiquement toutes les activit\u00e9s d'interception l\u00e9gale \u00e0 partir des journaux op\u00e9rationnels, calcule les co\u00fbts conform\u00e9ment aux cadres nationaux applicables et g\u00e9n\u00e8re des factures conformes en votre nom. Nous nous adaptons aux r\u00e8gles des diff\u00e9rentes juridictions, qu'il s'agisse de frais par interception, de frais bas\u00e9s sur le volume ou de mod\u00e8les hybrides.<\/p><\/div><\/div><\/div>\n\n\n\n<div class=\"wp-block-uagb-info-box uagb-block-njeuagw6 uagb-infobox__content-wrap  uagb-infobox-icon-above-title uagb-infobox-image-valign-top wp-block-uagb-info-box--has-margin\"><div class=\"uagb-infobox-margin-wrapper\"><div class=\"uagb-ifb-content\"><div class=\"uagb-ifb-title-wrap\"><h4 class=\"uagb-ifb-title\">Approche personnalis\u00e9e<\/h4><\/div><p class=\"uagb-ifb-desc\">Nous travaillons avec vous pour comprendre les cadres de remboursement dans vos pays d'op\u00e9ration, les agences sp\u00e9cifiques avec lesquelles vous travaillez et tout accord n\u00e9goci\u00e9 en place. Notre service est configur\u00e9 en fonction de votre environnement r\u00e9glementaire et de vos accords commerciaux, ce qui garantit que les factures refl\u00e8tent les structures de co\u00fbts correctes et sont conformes aux exigences locales.<\/p><\/div><\/div><\/div>\n\n\n\n<div class=\"wp-block-uagb-info-box uagb-block-jksueluq uagb-infobox__content-wrap  uagb-infobox-icon-above-title uagb-infobox-image-valign-top wp-block-uagb-info-box--has-margin\"><div class=\"uagb-infobox-margin-wrapper\"><div class=\"uagb-ifb-content\"><div class=\"uagb-ifb-title-wrap\"><h4 class=\"uagb-ifb-title\">Un service \u00e0 la client\u00e8le de qualit\u00e9 sup\u00e9rieure<\/h4><\/div><p class=\"uagb-ifb-desc\">Au-del\u00e0 de la production de factures, nous g\u00e9rons l'ensemble du cycle de facturation, y compris le suivi des paiements, la r\u00e9solution des litiges et la gestion des relations avec les agences. Vous recevez r\u00e9guli\u00e8rement des rapports sur l'activit\u00e9 de facturation et la perception des revenus, tandis que nous nous chargeons des t\u00e2ches administratives quotidiennes.<\/p><\/div><\/div><\/div>\n<\/div>\n<\/div>\n<\/div><\/div>\n\n\n\n<div class=\"wp-block-uagb-container uagb-block-y7j9dg3x alignfull uagb-is-root-container\"><div class=\"uagb-container-inner-blocks-wrap\">\n<div class=\"wp-block-uagb-info-box uagb-block-gju3fhj2 uagb-infobox__content-wrap  uagb-infobox-icon-above-title uagb-infobox-image-valign-top\"><div class=\"uagb-ifb-content\"><div class=\"uagb-ifb-title-wrap\"><p class=\"uagb-ifb-title-prefix\">CE QUE NOUS G\u00c9RONS<\/p><h2 class=\"uagb-ifb-title\">Administration compl\u00e8te de la facturation pour les op\u00e9rations de LI<\/h2><\/div><\/div><\/div>\n\n\n\n<div class=\"wp-block-uagb-container uagb-layout-grid uagb-block-k3wcavkf\">\n<div class=\"wp-block-uagb-info-box uagb-block-lnk8eaht uagb-infobox__content-wrap  uagb-infobox-icon-above-title uagb-infobox-image-valign-top\"><div class=\"uagb-ifb-content\"><div class=\"uagb-ifb-title-wrap\"><p class=\"uagb-ifb-title-prefix\">01<\/p><h3 class=\"uagb-ifb-title\">Suivi automatique des activit\u00e9s<\/h3><\/div><p class=\"uagb-ifb-desc\">Chaque \u00e9v\u00e9nement facturable est captur\u00e9 automatiquement \u00e0 partir de vos op\u00e9rations LI : activations et dur\u00e9es d'interception, requ\u00eates de donn\u00e9es conserv\u00e9es, confirmations de livraison et modifications d'interceptions en cours. Pas d'enregistrement manuel, pas de feuilles de calcul - les donn\u00e9es de facturation \u00e9mergent directement des syst\u00e8mes op\u00e9rationnels.<\/p><\/div><\/div>\n\n\n\n<div class=\"wp-block-uagb-info-box uagb-block-8p3kcjcf uagb-infobox__content-wrap  uagb-infobox-icon-above-title uagb-infobox-image-valign-top\"><div class=\"uagb-ifb-content\"><div class=\"uagb-ifb-title-wrap\"><p class=\"uagb-ifb-title-prefix\">02<\/p><h3 class=\"uagb-ifb-title\">Calcul des co\u00fbts et facturation<\/h3><\/div><p class=\"uagb-ifb-desc\">Nous calculons les co\u00fbts en fonction des cadres de remboursement applicables et g\u00e9n\u00e9rons des factures conformes pour chaque agence. Notre syst\u00e8me s'adapte \u00e0 diff\u00e9rents mod\u00e8les, y compris les frais par interception, les frais op\u00e9rationnels quotidiens, la tarification bas\u00e9e sur les requ\u00eates ou les calculs bas\u00e9s sur le volume, et g\u00e8re les op\u00e9rations multi-juridictionnelles.<\/p><\/div><\/div>\n\n\n\n<div class=\"wp-block-uagb-info-box uagb-block-ubjhaqrb uagb-infobox__content-wrap  uagb-infobox-icon-above-title uagb-infobox-image-valign-top\"><div class=\"uagb-ifb-content\"><div class=\"uagb-ifb-title-wrap\"><p class=\"uagb-ifb-title-prefix\">03<\/p><h3 class=\"uagb-ifb-title\">Gestion des relations avec les agences<\/h3><\/div><p class=\"uagb-ifb-desc\">Chaque organisme d'application de la loi a des adresses de facturation, des conditions de paiement, des flux de travail d'approbation et des processus de litige diff\u00e9rents. Nous maintenons des profils complets pour chaque agence, y compris les informations de contact, les termes du contrat, l'historique des factures, l'\u00e9tat des paiements et les soldes impay\u00e9s.<\/p><\/div><\/div>\n\n\n\n<div class=\"wp-block-uagb-info-box uagb-block-n2fwsumm uagb-infobox__content-wrap  uagb-infobox-icon-above-title uagb-infobox-image-valign-top\"><div class=\"uagb-ifb-content\"><div class=\"uagb-ifb-title-wrap\"><p class=\"uagb-ifb-title-prefix\">04<\/p><h3 class=\"uagb-ifb-title\">Recouvrement des paiements et suivi<\/h3><\/div><p class=\"uagb-ifb-desc\">Nous nous occupons du suivi des paiements, de la relance des factures en souffrance et de la gestion des calendriers de paiement. Notre \u00e9quipe se coordonne avec les services financiers des agences pour garantir un paiement dans les d\u00e9lais et r\u00e9soudre toutes les questions relatives aux frais ou \u00e0 la documentation.<\/p><\/div><\/div>\n\n\n\n<div class=\"wp-block-uagb-info-box uagb-block-rcnmpqmx uagb-infobox__content-wrap  uagb-infobox-icon-above-title uagb-infobox-image-valign-top\"><div class=\"uagb-ifb-content\"><div class=\"uagb-ifb-title-wrap\"><p class=\"uagb-ifb-title-prefix\">05<\/p><h3 class=\"uagb-ifb-title\">Soutien \u00e0 la r\u00e9solution des litiges<\/h3><\/div><p class=\"uagb-ifb-desc\">Lorsque les agences remettent en question les frais ou demandent des pr\u00e9cisions, nous g\u00e9rons le processus de r\u00e9solution des litiges, y compris la collecte de documents, la pr\u00e9paration des justifications et la n\u00e9gociation. Vous restez inform\u00e9, mais vous n'avez pas \u00e0 g\u00e9rer directement les allers-retours.<\/p><\/div><\/div>\n\n\n\n<div class=\"wp-block-uagb-info-box uagb-block-3ynpqg9c uagb-infobox__content-wrap  uagb-infobox-icon-above-title uagb-infobox-image-valign-top\"><div class=\"uagb-ifb-content\"><div class=\"uagb-ifb-title-wrap\"><p class=\"uagb-ifb-title-prefix\">06<\/p><h3 class=\"uagb-ifb-title\">Conformit\u00e9 et rapports<\/h3><\/div><p class=\"uagb-ifb-desc\">Les dossiers de facturation sont sensibles et doivent \u00eatre prot\u00e9g\u00e9s par des contr\u00f4les de s\u00e9curit\u00e9 appropri\u00e9s, des restrictions d'acc\u00e8s et des pistes d'audit. Nous vous fournissons des rapports r\u00e9guliers sur l'activit\u00e9 de facturation, le recouvrement des recettes et l'\u00e9tat des paiements de l'agence, tout en respectant pleinement les exigences en mati\u00e8re de protection des donn\u00e9es.<\/p><\/div><\/div>\n<\/div>\n<\/div><\/div>","protected":false},"excerpt":{"rendered":"","protected":false},"author":2,"featured_media":0,"parent":13,"menu_order":0,"comment_status":"closed","ping_status":"closed","template":"","meta":{"_uag_custom_page_level_css":"","site-sidebar-layout":"default","site-content-layout":"","ast-site-content-layout":"default","site-content-style":"default","site-sidebar-style":"default","ast-global-header-display":"","ast-banner-title-visibility":"","ast-main-header-display":"","ast-hfb-above-header-display":"","ast-hfb-below-header-display":"","ast-hfb-mobile-header-display":"","site-post-title":"disabled","ast-breadcrumbs-content":"","ast-featured-img":"","footer-sml-layout":"","ast-disable-related-posts":"","theme-transparent-header-meta":"","adv-header-id-meta":"","stick-header-meta":"","header-above-stick-meta":"","header-main-stick-meta":"","header-below-stick-meta":"","astra-migrate-meta-layouts":"default","ast-page-background-enabled":"default","ast-page-background-meta":{"desktop":{"background-color":"var(--ast-global-color-5)","background-image":"","background-repeat":"repeat","background-position":"center center","background-size":"auto","background-attachment":"scroll","background-type":"","background-media":"","overlay-type":"","overlay-color":"","overlay-opacity":"","overlay-gradient":""},"tablet":{"background-color":"","background-image":"","background-repeat":"repeat","background-position":"center center","background-size":"auto","background-attachment":"scroll","background-type":"","background-media":"","overlay-type":"","overlay-color":"","overlay-opacity":"","overlay-gradient":""},"mobile":{"background-color":"","background-image":"","background-repeat":"repeat","background-position":"center center","background-size":"auto","background-attachment":"scroll","background-type":"","background-media":"","overlay-type":"","overlay-color":"","overlay-opacity":"","overlay-gradient":""}},"ast-content-background-meta":{"desktop":{"background-color":"var(--ast-global-color-4)","background-image":"","background-repeat":"repeat","background-position":"center center","background-size":"auto","background-attachment":"scroll","background-type":"","background-media":"","overlay-type":"","overlay-color":"","overlay-opacity":"","overlay-gradient":""},"tablet":{"background-color":"var(--ast-global-color-4)","background-image":"","background-repeat":"repeat","background-position":"center center","background-size":"auto","background-attachment":"scroll","background-type":"","background-media":"","overlay-type":"","overlay-color":"","overlay-opacity":"","overlay-gradient":""},"mobile":{"background-color":"var(--ast-global-color-4)","background-image":"","background-repeat":"repeat","background-position":"center center","background-size":"auto","background-attachment":"scroll","background-type":"","background-media":"","overlay-type":"","overlay-color":"","overlay-opacity":"","overlay-gradient":""}},"footnotes":""},"class_list":["post-1424","page","type-page","status-publish","hentry"],"uagb_featured_image_src":{"full":false,"thumbnail":false,"medium":false,"medium_large":false,"large":false,"1536x1536":false,"2048x2048":false,"trp-custom-language-flag":false},"uagb_author_info":{"display_name":"chatgpt","author_link":"https:\/\/ic-services.io\/fr\/author\/chatgpt\/"},"uagb_comment_info":0,"uagb_excerpt":null,"_links":{"self":[{"href":"https:\/\/ic-services.io\/fr\/wp-json\/wp\/v2\/pages\/1424","targetHints":{"allow":["GET"]}}],"collection":[{"href":"https:\/\/ic-services.io\/fr\/wp-json\/wp\/v2\/pages"}],"about":[{"href":"https:\/\/ic-services.io\/fr\/wp-json\/wp\/v2\/types\/page"}],"author":[{"embeddable":true,"href":"https:\/\/ic-services.io\/fr\/wp-json\/wp\/v2\/users\/2"}],"replies":[{"embeddable":true,"href":"https:\/\/ic-services.io\/fr\/wp-json\/wp\/v2\/comments?post=1424"}],"version-history":[{"count":8,"href":"https:\/\/ic-services.io\/fr\/wp-json\/wp\/v2\/pages\/1424\/revisions"}],"predecessor-version":[{"id":1954,"href":"https:\/\/ic-services.io\/fr\/wp-json\/wp\/v2\/pages\/1424\/revisions\/1954"}],"up":[{"embeddable":true,"href":"https:\/\/ic-services.io\/fr\/wp-json\/wp\/v2\/pages\/13"}],"wp:attachment":[{"href":"https:\/\/ic-services.io\/fr\/wp-json\/wp\/v2\/media?parent=1424"}],"curies":[{"name":"wp","href":"https:\/\/api.w.org\/{rel}","templated":true}]}}