{"id":1430,"date":"2026-01-27T17:36:09","date_gmt":"2026-01-27T16:36:09","guid":{"rendered":"https:\/\/dev.ic-services.io\/?page_id=1430"},"modified":"2026-03-15T21:10:51","modified_gmt":"2026-03-15T20:10:51","slug":"livres-blancs","status":"publish","type":"page","link":"https:\/\/ic-services.io\/fr\/resources\/whitepapers\/","title":{"rendered":"Livres blancs"},"content":{"rendered":"<div class=\"wp-block-uagb-container uagb-block-h4durva6 alignfull uagb-is-root-container\"><div class=\"uagb-container-inner-blocks-wrap\">\n<div class=\"wp-block-uagb-container uagb-block-fbb5ce0k\">\n<div class=\"wp-block-uagb-image alignleft uagb-block-36e1gkar wp-block-uagb-image--layout-default wp-block-uagb-image--effect-static wp-block-uagb-image--align-left\"><figure class=\"wp-block-uagb-image__figure\"><img decoding=\"async\" srcset=\"https:\/\/ic-services.io\/wp-content\/uploads\/2026\/02\/pexels-photo-30885765-30885765-1024x683.jpg ,https:\/\/ic-services.io\/wp-content\/uploads\/2026\/02\/pexels-photo-30885765-30885765-scaled.jpg 780w, https:\/\/ic-services.io\/wp-content\/uploads\/2026\/02\/pexels-photo-30885765-30885765-scaled.jpg 360w\" sizes=\"auto, (max-width: 480px) 150px\" src=\"https:\/\/ic-services.io\/wp-content\/uploads\/2026\/02\/pexels-photo-30885765-30885765-1024x683.jpg\" alt=\"Gros plan sur le mot &#039;m\u00e9tadonn\u00e9es&#039; \u00e9pel\u00e9 avec des tuiles de Scrabble en bois sur une table.\" class=\"uag-image-1783\" width=\"564\" height=\"400\" title=\"pexels photo 30885765 30885765\" loading=\"lazy\" role=\"img\"\/><\/figure><\/div>\n\n\n\n<div class=\"wp-block-group is-nowrap is-layout-flex wp-container-core-group-is-layout-6c531013 wp-block-group-is-layout-flex\">\n<div class=\"wp-block-uagb-container uagb-block-2ce87458\">\n<div class=\"wp-block-uagb-info-box uagb-block-b57j7mox uagb-infobox__content-wrap  uagb-infobox_cta-type-all uagb-infobox-icon-above-title uagb-infobox-image-valign-top\"><a href=\"\/fr\/download-ics-lims-whitepaper\/\" class=\"uagb-infobox-link-wrap uagb-infbox__link-to-all\" target=\"_self\" aria-label=\"Lien Infobox\" rel=\"noopener noreferrer\" onclick=\"return true;\"><\/a><div class=\"uagb-ifb-content\"><div class=\"uagb-ifb-title-wrap\"><p class=\"uagb-ifb-title-prefix\">01<\/p><h3 class=\"uagb-ifb-title\">T\u00e9l\u00e9charger le livre blanc ICS LIMS<\/h3><\/div><p class=\"uagb-ifb-desc\">D\u00e9couvrez comment le syst\u00e8me de gestion de l'interception l\u00e9gale (LIMS) de ICS rationalise l'ensemble du cycle de vie de l'interception, depuis l'obtention du mandat et l'approvisionnement jusqu'\u00e0 la livraison s\u00e9curis\u00e9e aux autorit\u00e9s charg\u00e9es de l'application de la loi (LEA).<\/p><div class=\"uagb-ifb-button-wrapper wp-block-button\"><\/div><\/div><\/div>\n\n\n\n<div class=\"wp-block-uagb-buttons uagb-buttons__outer-wrap uagb-btn__default-btn uagb-btn-tablet__default-btn uagb-btn-mobile__default-btn uagb-block-7e1e2171\"><div class=\"uagb-buttons__wrap uagb-buttons-layout-wrap\">\n<div class=\"wp-block-uagb-buttons-child uagb-buttons__outer-wrap uagb-block-64f569ac wp-block-button\"><div class=\"uagb-button__wrapper\"><a class=\"uagb-buttons-repeater wp-block-button__link\" aria-label=\"\" href=\"\/fr\/download-ics-lims-whitepaper\/\" rel=\"follow noopener\" target=\"_self\" role=\"button\"><div class=\"uagb-button__link\">En savoir plus<\/div><span class=\"uagb-button__icon uagb-button__icon-position-after\"><svg xmlns=\"https:\/\/www.w3.org\/2000\/svg\" viewbox=\"0 0 256 512\" aria-hidden=\"true\" focussable=\"false\"><path d=\"M64 448c-8.188 0-16.38-3.125-22.62-9.375c-12.5-12.5-12.5-32.75 0-45.25L178.8 256L41.38 118.6c-12.5-12.5-12.5-32.75 0-45.25s32.75-12.5 45.25 0l160 160c12.5 12.5 12.5 32.75 0 45.25l-160 160C80.38 444.9 72.19 448 64 448z\"><\/path><\/svg><\/span><\/a><\/div><\/div>\n<\/div><\/div>\n<\/div>\n<\/div>\n<\/div>\n\n\n\n<div class=\"wp-block-uagb-container uagb-block-qdt1hccx\">\n<div class=\"wp-block-uagb-image alignleft uagb-block-hwhjsprv wp-block-uagb-image--layout-default wp-block-uagb-image--effect-static wp-block-uagb-image--align-left\"><figure class=\"wp-block-uagb-image__figure\"><img decoding=\"async\" srcset=\"https:\/\/ic-services.io\/wp-content\/uploads\/2026\/02\/pexels-photo-30601477-30601477-819x1024.jpg ,https:\/\/ic-services.io\/wp-content\/uploads\/2026\/02\/pexels-photo-30601477-30601477-scaled.jpg 780w, https:\/\/ic-services.io\/wp-content\/uploads\/2026\/02\/pexels-photo-30601477-30601477-scaled.jpg 360w\" sizes=\"auto, (max-width: 480px) 150px\" src=\"https:\/\/ic-services.io\/wp-content\/uploads\/2026\/02\/pexels-photo-30601477-30601477-819x1024.jpg\" alt=\"pexels photo 30601477 30601477\" class=\"uag-image-1752\" width=\"564\" height=\"400\" title=\"pexels photo 30601477 30601477\" loading=\"lazy\" role=\"img\"\/><\/figure><\/div>\n\n\n\n<div class=\"wp-block-group is-nowrap is-layout-flex wp-container-core-group-is-layout-6c531013 wp-block-group-is-layout-flex\">\n<div class=\"wp-block-uagb-container uagb-block-acb3b6e1\">\n<div class=\"wp-block-uagb-info-box uagb-block-hrhxgprl uagb-infobox__content-wrap  uagb-infobox-icon-above-title uagb-infobox-image-valign-top\"><div class=\"uagb-ifb-content\"><div class=\"uagb-ifb-title-wrap\"><p class=\"uagb-ifb-title-prefix\">02<\/p><h3 class=\"uagb-ifb-title\">T\u00e9l\u00e9charger le livre blanc ICS Automotive<\/h3><\/div><p class=\"uagb-ifb-desc\">Les voitures connect\u00e9es, les syst\u00e8mes eCall et les services V2X (vehicle-to-everything) introduisent de nouvelles exigences en mati\u00e8re d'interception l\u00e9gale, de conservation des donn\u00e9es et de cybers\u00e9curit\u00e9.<\/p><\/div><\/div>\n\n\n\n<div class=\"wp-block-uagb-buttons uagb-buttons__outer-wrap uagb-btn__default-btn uagb-btn-tablet__default-btn uagb-btn-mobile__default-btn uagb-block-d711fc5c\"><div class=\"uagb-buttons__wrap uagb-buttons-layout-wrap\">\n<div class=\"wp-block-uagb-buttons-child uagb-buttons__outer-wrap uagb-block-4da42987 wp-block-button\"><div class=\"uagb-button__wrapper\"><a class=\"uagb-buttons-repeater wp-block-button__link\" aria-label=\"\" href=\"\/fr\/telecharger-le-livre-blanc-de-lics-sur-lautomobile\/\" rel=\"follow noopener\" target=\"_self\" role=\"button\"><div class=\"uagb-button__link\">Lire la suite<\/div><span class=\"uagb-button__icon uagb-button__icon-position-after\"><svg xmlns=\"https:\/\/www.w3.org\/2000\/svg\" viewbox=\"0 0 256 512\" aria-hidden=\"true\" focussable=\"false\"><path d=\"M64 448c-8.188 0-16.38-3.125-22.62-9.375c-12.5-12.5-12.5-32.75 0-45.25L178.8 256L41.38 118.6c-12.5-12.5-12.5-32.75 0-45.25s32.75-12.5 45.25 0l160 160c12.5 12.5 12.5 32.75 0 45.25l-160 160C80.38 444.9 72.19 448 64 448z\"><\/path><\/svg><\/span><\/a><\/div><\/div>\n<\/div><\/div>\n<\/div>\n<\/div>\n<\/div>\n<\/div><\/div>","protected":false},"excerpt":{"rendered":"","protected":false},"author":2,"featured_media":0,"parent":1426,"menu_order":0,"comment_status":"closed","ping_status":"closed","template":"","meta":{"_uag_custom_page_level_css":"","site-sidebar-layout":"default","site-content-layout":"","ast-site-content-layout":"default","site-content-style":"default","site-sidebar-style":"default","ast-global-header-display":"","ast-banner-title-visibility":"","ast-main-header-display":"","ast-hfb-above-header-display":"","ast-hfb-below-header-display":"","ast-hfb-mobile-header-display":"","site-post-title":"disabled","ast-breadcrumbs-content":"","ast-featured-img":"","footer-sml-layout":"","ast-disable-related-posts":"","theme-transparent-header-meta":"","adv-header-id-meta":"","stick-header-meta":"","header-above-stick-meta":"","header-main-stick-meta":"","header-below-stick-meta":"","astra-migrate-meta-layouts":"default","ast-page-background-enabled":"default","ast-page-background-meta":{"desktop":{"background-color":"var(--ast-global-color-5)","background-image":"","background-repeat":"repeat","background-position":"center center","background-size":"auto","background-attachment":"scroll","background-type":"","background-media":"","overlay-type":"","overlay-color":"","overlay-opacity":"","overlay-gradient":""},"tablet":{"background-color":"","background-image":"","background-repeat":"repeat","background-position":"center center","background-size":"auto","background-attachment":"scroll","background-type":"","background-media":"","overlay-type":"","overlay-color":"","overlay-opacity":"","overlay-gradient":""},"mobile":{"background-color":"","background-image":"","background-repeat":"repeat","background-position":"center center","background-size":"auto","background-attachment":"scroll","background-type":"","background-media":"","overlay-type":"","overlay-color":"","overlay-opacity":"","overlay-gradient":""}},"ast-content-background-meta":{"desktop":{"background-color":"var(--ast-global-color-4)","background-image":"","background-repeat":"repeat","background-position":"center center","background-size":"auto","background-attachment":"scroll","background-type":"","background-media":"","overlay-type":"","overlay-color":"","overlay-opacity":"","overlay-gradient":""},"tablet":{"background-color":"var(--ast-global-color-4)","background-image":"","background-repeat":"repeat","background-position":"center center","background-size":"auto","background-attachment":"scroll","background-type":"","background-media":"","overlay-type":"","overlay-color":"","overlay-opacity":"","overlay-gradient":""},"mobile":{"background-color":"var(--ast-global-color-4)","background-image":"","background-repeat":"repeat","background-position":"center center","background-size":"auto","background-attachment":"scroll","background-type":"","background-media":"","overlay-type":"","overlay-color":"","overlay-opacity":"","overlay-gradient":""}},"footnotes":""},"class_list":["post-1430","page","type-page","status-publish","hentry"],"uagb_featured_image_src":{"full":false,"thumbnail":false,"medium":false,"medium_large":false,"large":false,"1536x1536":false,"2048x2048":false,"trp-custom-language-flag":false},"uagb_author_info":{"display_name":"chatgpt","author_link":"https:\/\/ic-services.io\/fr\/author\/chatgpt\/"},"uagb_comment_info":0,"uagb_excerpt":null,"_links":{"self":[{"href":"https:\/\/ic-services.io\/fr\/wp-json\/wp\/v2\/pages\/1430","targetHints":{"allow":["GET"]}}],"collection":[{"href":"https:\/\/ic-services.io\/fr\/wp-json\/wp\/v2\/pages"}],"about":[{"href":"https:\/\/ic-services.io\/fr\/wp-json\/wp\/v2\/types\/page"}],"author":[{"embeddable":true,"href":"https:\/\/ic-services.io\/fr\/wp-json\/wp\/v2\/users\/2"}],"replies":[{"embeddable":true,"href":"https:\/\/ic-services.io\/fr\/wp-json\/wp\/v2\/comments?post=1430"}],"version-history":[{"count":5,"href":"https:\/\/ic-services.io\/fr\/wp-json\/wp\/v2\/pages\/1430\/revisions"}],"predecessor-version":[{"id":1864,"href":"https:\/\/ic-services.io\/fr\/wp-json\/wp\/v2\/pages\/1430\/revisions\/1864"}],"up":[{"embeddable":true,"href":"https:\/\/ic-services.io\/fr\/wp-json\/wp\/v2\/pages\/1426"}],"wp:attachment":[{"href":"https:\/\/ic-services.io\/fr\/wp-json\/wp\/v2\/media?parent=1430"}],"curies":[{"name":"wp","href":"https:\/\/api.w.org\/{rel}","templated":true}]}}