{"id":1432,"date":"2026-01-27T17:37:14","date_gmt":"2026-01-27T16:37:14","guid":{"rendered":"https:\/\/dev.ic-services.io\/?page_id=1432"},"modified":"2026-02-24T21:24:53","modified_gmt":"2026-02-24T20:24:53","slug":"secteurs-dactivite","status":"publish","type":"page","link":"https:\/\/ic-services.io\/fr\/industries\/","title":{"rendered":"Industries"},"content":{"rendered":"<div class=\"wp-block-uagb-container uagb-block-6oeynbhv alignfull uagb-is-root-container\">\n<div class=\"wp-block-uagb-container uagb-block-stuzq5e9\">\n<div class=\"wp-block-uagb-info-box uagb-block-yr6ug2ct uagb-infobox__content-wrap  uagb-infobox-icon-above-title uagb-infobox-image-valign-top\"><div class=\"uagb-ifb-content\"><div class=\"uagb-ifb-title-wrap\"><h1 class=\"uagb-ifb-title\">Solutions d'interception l\u00e9gale dans de nombreux secteurs<\/h1><\/div><p class=\"uagb-ifb-desc\">ICS propose aux fournisseurs de services de communication, aux constructeurs automobiles, aux plateformes de mobilit\u00e9 et aux organismes de r\u00e9glementation des solutions sp\u00e9cialis\u00e9es d'interception l\u00e9gale et de conformit\u00e9 adapt\u00e9es aux exigences et aux cadres r\u00e9glementaires propres \u00e0 chaque secteur.<\/p><\/div><\/div>\n\n\n\n<div class=\"wp-block-uagb-buttons uagb-buttons__outer-wrap uagb-btn__default-btn uagb-btn-tablet__default-btn uagb-btn-mobile__default-btn uagb-block-flxj1v5u\"><div class=\"uagb-buttons__wrap uagb-buttons-layout-wrap\">\n<div class=\"wp-block-uagb-buttons-child uagb-buttons__outer-wrap uagb-block-aa68tfxf wp-block-button\"><div class=\"uagb-button__wrapper\"><a class=\"uagb-buttons-repeater wp-block-button__link\" aria-label=\"\" href=\"\/fr\/contact\/\" rel=\"follow noopener\" target=\"_self\" role=\"button\"><div class=\"uagb-button__link\">Prendre contact<\/div><\/a><\/div><\/div>\n<\/div><\/div>\n<\/div>\n\n\n\n<div class=\"wp-block-uagb-container uagb-block-dxtaiukj\"><\/div>\n<\/div>\n\n\n\n<div class=\"wp-block-uagb-container uagb-block-abcyjktc alignfull uagb-is-root-container\"><div class=\"uagb-container-inner-blocks-wrap\">\n<div class=\"wp-block-uagb-container uagb-block-gumcpror\">\n<div class=\"wp-block-uagb-info-box uagb-block-aldn1tgs uagb-infobox__content-wrap  uagb-infobox-icon-above-title uagb-infobox-image-valign-top wp-block-uagb-info-box--has-margin\"><div class=\"uagb-infobox-margin-wrapper\"><div class=\"uagb-ifb-content\"><div class=\"uagb-ifb-title-wrap\"><h2 class=\"uagb-ifb-title\">Industries que nous servons<\/h2><\/div><p class=\"uagb-ifb-desc\">Notre expertise couvre les t\u00e9l\u00e9communications traditionnelles, les plateformes \u00e9mergentes de v\u00e9hicules connect\u00e9s et la surveillance r\u00e9glementaire, en fournissant des solutions qui \u00e9quilibrent les obligations de conformit\u00e9 avec l'efficacit\u00e9 op\u00e9rationnelle et la protection de la vie priv\u00e9e.<\/p><\/div><\/div><\/div>\n\n\n\n<div class=\"wp-block-uagb-image alignleft uagb-block-doccc7jx wp-block-uagb-image--layout-default wp-block-uagb-image--effect-static wp-block-uagb-image--align-left\"><figure class=\"wp-block-uagb-image__figure\"><img decoding=\"async\" srcset=\"https:\/\/ic-services.io\/wp-content\/uploads\/2026\/02\/pexels-photo-241316-241316-1024x683.jpg ,https:\/\/ic-services.io\/wp-content\/uploads\/2026\/02\/pexels-photo-241316-241316-scaled.jpg 780w, https:\/\/ic-services.io\/wp-content\/uploads\/2026\/02\/pexels-photo-241316-241316-scaled.jpg 360w\" sizes=\"auto, (max-width: 480px) 150px\" src=\"https:\/\/ic-services.io\/wp-content\/uploads\/2026\/02\/pexels-photo-241316-241316-1024x683.jpg\" alt=\"\u00c9l\u00e9gante Mercedes Benz AMG gar\u00e9e \u00e0 l&#039;ext\u00e9rieur, mettant en valeur le luxe et le style.\" class=\"uag-image-1710\" width=\"564\" height=\"376\" title=\"pexels photo 241316 241316\" loading=\"lazy\" role=\"img\"\/><\/figure><\/div>\n\n\n\n<div class=\"wp-block-uagb-info-box uagb-block-irahzfww uagb-infobox__content-wrap  uagb-infobox-icon-above-title uagb-infobox-image-valign-top wp-block-uagb-info-box--has-margin\"><div class=\"uagb-infobox-margin-wrapper\"><div class=\"uagb-ifb-content\"><div class=\"uagb-ifb-title-wrap\"><h3 class=\"uagb-ifb-title\">Automobile<\/h3><\/div><p class=\"uagb-ifb-desc\">Les v\u00e9hicules connect\u00e9s et les services de mobilit\u00e9 n\u00e9cessitent des capacit\u00e9s d'interception sp\u00e9cialis\u00e9es conformes \u00e0 la norme ETSI TR 103 854. Nous aidons les constructeurs automobiles et les fournisseurs de services de mobilit\u00e9 \u00e0 mettre en \u0153uvre des syst\u00e8mes de traitement des r\u00e9ponses s\u00e9curis\u00e9s pour les demandes bas\u00e9es sur le VIN, la cartographie des identifiants et la divulgation l\u00e9gale des donn\u00e9es des v\u00e9hicules.<\/p><\/div><\/div><\/div>\n\n\n\n<div class=\"wp-block-uagb-buttons uagb-buttons__outer-wrap uagb-btn__default-btn uagb-btn-tablet__default-btn uagb-btn-mobile__default-btn uagb-block-c61193f4\"><div class=\"uagb-buttons__wrap uagb-buttons-layout-wrap\">\n<div class=\"wp-block-uagb-buttons-child uagb-buttons__outer-wrap uagb-block-e40aac00 wp-block-button\"><div class=\"uagb-button__wrapper\"><a class=\"uagb-buttons-repeater wp-block-button__link\" aria-label=\"\" href=\"\/fr\/secteurs-dactivite\/automobile\/\" rel=\"follow noopener\" target=\"_self\" role=\"button\"><div class=\"uagb-button__link\">Lire la suite<\/div><span class=\"uagb-button__icon uagb-button__icon-position-after\"><svg xmlns=\"https:\/\/www.w3.org\/2000\/svg\" viewbox=\"0 0 256 512\" aria-hidden=\"true\" focussable=\"false\"><path d=\"M64 448c-8.188 0-16.38-3.125-22.62-9.375c-12.5-12.5-12.5-32.75 0-45.25L178.8 256L41.38 118.6c-12.5-12.5-12.5-32.75 0-45.25s32.75-12.5 45.25 0l160 160c12.5 12.5 12.5 32.75 0 45.25l-160 160C80.38 444.9 72.19 448 64 448z\"><\/path><\/svg><\/span><\/a><\/div><\/div>\n<\/div><\/div>\n<\/div>\n\n\n\n<div class=\"wp-block-uagb-container uagb-block-sqqgb8ny\">\n<div class=\"wp-block-uagb-image alignleft uagb-block-c2mbuqmk wp-block-uagb-image--layout-default wp-block-uagb-image--effect-static wp-block-uagb-image--align-left\"><figure class=\"wp-block-uagb-image__figure\"><img decoding=\"async\" srcset=\"https:\/\/ic-services.io\/wp-content\/uploads\/2026\/02\/pexels-photo-7862565-7862565-1024x683.jpg ,https:\/\/ic-services.io\/wp-content\/uploads\/2026\/02\/pexels-photo-7862565-7862565-scaled.jpg 780w, https:\/\/ic-services.io\/wp-content\/uploads\/2026\/02\/pexels-photo-7862565-7862565-scaled.jpg 360w\" sizes=\"auto, (max-width: 480px) 150px\" src=\"https:\/\/ic-services.io\/wp-content\/uploads\/2026\/02\/pexels-photo-7862565-7862565-1024x683.jpg\" alt=\"Une prise de vue en contre-plong\u00e9e d&#039;une grande tour de communication m\u00e9tallique avec de multiples antennes dans un ciel bleu clair.\" class=\"uag-image-1709\" width=\"564\" height=\"376\" title=\"pexels photo 7862565 7862565\" loading=\"lazy\" role=\"img\"\/><\/figure><\/div>\n\n\n\n<div class=\"wp-block-uagb-info-box uagb-block-esnqnjv4 uagb-infobox__content-wrap  uagb-infobox-icon-above-title uagb-infobox-image-valign-top wp-block-uagb-info-box--has-margin\"><div class=\"uagb-infobox-margin-wrapper\"><div class=\"uagb-ifb-content\"><div class=\"uagb-ifb-title-wrap\"><h3 class=\"uagb-ifb-title\">T\u00e9l\u00e9communications<\/h3><\/div><p class=\"uagb-ifb-desc\">Nous fournissons des solutions d'interception l\u00e9gale de bout en bout pour les services de communication fixes, mobiles, VoIP et OTT. Nos plateformes sont conformes aux normes ETSI TS 102 232, ETSI TS 103 707, 3GPP LI et aux exigences nationales, avec des options d'op\u00e9rations enti\u00e8rement g\u00e9r\u00e9es, d'int\u00e9gration personnalis\u00e9e ou de logiciels et d'appareils autonomes.<\/p><\/div><\/div><\/div>\n\n\n\n<div class=\"wp-block-uagb-buttons uagb-buttons__outer-wrap uagb-btn__default-btn uagb-btn-tablet__default-btn uagb-btn-mobile__default-btn uagb-block-4c39db4f\"><div class=\"uagb-buttons__wrap uagb-buttons-layout-wrap\">\n<div class=\"wp-block-uagb-buttons-child uagb-buttons__outer-wrap uagb-block-10f13494 wp-block-button\"><div class=\"uagb-button__wrapper\"><a class=\"uagb-buttons-repeater wp-block-button__link\" aria-label=\"\" href=\"\/fr\/secteurs-dactivite\/telecommunications\/\" rel=\"follow noopener\" target=\"_self\" role=\"button\"><div class=\"uagb-button__link\">Lire la suite<\/div><span class=\"uagb-button__icon uagb-button__icon-position-after\"><svg xmlns=\"https:\/\/www.w3.org\/2000\/svg\" viewbox=\"0 0 256 512\" aria-hidden=\"true\" focussable=\"false\"><path d=\"M64 448c-8.188 0-16.38-3.125-22.62-9.375c-12.5-12.5-12.5-32.75 0-45.25L178.8 256L41.38 118.6c-12.5-12.5-12.5-32.75 0-45.25s32.75-12.5 45.25 0l160 160c12.5 12.5 12.5 32.75 0 45.25l-160 160C80.38 444.9 72.19 448 64 448z\"><\/path><\/svg><\/span><\/a><\/div><\/div>\n<\/div><\/div>\n\n\n\n<div class=\"wp-block-uagb-image alignleft uagb-block-emzajgxy wp-block-uagb-image--layout-default wp-block-uagb-image--effect-static wp-block-uagb-image--align-left\"><figure class=\"wp-block-uagb-image__figure\"><img decoding=\"async\" srcset=\"https:\/\/ic-services.io\/wp-content\/uploads\/2026\/02\/pexels-photo-7785085-7785085-1024x576.jpg ,https:\/\/ic-services.io\/wp-content\/uploads\/2026\/02\/pexels-photo-7785085-7785085-scaled.jpg 780w, https:\/\/ic-services.io\/wp-content\/uploads\/2026\/02\/pexels-photo-7785085-7785085-scaled.jpg 360w\" sizes=\"auto, (max-width: 480px) 150px\" src=\"https:\/\/ic-services.io\/wp-content\/uploads\/2026\/02\/pexels-photo-7785085-7785085-1024x576.jpg\" alt=\"Image r\u00e9fl\u00e9chie d&#039;une voiture de police de Tustin gar\u00e9e \u00e0 l&#039;ext\u00e9rieur avec un embl\u00e8me du drapeau am\u00e9ricain.\" class=\"uag-image-1711\" width=\"564\" height=\"376\" title=\"pexels photo 7785085 7785085\" loading=\"lazy\" role=\"img\"\/><\/figure><\/div>\n\n\n\n<div class=\"wp-block-uagb-info-box uagb-block-jqjfdfmu uagb-infobox__content-wrap  uagb-infobox-icon-above-title uagb-infobox-image-valign-top wp-block-uagb-info-box--has-margin\"><div class=\"uagb-infobox-margin-wrapper\"><div class=\"uagb-ifb-content\"><div class=\"uagb-ifb-title-wrap\"><h3 class=\"uagb-ifb-title\">R\u00e9glementation et application de la loi<\/h3><\/div><p class=\"uagb-ifb-desc\">Nous aidons les organismes de r\u00e9glementation et les services r\u00e9pressifs \u00e0 \u00e9laborer des normes, \u00e0 \u00e9valuer les op\u00e9rateurs, \u00e0 mettre en place l'interface LEA, \u00e0 assurer la formation et la coordination transfrontali\u00e8re. Notre expertise neutre permet de garantir l'efficacit\u00e9 des cadres d'interception l\u00e9gale au service de toutes les parties prenantes.<\/p><\/div><\/div><\/div>\n\n\n\n<div class=\"wp-block-uagb-buttons uagb-buttons__outer-wrap uagb-btn__default-btn uagb-btn-tablet__default-btn uagb-btn-mobile__default-btn uagb-block-ca614549\"><div class=\"uagb-buttons__wrap uagb-buttons-layout-wrap\">\n<div class=\"wp-block-uagb-buttons-child uagb-buttons__outer-wrap uagb-block-5418267c wp-block-button\"><div class=\"uagb-button__wrapper\"><a class=\"uagb-buttons-repeater wp-block-button__link\" aria-label=\"\" href=\"\/fr\/secteurs-dactivite\/les-autorites-reglementaires-et-les-autorites-chargees-de-lapplication-de-la-loi\/\" rel=\"follow noopener\" target=\"_self\" role=\"button\"><div class=\"uagb-button__link\">Lire la suite<\/div><span class=\"uagb-button__icon uagb-button__icon-position-after\"><svg xmlns=\"https:\/\/www.w3.org\/2000\/svg\" viewbox=\"0 0 256 512\" aria-hidden=\"true\" focussable=\"false\"><path d=\"M64 448c-8.188 0-16.38-3.125-22.62-9.375c-12.5-12.5-12.5-32.75 0-45.25L178.8 256L41.38 118.6c-12.5-12.5-12.5-32.75 0-45.25s32.75-12.5 45.25 0l160 160c12.5 12.5 12.5 32.75 0 45.25l-160 160C80.38 444.9 72.19 448 64 448z\"><\/path><\/svg><\/span><\/a><\/div><\/div>\n<\/div><\/div>\n<\/div>\n<\/div><\/div>\n\n\n\n<div class=\"wp-block-uagb-container uagb-block-lyz9tbcy alignfull uagb-is-root-container\"><div class=\"uagb-container-inner-blocks-wrap\">\n<div class=\"wp-block-uagb-info-box uagb-block-2vp2no9s uagb-infobox__content-wrap  uagb-infobox-icon-above-title uagb-infobox-image-valign-top\"><div class=\"uagb-ifb-content\"><div class=\"uagb-ifb-title-wrap\"><h2 class=\"uagb-ifb-title\">D\u00e9couvrez notre parcours jusqu'\u00e0 pr\u00e9sent<\/h2><\/div><p class=\"uagb-ifb-desc\">Expertise intersectorielle en mati\u00e8re d'interception l\u00e9gale et de conformit\u00e9<\/p><\/div><\/div>\n\n\n\n<div class=\"wp-block-uagb-container uagb-block-waeewcvc\">\n<div class=\"wp-block-uagb-info-box uagb-block-tjmtecsb uagb-infobox__content-wrap  uagb-infobox-icon-above-title uagb-infobox-image-valign-top\"><div class=\"uagb-ifb-content\"><div class=\"uagb-ifb-title-wrap\"><\/div><p class=\"uagb-ifb-desc\">Notre \u00e9quipe associe une connaissance technique approfondie des normes ETSI et 3GPP \u00e0 une exp\u00e9rience pratique de la mise en \u0153uvre dans de nombreux secteurs. Qu'il s'agisse de d\u00e9ployer des syst\u00e8mes de t\u00e9l\u00e9communications traditionnels, de mettre en \u0153uvre des capacit\u00e9s de divulgation \u00e9mergentes dans le secteur automobile ou de conseiller les organismes de r\u00e9glementation sur le d\u00e9veloppement de cadres, nous comprenons \u00e0 la fois les principes universels et les exigences sp\u00e9cifiques \u00e0 l'industrie.<\/p><\/div><\/div>\n\n\n\n<div class=\"wp-block-uagb-info-box uagb-block-zyr99nli uagb-infobox__content-wrap  uagb-infobox-icon-above-title uagb-infobox-image-valign-top\"><div class=\"uagb-ifb-content\"><div class=\"uagb-ifb-title-wrap\"><\/div><p class=\"uagb-ifb-desc\">Cette perspective intersectorielle nous permet d'appliquer les meilleures pratiques d'un secteur \u00e0 l'autre, d'anticiper les tendances r\u00e9glementaires \u00e0 mesure qu'elles se r\u00e9pandent dans les juridictions et d'aider les clients \u00e0 se pr\u00e9parer aux exigences futures. Nous travaillons avec des op\u00e9rateurs qui desservent des millions d'abonn\u00e9s, des \u00e9quipementiers automobiles qui lancent des programmes de v\u00e9hicules connect\u00e9s et des agences de r\u00e9gulation qui d\u00e9finissent des cadres nationaux.<\/p><\/div><\/div>\n<\/div>\n<\/div><\/div>","protected":false},"excerpt":{"rendered":"","protected":false},"author":2,"featured_media":0,"parent":0,"menu_order":0,"comment_status":"closed","ping_status":"closed","template":"","meta":{"_uag_custom_page_level_css":"","site-sidebar-layout":"default","site-content-layout":"","ast-site-content-layout":"default","site-content-style":"default","site-sidebar-style":"default","ast-global-header-display":"","ast-banner-title-visibility":"","ast-main-header-display":"","ast-hfb-above-header-display":"","ast-hfb-below-header-display":"","ast-hfb-mobile-header-display":"","site-post-title":"disabled","ast-breadcrumbs-content":"","ast-featured-img":"","footer-sml-layout":"","ast-disable-related-posts":"","theme-transparent-header-meta":"","adv-header-id-meta":"","stick-header-meta":"","header-above-stick-meta":"","header-main-stick-meta":"","header-below-stick-meta":"","astra-migrate-meta-layouts":"default","ast-page-background-enabled":"default","ast-page-background-meta":{"desktop":{"background-color":"var(--ast-global-color-5)","background-image":"","background-repeat":"repeat","background-position":"center center","background-size":"auto","background-attachment":"scroll","background-type":"","background-media":"","overlay-type":"","overlay-color":"","overlay-opacity":"","overlay-gradient":""},"tablet":{"background-color":"","background-image":"","background-repeat":"repeat","background-position":"center center","background-size":"auto","background-attachment":"scroll","background-type":"","background-media":"","overlay-type":"","overlay-color":"","overlay-opacity":"","overlay-gradient":""},"mobile":{"background-color":"","background-image":"","background-repeat":"repeat","background-position":"center center","background-size":"auto","background-attachment":"scroll","background-type":"","background-media":"","overlay-type":"","overlay-color":"","overlay-opacity":"","overlay-gradient":""}},"ast-content-background-meta":{"desktop":{"background-color":"var(--ast-global-color-4)","background-image":"","background-repeat":"repeat","background-position":"center center","background-size":"auto","background-attachment":"scroll","background-type":"","background-media":"","overlay-type":"","overlay-color":"","overlay-opacity":"","overlay-gradient":""},"tablet":{"background-color":"var(--ast-global-color-4)","background-image":"","background-repeat":"repeat","background-position":"center center","background-size":"auto","background-attachment":"scroll","background-type":"","background-media":"","overlay-type":"","overlay-color":"","overlay-opacity":"","overlay-gradient":""},"mobile":{"background-color":"var(--ast-global-color-4)","background-image":"","background-repeat":"repeat","background-position":"center center","background-size":"auto","background-attachment":"scroll","background-type":"","background-media":"","overlay-type":"","overlay-color":"","overlay-opacity":"","overlay-gradient":""}},"footnotes":""},"class_list":["post-1432","page","type-page","status-publish","hentry"],"uagb_featured_image_src":{"full":false,"thumbnail":false,"medium":false,"medium_large":false,"large":false,"1536x1536":false,"2048x2048":false,"trp-custom-language-flag":false},"uagb_author_info":{"display_name":"chatgpt","author_link":"https:\/\/ic-services.io\/fr\/author\/chatgpt\/"},"uagb_comment_info":0,"uagb_excerpt":null,"_links":{"self":[{"href":"https:\/\/ic-services.io\/fr\/wp-json\/wp\/v2\/pages\/1432","targetHints":{"allow":["GET"]}}],"collection":[{"href":"https:\/\/ic-services.io\/fr\/wp-json\/wp\/v2\/pages"}],"about":[{"href":"https:\/\/ic-services.io\/fr\/wp-json\/wp\/v2\/types\/page"}],"author":[{"embeddable":true,"href":"https:\/\/ic-services.io\/fr\/wp-json\/wp\/v2\/users\/2"}],"replies":[{"embeddable":true,"href":"https:\/\/ic-services.io\/fr\/wp-json\/wp\/v2\/comments?post=1432"}],"version-history":[{"count":10,"href":"https:\/\/ic-services.io\/fr\/wp-json\/wp\/v2\/pages\/1432\/revisions"}],"predecessor-version":[{"id":1818,"href":"https:\/\/ic-services.io\/fr\/wp-json\/wp\/v2\/pages\/1432\/revisions\/1818"}],"wp:attachment":[{"href":"https:\/\/ic-services.io\/fr\/wp-json\/wp\/v2\/media?parent=1432"}],"curies":[{"name":"wp","href":"https:\/\/api.w.org\/{rel}","templated":true}]}}