{"id":1434,"date":"2026-01-27T17:37:39","date_gmt":"2026-01-27T16:37:39","guid":{"rendered":"https:\/\/dev.ic-services.io\/?page_id=1434"},"modified":"2026-04-10T12:12:17","modified_gmt":"2026-04-10T11:12:17","slug":"telecommunications","status":"publish","type":"page","link":"https:\/\/ic-services.io\/fr\/industries\/telecoms\/","title":{"rendered":"T\u00e9l\u00e9communications"},"content":{"rendered":"<div class=\"wp-block-uagb-container uagb-block-athr3vye alignfull uagb-is-root-container\">\n<div class=\"wp-block-uagb-info-box uagb-block-2l2isrhr uagb-infobox__content-wrap  uagb-infobox-icon-above-title uagb-infobox-image-valign-top wp-block-uagb-info-box--has-margin\"><div class=\"uagb-infobox-margin-wrapper\"><div class=\"uagb-ifb-content\"><div class=\"uagb-ifb-title-wrap\"><p class=\"uagb-ifb-title-prefix\">OP\u00c9RATEURS DE T\u00c9L\u00c9COMMUNICATIONS<\/p><h1 class=\"uagb-ifb-title\">Interception l\u00e9gale et solutions de conformit\u00e9 pour les op\u00e9rateurs de t\u00e9l\u00e9communications<\/h1><\/div><p class=\"uagb-ifb-desc\">Les fournisseurs de services de communication sont confront\u00e9s \u00e0 des obligations complexes en mati\u00e8re d'interception l\u00e9gale pour les services fixes, mobiles, VoIP et OTT. ICS fournit des solutions LI de bout en bout, y compris des plateformes logicielles, des appareils mat\u00e9riels et des services g\u00e9r\u00e9s qui garantissent la conformit\u00e9 tout en minimisant les frais g\u00e9n\u00e9raux d'exploitation.<\/p><\/div><\/div><\/div>\n\n\n\n<div class=\"wp-block-uagb-buttons uagb-buttons__outer-wrap uagb-btn__default-btn uagb-btn-tablet__default-btn uagb-btn-mobile__default-btn uagb-block-3ggqrklp\"><div class=\"uagb-buttons__wrap uagb-buttons-layout-wrap\">\n<div class=\"wp-block-uagb-buttons-child uagb-buttons__outer-wrap uagb-block-us5ia1va wp-block-button\"><div class=\"uagb-button__wrapper\"><a class=\"uagb-buttons-repeater wp-block-button__link\" aria-label=\"\" href=\"\/fr\/contact\/\" rel=\"follow noopener\" target=\"_self\" role=\"button\"><div class=\"uagb-button__link\">Parler \u00e0 un expert<\/div><\/a><\/div><\/div>\n<\/div><\/div>\n\n\n\n<div class=\"wp-block-uagb-container uagb-block-ow7wwlwb alignfull uagb-is-root-container\"><\/div>\n<\/div>\n\n\n\n<div class=\"wp-block-uagb-container uagb-block-wldl7itm alignfull uagb-is-root-container\"><div class=\"uagb-container-inner-blocks-wrap\">\n<div class=\"wp-block-uagb-info-box uagb-block-obgyyxml uagb-infobox__content-wrap  uagb-infobox-icon-above-title uagb-infobox-image-valign-top\"><div class=\"uagb-ifb-content\"><div class=\"uagb-ifb-title-wrap\"><h2 class=\"uagb-ifb-title\">Solutions et services pour les op\u00e9rateurs de t\u00e9l\u00e9communications<\/h2><\/div><p class=\"uagb-ifb-desc\">Notre portefeuille couvre tous les aspects de l'interception l\u00e9gale et de la conformit\u00e9, depuis les plates-formes logicielles et les appareils jusqu'aux op\u00e9rations enti\u00e8rement g\u00e9r\u00e9es et \u00e0 l'assistance-conseil.<\/p><\/div><\/div>\n\n\n\n<div class=\"wp-block-uagb-container uagb-layout-grid uagb-block-d8xvxx9z\">\n<div class=\"wp-block-uagb-container uagb-block-db0kadck\">\n<div class=\"wp-block-uagb-info-box uagb-block-pgzmzt8t uagb-infobox__content-wrap  uagb-infobox-icon-above-title uagb-infobox-image-valign-top\"><div class=\"uagb-ifb-content\"><div class=\"uagb-ifb-title-wrap\"><h3 class=\"uagb-ifb-title\">Logiciel d'interception l\u00e9gale<\/h3><\/div><p class=\"uagb-ifb-desc\">Notre LIMS et notre plateforme de m\u00e9diation LI permettent une gestion centralis\u00e9e des mandats, une m\u00e9diation multi-r\u00e9seaux et un transfert s\u00e9curis\u00e9. Ils prennent en charge les normes ETSI TS 102 232, ETSI TS 103 707, 3GPP LI et les exigences nationales pour les services fixes, mobiles, IMS, VoIP et OTT, garantissant ainsi une interception conforme aux normes, de l'ordre juridique \u00e0 la livraison.<\/p><\/div><\/div>\n<\/div>\n\n\n\n<div class=\"wp-block-uagb-container uagb-block-udj7og1w\">\n<div class=\"wp-block-uagb-info-box uagb-block-ktm8nupv uagb-infobox__content-wrap  uagb-infobox-icon-above-title uagb-infobox-image-valign-top\"><div class=\"uagb-ifb-content\"><div class=\"uagb-ifb-title-wrap\"><h3 class=\"uagb-ifb-title\">LI Appareils \u00e9lectrom\u00e9nagers<\/h3><\/div><p class=\"uagb-ifb-desc\">Pour les d\u00e9ploiements temporaires ou les sc\u00e9narios sp\u00e9cialis\u00e9s, nos appareils offrent une interception l\u00e9gale pr\u00eate \u00e0 l'emploi. Le bo\u00eetier d'interception l\u00e9gale temporaire prend en charge l'interception \u00e0 court terme de la VoIP, de l'IP et de la messagerie, tandis que le convertisseur RTPC\/RNIS vers SIP fait le pont entre les r\u00e9seaux existants et le SIP moderne pour une interception l\u00e9gale continue pendant la migration.<\/p><\/div><\/div>\n<\/div>\n\n\n\n<div class=\"wp-block-uagb-container uagb-block-gfgin7ki\">\n<div class=\"wp-block-uagb-info-box uagb-block-u2enrjsv uagb-infobox__content-wrap  uagb-infobox-icon-above-title uagb-infobox-image-valign-top\"><div class=\"uagb-ifb-content\"><div class=\"uagb-ifb-title-wrap\"><h3 class=\"uagb-ifb-title\">Gestion des op\u00e9rations LI<\/h3><\/div><p class=\"uagb-ifb-desc\">Nous g\u00e9rons votre infrastructure d'interception l\u00e9gale 24 heures sur 24, 7 jours sur 7, en nous occupant de la gestion des mandats, de la surveillance du syst\u00e8me, du transfert s\u00e9curis\u00e9 et des rapports de conformit\u00e9. Vous conservez la visibilit\u00e9 et le contr\u00f4le tandis que nous g\u00e9rons les op\u00e9rations techniques, ce qui permet \u00e0 vos \u00e9quipes de se concentrer sur l'exploitation du r\u00e9seau.<br><\/p><\/div><\/div>\n<\/div>\n\n\n\n<div class=\"wp-block-uagb-container uagb-block-xtm98rg8\">\n<div class=\"wp-block-uagb-info-box uagb-block-sibgnjff uagb-infobox__content-wrap  uagb-infobox-icon-above-title uagb-infobox-image-valign-top\"><div class=\"uagb-ifb-content\"><div class=\"uagb-ifb-title-wrap\"><h3 class=\"uagb-ifb-title\">Int\u00e9gration et d\u00e9veloppement sur mesure<\/h3><\/div><p class=\"uagb-ifb-desc\">Nos sp\u00e9cialistes de l'int\u00e9gration adaptent les solutions LI \u00e0 votre architecture r\u00e9seau sp\u00e9cifique, \u00e0 vos syst\u00e8mes existants et \u00e0 vos exigences r\u00e9glementaires. Nous d\u00e9veloppons des adaptateurs personnalis\u00e9s, des convertisseurs de protocole et des fonctions de m\u00e9diation qui permettent de faire le lien entre votre environnement r\u00e9el et les obligations de conformit\u00e9.<\/p><\/div><\/div>\n<\/div>\n\n\n\n<div class=\"wp-block-uagb-container uagb-block-5fwezb9w\">\n<div class=\"wp-block-uagb-info-box uagb-block-moioryqk uagb-infobox__content-wrap  uagb-infobox-icon-above-title uagb-infobox-image-valign-top\"><div class=\"uagb-ifb-content\"><div class=\"uagb-ifb-title-wrap\"><h3 class=\"uagb-ifb-title\">Conseil et soutien r\u00e9glementaire<\/h3><\/div><p class=\"uagb-ifb-desc\">Nous vous aidons \u00e0 comprendre et \u00e0 respecter les obligations de la LI dans plusieurs juridictions. Nos services de conseil comprennent l'\u00e9valuation de la conformit\u00e9, l'alignement sur les normes ETSI, la conception de l'architecture, la pr\u00e9paration de l'audit et la surveillance r\u00e9glementaire continue pour vous permettre de rester en conformit\u00e9 au fur et \u00e0 mesure de l'\u00e9volution des r\u00e8gles.<\/p><\/div><\/div>\n<\/div>\n\n\n\n<div class=\"wp-block-uagb-container uagb-block-cva62u4v\">\n<div class=\"wp-block-uagb-info-box uagb-block-iyh7sjbq uagb-infobox__content-wrap  uagb-infobox-icon-above-title uagb-infobox-image-valign-top\"><div class=\"uagb-ifb-content\"><div class=\"uagb-ifb-title-wrap\"><h3 class=\"uagb-ifb-title\">Services de facturation<\/h3><\/div><p class=\"uagb-ifb-desc\">Nous g\u00e9rons l'ensemble du cycle de facturation et de remboursement des activit\u00e9s d'interception l\u00e9gale, en suivant automatiquement les \u00e9v\u00e9nements, en calculant les co\u00fbts conform\u00e9ment aux cadres applicables et en g\u00e9rant la g\u00e9n\u00e9ration des factures et le recouvrement des paiements aupr\u00e8s des autorit\u00e9s charg\u00e9es de l'application de la loi dans diff\u00e9rentes juridictions.<\/p><\/div><\/div>\n<\/div>\n<\/div>\n<\/div><\/div>\n\n\n\n<div class=\"wp-block-group alignfull is-layout-flow wp-block-group-is-layout-flow\" style=\"padding-top:0;padding-right:0;padding-bottom:0;padding-left:0\">\n<div style=\"background: linear-gradient(135deg, #0f1923 0%, #1a2940 100%); padding: 80px 20px; position: relative;\">\n  <div style=\"position: absolute; top: 0; left: 0; right: 0; height: 3px; background: linear-gradient(90deg, #e94560, #ff6b35, #e94560);\"><\/div>\n  <div style=\"max-width: 1000px; margin: 0 auto;\">\n    <p style=\"color: #e94560; font-size: 13px; font-weight: 700; letter-spacing: 3px; text-transform: uppercase; margin-bottom: 8px; text-align: center;\">Date limite de mise en conformit\u00e9 : 18 ao\u00fbt 2026<\/p>\n    <h2 style=\"color: #ffffff; font-size: 34px; font-weight: 700; margin-bottom: 20px; line-height: 1.3; text-align: center;\">Conformit\u00e9 des preuves \u00e9lectroniques pour les fournisseurs de t\u00e9l\u00e9communications<\/h2>\n    <p style=\"color: #b0b8c8; font-size: 17px; line-height: 1.7; margin-bottom: 30px; text-align: center;\">En vertu du r\u00e8glement (CE) n\u00b0 2023\/1543, les op\u00e9rateurs de t\u00e9l\u00e9communications entrent explicitement dans le champ d'application de la loi en tant que fournisseurs de services de communications \u00e9lectroniques. Les autorit\u00e9s r\u00e9pressives de toute l'Europe peuvent d\u00e9sormais \u00e9mettre des injonctions de production europ\u00e9ennes (EPOC) et des injonctions de conservation (EPOC-PR) directement \u00e0 l'intention des op\u00e9rateurs de t\u00e9l\u00e9communications, exigeant la divulgation des donn\u00e9es relatives aux abonn\u00e9s, des journaux d'acc\u00e8s, des CDR et m\u00eame des donn\u00e9es relatives au contenu dans des d\u00e9lais stricts.<\/p>\n    \n    <div style=\"display: grid; grid-template-columns: repeat(auto-fit, minmax(280px, 1fr)); gap: 25px; margin-bottom: 35px;\">\n      <div style=\"background: rgba(255,255,255,0.04); border-radius: 8px; padding: 28px; border: 1px solid rgba(255,255,255,0.08);\">\n        <h3 style=\"color: #ffffff; font-size: 20px; font-weight: 600; margin-bottom: 12px;\">Cat\u00e9gories de donn\u00e9es Telco dans le cadre de l'EPOC<\/h3>\n        <p style=\"color: #8892a4; font-size: 15px; line-height: 1.6; margin: 0;\">Vos dossiers d'abonn\u00e9s (MSISDN, IMSI, donn\u00e9es clients), vos donn\u00e9es d'acc\u00e8s (IP logs, cell-ID, timestamps de connexion), vos donn\u00e9es transactionnelles (CDRs, dossiers de facturation) et vos donn\u00e9es de contenu entrent tous dans les quatre cat\u00e9gories de donn\u00e9es EPOC. ICS met automatiquement en correspondance vos donn\u00e9es BSS\/OSS existantes avec le r\u00e8glement.<\/p>\n      <\/div>\n      <div style=\"background: rgba(255,255,255,0.04); border-radius: 8px; padding: 28px; border: 1px solid rgba(255,255,255,0.08);\">\n        <h3 style=\"color: #ffffff; font-size: 20px; font-weight: 600; margin-bottom: 12px;\">Extension de l'infrastructure LI existante<\/h3>\n        <p style=\"color: #8892a4; font-size: 15px; line-height: 1.6; margin: 0;\">ICS e-Evidence s'int\u00e8gre directement \u00e0 votre LIMS existant et \u00e0 votre plateforme de m\u00e9diation LI. Pas de silo s\u00e9par\u00e9. La m\u00eame architecture conforme \u00e0 l'ETSI que vous utilisez d\u00e9j\u00e0 pour l'interception l\u00e9gale g\u00e8re d\u00e9sormais les commandes e-Evidence, avec une extraction automatis\u00e9e des donn\u00e9es \u00e0 partir de vos syst\u00e8mes de provisionnement et de CDR.<\/p>\n      <\/div>\n      <div style=\"background: rgba(255,255,255,0.04); border-radius: 8px; padding: 28px; border: 1px solid rgba(255,255,255,0.08);\">\n        <h3 style=\"color: #ffffff; font-size: 20px; font-weight: 600; margin-bottom: 12px;\">Con\u00e7u pour le volume Telco<\/h3>\n        <p style=\"color: #8892a4; font-size: 15px; line-height: 1.6; margin: 0;\">Les op\u00e9rateurs de t\u00e9l\u00e9communications desservant des millions d'abonn\u00e9s devront faire face \u00e0 des volumes importants de commandes EPOC. Notre moteur d'automatisation g\u00e8re le traitement en masse, l'int\u00e9gration API avec BSS\/OSS et la pr\u00e9paration op\u00e9rationnelle 24\/7, y compris l'accord de niveau de service de 8 heures pour les cas de terrorisme et de menace imminente.<\/p>\n      <\/div>\n      <div style=\"background: rgba(255,255,255,0.04); border-radius: 8px; padding: 28px; border: 1px solid rgba(255,255,255,0.08);\">\n        <h3 style=\"color: #ffffff; font-size: 20px; font-weight: 600; margin-bottom: 12px;\">Prochaine couche de conformit\u00e9 sur TKG\/TK\u00dcV<\/h3>\n        <p style=\"color: #8892a4; font-size: 15px; line-height: 1.6; margin: 0;\">Vous vous conformez d\u00e9j\u00e0 au TKG \u00a7170ff, au TR TK\u00dcV et au Vorratsdatenspeicherung\/Quick-Freeze. e-Evidence est la prochaine couche de conformit\u00e9 obligatoire. ICS la positionne comme une extension naturelle de ce que vous avez d\u00e9j\u00e0 - et non comme un syst\u00e8me distinct \u00e0 g\u00e9rer.<\/p>\n      <\/div>\n    <\/div>\n    \n    <div style=\"text-align: center;\">\n      <a href=\"\/fr\/solutions\/e-conformite-des-preuves\/\" style=\"display: inline-block; background: #e94560; color: #ffffff; padding: 15px 36px; border-radius: 4px; text-decoration: none; font-weight: 600; font-size: 16px;\">En savoir plus sur e-Evidence pour les op\u00e9rateurs t\u00e9l\u00e9coms<\/a>\n    <\/div>\n  <\/div>\n<\/div>\n<\/div>\n\n\n\n<div class=\"wp-block-uagb-container uagb-block-g2drhzrc alignfull uagb-is-root-container\"><div class=\"uagb-container-inner-blocks-wrap\">\n<div class=\"wp-block-uagb-info-box uagb-block-ljqw0ixd uagb-infobox__content-wrap  uagb-infobox-icon-above-title uagb-infobox-image-valign-top\"><div class=\"uagb-ifb-content\"><div class=\"uagb-ifb-title-wrap\"><h2 class=\"uagb-ifb-title\">Pourquoi les op\u00e9rateurs t\u00e9l\u00e9coms choisissent-ils ICS pour l'interception l\u00e9gale ?<\/h2><\/div><\/div><\/div>\n\n\n\n<div class=\"wp-block-uagb-container uagb-block-6tcuhtpz\">\n<div class=\"wp-block-uagb-info-box uagb-block-8pg020ul uagb-infobox__content-wrap  uagb-infobox-icon-above-title uagb-infobox-image-valign-top\"><div class=\"uagb-ifb-content\"><div class=\"uagb-ifb-title-wrap\"><p class=\"uagb-ifb-title\">Les op\u00e9rateurs de t\u00e9l\u00e9communications ont besoin de solutions d'interception l\u00e9gale qui fonctionnent de mani\u00e8re fiable sur diverses technologies de r\u00e9seau, qui sont conformes \u00e0 de multiples cadres r\u00e9glementaires et qui s'adaptent \u00e0 des op\u00e9rations de petit ou de grand volume. ICS associe une exp\u00e9rience approfondie des normes ETSI et 3GPP \u00e0 une connaissance pratique de la mise en \u0153uvre dans les environnements fixes, mobiles, IP et OTT.<\/p><\/div><p class=\"uagb-ifb-desc\">Que vous ayez besoin d'un service g\u00e9r\u00e9 complet, d'une int\u00e9gration personnalis\u00e9e avec des syst\u00e8mes existants, de plateformes logicielles autonomes ou d'une assistance-conseil sp\u00e9cialis\u00e9e, nous adaptons nos solutions \u00e0 vos besoins sp\u00e9cifiques. Notre \u00e9quipe travaille directement avec les op\u00e9rateurs, les r\u00e9gulateurs et les organismes charg\u00e9s de l'application de la loi, ce qui nous donne l'expertise transversale n\u00e9cessaire pour fournir des impl\u00e9mentations de LI conformes et pr\u00eates \u00e0 l'audit.<\/p><\/div><\/div>\n\n\n\n<div class=\"wp-block-uagb-container uagb-block-wbeleqcl\">\n<div class=\"wp-block-uagb-info-box uagb-block-u32x3gei uagb-infobox__content-wrap  uagb-infobox-icon-left-title uagb-infobox-left uagb-infobox-image-valign-middle\"><div class=\"uagb-ifb-content\"><div class=\"uagb-ifb-left-title-image\"><div class=\"uagb-ifb-icon-wrap\"><svg xmlns=\"https:\/\/www.w3.org\/2000\/svg\" viewbox=\"0 0 448 512\"><path d=\"M438.6 105.4C451.1 117.9 451.1 138.1 438.6 150.6L182.6 406.6C170.1 419.1 149.9 419.1 137.4 406.6L9.372 278.6C-3.124 266.1-3.124 245.9 9.372 233.4C21.87 220.9 42.13 220.9 54.63 233.4L159.1 338.7L393.4 105.4C405.9 92.88 426.1 92.88 438.6 105.4H438.6z\"><\/path><\/svg><\/div><div class=\"uagb-ifb-title-wrap\"><p class=\"uagb-ifb-title\">Des solutions ax\u00e9es sur l'innovation<\/p><\/div><\/div><p class=\"uagb-ifb-desc\">Notre architecture modulaire vous permet de commencer avec les capacit\u00e9s de base et de les d\u00e9velopper au fur et \u00e0 mesure de l'\u00e9volution des besoins. Toutes les solutions sont conformes aux mod\u00e8les de r\u00e9f\u00e9rence ETSI et 3GPP, ce qui garantit l'interop\u00e9rabilit\u00e9, la p\u00e9rennit\u00e9 et l'alignement sur les meilleures pratiques internationales.<\/p><div class=\"uagb-ifb-separator\"><\/div><\/div><\/div>\n\n\n\n<div class=\"wp-block-uagb-info-box uagb-block-wxv9ztrl uagb-infobox__content-wrap  uagb-infobox-icon-left-title uagb-infobox-left uagb-infobox-image-valign-middle\"><div class=\"uagb-ifb-content\"><div class=\"uagb-ifb-left-title-image\"><div class=\"uagb-ifb-icon-wrap\"><svg xmlns=\"https:\/\/www.w3.org\/2000\/svg\" viewbox=\"0 0 448 512\"><path d=\"M438.6 105.4C451.1 117.9 451.1 138.1 438.6 150.6L182.6 406.6C170.1 419.1 149.9 419.1 137.4 406.6L9.372 278.6C-3.124 266.1-3.124 245.9 9.372 233.4C21.87 220.9 42.13 220.9 54.63 233.4L159.1 338.7L393.4 105.4C405.9 92.88 426.1 92.88 438.6 105.4H438.6z\"><\/path><\/svg><\/div><div class=\"uagb-ifb-title-wrap\"><p class=\"uagb-ifb-title\">Approche personnalis\u00e9e<\/p><\/div><\/div><p class=\"uagb-ifb-desc\">Chaque op\u00e9rateur a des topologies de r\u00e9seau, des portefeuilles de services et des contextes r\u00e9glementaires diff\u00e9rents. Nous adaptons les d\u00e9ploiements \u00e0 votre environnement sp\u00e9cifique, qu'il s'agisse de l'int\u00e9gration avec des noyaux multifournisseurs, de la prise en charge d'exigences nationales uniques ou de l'adaptation \u00e0 des types de services sp\u00e9cialis\u00e9s.<\/p><div class=\"uagb-ifb-separator\"><\/div><\/div><\/div>\n\n\n\n<div class=\"wp-block-uagb-info-box uagb-block-1xtpl6ce uagb-infobox__content-wrap  uagb-infobox-icon-left-title uagb-infobox-left uagb-infobox-image-valign-middle\"><div class=\"uagb-ifb-content\"><div class=\"uagb-ifb-left-title-image\"><div class=\"uagb-ifb-icon-wrap\"><svg xmlns=\"https:\/\/www.w3.org\/2000\/svg\" viewbox=\"0 0 448 512\"><path d=\"M438.6 105.4C451.1 117.9 451.1 138.1 438.6 150.6L182.6 406.6C170.1 419.1 149.9 419.1 137.4 406.6L9.372 278.6C-3.124 266.1-3.124 245.9 9.372 233.4C21.87 220.9 42.13 220.9 54.63 233.4L159.1 338.7L393.4 105.4C405.9 92.88 426.1 92.88 438.6 105.4H438.6z\"><\/path><\/svg><\/div><div class=\"uagb-ifb-title-wrap\"><p class=\"uagb-ifb-title\">Un service \u00e0 la client\u00e8le de qualit\u00e9 sup\u00e9rieure<\/p><\/div><\/div><p class=\"uagb-ifb-desc\">De l'\u00e9valuation initiale \u00e0 l'assistance \u00e0 long terme, notre \u00e9quipe fournit une assistance r\u00e9active pour les probl\u00e8mes techniques, les questions r\u00e9glementaires et les d\u00e9fis op\u00e9rationnels. Nous sommes votre partenaire pour maintenir une interception l\u00e9gale conforme et fiable au fur et \u00e0 mesure de l'\u00e9volution de votre r\u00e9seau et de vos services.<\/p><div class=\"uagb-ifb-separator\"><\/div><\/div><\/div>\n<\/div>\n<\/div>\n<\/div><\/div>","protected":false},"excerpt":{"rendered":"<p>Compliance Deadline: August 18, 2026 e-Evidence Compliance for Telecommunications Providers Under EU Regulation 2023\/1543, telecommunications operators are explicitly in scope [&hellip;]<\/p>\n","protected":false},"author":2,"featured_media":0,"parent":1432,"menu_order":0,"comment_status":"closed","ping_status":"closed","template":"","meta":{"_uag_custom_page_level_css":"","site-sidebar-layout":"default","site-content-layout":"","ast-site-content-layout":"default","site-content-style":"default","site-sidebar-style":"default","ast-global-header-display":"","ast-banner-title-visibility":"","ast-main-header-display":"","ast-hfb-above-header-display":"","ast-hfb-below-header-display":"","ast-hfb-mobile-header-display":"","site-post-title":"disabled","ast-breadcrumbs-content":"","ast-featured-img":"","footer-sml-layout":"","ast-disable-related-posts":"","theme-transparent-header-meta":"","adv-header-id-meta":"","stick-header-meta":"","header-above-stick-meta":"","header-main-stick-meta":"","header-below-stick-meta":"","astra-migrate-meta-layouts":"default","ast-page-background-enabled":"default","ast-page-background-meta":{"desktop":{"background-color":"var(--ast-global-color-5)","background-image":"","background-repeat":"repeat","background-position":"center center","background-size":"auto","background-attachment":"scroll","background-type":"","background-media":"","overlay-type":"","overlay-color":"","overlay-opacity":"","overlay-gradient":""},"tablet":{"background-color":"","background-image":"","background-repeat":"repeat","background-position":"center center","background-size":"auto","background-attachment":"scroll","background-type":"","background-media":"","overlay-type":"","overlay-color":"","overlay-opacity":"","overlay-gradient":""},"mobile":{"background-color":"","background-image":"","background-repeat":"repeat","background-position":"center center","background-size":"auto","background-attachment":"scroll","background-type":"","background-media":"","overlay-type":"","overlay-color":"","overlay-opacity":"","overlay-gradient":""}},"ast-content-background-meta":{"desktop":{"background-color":"var(--ast-global-color-4)","background-image":"","background-repeat":"repeat","background-position":"center center","background-size":"auto","background-attachment":"scroll","background-type":"","background-media":"","overlay-type":"","overlay-color":"","overlay-opacity":"","overlay-gradient":""},"tablet":{"background-color":"var(--ast-global-color-4)","background-image":"","background-repeat":"repeat","background-position":"center center","background-size":"auto","background-attachment":"scroll","background-type":"","background-media":"","overlay-type":"","overlay-color":"","overlay-opacity":"","overlay-gradient":""},"mobile":{"background-color":"var(--ast-global-color-4)","background-image":"","background-repeat":"repeat","background-position":"center center","background-size":"auto","background-attachment":"scroll","background-type":"","background-media":"","overlay-type":"","overlay-color":"","overlay-opacity":"","overlay-gradient":""}},"footnotes":""},"class_list":["post-1434","page","type-page","status-publish","hentry"],"uagb_featured_image_src":{"full":false,"thumbnail":false,"medium":false,"medium_large":false,"large":false,"1536x1536":false,"2048x2048":false,"trp-custom-language-flag":false},"uagb_author_info":{"display_name":"chatgpt","author_link":"https:\/\/ic-services.io\/fr\/author\/chatgpt\/"},"uagb_comment_info":0,"uagb_excerpt":"Compliance Deadline: August 18, 2026 e-Evidence Compliance for Telecommunications Providers Under EU Regulation 2023\/1543, telecommunications operators are explicitly in scope [&hellip;]","_links":{"self":[{"href":"https:\/\/ic-services.io\/fr\/wp-json\/wp\/v2\/pages\/1434","targetHints":{"allow":["GET"]}}],"collection":[{"href":"https:\/\/ic-services.io\/fr\/wp-json\/wp\/v2\/pages"}],"about":[{"href":"https:\/\/ic-services.io\/fr\/wp-json\/wp\/v2\/types\/page"}],"author":[{"embeddable":true,"href":"https:\/\/ic-services.io\/fr\/wp-json\/wp\/v2\/users\/2"}],"replies":[{"embeddable":true,"href":"https:\/\/ic-services.io\/fr\/wp-json\/wp\/v2\/comments?post=1434"}],"version-history":[{"count":9,"href":"https:\/\/ic-services.io\/fr\/wp-json\/wp\/v2\/pages\/1434\/revisions"}],"predecessor-version":[{"id":2296,"href":"https:\/\/ic-services.io\/fr\/wp-json\/wp\/v2\/pages\/1434\/revisions\/2296"}],"up":[{"embeddable":true,"href":"https:\/\/ic-services.io\/fr\/wp-json\/wp\/v2\/pages\/1432"}],"wp:attachment":[{"href":"https:\/\/ic-services.io\/fr\/wp-json\/wp\/v2\/media?parent=1434"}],"curies":[{"name":"wp","href":"https:\/\/api.w.org\/{rel}","templated":true}]}}