{"id":1436,"date":"2026-01-27T17:38:00","date_gmt":"2026-01-27T16:38:00","guid":{"rendered":"https:\/\/dev.ic-services.io\/?page_id=1436"},"modified":"2026-03-14T16:57:23","modified_gmt":"2026-03-14T15:57:23","slug":"interception-par-les-forces-de-lordre","status":"publish","type":"page","link":"https:\/\/ic-services.io\/fr\/industries\/law-enforcement-interception\/","title":{"rendered":"Autorit\u00e9s r\u00e9glementaires et autorit\u00e9s charg\u00e9es de l'application de la loi"},"content":{"rendered":"<div class=\"wp-block-uagb-container uagb-block-rrnmnoer alignfull uagb-is-root-container\">\n<div class=\"wp-block-uagb-container uagb-block-896yetqm\">\n<div class=\"wp-block-uagb-info-box uagb-block-igyvepv8 uagb-infobox__content-wrap  uagb-infobox-icon-above-title uagb-infobox-image-valign-top\"><div class=\"uagb-ifb-content\"><div class=\"uagb-ifb-title-wrap\"><h1 class=\"uagb-ifb-title\">Partenariat avec les r\u00e9gulateurs et les forces de l'ordre<\/h1><\/div><\/div><\/div>\n\n\n\n<div class=\"wp-block-uagb-container uagb-block-utxhl7gi\">\n<div class=\"wp-block-uagb-info-box uagb-block-kotvdy5k uagb-infobox__content-wrap  uagb-infobox-icon-above-title uagb-infobox-image-valign-top\"><div class=\"uagb-ifb-content\"><div class=\"uagb-ifb-title-wrap\"><\/div><p class=\"uagb-ifb-desc\">ICS collabore avec les organismes de r\u00e9glementation et les services r\u00e9pressifs pour veiller \u00e0 ce que les fournisseurs de services de communication mettent en \u0153uvre des capacit\u00e9s d'interception l\u00e9gale qui r\u00e9pondent aux exigences nationales, facilitent la fourniture de donn\u00e9es pr\u00e9cises et en temps voulu, et soutiennent des enqu\u00eates efficaces tout en prot\u00e9geant les droits \u00e0 la vie priv\u00e9e.<\/p><\/div><\/div>\n\n\n\n<div class=\"wp-block-uagb-buttons uagb-buttons__outer-wrap uagb-btn__default-btn uagb-btn-tablet__default-btn uagb-btn-mobile__default-btn uagb-block-msaj3tia\"><div class=\"uagb-buttons__wrap uagb-buttons-layout-wrap\">\n<div class=\"wp-block-uagb-buttons-child uagb-buttons__outer-wrap uagb-block-ujc3c5sa wp-block-button\"><div class=\"uagb-button__wrapper\"><a class=\"uagb-buttons-repeater wp-block-button__link\" aria-label=\"\" href=\"\/fr\/contact\/\" rel=\"follow noopener\" target=\"_self\" role=\"button\"><div class=\"uagb-button__link\">prendre contact<\/div><\/a><\/div><\/div>\n<\/div><\/div>\n<\/div>\n<\/div>\n\n\n\n<div class=\"wp-block-uagb-container uagb-block-dghmpdrz alignfull uagb-is-root-container\"><\/div>\n<\/div>\n\n\n\n<div class=\"wp-block-uagb-container uagb-block-ecaxldog alignfull uagb-is-root-container\"><div class=\"uagb-container-inner-blocks-wrap\">\n<div class=\"wp-block-uagb-info-box uagb-block-nlha14ax uagb-infobox__content-wrap  uagb-infobox-icon-above-title uagb-infobox-image-valign-top\"><div class=\"uagb-ifb-content\"><div class=\"uagb-ifb-title-wrap\"><h2 class=\"uagb-ifb-title\">Comment nous soutenons les organismes de r\u00e9glementation et d'application de la loi<\/h2><\/div><p class=\"uagb-ifb-desc\">Notre expertise comble le foss\u00e9 entre les capacit\u00e9s techniques, les exigences l\u00e9gales et la r\u00e9alit\u00e9 op\u00e9rationnelle, en aidant les agences \u00e0 recevoir les donn\u00e9es dont elles ont besoin dans des formats conformes et utilisables.<\/p><\/div><\/div>\n\n\n\n<div class=\"wp-block-uagb-container uagb-layout-grid uagb-block-7e93wkbv\">\n<div class=\"wp-block-uagb-container uagb-block-tjbfbac7\">\n<div class=\"wp-block-uagb-info-box uagb-block-ipnxembk uagb-infobox__content-wrap  uagb-infobox-icon-above-title uagb-infobox-image-valign-top\"><div class=\"uagb-ifb-content\"><div class=\"uagb-ifb-title-wrap\"><p class=\"uagb-ifb-title-prefix\">01<\/p><h3 class=\"uagb-ifb-title\">Soutien \u00e0 la mise en \u0153uvre des normes<\/h3><\/div><p class=\"uagb-ifb-desc\">Nous aidons les r\u00e9gulateurs \u00e0 \u00e9laborer des cadres nationaux d'interception l\u00e9gale align\u00e9s sur les normes internationales de l'ETSI et du 3GPP. Notre \u00e9quipe participe \u00e0 l'\u00e9laboration des sp\u00e9cifications techniques, \u00e0 la d\u00e9finition des param\u00e8tres nationaux et aux documents d'orientation que les FSC peuvent mettre en \u0153uvre de mani\u00e8re coh\u00e9rente dans l'ensemble de la juridiction.<\/p><\/div><\/div>\n<\/div>\n\n\n\n<div class=\"wp-block-uagb-container uagb-block-wvuli0ha\">\n<div class=\"wp-block-uagb-info-box uagb-block-1yy1iobw uagb-infobox__content-wrap  uagb-infobox-icon-above-title uagb-infobox-image-valign-top\"><div class=\"uagb-ifb-content\"><div class=\"uagb-ifb-title-wrap\"><p class=\"uagb-ifb-title-prefix\">02<\/p><h3 class=\"uagb-ifb-title\">\u00c9valuation et certification des op\u00e9rateurs<\/h3><\/div><p class=\"uagb-ifb-desc\">Nous aidons les organismes de r\u00e9glementation \u00e0 \u00e9valuer la conformit\u00e9 des FSC par le biais d'\u00e9valuations techniques, de tests d'interface et d'audits de syst\u00e8mes. Notre expertise ind\u00e9pendante permet de v\u00e9rifier que les syst\u00e8mes d\u00e9ploy\u00e9s r\u00e9pondent aux exigences et peuvent fournir des donn\u00e9es dans les formats et les d\u00e9lais appropri\u00e9s.<\/p><\/div><\/div>\n<\/div>\n\n\n\n<div class=\"wp-block-uagb-container uagb-block-9ntxx0tf\">\n<div class=\"wp-block-uagb-info-box uagb-block-gcglow86 uagb-infobox__content-wrap  uagb-infobox-icon-above-title uagb-infobox-image-valign-top\"><div class=\"uagb-ifb-content\"><div class=\"uagb-ifb-title-wrap\"><p class=\"uagb-ifb-title-prefix\">03<\/p><h3 class=\"uagb-ifb-title\">Interface LEA et Onboarding<\/h3><\/div><p class=\"uagb-ifb-desc\">Nous aidons les installations de surveillance des forces de l'ordre \u00e0 s'int\u00e9grer techniquement aux syst\u00e8mes des FSC, notamment en ce qui concerne la configuration de l'interface de transfert, la gestion des certificats, la validation des formats et les tests de livraison. Notre \u00e9quipe assure une connectivit\u00e9 s\u00fbre et fiable pour la r\u00e9ception des donn\u00e9es d'interception l\u00e9gale.<\/p><\/div><\/div>\n<\/div>\n\n\n\n<div class=\"wp-block-uagb-container uagb-block-evbiugau\">\n<div class=\"wp-block-uagb-info-box uagb-block-5h9aqapf uagb-infobox__content-wrap  uagb-infobox-icon-above-title uagb-infobox-image-valign-top\"><div class=\"uagb-ifb-content\"><div class=\"uagb-ifb-title-wrap\"><p class=\"uagb-ifb-title-prefix\">04<\/p><h3 class=\"uagb-ifb-title\">Formation et renforcement des capacit\u00e9s<\/h3><\/div><p class=\"uagb-ifb-desc\">Nous proposons des programmes de formation pour le personnel charg\u00e9 de la r\u00e9glementation et les \u00e9quipes techniques charg\u00e9es de l'application de la loi, couvrant les normes ETSI, les protocoles d'interface, les formats de donn\u00e9es et le d\u00e9pannage. Cela permet de d\u00e9velopper une expertise interne pour une surveillance continue et un soutien op\u00e9rationnel.<\/p><\/div><\/div>\n<\/div>\n\n\n\n<div class=\"wp-block-uagb-container uagb-block-pfvmz39g\">\n<div class=\"wp-block-uagb-info-box uagb-block-5zjp1vkw uagb-infobox__content-wrap  uagb-infobox-icon-above-title uagb-infobox-image-valign-top\"><div class=\"uagb-ifb-content\"><div class=\"uagb-ifb-title-wrap\"><p class=\"uagb-ifb-title-prefix\">05<\/p><h3 class=\"uagb-ifb-title\">Coordination multi-juridictionnelle<\/h3><\/div><p class=\"uagb-ifb-desc\">Pour les agences qui travaillent au-del\u00e0 des fronti\u00e8res ou avec des partenaires internationaux, nous facilitons la coordination entre les juridictions, l'harmonisation des formats et les processus d'entraide judiciaire. Notre exp\u00e9rience des cadres nationaux multiples permet de rationaliser la coop\u00e9ration internationale.<\/p><\/div><\/div>\n<\/div>\n\n\n\n<div class=\"wp-block-uagb-container uagb-block-8yjpnzxb\">\n<div class=\"wp-block-uagb-info-box uagb-block-hrlv5gym uagb-infobox__content-wrap  uagb-infobox-icon-above-title uagb-infobox-image-valign-top\"><div class=\"uagb-ifb-content\"><div class=\"uagb-ifb-title-wrap\"><p class=\"uagb-ifb-title-prefix\">06<\/p><h3 class=\"uagb-ifb-title\">Assurance et suivi de la qualit\u00e9<\/h3><\/div><p class=\"uagb-ifb-desc\">Nous aidons les agences \u00e0 mettre en place des processus de contr\u00f4le de la qualit\u00e9 pour les donn\u00e9es re\u00e7ues, y compris la validation automatis\u00e9e, les contr\u00f4les d'exhaustivit\u00e9 et le suivi des performances de livraison. Cela permet de s'assurer que les CSP restent conformes au fil du temps et que les donn\u00e9es restent utilisables pour les enqu\u00eates.<\/p><\/div><\/div>\n<\/div>\n<\/div>\n<\/div><\/div>\n\n\n\n<div class=\"wp-block-uagb-container uagb-block-murcuvie alignfull uagb-is-root-container\"><div class=\"uagb-container-inner-blocks-wrap\">\n<div class=\"wp-block-uagb-info-box uagb-block-hcero9nd uagb-infobox__content-wrap  uagb-infobox-icon-above-title uagb-infobox-image-valign-top\"><div class=\"uagb-ifb-content\"><div class=\"uagb-ifb-title-wrap\"><h2 class=\"uagb-ifb-title\">Des solutions innovantes pour relever les d\u00e9fis modernes<\/h2><\/div><\/div><\/div>\n\n\n\n<div class=\"wp-block-uagb-container uagb-block-jkebwqip\">\n<div class=\"wp-block-uagb-info-box uagb-block-sbdkqx8o uagb-infobox__content-wrap  uagb-infobox-icon-above-title uagb-infobox-image-valign-top\"><div class=\"uagb-ifb-content\"><div class=\"uagb-ifb-title-wrap\"><\/div><p class=\"uagb-ifb-desc\">Les organismes charg\u00e9s de l'application de la loi et de la r\u00e9glementation sont confront\u00e9s \u00e0 des d\u00e9fis de plus en plus importants \u00e0 mesure que les services de communication migrent vers l'IP, que les plateformes OTT prolif\u00e8rent et que la coop\u00e9ration transfrontali\u00e8re devient essentielle. ICS fournit l'expertise technique et l'exp\u00e9rience pratique n\u00e9cessaires pour relever ces d\u00e9fis tout en conciliant les besoins d'investigation avec la protection de la vie priv\u00e9e et les contraintes op\u00e9rationnelles des CSP.<\/p><\/div><\/div>\n\n\n\n<div class=\"wp-block-uagb-info-box uagb-block-7wob1ylg uagb-infobox__content-wrap  uagb-infobox-icon-above-title uagb-infobox-image-valign-top\"><div class=\"uagb-ifb-content\"><div class=\"uagb-ifb-title-wrap\"><\/div><p class=\"uagb-ifb-desc\">Nous travaillons en toute neutralit\u00e9 avec toutes les parties prenantes - les r\u00e9gulateurs qui d\u00e9finissent les exigences, les FSC qui mettent en \u0153uvre les capacit\u00e9s et les organismes charg\u00e9s de l'application de la loi qui re\u00e7oivent les donn\u00e9es - afin de garantir que les syst\u00e8mes d'interception l\u00e9gale fournissent des r\u00e9sultats utilisables, opportuns et conformes. Notre \u00e9quipe comprend \u00e0 la fois les protocoles techniques et les r\u00e9alit\u00e9s op\u00e9rationnelles qui rendent l'interception efficace.<\/p><\/div><\/div>\n<\/div>\n\n\n\n<div class=\"wp-block-uagb-separator uagb-block-en3qspjh\"><div class=\"wp-block-uagb-separator__inner\" style=\"--my-background-image:\"><\/div><\/div>\n\n\n\n<div class=\"wp-block-uagb-container uagb-block-2gpisr2j\">\n<div class=\"wp-block-uagb-info-box uagb-block-1oxxbehi uagb-infobox__content-wrap  uagb-infobox-icon-above-title uagb-infobox-image-valign-top\"><div class=\"uagb-ifb-content\"><div class=\"uagb-ifb-icon-wrap\"><svg xmlns=\"https:\/\/www.w3.org\/2000\/svg\" viewbox=\"0 0 448 512\"><path d=\"M438.6 105.4C451.1 117.9 451.1 138.1 438.6 150.6L182.6 406.6C170.1 419.1 149.9 419.1 137.4 406.6L9.372 278.6C-3.124 266.1-3.124 245.9 9.372 233.4C21.87 220.9 42.13 220.9 54.63 233.4L159.1 338.7L393.4 105.4C405.9 92.88 426.1 92.88 438.6 105.4H438.6z\"><\/path><\/svg><\/div><div class=\"uagb-ifb-title-wrap\"><p class=\"uagb-ifb-title\">Neutralit\u00e9 technique<\/p><\/div><p class=\"uagb-ifb-desc\">Nous fournissons une expertise ind\u00e9pendante qui sert les int\u00e9r\u00eats de toutes les parties : nous aidons les r\u00e9gulateurs \u00e0 fixer des exigences r\u00e9alisables, nous permettons aux FSC de les mettre en \u0153uvre efficacement et nous veillons \u00e0 ce que les agences re\u00e7oivent des donn\u00e9es utilisables. Nos recommandations donnent la priorit\u00e9 \u00e0 des solutions r\u00e9alisables et fond\u00e9es sur des normes.<\/p><\/div><\/div>\n\n\n\n<div class=\"wp-block-uagb-info-box uagb-block-hvt2qacd uagb-infobox__content-wrap  uagb-infobox-icon-above-title uagb-infobox-image-valign-top\"><div class=\"uagb-ifb-content\"><div class=\"uagb-ifb-icon-wrap\"><svg xmlns=\"https:\/\/www.w3.org\/2000\/svg\" viewbox=\"0 0 448 512\"><path d=\"M438.6 105.4C451.1 117.9 451.1 138.1 438.6 150.6L182.6 406.6C170.1 419.1 149.9 419.1 137.4 406.6L9.372 278.6C-3.124 266.1-3.124 245.9 9.372 233.4C21.87 220.9 42.13 220.9 54.63 233.4L159.1 338.7L393.4 105.4C405.9 92.88 426.1 92.88 438.6 105.4H438.6z\"><\/path><\/svg><\/div><div class=\"uagb-ifb-title-wrap\"><p class=\"uagb-ifb-title\">Alignement des normes<\/p><\/div><p class=\"uagb-ifb-desc\">Toutes nos orientations et mises en \u0153uvre sont conformes aux normes ETSI, 3GPP et aux normes nationales pertinentes, ce qui garantit l'interop\u00e9rabilit\u00e9, l'admissibilit\u00e9 des preuves et la viabilit\u00e9 \u00e0 long terme. Nous contribuons \u00e0 traduire les cadres internationaux en mises en \u0153uvre pratiques au niveau national.<\/p><\/div><\/div>\n\n\n\n<div class=\"wp-block-uagb-info-box uagb-block-jatmsoq4 uagb-infobox__content-wrap  uagb-infobox-icon-above-title uagb-infobox-image-valign-top\"><div class=\"uagb-ifb-content\"><div class=\"uagb-ifb-icon-wrap\"><svg xmlns=\"https:\/\/www.w3.org\/2000\/svg\" viewbox=\"0 0 448 512\"><path d=\"M438.6 105.4C451.1 117.9 451.1 138.1 438.6 150.6L182.6 406.6C170.1 419.1 149.9 419.1 137.4 406.6L9.372 278.6C-3.124 266.1-3.124 245.9 9.372 233.4C21.87 220.9 42.13 220.9 54.63 233.4L159.1 338.7L393.4 105.4C405.9 92.88 426.1 92.88 438.6 105.4H438.6z\"><\/path><\/svg><\/div><div class=\"uagb-ifb-title-wrap\"><p class=\"uagb-ifb-title\">Exp\u00e9rience transfrontali\u00e8re<\/p><\/div><p class=\"uagb-ifb-desc\">Notre \u00e9quipe a travaill\u00e9 avec des organismes de r\u00e9glementation et des agences dans de nombreux pays europ\u00e9ens, ce qui nous permet d'avoir une connaissance approfondie des diff\u00e9rentes approches, des d\u00e9fis communs et des pratiques efficaces qui peuvent \u00eatre adapt\u00e9es \u00e0 des juridictions sp\u00e9cifiques.<\/p><\/div><\/div>\n\n\n\n<div class=\"wp-block-uagb-info-box uagb-block-ejfb27cw uagb-infobox__content-wrap  uagb-infobox-icon-above-title uagb-infobox-image-valign-top\"><div class=\"uagb-ifb-content\"><div class=\"uagb-ifb-icon-wrap\"><svg xmlns=\"https:\/\/www.w3.org\/2000\/svg\" viewbox=\"0 0 448 512\"><path d=\"M438.6 105.4C451.1 117.9 451.1 138.1 438.6 150.6L182.6 406.6C170.1 419.1 149.9 419.1 137.4 406.6L9.372 278.6C-3.124 266.1-3.124 245.9 9.372 233.4C21.87 220.9 42.13 220.9 54.63 233.4L159.1 338.7L393.4 105.4C405.9 92.88 426.1 92.88 438.6 105.4H438.6z\"><\/path><\/svg><\/div><div class=\"uagb-ifb-title-wrap\"><p class=\"uagb-ifb-title\">Focus op\u00e9rationnel<\/p><\/div><p class=\"uagb-ifb-desc\">Au-del\u00e0 de la conformit\u00e9 technique, nous mettons l'accent sur l'efficacit\u00e9 op\u00e9rationnelle, en veillant \u00e0 ce que les donn\u00e9es arrivent \u00e0 temps pour \u00e9tayer les enqu\u00eates, que les formats soient utilisables par les analystes et que les processus soient viables \u00e0 long terme, tant pour les CSP que pour les agences.<\/p><\/div><\/div>\n<\/div>\n<\/div><\/div>","protected":false},"excerpt":{"rendered":"","protected":false},"author":2,"featured_media":0,"parent":1432,"menu_order":0,"comment_status":"closed","ping_status":"closed","template":"","meta":{"_uag_custom_page_level_css":"","site-sidebar-layout":"default","site-content-layout":"","ast-site-content-layout":"default","site-content-style":"default","site-sidebar-style":"default","ast-global-header-display":"","ast-banner-title-visibility":"","ast-main-header-display":"","ast-hfb-above-header-display":"","ast-hfb-below-header-display":"","ast-hfb-mobile-header-display":"","site-post-title":"disabled","ast-breadcrumbs-content":"","ast-featured-img":"","footer-sml-layout":"","ast-disable-related-posts":"","theme-transparent-header-meta":"","adv-header-id-meta":"","stick-header-meta":"","header-above-stick-meta":"","header-main-stick-meta":"","header-below-stick-meta":"","astra-migrate-meta-layouts":"default","ast-page-background-enabled":"default","ast-page-background-meta":{"desktop":{"background-color":"var(--ast-global-color-5)","background-image":"","background-repeat":"repeat","background-position":"center center","background-size":"auto","background-attachment":"scroll","background-type":"","background-media":"","overlay-type":"","overlay-color":"","overlay-opacity":"","overlay-gradient":""},"tablet":{"background-color":"","background-image":"","background-repeat":"repeat","background-position":"center center","background-size":"auto","background-attachment":"scroll","background-type":"","background-media":"","overlay-type":"","overlay-color":"","overlay-opacity":"","overlay-gradient":""},"mobile":{"background-color":"","background-image":"","background-repeat":"repeat","background-position":"center center","background-size":"auto","background-attachment":"scroll","background-type":"","background-media":"","overlay-type":"","overlay-color":"","overlay-opacity":"","overlay-gradient":""}},"ast-content-background-meta":{"desktop":{"background-color":"var(--ast-global-color-4)","background-image":"","background-repeat":"repeat","background-position":"center center","background-size":"auto","background-attachment":"scroll","background-type":"","background-media":"","overlay-type":"","overlay-color":"","overlay-opacity":"","overlay-gradient":""},"tablet":{"background-color":"var(--ast-global-color-4)","background-image":"","background-repeat":"repeat","background-position":"center center","background-size":"auto","background-attachment":"scroll","background-type":"","background-media":"","overlay-type":"","overlay-color":"","overlay-opacity":"","overlay-gradient":""},"mobile":{"background-color":"var(--ast-global-color-4)","background-image":"","background-repeat":"repeat","background-position":"center center","background-size":"auto","background-attachment":"scroll","background-type":"","background-media":"","overlay-type":"","overlay-color":"","overlay-opacity":"","overlay-gradient":""}},"footnotes":""},"class_list":["post-1436","page","type-page","status-publish","hentry"],"uagb_featured_image_src":{"full":false,"thumbnail":false,"medium":false,"medium_large":false,"large":false,"1536x1536":false,"2048x2048":false,"trp-custom-language-flag":false},"uagb_author_info":{"display_name":"chatgpt","author_link":"https:\/\/ic-services.io\/fr\/author\/chatgpt\/"},"uagb_comment_info":0,"uagb_excerpt":null,"_links":{"self":[{"href":"https:\/\/ic-services.io\/fr\/wp-json\/wp\/v2\/pages\/1436","targetHints":{"allow":["GET"]}}],"collection":[{"href":"https:\/\/ic-services.io\/fr\/wp-json\/wp\/v2\/pages"}],"about":[{"href":"https:\/\/ic-services.io\/fr\/wp-json\/wp\/v2\/types\/page"}],"author":[{"embeddable":true,"href":"https:\/\/ic-services.io\/fr\/wp-json\/wp\/v2\/users\/2"}],"replies":[{"embeddable":true,"href":"https:\/\/ic-services.io\/fr\/wp-json\/wp\/v2\/comments?post=1436"}],"version-history":[{"count":5,"href":"https:\/\/ic-services.io\/fr\/wp-json\/wp\/v2\/pages\/1436\/revisions"}],"predecessor-version":[{"id":1839,"href":"https:\/\/ic-services.io\/fr\/wp-json\/wp\/v2\/pages\/1436\/revisions\/1839"}],"up":[{"embeddable":true,"href":"https:\/\/ic-services.io\/fr\/wp-json\/wp\/v2\/pages\/1432"}],"wp:attachment":[{"href":"https:\/\/ic-services.io\/fr\/wp-json\/wp\/v2\/media?parent=1436"}],"curies":[{"name":"wp","href":"https:\/\/api.w.org\/{rel}","templated":true}]}}