{"id":2096,"date":"2026-03-16T18:55:54","date_gmt":"2026-03-16T17:55:54","guid":{"rendered":"https:\/\/ic-services.io\/?page_id=2096"},"modified":"2026-03-17T12:57:21","modified_gmt":"2026-03-17T11:57:21","slug":"e-conformite-des-preuves","status":"publish","type":"page","link":"https:\/\/ic-services.io\/fr\/solutions\/e-evidence-compliance\/","title":{"rendered":"Preuves \u00e9lectroniques"},"content":{"rendered":"<div class=\"wp-block-cover alignfull\" style=\"padding-top:8rem;padding-bottom:8rem;min-height:500px;aspect-ratio:unset;\"><span aria-hidden=\"true\" class=\"wp-block-cover__background has-black-background-color has-background-dim-70 has-background-dim\"><\/span><img loading=\"lazy\" decoding=\"async\" width=\"1200\" height=\"627\" class=\"wp-block-cover__image-background wp-image-2053\" alt=\"Balance de justice dor\u00e9e sur un bureau \u00e0 c\u00f4t\u00e9 d&#039;un ordinateur portable, symbolisant la loi et l&#039;\u00e9quilibre.\" src=\"https:\/\/ic-services.io\/wp-content\/uploads\/2026\/03\/pexels-photo-6077797-6077797.jpg\" data-object-fit=\"cover\" srcset=\"https:\/\/ic-services.io\/wp-content\/uploads\/2026\/03\/pexels-photo-6077797-6077797.jpg 1200w, https:\/\/ic-services.io\/wp-content\/uploads\/2026\/03\/pexels-photo-6077797-6077797-300x157.jpg 300w, https:\/\/ic-services.io\/wp-content\/uploads\/2026\/03\/pexels-photo-6077797-6077797-1024x535.jpg 1024w, https:\/\/ic-services.io\/wp-content\/uploads\/2026\/03\/pexels-photo-6077797-6077797-768x401.jpg 768w, https:\/\/ic-services.io\/wp-content\/uploads\/2026\/03\/pexels-photo-6077797-6077797-18x9.jpg 18w\" sizes=\"auto, (max-width: 1200px) 100vw, 1200px\" \/><div class=\"wp-block-cover__inner-container is-layout-flow wp-block-cover-is-layout-flow\">\n<h1 class=\"wp-block-heading has-text-align-center has-white-color has-text-color\" style=\"font-size:48px\">Conformit\u00e9 des preuves \u00e9lectroniques<\/h1>\n\n\n\n<p class=\"has-text-align-center has-white-color has-text-color\" style=\"font-size:18px\">ICS fournit une solution cl\u00e9 en main de conformit\u00e9 aux preuves \u00e9lectroniques qui permet aux fournisseurs de services de communication, aux plateformes en nuage et aux fournisseurs de services num\u00e9riques de l'UE de respecter toutes les obligations pr\u00e9vues par le r\u00e8glement (UE) 2023\/1543.<\/p>\n<\/div><\/div>\n\n\n\n<div style=\"height:60px\" aria-hidden=\"true\" class=\"wp-block-spacer\"><\/div>\n\n\n\n<h2 class=\"wp-block-heading has-text-align-center\" style=\"font-size:36px\">Qu'est-ce que le r\u00e8glement de l'UE sur les preuves \u00e9lectroniques ?<\/h2>\n\n\n\n<p class=\"has-text-align-center\" style=\"font-size:17px\">Alors que plus de 85 % des enqu\u00eates criminelles reposent d\u00e9sormais sur des preuves num\u00e9riques, l'Union europ\u00e9enne a adopt\u00e9 le 12 juillet 2023 le r\u00e8glement (UE) 2023\/1543 et la directive (UE) 2023\/1544 afin de moderniser la collecte transfrontali\u00e8re de preuves. Le r\u00e8glement s'applique directement dans chaque \u00c9tat membre \u00e0 partir du 18 ao\u00fbt 2026, tandis que la directive devait \u00eatre transpos\u00e9e au niveau national avant le 18 f\u00e9vrier 2026. En Allemagne, la loi d'application - l'Elektronische-Beweismittel-Umsetzungs- und Durchf\u00fchrungsgesetz (EBewMG) - a \u00e9t\u00e9 publi\u00e9e au Journal officiel f\u00e9d\u00e9ral le 12 mars 2026 et entre maintenant en vigueur par \u00e9tapes.<\/p>\n\n\n\n<p class=\"has-text-align-center\" style=\"font-size:17px\">Le paquet remplace la proc\u00e9dure lente et bureaucratique du MLAT par deux nouveaux instruments qui permettent aux procureurs et aux juges de s'adresser directement aux fournisseurs de services, quel que soit l'endroit o\u00f9 les donn\u00e9es sont physiquement stock\u00e9es.<\/p>\n\n\n\n<div style=\"height:40px\" aria-hidden=\"true\" class=\"wp-block-spacer\"><\/div>\n\n\n\n<div class=\"wp-block-columns is-layout-flex wp-container-core-columns-is-layout-28f84493 wp-block-columns-is-layout-flex\">\n<div class=\"wp-block-column has-border-color is-layout-flow wp-block-column-is-layout-flow\" style=\"border-color:#e0e0e0;border-width:1px;padding-top:2rem;padding-right:2rem;padding-bottom:2rem;padding-left:2rem\">\n<h3 class=\"wp-block-heading\" style=\"font-size:22px\">Ordre de production europ\u00e9en (EPOC)<\/h3>\n\n\n\n<p>Oblige un prestataire de services \u00e0 remettre des preuves \u00e9lectroniques dans des d\u00e9lais stricts. Les commandes standard doivent \u00eatre ex\u00e9cut\u00e9es dans un d\u00e9lai de 10 jours. En cas d'urgence li\u00e9e au terrorisme ou \u00e0 une menace imminente pour la vie, les fournisseurs n'ont que 8 heures pour livrer les donn\u00e9es demand\u00e9es.<\/p>\n<\/div>\n\n\n\n<div class=\"wp-block-column has-border-color is-layout-flow wp-block-column-is-layout-flow\" style=\"border-color:#e0e0e0;border-width:1px;padding-top:2rem;padding-right:2rem;padding-bottom:2rem;padding-left:2rem\">\n<h3 class=\"wp-block-heading\" style=\"font-size:22px\">Ordonnance de pr\u00e9servation europ\u00e9enne (EPOC-PR)<\/h3>\n\n\n\n<p>Oblige le fournisseur \u00e0 geler les donn\u00e9es pour une dur\u00e9e maximale de 60 jours (prolongeable de 30 jours) pendant que l'autorit\u00e9 \u00e9mettrice pr\u00e9pare une injonction de produire compl\u00e8te. Les deux instruments peuvent viser quatre cat\u00e9gories de donn\u00e9es : les donn\u00e9es relatives aux abonn\u00e9s, \u00e0 l'acc\u00e8s, aux transactions et au contenu.<\/p>\n<\/div>\n<\/div>\n\n\n\n<div style=\"height:60px\" aria-hidden=\"true\" class=\"wp-block-spacer\"><\/div>\n\n\n\n<figure class=\"wp-block-image alignwide size-full\"><img loading=\"lazy\" decoding=\"async\" width=\"940\" height=\"628\" src=\"https:\/\/ic-services.io\/wp-content\/uploads\/2026\/03\/pexels-photo-1181354-1181354.jpg\" alt=\"Une ing\u00e9nieure utilise un ordinateur portable tout en surveillant des serveurs de donn\u00e9es dans une salle de serveurs moderne.\" class=\"wp-image-2054\" srcset=\"https:\/\/ic-services.io\/wp-content\/uploads\/2026\/03\/pexels-photo-1181354-1181354.jpg 940w, https:\/\/ic-services.io\/wp-content\/uploads\/2026\/03\/pexels-photo-1181354-1181354-300x200.jpg 300w, https:\/\/ic-services.io\/wp-content\/uploads\/2026\/03\/pexels-photo-1181354-1181354-768x513.jpg 768w, https:\/\/ic-services.io\/wp-content\/uploads\/2026\/03\/pexels-photo-1181354-1181354-18x12.jpg 18w\" sizes=\"auto, (max-width: 940px) 100vw, 940px\" \/><\/figure>\n\n\n\n<div style=\"height:60px\" aria-hidden=\"true\" class=\"wp-block-spacer\"><\/div>\n\n\n\n<h2 class=\"wp-block-heading has-text-align-center\" style=\"font-size:36px\">Qui est concern\u00e9 ?<\/h2>\n\n\n\n<p class=\"has-text-align-center\" style=\"font-size:17px\">Le r\u00e8glement e-Evidence s'applique \u00e0 un large \u00e9ventail de fournisseurs de services op\u00e9rant dans l'UE, notamment les fournisseurs de services de communication \u00e9lectronique (t\u00e9l\u00e9phonie, messagerie, courrier \u00e9lectronique), les services de domaine internet et de num\u00e9rotation IP, les r\u00e9seaux sociaux, les places de march\u00e9 en ligne et les plateformes de stockage en nuage. Les obligations s'\u00e9tendent aux entreprises non europ\u00e9ennes qui proposent des services au sein de l'Union. Selon le minist\u00e8re f\u00e9d\u00e9ral allemand de la justice, on estime que 9 000 entreprises en Allemagne entrent dans le champ d'application de la directive.<\/p>\n\n\n\n<p class=\"has-text-align-center\" style=\"font-size:17px\">Chaque prestataire concern\u00e9 doit d\u00e9signer un point de contact officiel - un \u00e9tablissement d\u00e9sign\u00e9 ou un repr\u00e9sentant l\u00e9gal (Adressat) - dans l'UE. Cette entit\u00e9 est charg\u00e9e de recevoir et d'ex\u00e9cuter les ordres et doit s'enregistrer aupr\u00e8s de l'autorit\u00e9 nationale, en Allemagne le Bundesamt f\u00fcr Justiz (Office f\u00e9d\u00e9ral de la justice).<\/p>\n\n\n\n<div style=\"height:40px\" aria-hidden=\"true\" class=\"wp-block-spacer\"><\/div>\n\n\n\n<h2 class=\"wp-block-heading has-text-align-center\" style=\"font-size:36px\">D\u00e9lais de mise en conformit\u00e9 et sanctions<\/h2>\n\n\n\n<p class=\"has-text-align-center\" style=\"font-size:17px\">Le r\u00e8glement impose des d\u00e9lais de r\u00e9ponse tr\u00e8s courts. Les ordres de production standard doivent \u00eatre ex\u00e9cut\u00e9s dans un d\u00e9lai de 10 jours. Dans les situations d'urgence d\u00e9finies - terrorisme, menace imminente pour la vie - les fournisseurs n'ont que 8 heures pour fournir les donn\u00e9es demand\u00e9es. Les ordonnances de conservation exigent une action imm\u00e9diate pour geler les documents concern\u00e9s.<\/p>\n\n\n\n<p class=\"has-text-align-center\" style=\"font-size:17px\">La non-conformit\u00e9 entra\u00eene un risque financier important. Les amendes peuvent atteindre jusqu'\u00e0 500 000 euros pour les violations ordinaires. Pour les grands fournisseurs de services dont le chiffre d'affaires global est sup\u00e9rieur \u00e0 25 millions d'euros, les sanctions peuvent s'\u00e9lever \u00e0 2 % du chiffre d'affaires annuel mondial - un mod\u00e8le bien connu de l'application du GDPR.<\/p>\n\n\n\n<div style=\"height:60px\" aria-hidden=\"true\" class=\"wp-block-spacer\"><\/div>\n\n\n\n<h2 class=\"wp-block-heading has-text-align-center\" style=\"font-size:36px\">La solution de conformit\u00e9 ICS e-Evidence<\/h2>\n\n\n\n<p class=\"has-text-align-center\" style=\"font-size:17px\">ICS - International Carrier Services GmbH - propose une plateforme de conformit\u00e9 e-Evidence de bout en bout, con\u00e7ue sp\u00e9cifiquement pour les fournisseurs de services de communication, les op\u00e9rateurs de cloud et les plateformes num\u00e9riques de l'Union europ\u00e9enne. Notre solution s'appuie sur plus de vingt ans d'exp\u00e9rience en mati\u00e8re d'interception l\u00e9gale et de conformit\u00e9 r\u00e9glementaire et s'int\u00e8gre de mani\u00e8re transparente \u00e0 nos plateformes existantes de LIMS (Lawful Interception Management System) et de conservation des donn\u00e9es.<\/p>\n\n\n\n<div style=\"height:30px\" aria-hidden=\"true\" class=\"wp-block-spacer\"><\/div>\n\n\n\n<div class=\"wp-block-columns is-layout-flex wp-container-core-columns-is-layout-28f84493 wp-block-columns-is-layout-flex\">\n<div class=\"wp-block-column has-border-color is-layout-flow wp-block-column-is-layout-flow\" style=\"border-color:#e0e0e0;border-width:1px;padding-top:2rem;padding-right:2rem;padding-bottom:2rem;padding-left:2rem\">\n<p class=\"has-text-color\" style=\"color:#666666;font-size:14px\">01<\/p>\n\n\n\n<h3 class=\"wp-block-heading\" style=\"font-size:22px\">Traitement automatis\u00e9 des commandes<\/h3>\n\n\n\n<p>La plateforme ICS automatise le cycle de vie complet des ordonnances de production et des ordonnances de conservation europ\u00e9ennes, depuis la r\u00e9ception s\u00e9curis\u00e9e et la validation juridique jusqu'\u00e0 la livraison crypt\u00e9e \u00e0 l'autorit\u00e9 requ\u00e9rante, en passant par l'extraction des donn\u00e9es.<\/p>\n<\/div>\n\n\n\n<div class=\"wp-block-column has-border-color is-layout-flow wp-block-column-is-layout-flow\" style=\"border-color:#e0e0e0;border-width:1px;padding-top:2rem;padding-right:2rem;padding-bottom:2rem;padding-left:2rem\">\n<p class=\"has-text-color\" style=\"color:#666666;font-size:14px\">02<\/p>\n\n\n\n<h3 class=\"wp-block-heading\" style=\"font-size:22px\">Soutien aux \u00e9tablissements d\u00e9sign\u00e9s<\/h3>\n\n\n\n<p>Pour les prestataires de services qui doivent d\u00e9signer un repr\u00e9sentant l\u00e9gal dans l'UE, ICS offre des services de conseil et d'assistance op\u00e9rationnelle, y compris l'enregistrement aupr\u00e8s du Bundesamt f\u00fcr Justiz et la configuration de l'\u00e9tablissement d\u00e9sign\u00e9.<\/p>\n<\/div>\n\n\n\n<div class=\"wp-block-column has-border-color is-layout-flow wp-block-column-is-layout-flow\" style=\"border-color:#e0e0e0;border-width:1px;padding-top:2rem;padding-right:2rem;padding-bottom:2rem;padding-left:2rem\">\n<p class=\"has-text-color\" style=\"color:#666666;font-size:14px\">03<\/p>\n\n\n\n<h3 class=\"wp-block-heading\" style=\"font-size:22px\">Int\u00e9gration des infrastructures s\u00e9curis\u00e9es de l'UE<\/h3>\n\n\n\n<p>Toutes les communications dans le cadre du syst\u00e8me e-Evidence passent par le syst\u00e8me e-CODEX de l'UE et les plates-formes de notification nationales. La solution ICS fournit des interfaces certifi\u00e9es pour l'\u00e9change d'ordres et de preuves par les canaux l\u00e9galement obligatoires.<\/p>\n<\/div>\n<\/div>\n\n\n\n<div style=\"height:20px\" aria-hidden=\"true\" class=\"wp-block-spacer\"><\/div>\n\n\n\n<div class=\"wp-block-columns is-layout-flex wp-container-core-columns-is-layout-28f84493 wp-block-columns-is-layout-flex\">\n<div class=\"wp-block-column has-border-color is-layout-flow wp-block-column-is-layout-flow\" style=\"border-color:#e0e0e0;border-width:1px;padding-top:2rem;padding-right:2rem;padding-bottom:2rem;padding-left:2rem\">\n<p class=\"has-text-color\" style=\"color:#666666;font-size:14px\">04<\/p>\n\n\n\n<h3 class=\"wp-block-heading\" style=\"font-size:22px\">Piste d'audit et rapports complets<\/h3>\n\n\n\n<p>Chaque action - r\u00e9ception de la commande, validation, objection, extraction de donn\u00e9es, livraison - est enregistr\u00e9e dans une piste d'audit infalsifiable. Notre module de reporting g\u00e9n\u00e8re des documents de conformit\u00e9 pour la gouvernance interne, les audits externes et les examens r\u00e9glementaires.<\/p>\n<\/div>\n\n\n\n<div class=\"wp-block-column has-border-color is-layout-flow wp-block-column-is-layout-flow\" style=\"border-color:#e0e0e0;border-width:1px;padding-top:2rem;padding-right:2rem;padding-bottom:2rem;padding-left:2rem\">\n<p class=\"has-text-color\" style=\"color:#666666;font-size:14px\">05<\/p>\n\n\n\n<h3 class=\"wp-block-heading\" style=\"font-size:22px\">Architecture conforme \u00e0 l'ETSI<\/h3>\n\n\n\n<p>La plateforme ICS e-Evidence est construite sur la m\u00eame architecture conforme \u00e0 l'ETSI que nos solutions d'interception l\u00e9gale et de conservation des donn\u00e9es. Elle prend en charge les interfaces de transfert ETSI TS 102 232 et s'int\u00e8gre \u00e0 votre infrastructure de r\u00e9seau existante.<\/p>\n<\/div>\n\n\n\n<div class=\"wp-block-column has-border-color is-layout-flow wp-block-column-is-layout-flow\" style=\"border-color:#e0e0e0;border-width:1px;padding-top:2rem;padding-right:2rem;padding-bottom:2rem;padding-left:2rem\">\n<p class=\"has-text-color\" style=\"color:#666666;font-size:14px\">06<\/p>\n\n\n\n<h3 class=\"wp-block-heading\" style=\"font-size:22px\">Principaux d\u00e9fis relev\u00e9s<\/h3>\n\n\n\n<p>Des d\u00e9lais acc\u00e9l\u00e9r\u00e9s n\u00e9cessitant des flux de travail internes en temps quasi r\u00e9el, une disponibilit\u00e9 op\u00e9rationnelle 24 heures sur 24 pour les commandes d'urgence, une int\u00e9gration s\u00e9curis\u00e9e avec la plateforme de communication e-CODEX de l'UE, et un \u00e9quilibre entre les obligations de confidentialit\u00e9 du GDPR et la divulgation obligatoire des donn\u00e9es.<\/p>\n<\/div>\n<\/div>\n\n\n\n<div style=\"height:60px\" aria-hidden=\"true\" class=\"wp-block-spacer\"><\/div>\n\n\n\n<h2 class=\"wp-block-heading has-text-align-center\" style=\"font-size:36px\">Pourquoi choisir ICS pour la mise en conformit\u00e9 des preuves \u00e9lectroniques ?<\/h2>\n\n\n\n<p class=\"has-text-align-center\" style=\"font-size:17px\">ICS est l'un des rares fournisseurs europ\u00e9ens \u00e0 combiner une expertise approfondie en mati\u00e8re d'interception l\u00e9gale avec une solution e-Evidence d\u00e9di\u00e9e. Notre \u00e9quipe travaille depuis plus de 20 ans avec des op\u00e9rateurs de t\u00e9l\u00e9communications, des autorit\u00e9s de r\u00e9gulation et des organismes charg\u00e9s de l'application de la loi dans toute l'Europe. Nous comprenons les exigences op\u00e9rationnelles, juridiques et techniques de la divulgation des preuves et nous cr\u00e9ons des plateformes qui rendent la conformit\u00e9 fiable, v\u00e9rifiable et efficace.<\/p>\n\n\n\n<p class=\"has-text-align-center\" style=\"font-size:17px\">Le compte \u00e0 rebours jusqu'au 18 ao\u00fbt 2026 a d\u00e9j\u00e0 commenc\u00e9. Contactez ICS d\u00e8s aujourd'hui pour discuter de la mani\u00e8re dont notre plateforme de conformit\u00e9 e-Evidence peut pr\u00e9parer votre organisation au nouveau cadre europ\u00e9en.<\/p>\n\n\n\n<div style=\"height:40px\" aria-hidden=\"true\" class=\"wp-block-spacer\"><\/div>\n\n\n\n<div class=\"wp-block-buttons is-content-justification-center is-layout-flex wp-container-core-buttons-is-layout-a89b3969 wp-block-buttons-is-layout-flex\">\n<div class=\"wp-block-button\"><a class=\"wp-block-button__link has-vivid-cyan-blue-background-color has-background wp-element-button\" style=\"border-radius:4px\" href=\"\/fr\/contact\/\">CONTACTEZ-NOUS<\/a><\/div>\n<\/div>\n\n\n\n<div style=\"height:60px\" aria-hidden=\"true\" class=\"wp-block-spacer\"><\/div>","protected":false},"excerpt":{"rendered":"<p>What Is the EU e-Evidence Regulation? With more than 85 % of criminal investigations now relying on digital evidence, the [&hellip;]<\/p>\n","protected":false},"author":7,"featured_media":0,"parent":1293,"menu_order":0,"comment_status":"closed","ping_status":"closed","template":"","meta":{"_uag_custom_page_level_css":"","site-sidebar-layout":"default","site-content-layout":"","ast-site-content-layout":"default","site-content-style":"default","site-sidebar-style":"default","ast-global-header-display":"","ast-banner-title-visibility":"","ast-main-header-display":"","ast-hfb-above-header-display":"","ast-hfb-below-header-display":"","ast-hfb-mobile-header-display":"","site-post-title":"","ast-breadcrumbs-content":"","ast-featured-img":"","footer-sml-layout":"","ast-disable-related-posts":"","theme-transparent-header-meta":"","adv-header-id-meta":"","stick-header-meta":"","header-above-stick-meta":"","header-main-stick-meta":"","header-below-stick-meta":"","astra-migrate-meta-layouts":"default","ast-page-background-enabled":"default","ast-page-background-meta":{"desktop":{"background-color":"var(--ast-global-color-5)","background-image":"","background-repeat":"repeat","background-position":"center center","background-size":"auto","background-attachment":"scroll","background-type":"","background-media":"","overlay-type":"","overlay-color":"","overlay-opacity":"","overlay-gradient":""},"tablet":{"background-color":"","background-image":"","background-repeat":"repeat","background-position":"center center","background-size":"auto","background-attachment":"scroll","background-type":"","background-media":"","overlay-type":"","overlay-color":"","overlay-opacity":"","overlay-gradient":""},"mobile":{"background-color":"","background-image":"","background-repeat":"repeat","background-position":"center center","background-size":"auto","background-attachment":"scroll","background-type":"","background-media":"","overlay-type":"","overlay-color":"","overlay-opacity":"","overlay-gradient":""}},"ast-content-background-meta":{"desktop":{"background-color":"var(--ast-global-color-4)","background-image":"","background-repeat":"repeat","background-position":"center center","background-size":"auto","background-attachment":"scroll","background-type":"","background-media":"","overlay-type":"","overlay-color":"","overlay-opacity":"","overlay-gradient":""},"tablet":{"background-color":"var(--ast-global-color-4)","background-image":"","background-repeat":"repeat","background-position":"center center","background-size":"auto","background-attachment":"scroll","background-type":"","background-media":"","overlay-type":"","overlay-color":"","overlay-opacity":"","overlay-gradient":""},"mobile":{"background-color":"var(--ast-global-color-4)","background-image":"","background-repeat":"repeat","background-position":"center center","background-size":"auto","background-attachment":"scroll","background-type":"","background-media":"","overlay-type":"","overlay-color":"","overlay-opacity":"","overlay-gradient":""}},"footnotes":""},"class_list":["post-2096","page","type-page","status-publish","hentry"],"uagb_featured_image_src":{"full":false,"thumbnail":false,"medium":false,"medium_large":false,"large":false,"1536x1536":false,"2048x2048":false,"trp-custom-language-flag":false},"uagb_author_info":{"display_name":"David Son","author_link":"https:\/\/ic-services.io\/fr\/author\/david\/"},"uagb_comment_info":0,"uagb_excerpt":"What Is the EU e-Evidence Regulation? With more than 85 % of criminal investigations now relying on digital evidence, the [&hellip;]","_links":{"self":[{"href":"https:\/\/ic-services.io\/fr\/wp-json\/wp\/v2\/pages\/2096","targetHints":{"allow":["GET"]}}],"collection":[{"href":"https:\/\/ic-services.io\/fr\/wp-json\/wp\/v2\/pages"}],"about":[{"href":"https:\/\/ic-services.io\/fr\/wp-json\/wp\/v2\/types\/page"}],"author":[{"embeddable":true,"href":"https:\/\/ic-services.io\/fr\/wp-json\/wp\/v2\/users\/7"}],"replies":[{"embeddable":true,"href":"https:\/\/ic-services.io\/fr\/wp-json\/wp\/v2\/comments?post=2096"}],"version-history":[{"count":2,"href":"https:\/\/ic-services.io\/fr\/wp-json\/wp\/v2\/pages\/2096\/revisions"}],"predecessor-version":[{"id":2102,"href":"https:\/\/ic-services.io\/fr\/wp-json\/wp\/v2\/pages\/2096\/revisions\/2102"}],"up":[{"embeddable":true,"href":"https:\/\/ic-services.io\/fr\/wp-json\/wp\/v2\/pages\/1293"}],"wp:attachment":[{"href":"https:\/\/ic-services.io\/fr\/wp-json\/wp\/v2\/media?parent=2096"}],"curies":[{"name":"wp","href":"https:\/\/api.w.org\/{rel}","templated":true}]}}