{"id":2298,"date":"2026-04-10T12:14:08","date_gmt":"2026-04-10T11:14:08","guid":{"rendered":"https:\/\/ic-services.io\/solutions\/e-evidence-for-telcos\/"},"modified":"2026-04-10T12:14:08","modified_gmt":"2026-04-10T11:14:08","slug":"e-preuves-pour-les-operateurs-de-telecommunications","status":"publish","type":"page","link":"https:\/\/ic-services.io\/fr\/solutions\/e-evidence-for-telcos\/","title":{"rendered":"Conformit\u00e9 des preuves \u00e9lectroniques pour les op\u00e9rateurs t\u00e9l\u00e9coms"},"content":{"rendered":"<div class=\"wp-block-group alignfull is-layout-flow wp-block-group-is-layout-flow\" style=\"padding-top:0;padding-right:0;padding-bottom:0;padding-left:0\">\n<div style=\"background: linear-gradient(135deg, #0a1628 0%, #132040 100%); padding: 80px 20px;\">\n  <div style=\"max-width: 800px; margin: 0 auto; text-align: center;\">\n    <p style=\"color: #e94560; font-size: 13px; font-weight: 700; letter-spacing: 3px; text-transform: uppercase; margin-bottom: 8px;\">Preuves \u00e9lectroniques pour les t\u00e9l\u00e9communications<\/p>\n    <h1 style=\"color: #ffffff; font-size: 42px; font-weight: 700; margin-bottom: 20px; line-height: 1.2;\">Conformit\u00e9 des preuves \u00e9lectroniques pour les op\u00e9rateurs de t\u00e9l\u00e9communications, les fournisseurs de services de t\u00e9l\u00e9communications et les fournisseurs de services Internet<\/h1>\n    <p style=\"color: #b0b8c8; font-size: 18px; line-height: 1.7; margin-bottom: 30px;\">Le r\u00e8glement 2023\/1543 de l'UE fait des op\u00e9rateurs de t\u00e9l\u00e9communications une cible privil\u00e9gi\u00e9e des ordonnances de production et de conservation europ\u00e9ennes. ICS \u00e9tend votre infrastructure d'interception l\u00e9gale existante pour traiter les preuves \u00e9lectroniques de mani\u00e8re transparente.<\/p>\n    <a href=\"\/fr\/contact\/\" style=\"display: inline-block; background: #e94560; color: #ffffff; padding: 16px 40px; border-radius: 4px; text-decoration: none; font-weight: 600; font-size: 16px;\">Parler \u00e0 un expert<\/a>\n  <\/div>\n<\/div>\n<\/div>\n\n\n\n<h2 class=\"wp-block-heading\">Pourquoi les entreprises de t\u00e9l\u00e9communications sont les premi\u00e8res cibles de l'enqu\u00eate e-Evidence<\/h2>\n\n\n\n<p>Les op\u00e9rateurs de t\u00e9l\u00e9communications d\u00e9tiennent certaines des cat\u00e9gories de donn\u00e9es les plus pr\u00e9cieuses pour les enqu\u00eates criminelles : les dossiers d'abonn\u00e9s li\u00e9s \u00e0 des identit\u00e9s v\u00e9rifi\u00e9es (MSISDN, IMSI, donn\u00e9es d'enregistrement SIM), les journaux d'acc\u00e8s au r\u00e9seau (attributions IP, connexions aux tours de t\u00e9l\u00e9phonie mobile, horodatages de connexion), les enregistrements transactionnels d\u00e9taill\u00e9s (enregistrements d\u00e9taill\u00e9s des appels, m\u00e9tadonn\u00e9es SMS, journaux de session de donn\u00e9es) et, dans certains cas, les donn\u00e9es relatives au contenu. En vertu du r\u00e8glement europ\u00e9en relatif aux preuves \u00e9lectroniques, ces quatre cat\u00e9gories de donn\u00e9es peuvent \u00eatre vis\u00e9es par des injonctions de produire europ\u00e9ennes \u00e9mises directement par des procureurs et des juges de n'importe quel \u00c9tat membre de l'UE.<\/p>\n\n\n\n<p>Le r\u00e8glement impose des fen\u00eatres de r\u00e9ponse agressives qui exigent l'automatisation. Les ordres de production standard doivent \u00eatre ex\u00e9cut\u00e9s dans un d\u00e9lai de 10 jours. Dans les situations d'urgence impliquant le terrorisme ou des menaces imminentes pour la vie, les fournisseurs n'ont que 8 heures pour fournir les donn\u00e9es demand\u00e9es. Les ordres de conservation exigent une action imm\u00e9diate. Pour les op\u00e9rateurs de t\u00e9l\u00e9communications qui traitent des centaines de milliers d'abonn\u00e9s, la conformit\u00e9 manuelle n'est pas une option.<\/p>\n\n\n\n<h2 class=\"wp-block-heading\">Comment ICS \u00e9tend votre investissement en LI pour couvrir les preuves \u00e9lectroniques<\/h2>\n\n\n\n<p>Contrairement aux plates-formes de conformit\u00e9 g\u00e9n\u00e9riques, ICS construit e-Evidence directement sur la m\u00eame architecture conforme \u00e0 l'ETSI qui alimente votre environnement d'interception l\u00e9gale existant. Votre LIMS (syst\u00e8me de gestion de l'interception l\u00e9gale) et votre plateforme de m\u00e9diation LI connaissent d\u00e9j\u00e0 la topologie de votre r\u00e9seau, vos sources de donn\u00e9es et vos syst\u00e8mes d'approvisionnement. Le module ICS e-Evidence ajoute une nouvelle couche de flux de travail de conformit\u00e9 qui exploite cette infrastructure existante au lieu de la dupliquer.<\/p>\n\n\n\n<h3 class=\"wp-block-heading\">Extraction automatis\u00e9e de donn\u00e9es \u00e0 partir de BSS\/OSS<\/h3>\n\n\n\n<p>Lorsqu'un EPOC arrive, la plateforme ICS associe automatiquement les cat\u00e9gories de donn\u00e9es demand\u00e9es \u00e0 vos \u00e9l\u00e9ments et syst\u00e8mes de r\u00e9seau sp\u00e9cifiques. Les donn\u00e9es relatives aux abonn\u00e9s sont extraites de vos bases de donn\u00e9es de gestion de la relation client et d'approvisionnement. Les donn\u00e9es d'acc\u00e8s et les donn\u00e9es transactionnelles sont extraites de vos r\u00e9f\u00e9rentiels CDR, des journaux RADIUS\/DIAMETER et des syst\u00e8mes de gestion IP. La plateforme formate toutes les donn\u00e9es conform\u00e9ment aux exigences de la r\u00e9glementation et les transmet par le canal s\u00e9curis\u00e9 e-CODEX de l'UE.<\/p>\n\n\n\n<h3 class=\"wp-block-heading\">Disponibilit\u00e9 op\u00e9rationnelle 24\/7 pour les ordres d'urgence<\/h3>\n\n\n\n<p>Le d\u00e9lai d'intervention d'urgence de 8 heures exige une capacit\u00e9 op\u00e9rationnelle permanente. ICS fournit des op\u00e9rations e-Evidence g\u00e9r\u00e9es en tant qu'extension de notre service existant d'op\u00e9rations LI g\u00e9r\u00e9es. Notre \u00e9quipe surveille les commandes entrantes 24 heures sur 24, 7 jours sur 7, les valide par rapport aux exigences l\u00e9gales et lance l'extraction automatis\u00e9e des donn\u00e9es, ce qui vous permet de ne jamais manquer une \u00e9ch\u00e9ance.<\/p>\n\n\n\n<h3 class=\"wp-block-heading\">Gestion des chevauchements r\u00e9glementaires<\/h3>\n\n\n\n<p>Les op\u00e9rateurs allemands se conforment d\u00e9j\u00e0 au paragraphe 170ff du TKG, au TR TK\u00dcV et aux exigences du Vorratsdatenspeicherung\/Quick-Freeze. L'EBewMG (Elektronische-Beweismittel-Umsetzungs- und Durchf\u00fchrungsgesetz) ajoute la preuve \u00e9lectronique comme une couche suppl\u00e9mentaire. ICS g\u00e8re toutes ces obligations qui se chevauchent au moyen d'une plateforme unifi\u00e9e, en veillant \u00e0 ce que les donn\u00e9es divulgu\u00e9es au titre d'un cadre soient correctement document\u00e9es et n'entrent pas en conflit avec les obligations en mati\u00e8re de protection de la vie priv\u00e9e au titre d'un autre cadre.<\/p>\n\n\n\n<h2 class=\"wp-block-heading\">\u00c9tablissement d\u00e9sign\u00e9 pour les op\u00e9rateurs de t\u00e9l\u00e9communications non europ\u00e9ens<\/h2>\n\n\n\n<p>De nombreux op\u00e9rateurs de t\u00e9l\u00e9communications desservant les march\u00e9s de l'UE ont leur si\u00e8ge en dehors de l'Union europ\u00e9enne, notamment les MVNO, les transporteurs de transit international et les groupes de t\u00e9l\u00e9communications mondiaux. Le r\u00e8glement sur les preuves \u00e9lectroniques exige que chaque fournisseur concern\u00e9 d\u00e9signe un point de contact officiel dans l'UE, enregistr\u00e9 aupr\u00e8s de l'autorit\u00e9 nationale (en Allemagne : Bundesamt fuer Justiz). ICS offre un soutien consultatif et op\u00e9rationnel pour la cr\u00e9ation et l'exploitation de cet \u00e9tablissement d\u00e9sign\u00e9, y compris l'enregistrement, la r\u00e9ception des commandes et la validation juridique initiale.<\/p>\n\n\n\n<h2 class=\"wp-block-heading\">Le compte \u00e0 rebours est lanc\u00e9<\/h2>\n\n\n\n<p>Le r\u00e8glement europ\u00e9en sur les preuves \u00e9lectroniques s'applique directement \u00e0 partir du 18 ao\u00fbt 2026. La loi d'application allemande (EBewMG) entre d\u00e9j\u00e0 en vigueur par \u00e9tapes. Contactez ICS d\u00e8s aujourd'hui pour discuter de la mani\u00e8re dont notre plateforme de conformit\u00e9 e-Evidence peut pr\u00e9parer vos op\u00e9rations de t\u00e9l\u00e9communications au nouveau cadre europ\u00e9en, en s'appuyant sur l'infrastructure LI \u00e0 laquelle vous faites d\u00e9j\u00e0 confiance.<\/p>\n\n\n\n<div class=\"wp-block-buttons is-content-justification-center is-layout-flex wp-container-core-buttons-is-layout-a89b3969 wp-block-buttons-is-layout-flex\">\n<div class=\"wp-block-button\"><a class=\"wp-block-button__link has-white-color has-vivid-red-background-color has-text-color has-background wp-element-button\" href=\"\/fr\/contact\/\">Prendre contact<\/a><\/div>\n<\/div>","protected":false},"excerpt":{"rendered":"<p>e-Evidence for Telecommunications e-Evidence Compliance for Telcos, CSPs and ISPs EU Regulation 2023\/1543 makes telecommunications operators a primary target for [&hellip;]<\/p>\n","protected":false},"author":7,"featured_media":0,"parent":1293,"menu_order":0,"comment_status":"closed","ping_status":"closed","template":"","meta":{"_uag_custom_page_level_css":"","site-sidebar-layout":"default","site-content-layout":"","ast-site-content-layout":"default","site-content-style":"default","site-sidebar-style":"default","ast-global-header-display":"","ast-banner-title-visibility":"","ast-main-header-display":"","ast-hfb-above-header-display":"","ast-hfb-below-header-display":"","ast-hfb-mobile-header-display":"","site-post-title":"","ast-breadcrumbs-content":"","ast-featured-img":"","footer-sml-layout":"","ast-disable-related-posts":"","theme-transparent-header-meta":"","adv-header-id-meta":"","stick-header-meta":"","header-above-stick-meta":"","header-main-stick-meta":"","header-below-stick-meta":"","astra-migrate-meta-layouts":"default","ast-page-background-enabled":"default","ast-page-background-meta":{"desktop":{"background-color":"var(--ast-global-color-5)","background-image":"","background-repeat":"repeat","background-position":"center center","background-size":"auto","background-attachment":"scroll","background-type":"","background-media":"","overlay-type":"","overlay-color":"","overlay-opacity":"","overlay-gradient":""},"tablet":{"background-color":"","background-image":"","background-repeat":"repeat","background-position":"center center","background-size":"auto","background-attachment":"scroll","background-type":"","background-media":"","overlay-type":"","overlay-color":"","overlay-opacity":"","overlay-gradient":""},"mobile":{"background-color":"","background-image":"","background-repeat":"repeat","background-position":"center center","background-size":"auto","background-attachment":"scroll","background-type":"","background-media":"","overlay-type":"","overlay-color":"","overlay-opacity":"","overlay-gradient":""}},"ast-content-background-meta":{"desktop":{"background-color":"var(--ast-global-color-4)","background-image":"","background-repeat":"repeat","background-position":"center center","background-size":"auto","background-attachment":"scroll","background-type":"","background-media":"","overlay-type":"","overlay-color":"","overlay-opacity":"","overlay-gradient":""},"tablet":{"background-color":"var(--ast-global-color-4)","background-image":"","background-repeat":"repeat","background-position":"center center","background-size":"auto","background-attachment":"scroll","background-type":"","background-media":"","overlay-type":"","overlay-color":"","overlay-opacity":"","overlay-gradient":""},"mobile":{"background-color":"var(--ast-global-color-4)","background-image":"","background-repeat":"repeat","background-position":"center center","background-size":"auto","background-attachment":"scroll","background-type":"","background-media":"","overlay-type":"","overlay-color":"","overlay-opacity":"","overlay-gradient":""}},"footnotes":""},"class_list":["post-2298","page","type-page","status-publish","hentry"],"uagb_featured_image_src":{"full":false,"thumbnail":false,"medium":false,"medium_large":false,"large":false,"1536x1536":false,"2048x2048":false,"trp-custom-language-flag":false},"uagb_author_info":{"display_name":"David Son","author_link":"https:\/\/ic-services.io\/fr\/author\/david\/"},"uagb_comment_info":0,"uagb_excerpt":"e-Evidence for Telecommunications e-Evidence Compliance for Telcos, CSPs and ISPs EU Regulation 2023\/1543 makes telecommunications operators a primary target for [&hellip;]","_links":{"self":[{"href":"https:\/\/ic-services.io\/fr\/wp-json\/wp\/v2\/pages\/2298","targetHints":{"allow":["GET"]}}],"collection":[{"href":"https:\/\/ic-services.io\/fr\/wp-json\/wp\/v2\/pages"}],"about":[{"href":"https:\/\/ic-services.io\/fr\/wp-json\/wp\/v2\/types\/page"}],"author":[{"embeddable":true,"href":"https:\/\/ic-services.io\/fr\/wp-json\/wp\/v2\/users\/7"}],"replies":[{"embeddable":true,"href":"https:\/\/ic-services.io\/fr\/wp-json\/wp\/v2\/comments?post=2298"}],"version-history":[{"count":0,"href":"https:\/\/ic-services.io\/fr\/wp-json\/wp\/v2\/pages\/2298\/revisions"}],"up":[{"embeddable":true,"href":"https:\/\/ic-services.io\/fr\/wp-json\/wp\/v2\/pages\/1293"}],"wp:attachment":[{"href":"https:\/\/ic-services.io\/fr\/wp-json\/wp\/v2\/media?parent=2298"}],"curies":[{"name":"wp","href":"https:\/\/api.w.org\/{rel}","templated":true}]}}