{"id":2305,"date":"2026-04-10T12:18:03","date_gmt":"2026-04-10T11:18:03","guid":{"rendered":"https:\/\/ic-services.io\/resources\/e-evidence-faq\/"},"modified":"2026-04-10T12:18:03","modified_gmt":"2026-04-10T11:18:03","slug":"faq-sur-les-preuves-electroniques","status":"publish","type":"page","link":"https:\/\/ic-services.io\/fr\/resources\/e-evidence-faq\/","title":{"rendered":"FAQ e-Evidence"},"content":{"rendered":"<h1 class=\"wp-block-heading\">FAQ e-Evidence : Foire aux questions<\/h1>\n\n\n\n<p>Questions courantes sur le r\u00e8glement europ\u00e9en relatif aux preuves \u00e9lectroniques (UE) 2023\/1543, les exigences en mati\u00e8re de conformit\u00e9 et la mani\u00e8re dont ICS peut vous aider.<\/p>\n\n\n\n<h2 class=\"wp-block-heading\">Qu'est-ce que le r\u00e8glement de l'UE sur les preuves \u00e9lectroniques ?<\/h2>\n\n\n\n<p>Le r\u00e8glement europ\u00e9en relatif aux preuves \u00e9lectroniques ((UE) 2023\/1543) est une loi de l'Union europ\u00e9enne qui permet aux autorit\u00e9s charg\u00e9es de l'application de la loi d'\u00e9mettre des ordres de production europ\u00e9ens (EPOC) et des ordres de conservation (EPOC-PR) directement aux fournisseurs de services, quel que soit l'endroit o\u00f9 les donn\u00e9es sont physiquement stock\u00e9es. Elle remplace la lenteur de la proc\u00e9dure MLAT par des ordres transfrontaliers directs qui doivent \u00eatre ex\u00e9cut\u00e9s dans des d\u00e9lais stricts.<\/p>\n\n\n\n<h2 class=\"wp-block-heading\">Quand le r\u00e8glement relatif aux preuves \u00e9lectroniques entre-t-il en vigueur ?<\/h2>\n\n\n\n<p>Le r\u00e8glement s'applique directement dans tous les \u00c9tats membres de l'UE \u00e0 partir du 18 ao\u00fbt 2026. La loi d'application allemande (EBewMG) a \u00e9t\u00e9 publi\u00e9e en mars 2026 et entre en vigueur par \u00e9tapes.<\/p>\n\n\n\n<h2 class=\"wp-block-heading\">Qui est concern\u00e9 par le r\u00e8glement relatif aux preuves \u00e9lectroniques ?<\/h2>\n\n\n\n<p>Le r\u00e8glement s'applique aux fournisseurs de services de communication \u00e9lectronique (t\u00e9l\u00e9phonie, messagerie, courrier \u00e9lectronique), aux services de domaines internet et de num\u00e9rotation IP, aux r\u00e9seaux sociaux, aux places de march\u00e9 en ligne, aux plateformes de stockage en nuage, aux fournisseurs d'h\u00e9bergement et aux plateformes SaaS. Les entreprises europ\u00e9ennes et non europ\u00e9ennes qui offrent des services au sein de l'Union sont couvertes. Le minist\u00e8re f\u00e9d\u00e9ral allemand de la justice estime qu'environ 9 000 entreprises en Allemagne entrent dans le champ d'application de la directive.<\/p>\n\n\n\n<h2 class=\"wp-block-heading\">Quels sont les d\u00e9lais de r\u00e9ponse ?<\/h2>\n\n\n\n<p>Les commandes de production standard doivent \u00eatre ex\u00e9cut\u00e9es dans un d\u00e9lai de 10 jours. Dans les situations d'urgence li\u00e9es au terrorisme ou \u00e0 une menace imminente pour la vie, les fournisseurs ne disposent que de 8 heures. Les ordonnances de conservation exigent une action imm\u00e9diate pour geler les donn\u00e9es pertinentes.<\/p>\n\n\n\n<h2 class=\"wp-block-heading\">Quelles sont les sanctions en cas de non-conformit\u00e9 ?<\/h2>\n\n\n\n<p>Les amendes peuvent atteindre 500 000 euros pour les infractions courantes. Pour les grands prestataires de services dont le chiffre d'affaires global est sup\u00e9rieur \u00e0 25 millions d'euros, les sanctions peuvent s'\u00e9lever \u00e0 2 % du chiffre d'affaires annuel mondial.<\/p>\n\n\n\n<h2 class=\"wp-block-heading\">Quelles cat\u00e9gories de donn\u00e9es peuvent \u00eatre demand\u00e9es ?<\/h2>\n\n\n\n<p>Les ordonnances EPOC peuvent viser quatre cat\u00e9gories de donn\u00e9es : les donn\u00e9es relatives aux abonn\u00e9s (informations d'identit\u00e9, d\u00e9tails du compte), les donn\u00e9es d'acc\u00e8s (journaux IP, horodatages de connexion), les donn\u00e9es transactionnelles (CDR, dossiers de facturation, m\u00e9tadonn\u00e9es) et les donn\u00e9es de contenu (communications stock\u00e9es, fichiers, messages).<\/p>\n\n\n\n<h2 class=\"wp-block-heading\">Ai-je besoin d'un \u00e9tablissement d\u00e9sign\u00e9 dans l'UE ?<\/h2>\n\n\n\n<p>Oui. Chaque prestataire de services concern\u00e9 doit d\u00e9signer un point de contact officiel dans l'UE, enregistr\u00e9 aupr\u00e8s de l'autorit\u00e9 nationale. En Allemagne, il s'agit du Bundesamt fuer Justiz. ICS propose l'\u00e9tablissement d\u00e9sign\u00e9 en tant que service pour les organisations qui ont besoin d'un point de contact bas\u00e9 dans l'UE.<\/p>\n\n\n\n<h2 class=\"wp-block-heading\">Comment ICS contribue-t-il \u00e0 la mise en conformit\u00e9 avec la l\u00e9gislation sur les preuves \u00e9lectroniques ?<\/h2>\n\n\n\n<p>ICS fournit une plateforme de conformit\u00e9 de bout en bout qui automatise la r\u00e9ception des commandes, la validation juridique, l'extraction des donn\u00e9es, la livraison s\u00e9curis\u00e9e et l'\u00e9tablissement de rapports sur la piste d'audit. Nous proposons \u00e9galement des services d'\u00e9tablissement d\u00e9sign\u00e9s, des op\u00e9rations g\u00e9r\u00e9es, des conseils et une assistance \u00e0 l'int\u00e9gration. Notre plateforme repose sur la m\u00eame architecture conforme \u00e0 l'ETSI que celle utilis\u00e9e pour l'interception l\u00e9gale, ce qui la rend particuli\u00e8rement puissante pour les op\u00e9rateurs de t\u00e9l\u00e9communications qui peuvent \u00e9tendre leur infrastructure LI existante.<\/p>\n\n\n\n<div class=\"wp-block-buttons is-content-justification-center is-layout-flex wp-container-core-buttons-is-layout-a89b3969 wp-block-buttons-is-layout-flex\">\n<div class=\"wp-block-button\"><a class=\"wp-block-button__link has-white-color has-vivid-red-background-color has-text-color has-background wp-element-button\" href=\"\/fr\/contact\/\">Nous contacter<\/a><\/div>\n<\/div>","protected":false},"excerpt":{"rendered":"<p>e-Evidence FAQ: Frequently Asked Questions Common questions about the EU e-Evidence Regulation (EU) 2023\/1543, compliance requirements and how ICS can [&hellip;]<\/p>\n","protected":false},"author":7,"featured_media":0,"parent":1426,"menu_order":0,"comment_status":"closed","ping_status":"closed","template":"","meta":{"_uag_custom_page_level_css":"","site-sidebar-layout":"default","site-content-layout":"","ast-site-content-layout":"default","site-content-style":"default","site-sidebar-style":"default","ast-global-header-display":"","ast-banner-title-visibility":"","ast-main-header-display":"","ast-hfb-above-header-display":"","ast-hfb-below-header-display":"","ast-hfb-mobile-header-display":"","site-post-title":"","ast-breadcrumbs-content":"","ast-featured-img":"","footer-sml-layout":"","ast-disable-related-posts":"","theme-transparent-header-meta":"","adv-header-id-meta":"","stick-header-meta":"","header-above-stick-meta":"","header-main-stick-meta":"","header-below-stick-meta":"","astra-migrate-meta-layouts":"default","ast-page-background-enabled":"default","ast-page-background-meta":{"desktop":{"background-color":"var(--ast-global-color-5)","background-image":"","background-repeat":"repeat","background-position":"center center","background-size":"auto","background-attachment":"scroll","background-type":"","background-media":"","overlay-type":"","overlay-color":"","overlay-opacity":"","overlay-gradient":""},"tablet":{"background-color":"","background-image":"","background-repeat":"repeat","background-position":"center center","background-size":"auto","background-attachment":"scroll","background-type":"","background-media":"","overlay-type":"","overlay-color":"","overlay-opacity":"","overlay-gradient":""},"mobile":{"background-color":"","background-image":"","background-repeat":"repeat","background-position":"center center","background-size":"auto","background-attachment":"scroll","background-type":"","background-media":"","overlay-type":"","overlay-color":"","overlay-opacity":"","overlay-gradient":""}},"ast-content-background-meta":{"desktop":{"background-color":"var(--ast-global-color-4)","background-image":"","background-repeat":"repeat","background-position":"center center","background-size":"auto","background-attachment":"scroll","background-type":"","background-media":"","overlay-type":"","overlay-color":"","overlay-opacity":"","overlay-gradient":""},"tablet":{"background-color":"var(--ast-global-color-4)","background-image":"","background-repeat":"repeat","background-position":"center center","background-size":"auto","background-attachment":"scroll","background-type":"","background-media":"","overlay-type":"","overlay-color":"","overlay-opacity":"","overlay-gradient":""},"mobile":{"background-color":"var(--ast-global-color-4)","background-image":"","background-repeat":"repeat","background-position":"center center","background-size":"auto","background-attachment":"scroll","background-type":"","background-media":"","overlay-type":"","overlay-color":"","overlay-opacity":"","overlay-gradient":""}},"footnotes":""},"class_list":["post-2305","page","type-page","status-publish","hentry"],"uagb_featured_image_src":{"full":false,"thumbnail":false,"medium":false,"medium_large":false,"large":false,"1536x1536":false,"2048x2048":false,"trp-custom-language-flag":false},"uagb_author_info":{"display_name":"David Son","author_link":"https:\/\/ic-services.io\/fr\/author\/david\/"},"uagb_comment_info":0,"uagb_excerpt":"e-Evidence FAQ: Frequently Asked Questions Common questions about the EU e-Evidence Regulation (EU) 2023\/1543, compliance requirements and how ICS can [&hellip;]","_links":{"self":[{"href":"https:\/\/ic-services.io\/fr\/wp-json\/wp\/v2\/pages\/2305","targetHints":{"allow":["GET"]}}],"collection":[{"href":"https:\/\/ic-services.io\/fr\/wp-json\/wp\/v2\/pages"}],"about":[{"href":"https:\/\/ic-services.io\/fr\/wp-json\/wp\/v2\/types\/page"}],"author":[{"embeddable":true,"href":"https:\/\/ic-services.io\/fr\/wp-json\/wp\/v2\/users\/7"}],"replies":[{"embeddable":true,"href":"https:\/\/ic-services.io\/fr\/wp-json\/wp\/v2\/comments?post=2305"}],"version-history":[{"count":0,"href":"https:\/\/ic-services.io\/fr\/wp-json\/wp\/v2\/pages\/2305\/revisions"}],"up":[{"embeddable":true,"href":"https:\/\/ic-services.io\/fr\/wp-json\/wp\/v2\/pages\/1426"}],"wp:attachment":[{"href":"https:\/\/ic-services.io\/fr\/wp-json\/wp\/v2\/media?parent=2305"}],"curies":[{"name":"wp","href":"https:\/\/api.w.org\/{rel}","templated":true}]}}