{"id":1337,"date":"2026-01-27T15:34:03","date_gmt":"2026-01-27T14:34:03","guid":{"rendered":"https:\/\/dev.ic-services.io\/?page_id=1337"},"modified":"2026-02-17T13:12:53","modified_gmt":"2026-02-17T12:12:53","slug":"convertitore-da-pstn-isdn-a-sip","status":"publish","type":"page","link":"https:\/\/ic-services.io\/it\/products\/appliances\/pstn-isdn-to-sip-converter\/","title":{"rendered":"Convertitore da PSTN \/ ISDN a SIP"},"content":{"rendered":"<p>Il nostro dispositivo PSTN\/ISDN to SIP Converter collega le reti a commutazione di circuito tradizionali (PSTN e ISDN) alle moderne comunicazioni basate su SIP, consentendo l'intercettazione lecita dei servizi VoIP in conformit\u00e0 con ETSI TS 102 232-5. Questo convertitore trasforma senza soluzione di continuit\u00e0 i flussi di segnali e media dalle reti PSDN\/ISDN in SIP, assicurando che le sessioni vocali e multimediali possano essere catturate dalle piattaforme LI. Consente agli operatori e alle forze dell'ordine di continuare a intercettare le chiamate durante la migrazione da infrastrutture tradizionali a sistemi vocali basati su IP.<\/p>\n\n\n\n<div class=\"wp-block-uagb-container uagb-block-d5fd1kqd alignfull uagb-is-root-container\">\n<div class=\"wp-block-uagb-container uagb-block-qyimtrnt\">\n<div class=\"wp-block-uagb-info-box uagb-block-rpxkrhyt uagb-infobox__content-wrap  uagb-infobox-icon-above-title uagb-infobox-image-valign-top\"><div class=\"uagb-ifb-content\"><div class=\"uagb-ifb-title-wrap\"><h1 class=\"uagb-ifb-title\">Convertitore da PSTN\/ISDN a SIP&nbsp;<\/h1><\/div><\/div><\/div>\n\n\n\n<div class=\"wp-block-uagb-container uagb-block-xj6q2oqy\">\n<div class=\"wp-block-uagb-info-box uagb-block-wrytpe2w uagb-infobox__content-wrap  uagb-infobox-icon-above-title uagb-infobox-image-valign-top\"><div class=\"uagb-ifb-content\"><div class=\"uagb-ifb-title-wrap\"><\/div><p class=\"uagb-ifb-desc\">Il nostro dispositivo di conversione da PSTN\/ISDN a SIP consente di collegare le reti a commutazione di circuito (PSTN e ISDN) alle moderne comunicazioni basate su SIP, permettendo l'intercettazione legale dei servizi VoIP in conformit\u00e0 a ETSI TS 102 232-5. Trasforma la segnalazione e i flussi multimediali da PSTN\/ISDN in SIP, in modo che le piattaforme LI esistenti possano acquisire ed elaborare le sessioni vocali e multimediali senza dover apportare modifiche sostanziali ai sistemi principali.<\/p><\/div><\/div>\n\n\n\n<div class=\"wp-block-uagb-buttons uagb-buttons__outer-wrap uagb-btn__default-btn uagb-btn-tablet__default-btn uagb-btn-mobile__default-btn uagb-block-nwjvfmwz\"><div class=\"uagb-buttons__wrap uagb-buttons-layout-wrap\">\n<div class=\"wp-block-uagb-buttons-child uagb-buttons__outer-wrap uagb-block-u60kijmk wp-block-button\"><div class=\"uagb-button__wrapper\"><a class=\"uagb-buttons-repeater wp-block-button__link\" aria-label=\"\" href=\"\/it\/contatto\/\" rel=\"follow noopener\" target=\"_self\" role=\"button\"><div class=\"uagb-button__link\">contattateci<\/div><\/a><\/div><\/div>\n<\/div><\/div>\n<\/div>\n<\/div>\n\n\n\n<div class=\"wp-block-uagb-container uagb-block-74qvmv8c alignfull uagb-is-root-container\"><\/div>\n<\/div>\n\n\n\n<div class=\"wp-block-uagb-container uagb-block-3cqto3ha alignfull uagb-is-root-container\"><div class=\"uagb-container-inner-blocks-wrap\">\n<div class=\"wp-block-uagb-info-box uagb-block-72kuczxd uagb-infobox__content-wrap  uagb-infobox-icon-above-title uagb-infobox-image-valign-top\"><div class=\"uagb-ifb-content\"><div class=\"uagb-ifb-title-wrap\"><h2 class=\"uagb-ifb-title\">Come \u00e8 utile questo apparecchio<\/h2><\/div><\/div><\/div>\n\n\n\n<div class=\"wp-block-uagb-container uagb-block-gvjh1wa8\">\n<div class=\"wp-block-uagb-container uagb-block-w6wc8vxo\">\n<div class=\"wp-block-uagb-info-box uagb-block-uxyjioes uagb-infobox__content-wrap  uagb-infobox-icon-above-title uagb-infobox-image-valign-top\"><div class=\"uagb-ifb-content\"><div class=\"uagb-ifb-icon-wrap\"><svg xmlns=\"https:\/\/www.w3.org\/2000\/svg\" viewbox=\"0 0 448 512\"><path d=\"M438.6 105.4C451.1 117.9 451.1 138.1 438.6 150.6L182.6 406.6C170.1 419.1 149.9 419.1 137.4 406.6L9.372 278.6C-3.124 266.1-3.124 245.9 9.372 233.4C21.87 220.9 42.13 220.9 54.63 233.4L159.1 338.7L393.4 105.4C405.9 92.88 426.1 92.88 438.6 105.4H438.6z\"><\/path><\/svg><\/div><div class=\"uagb-ifb-title-wrap\"><h3 class=\"uagb-ifb-title\">Consulenza strategica<\/h3><\/div><p class=\"uagb-ifb-desc\">Vi aiutiamo a pianificare e progettare il percorso di migrazione da ambienti PSTN\/ISDN puri alla voce basata su SIP, mantenendo al contempo le capacit\u00e0 di intercettazione legale. Questo include la definizione dell'interfaccia, il posizionamento del convertitore e l'allineamento con i requisiti di handover di ETSI TS 102 232-5.<\/p><\/div><\/div>\n\n\n\n<div class=\"wp-block-uagb-buttons uagb-buttons__outer-wrap uagb-btn__default-btn uagb-btn-tablet__default-btn uagb-btn-mobile__default-btn uagb-block-e8jcr9kq\"><div class=\"uagb-buttons__wrap uagb-buttons-layout-wrap\">\n<div class=\"wp-block-uagb-buttons-child uagb-buttons__outer-wrap uagb-block-e7f52f24 wp-block-button\"><div class=\"uagb-button__wrapper\"><a class=\"uagb-buttons-repeater wp-block-button__link\" aria-label=\"\" href=\"\/it\/servizi\/consulenza-supporto-normativo\/\" rel=\"follow noopener\" target=\"_self\" role=\"button\"><div class=\"uagb-button__link\">Clicca qui<\/div><\/a><\/div><\/div>\n<\/div><\/div>\n<\/div>\n\n\n\n<div class=\"wp-block-uagb-container uagb-block-hs6tltjg\">\n<div class=\"wp-block-uagb-info-box uagb-block-26e7dudu uagb-infobox__content-wrap  uagb-infobox-icon-above-title uagb-infobox-image-valign-top\"><div class=\"uagb-ifb-content\"><div class=\"uagb-ifb-icon-wrap\"><svg xmlns=\"https:\/\/www.w3.org\/2000\/svg\" viewbox=\"0 0 448 512\"><path d=\"M438.6 105.4C451.1 117.9 451.1 138.1 438.6 150.6L182.6 406.6C170.1 419.1 149.9 419.1 137.4 406.6L9.372 278.6C-3.124 266.1-3.124 245.9 9.372 233.4C21.87 220.9 42.13 220.9 54.63 233.4L159.1 338.7L393.4 105.4C405.9 92.88 426.1 92.88 438.6 105.4H438.6z\"><\/path><\/svg><\/div><div class=\"uagb-ifb-title-wrap\"><h3 class=\"uagb-ifb-title\">Distribuzione e integrazione<\/h3><\/div><p class=\"uagb-ifb-desc\">ICS vi supporta nell'implementazione del convertitore nella vostra rete, nell'integrazione con le piattaforme di mediazione e i sistemi LI esistenti e nella verifica dell'intercettazione delle chiamate end-to-end. Il nostro team garantisce che i dati di segnalazione, media e intercettazione legale fluiscano in modo affidabile attraverso il nuovo percorso basato su SIP.<\/p><\/div><\/div>\n\n\n\n<div class=\"wp-block-uagb-buttons uagb-buttons__outer-wrap uagb-btn__default-btn uagb-btn-tablet__default-btn uagb-btn-mobile__default-btn uagb-block-fgubthue\"><div class=\"uagb-buttons__wrap uagb-buttons-layout-wrap\">\n<div class=\"wp-block-uagb-buttons-child uagb-buttons__outer-wrap uagb-block-867c8e35 wp-block-button\"><div class=\"uagb-button__wrapper\"><a class=\"uagb-buttons-repeater wp-block-button__link\" aria-label=\"\" href=\"\/it\/servizi\/integrazione-sviluppo-personalizzato\/\" rel=\"follow noopener\" target=\"_self\" role=\"button\"><div class=\"uagb-button__link\">Clicca qui<\/div><\/a><\/div><\/div>\n<\/div><\/div>\n<\/div>\n\n\n\n<div class=\"wp-block-uagb-container uagb-block-buzd3nrk\">\n<div class=\"wp-block-uagb-info-box uagb-block-ebdnx2io uagb-infobox__content-wrap  uagb-infobox-icon-above-title uagb-infobox-image-valign-top\"><div class=\"uagb-ifb-content\"><div class=\"uagb-ifb-icon-wrap\"><svg xmlns=\"https:\/\/www.w3.org\/2000\/svg\" viewbox=\"0 0 448 512\"><path d=\"M438.6 105.4C451.1 117.9 451.1 138.1 438.6 150.6L182.6 406.6C170.1 419.1 149.9 419.1 137.4 406.6L9.372 278.6C-3.124 266.1-3.124 245.9 9.372 233.4C21.87 220.9 42.13 220.9 54.63 233.4L159.1 338.7L393.4 105.4C405.9 92.88 426.1 92.88 438.6 105.4H438.6z\"><\/path><\/svg><\/div><div class=\"uagb-ifb-title-wrap\"><h3 class=\"uagb-ifb-title\">Soluzioni tecnologiche<\/h3><\/div><p class=\"uagb-ifb-desc\">Oltre all'apparecchio convertitore in s\u00e9, offriamo soluzioni software e hardware LI complementari che consentono di creare una catena di intercettazione completa, dall'accesso TDM legacy alle moderne interfacce di handover SIP. Questo crea un ambiente a prova di futuro in cui \u00e8 possibile aggiungere nuovi servizi senza perdere visibilit\u00e0 o conformit\u00e0.<\/p><\/div><\/div>\n\n\n\n<div class=\"wp-block-uagb-buttons uagb-buttons__outer-wrap uagb-btn__default-btn uagb-btn-tablet__default-btn uagb-btn-mobile__default-btn uagb-block-l3fsd3th\"><div class=\"uagb-buttons__wrap uagb-buttons-layout-wrap\">\n<div class=\"wp-block-uagb-buttons-child uagb-buttons__outer-wrap uagb-block-5be6c4ed wp-block-button\"><div class=\"uagb-button__wrapper\"><a class=\"uagb-buttons-repeater wp-block-button__link\" aria-label=\"\" href=\"\/it\/soluzioni\/\" rel=\"follow noopener\" target=\"_self\" role=\"button\"><div class=\"uagb-button__link\">Clicca qui<\/div><\/a><\/div><\/div>\n<\/div><\/div>\n<\/div>\n<\/div>\n<\/div><\/div>","protected":false},"excerpt":{"rendered":"<p>Our PSTN\/ISDN to SIP Converter appliance bridges legacy circuit-switched networks (PSTN and ISDN) to modern SIP-based communications, enabling lawful interception [&hellip;]<\/p>\n","protected":false},"author":2,"featured_media":0,"parent":1331,"menu_order":0,"comment_status":"closed","ping_status":"closed","template":"","meta":{"_uag_custom_page_level_css":"","site-sidebar-layout":"default","site-content-layout":"","ast-site-content-layout":"default","site-content-style":"default","site-sidebar-style":"default","ast-global-header-display":"","ast-banner-title-visibility":"","ast-main-header-display":"","ast-hfb-above-header-display":"","ast-hfb-below-header-display":"","ast-hfb-mobile-header-display":"","site-post-title":"","ast-breadcrumbs-content":"","ast-featured-img":"","footer-sml-layout":"","ast-disable-related-posts":"","theme-transparent-header-meta":"","adv-header-id-meta":"","stick-header-meta":"","header-above-stick-meta":"","header-main-stick-meta":"","header-below-stick-meta":"","astra-migrate-meta-layouts":"default","ast-page-background-enabled":"default","ast-page-background-meta":{"desktop":{"background-color":"var(--ast-global-color-5)","background-image":"","background-repeat":"repeat","background-position":"center center","background-size":"auto","background-attachment":"scroll","background-type":"","background-media":"","overlay-type":"","overlay-color":"","overlay-opacity":"","overlay-gradient":""},"tablet":{"background-color":"","background-image":"","background-repeat":"repeat","background-position":"center center","background-size":"auto","background-attachment":"scroll","background-type":"","background-media":"","overlay-type":"","overlay-color":"","overlay-opacity":"","overlay-gradient":""},"mobile":{"background-color":"","background-image":"","background-repeat":"repeat","background-position":"center center","background-size":"auto","background-attachment":"scroll","background-type":"","background-media":"","overlay-type":"","overlay-color":"","overlay-opacity":"","overlay-gradient":""}},"ast-content-background-meta":{"desktop":{"background-color":"var(--ast-global-color-4)","background-image":"","background-repeat":"repeat","background-position":"center center","background-size":"auto","background-attachment":"scroll","background-type":"","background-media":"","overlay-type":"","overlay-color":"","overlay-opacity":"","overlay-gradient":""},"tablet":{"background-color":"var(--ast-global-color-4)","background-image":"","background-repeat":"repeat","background-position":"center center","background-size":"auto","background-attachment":"scroll","background-type":"","background-media":"","overlay-type":"","overlay-color":"","overlay-opacity":"","overlay-gradient":""},"mobile":{"background-color":"var(--ast-global-color-4)","background-image":"","background-repeat":"repeat","background-position":"center center","background-size":"auto","background-attachment":"scroll","background-type":"","background-media":"","overlay-type":"","overlay-color":"","overlay-opacity":"","overlay-gradient":""}},"footnotes":""},"class_list":["post-1337","page","type-page","status-publish","hentry"],"uagb_featured_image_src":{"full":false,"thumbnail":false,"medium":false,"medium_large":false,"large":false,"1536x1536":false,"2048x2048":false,"trp-custom-language-flag":false},"uagb_author_info":{"display_name":"chatgpt","author_link":"https:\/\/ic-services.io\/it\/author\/chatgpt\/"},"uagb_comment_info":0,"uagb_excerpt":"Our PSTN\/ISDN to SIP Converter appliance bridges legacy circuit-switched networks (PSTN and ISDN) to modern SIP-based communications, enabling lawful interception [&hellip;]","_links":{"self":[{"href":"https:\/\/ic-services.io\/it\/wp-json\/wp\/v2\/pages\/1337","targetHints":{"allow":["GET"]}}],"collection":[{"href":"https:\/\/ic-services.io\/it\/wp-json\/wp\/v2\/pages"}],"about":[{"href":"https:\/\/ic-services.io\/it\/wp-json\/wp\/v2\/types\/page"}],"author":[{"embeddable":true,"href":"https:\/\/ic-services.io\/it\/wp-json\/wp\/v2\/users\/2"}],"replies":[{"embeddable":true,"href":"https:\/\/ic-services.io\/it\/wp-json\/wp\/v2\/comments?post=1337"}],"version-history":[{"count":5,"href":"https:\/\/ic-services.io\/it\/wp-json\/wp\/v2\/pages\/1337\/revisions"}],"predecessor-version":[{"id":1940,"href":"https:\/\/ic-services.io\/it\/wp-json\/wp\/v2\/pages\/1337\/revisions\/1940"}],"up":[{"embeddable":true,"href":"https:\/\/ic-services.io\/it\/wp-json\/wp\/v2\/pages\/1331"}],"wp:attachment":[{"href":"https:\/\/ic-services.io\/it\/wp-json\/wp\/v2\/media?parent=1337"}],"curies":[{"name":"wp","href":"https:\/\/api.w.org\/{rel}","templated":true}]}}