{"id":1343,"date":"2026-01-27T15:46:50","date_gmt":"2026-01-27T14:46:50","guid":{"rendered":"https:\/\/dev.ic-services.io\/?page_id=1343"},"modified":"2026-02-24T20:17:50","modified_gmt":"2026-02-24T19:17:50","slug":"operazioni-di-li-gestite","status":"publish","type":"page","link":"https:\/\/ic-services.io\/it\/services\/managed-li-operations\/","title":{"rendered":"Operazioni LI gestite"},"content":{"rendered":"<div class=\"wp-block-uagb-container uagb-block-0lmxiwoq alignfull uagb-is-root-container\"><div class=\"uagb-container-inner-blocks-wrap\">\n<div class=\"wp-block-uagb-image alignleft uagb-block-doagnkfv wp-block-uagb-image--layout-default wp-block-uagb-image--effect-static wp-block-uagb-image--align-left\"><figure class=\"wp-block-uagb-image__figure\"><img decoding=\"async\" srcset=\"https:\/\/ic-services.io\/wp-content\/uploads\/2026\/02\/pexels-photo-8867190-8867190-1024x683.jpg ,https:\/\/ic-services.io\/wp-content\/uploads\/2026\/02\/pexels-photo-8867190-8867190-scaled.jpg 780w, https:\/\/ic-services.io\/wp-content\/uploads\/2026\/02\/pexels-photo-8867190-8867190-scaled.jpg 360w\" sizes=\"auto, (max-width: 480px) 150px\" src=\"https:\/\/ic-services.io\/wp-content\/uploads\/2026\/02\/pexels-photo-8867190-8867190-1024x683.jpg\" alt=\"Un team eterogeneo di rappresentanti del servizio clienti che lavora in un ambiente d&#039;ufficio, indossando cuffie e utilizzando computer.\" class=\"uag-image-1653\" width=\"600\" height=\"500\" title=\"pexels foto 8867190 8867190\" loading=\"lazy\" role=\"img\"\/><\/figure><\/div>\n\n\n\n<div class=\"wp-block-uagb-container uagb-block-p8zbqxjn\">\n<div class=\"wp-block-uagb-info-box uagb-block-dqjah4pc uagb-infobox__content-wrap  uagb-infobox-icon-above-title uagb-infobox-image-valign-top\"><div class=\"uagb-ifb-content\"><div class=\"uagb-ifb-title-wrap\"><p class=\"uagb-ifb-title-prefix\">CONCENTRARSI SULLA PROPRIA RETE<\/p><h1 class=\"uagb-ifb-title\">Rispettare gli obblighi di conformit\u00e0 senza costruire l'infrastruttura<\/h1><\/div><p class=\"uagb-ifb-desc\">ICS gestisce le vostre operazioni di intercettazione legale end-to-end, in modo che possiate conformarvi ai mandati legali senza dover assumere specialisti, mantenere sistemi complessi 24 ore su 24 o stare al passo con l'evoluzione degli standard. Forniamo servizi LI completamente gestiti con monitoraggio 24 ore su 24, 7 giorni su 7, consegna sicura alle forze dell'ordine e reportistica completa sulla conformit\u00e0.<\/p><\/div><\/div>\n\n\n\n<div class=\"wp-block-uagb-buttons uagb-buttons__outer-wrap uagb-btn__default-btn uagb-btn-tablet__default-btn uagb-btn-mobile__default-btn uagb-block-tpvdrq6v\"><div class=\"uagb-buttons__wrap uagb-buttons-layout-wrap\">\n<div class=\"wp-block-uagb-buttons-child uagb-buttons__outer-wrap uagb-block-wuwxcnd5 wp-block-button\"><div class=\"uagb-button__wrapper\"><a class=\"uagb-buttons-repeater wp-block-button__link\" aria-label=\"\" href=\"\/it\/contatto\/\" rel=\"follow noopener\" target=\"_self\" role=\"button\"><div class=\"uagb-button__link\">Contattate<\/div><\/a><\/div><\/div>\n<\/div><\/div>\n<\/div>\n<\/div><\/div>\n\n\n\n<div class=\"wp-block-uagb-container uagb-block-uoltpqsz alignfull uagb-is-root-container\"><div class=\"uagb-container-inner-blocks-wrap\">\n<div class=\"wp-block-uagb-info-box uagb-block-ccmp0dr0 uagb-infobox__content-wrap  uagb-infobox-icon-above-title uagb-infobox-image-valign-top\"><div class=\"uagb-ifb-content\"><div class=\"uagb-ifb-title-wrap\"><p class=\"uagb-ifb-title-prefix\">PERCH\u00c9 LE OPERAZIONI GESTITE<\/p><h2 class=\"uagb-ifb-title\">Gestiamo le operazioni di LI in modo che possiate concentrarvi sulla vostra rete<\/h2><\/div><\/div><\/div>\n\n\n\n<div class=\"wp-block-uagb-container uagb-block-lcjau6rv\">\n<div class=\"wp-block-uagb-info-box uagb-block-16fbmeyr uagb-infobox__content-wrap  uagb-infobox-icon-above-title uagb-infobox-image-valign-top\"><div class=\"uagb-ifb-content\"><div class=\"uagb-ifb-title-wrap\"><p class=\"uagb-ifb-title\">\u00c8 necessario rispettare i mandati di intercettazione legale, ma costruire e gestire da soli l'infrastruttura \u00e8 complesso e costoso. Richiede una conoscenza specialistica degli standard ETSI, l'integrazione con diversi tipi di rete, il passaggio sicuro alle forze dell'ordine e il monitoraggio continuo per garantire che nulla si guasti quando le autorit\u00e0 hanno bisogno di dati.<\/p><\/div><p class=\"uagb-ifb-desc\">Il nostro servizio di operazioni LI gestite vi toglie questo onere. Forniamo l'infrastruttura completa, l'esperienza e il supporto per gestire tutte le attivit\u00e0 di intercettazione legale per vostro conto, dall'attivazione del mandato alla consegna sicura, mentre voi mantenete la piena visibilit\u00e0 e il controllo attraverso il nostro portale di gestione.<\/p><\/div><\/div>\n\n\n\n<div class=\"wp-block-uagb-container uagb-block-48om4wjw\">\n<div class=\"wp-block-uagb-info-box uagb-block-okpdipmc uagb-infobox__content-wrap  uagb-infobox-icon-above-title uagb-infobox-image-valign-top wp-block-uagb-info-box--has-margin\"><div class=\"uagb-infobox-margin-wrapper\"><div class=\"uagb-ifb-content\"><div class=\"uagb-ifb-title-wrap\"><h4 class=\"uagb-ifb-title\">Soluzioni orientate all'innovazione<\/h4><\/div><p class=\"uagb-ifb-desc\">Il nostro servizio gestito copre servizi fissi, mobili, VoIP, IMS e OTT utilizzando una piattaforma conforme agli standard che si integra con la vostra rete esistente. Potrete beneficiare di aggiornamenti continui, monitoraggio della qualit\u00e0 e risoluzione proattiva dei problemi senza dover costruire o mantenere i sistemi in proprio.<\/p><\/div><\/div><\/div>\n\n\n\n<div class=\"wp-block-uagb-info-box uagb-block-lyvtcxhy uagb-infobox__content-wrap  uagb-infobox-icon-above-title uagb-infobox-image-valign-top wp-block-uagb-info-box--has-margin\"><div class=\"uagb-infobox-margin-wrapper\"><div class=\"uagb-ifb-content\"><div class=\"uagb-ifb-title-wrap\"><h4 class=\"uagb-ifb-title\">Approccio personalizzato<\/h4><\/div><p class=\"uagb-ifb-desc\">Lavoriamo a stretto contatto con i vostri team legali, di conformit\u00e0 e operativi per comprendere il vostro ambiente normativo specifico, l'architettura di rete e le procedure operative. Ogni implementazione \u00e8 personalizzata in base alla vostra giurisdizione, ai requisiti LEA e ai flussi di lavoro interni.<\/p><\/div><\/div><\/div>\n\n\n\n<div class=\"wp-block-uagb-info-box uagb-block-tfvp3x9h uagb-infobox__content-wrap  uagb-infobox-icon-above-title uagb-infobox-image-valign-top wp-block-uagb-info-box--has-margin\"><div class=\"uagb-infobox-margin-wrapper\"><div class=\"uagb-ifb-content\"><div class=\"uagb-ifb-title-wrap\"><h4 class=\"uagb-ifb-title\">Servizio clienti di qualit\u00e0 superiore<\/h4><\/div><p class=\"uagb-ifb-desc\">Il nostro team di esperti fornisce monitoraggio 24 ore su 24, 7 giorni su 7, risposta agli incidenti e supporto diretto per la gestione dei mandati, la risoluzione dei problemi e la reportistica sulla conformit\u00e0. Avete accesso a specialisti che comprendono gli aspetti tecnici e normativi dell'intercettazione legale.<\/p><\/div><\/div><\/div>\n<\/div>\n<\/div>\n<\/div><\/div>\n\n\n\n<div class=\"wp-block-uagb-container uagb-block-waouibvp alignfull uagb-is-root-container\"><div class=\"uagb-container-inner-blocks-wrap\">\n<div class=\"wp-block-uagb-info-box uagb-block-6xb1ya65 uagb-infobox__content-wrap  uagb-infobox-icon-above-title uagb-infobox-image-valign-top\"><div class=\"uagb-ifb-content\"><div class=\"uagb-ifb-title-wrap\"><h2 class=\"uagb-ifb-title\">Cosa si ottiene con le operazioni LI gestite<\/h2><\/div><p class=\"uagb-ifb-desc\">Il nostro servizio completamente gestito copre ogni aspetto dell'intercettazione legale, dall'integrazione della rete alla consegna dei LEA e alla documentazione di conformit\u00e0.<\/p><\/div><\/div>\n\n\n\n<div class=\"wp-block-uagb-container uagb-layout-grid uagb-block-ay0qnt6n\">\n<div class=\"wp-block-uagb-container uagb-block-feudnjxf\">\n<div class=\"wp-block-uagb-info-box uagb-block-ugjmkhgw uagb-infobox__content-wrap  uagb-infobox-icon-above-title uagb-infobox-image-valign-top\"><div class=\"uagb-ifb-content\"><div class=\"uagb-ifb-title-wrap\"><h3 class=\"uagb-ifb-title\">Monitoraggio e operazioni del sistema 24\/7<\/h3><\/div><p class=\"uagb-ifb-desc\">Monitoriamo la vostra infrastruttura LI 24 ore su 24 per garantire che le attivazioni dei mandati, la raccolta dei dati e la consegna degli handover funzionino correttamente. Il nostro team NOC risponde immediatamente a qualsiasi problema, esegue una manutenzione proattiva e mantiene i vostri sistemi aggiornati con le ultime patch software e di sicurezza.<\/p><\/div><\/div>\n<\/div>\n\n\n\n<div class=\"wp-block-uagb-container uagb-block-1fevzoq0\">\n<div class=\"wp-block-uagb-info-box uagb-block-vfutmgns uagb-infobox__content-wrap  uagb-infobox-icon-above-title uagb-infobox-image-valign-top\"><div class=\"uagb-ifb-content\"><div class=\"uagb-ifb-title-wrap\"><h3 class=\"uagb-ifb-title\">Completa conformit\u00e0 ETSI<\/h3><\/div><p class=\"uagb-ifb-desc\">Le vostre intercettazioni soddisfano tutti gli standard ETSI pertinenti, tra cui TS 102 232 per le interfacce di handover, TS 103 221 per la mediazione e TS 102 657 per i dati conservati. Ci occupiamo della configurazione delle interfacce, della formattazione dei messaggi e dei protocolli di consegna, in modo da superare ogni verifica normativa senza lacune tecniche.<\/p><\/div><\/div>\n<\/div>\n\n\n\n<div class=\"wp-block-uagb-container uagb-block-fpu4nhwd\">\n<div class=\"wp-block-uagb-info-box uagb-block-pf1nwlfk uagb-infobox__content-wrap  uagb-infobox-icon-above-title uagb-infobox-image-valign-top\"><div class=\"uagb-ifb-content\"><div class=\"uagb-ifb-title-wrap\"><h3 class=\"uagb-ifb-title\">Trasferimento LEA sicuro<\/h3><\/div><p class=\"uagb-ifb-desc\">Gestiamo l'intero processo di consegna alle strutture di monitoraggio delle forze dell'ordine, compresi i canali di consegna crittografati, l'autenticazione reciproca, la conversione del formato in base ai requisiti dell'agenzia e la ripetizione automatica con registrazione di audit completa. Ogni consegna \u00e8 tracciata e documentata per la verifica della conformit\u00e0.<\/p><\/div><\/div>\n<\/div>\n\n\n\n<div class=\"wp-block-uagb-container uagb-block-yi6bbwqu\">\n<div class=\"wp-block-uagb-info-box uagb-block-cmwv3jqx uagb-infobox__content-wrap  uagb-infobox-icon-above-title uagb-infobox-image-valign-top\"><div class=\"uagb-ifb-content\"><div class=\"uagb-ifb-title-wrap\"><h3 class=\"uagb-ifb-title\">Integrazione multirete<\/h3><\/div><p class=\"uagb-ifb-desc\">Il nostro servizio gestito si integra con le piattaforme 3G, 4G\/LTE, 5G, VoIP, IMS e OTT senza richiedere modifiche alla rete di produzione. Supportiamo ambienti multi-vendor e gestiamo le differenze di protocollo in modo trasparente, in modo che possiate disporre di funzionalit\u00e0 LI coerenti per tutti i servizi.<\/p><\/div><\/div>\n<\/div>\n\n\n\n<div class=\"wp-block-uagb-container uagb-block-grovvimk\">\n<div class=\"wp-block-uagb-info-box uagb-block-ykxtlrmr uagb-infobox__content-wrap  uagb-infobox-icon-above-title uagb-infobox-image-valign-top\"><div class=\"uagb-ifb-content\"><div class=\"uagb-ifb-title-wrap\"><h3 class=\"uagb-ifb-title\">Portale di gestione dei mandati<\/h3><\/div><p class=\"uagb-ifb-desc\">Il nostro portale web sicuro consente di visualizzare i mandati attivi, controllare lo stato del sistema, generare rapporti di conformit\u00e0 e gestire le configurazioni LEA. \u00c8 possibile tracciare le attivit\u00e0 di intercettazione in tempo reale e scaricare gli audit trail per le revisioni interne o per la presentazione di documenti normativi.<\/p><\/div><\/div>\n<\/div>\n\n\n\n<div class=\"wp-block-uagb-container uagb-block-t5dzqy9r\">\n<div class=\"wp-block-uagb-info-box uagb-block-0tydj46c uagb-infobox__content-wrap  uagb-infobox-icon-above-title uagb-infobox-image-valign-top\"><div class=\"uagb-ifb-content\"><div class=\"uagb-ifb-title-wrap\"><h3 class=\"uagb-ifb-title\">Modelli di distribuzione flessibili<\/h3><\/div><p class=\"uagb-ifb-desc\">Scegliete il modello di implementazione pi\u00f9 adatto alle vostre esigenze di sicurezza e di operativit\u00e0: connesso al cloud per un costo minimo, ibrido con i dati che rimangono nella vostra infrastruttura o completamente gestito in sede per il massimo controllo. Siamo noi ad adattarci al vostro ambiente, non il contrario.<\/p><\/div><\/div>\n<\/div>\n<\/div>\n<\/div><\/div>","protected":false},"excerpt":{"rendered":"","protected":false},"author":2,"featured_media":0,"parent":13,"menu_order":0,"comment_status":"closed","ping_status":"closed","template":"","meta":{"_uag_custom_page_level_css":"","site-sidebar-layout":"default","site-content-layout":"","ast-site-content-layout":"default","site-content-style":"default","site-sidebar-style":"default","ast-global-header-display":"","ast-banner-title-visibility":"","ast-main-header-display":"","ast-hfb-above-header-display":"","ast-hfb-below-header-display":"","ast-hfb-mobile-header-display":"","site-post-title":"disabled","ast-breadcrumbs-content":"","ast-featured-img":"","footer-sml-layout":"","ast-disable-related-posts":"","theme-transparent-header-meta":"","adv-header-id-meta":"","stick-header-meta":"","header-above-stick-meta":"","header-main-stick-meta":"","header-below-stick-meta":"","astra-migrate-meta-layouts":"default","ast-page-background-enabled":"default","ast-page-background-meta":{"desktop":{"background-color":"var(--ast-global-color-5)","background-image":"","background-repeat":"repeat","background-position":"center center","background-size":"auto","background-attachment":"scroll","background-type":"","background-media":"","overlay-type":"","overlay-color":"","overlay-opacity":"","overlay-gradient":""},"tablet":{"background-color":"","background-image":"","background-repeat":"repeat","background-position":"center center","background-size":"auto","background-attachment":"scroll","background-type":"","background-media":"","overlay-type":"","overlay-color":"","overlay-opacity":"","overlay-gradient":""},"mobile":{"background-color":"","background-image":"","background-repeat":"repeat","background-position":"center center","background-size":"auto","background-attachment":"scroll","background-type":"","background-media":"","overlay-type":"","overlay-color":"","overlay-opacity":"","overlay-gradient":""}},"ast-content-background-meta":{"desktop":{"background-color":"var(--ast-global-color-4)","background-image":"","background-repeat":"repeat","background-position":"center center","background-size":"auto","background-attachment":"scroll","background-type":"","background-media":"","overlay-type":"","overlay-color":"","overlay-opacity":"","overlay-gradient":""},"tablet":{"background-color":"var(--ast-global-color-4)","background-image":"","background-repeat":"repeat","background-position":"center center","background-size":"auto","background-attachment":"scroll","background-type":"","background-media":"","overlay-type":"","overlay-color":"","overlay-opacity":"","overlay-gradient":""},"mobile":{"background-color":"var(--ast-global-color-4)","background-image":"","background-repeat":"repeat","background-position":"center center","background-size":"auto","background-attachment":"scroll","background-type":"","background-media":"","overlay-type":"","overlay-color":"","overlay-opacity":"","overlay-gradient":""}},"footnotes":""},"class_list":["post-1343","page","type-page","status-publish","hentry"],"uagb_featured_image_src":{"full":false,"thumbnail":false,"medium":false,"medium_large":false,"large":false,"1536x1536":false,"2048x2048":false,"trp-custom-language-flag":false},"uagb_author_info":{"display_name":"chatgpt","author_link":"https:\/\/ic-services.io\/it\/author\/chatgpt\/"},"uagb_comment_info":0,"uagb_excerpt":null,"_links":{"self":[{"href":"https:\/\/ic-services.io\/it\/wp-json\/wp\/v2\/pages\/1343","targetHints":{"allow":["GET"]}}],"collection":[{"href":"https:\/\/ic-services.io\/it\/wp-json\/wp\/v2\/pages"}],"about":[{"href":"https:\/\/ic-services.io\/it\/wp-json\/wp\/v2\/types\/page"}],"author":[{"embeddable":true,"href":"https:\/\/ic-services.io\/it\/wp-json\/wp\/v2\/users\/2"}],"replies":[{"embeddable":true,"href":"https:\/\/ic-services.io\/it\/wp-json\/wp\/v2\/comments?post=1343"}],"version-history":[{"count":9,"href":"https:\/\/ic-services.io\/it\/wp-json\/wp\/v2\/pages\/1343\/revisions"}],"predecessor-version":[{"id":1963,"href":"https:\/\/ic-services.io\/it\/wp-json\/wp\/v2\/pages\/1343\/revisions\/1963"}],"up":[{"embeddable":true,"href":"https:\/\/ic-services.io\/it\/wp-json\/wp\/v2\/pages\/13"}],"wp:attachment":[{"href":"https:\/\/ic-services.io\/it\/wp-json\/wp\/v2\/media?parent=1343"}],"curies":[{"name":"wp","href":"https:\/\/api.w.org\/{rel}","templated":true}]}}