{"id":1415,"date":"2026-01-27T17:28:35","date_gmt":"2026-01-27T16:28:35","guid":{"rendered":"https:\/\/dev.ic-services.io\/?page_id=1415"},"modified":"2026-03-15T20:30:36","modified_gmt":"2026-03-15T19:30:36","slug":"azienda","status":"publish","type":"page","link":"https:\/\/ic-services.io\/it\/about\/company\/","title":{"rendered":"Azienda"},"content":{"rendered":"<div class=\"wp-block-uagb-container uagb-block-nrys1hkh alignfull uagb-is-root-container\"><div class=\"uagb-container-inner-blocks-wrap\">\n<div class=\"wp-block-uagb-info-box uagb-block-dv0tgbug uagb-infobox__content-wrap  uagb-infobox-icon-above-title uagb-infobox-image-valign-top\"><div class=\"uagb-ifb-content\"><div class=\"uagb-ifb-title-wrap\"><p class=\"uagb-ifb-title-prefix\">CHI SIAMO<\/p><h1 class=\"uagb-ifb-title\">Competenze specialistiche in materia di intercettazioni legali e conformit\u00e0<\/h1><\/div><p class=\"uagb-ifb-desc\">ICS International Carrier Services GmbH fornisce soluzioni di intercettazione legale mission-critical, servizi e competenze a fornitori di servizi di comunicazione, produttori automobilistici, piattaforme di mobilit\u00e0 ed enti normativi in tutto il mondo.<\/p><\/div><\/div>\n\n\n\n<div class=\"wp-block-uagb-buttons uagb-buttons__outer-wrap uagb-btn__default-btn uagb-btn-tablet__default-btn uagb-btn-mobile__default-btn uagb-block-2lcqx8cf\"><div class=\"uagb-buttons__wrap uagb-buttons-layout-wrap\">\n<div class=\"wp-block-uagb-buttons-child uagb-buttons__outer-wrap uagb-block-npcjsna0 wp-block-button\"><div class=\"uagb-button__wrapper\"><a class=\"uagb-buttons-repeater wp-block-button__link\" aria-label=\"\" href=\"\/it\/contatto\/\" rel=\"follow noopener\" target=\"_self\" role=\"button\"><div class=\"uagb-button__link\">Contattate<\/div><\/a><\/div><\/div>\n<\/div><\/div>\n<\/div><\/div>\n\n\n\n<div class=\"wp-block-uagb-container uagb-block-my9zjyi8 alignfull uagb-is-root-container\"><div class=\"uagb-container-inner-blocks-wrap\">\n<div class=\"wp-block-uagb-info-box uagb-block-vgpfxo5d uagb-infobox__content-wrap  uagb-infobox-icon-above-title uagb-infobox-image-valign-top\"><div class=\"uagb-ifb-content\"><div class=\"uagb-ifb-title-wrap\"><h2 class=\"uagb-ifb-title\">Cosa rende diverso l'ICS<\/h2><\/div><p class=\"uagb-ifb-desc\">L'attenzione alle intercettazioni legali e alla conformit\u00e0 come specializzazione principale ci distingue dai fornitori di telecomunicazioni e dagli integratori IT in generale.<\/p><\/div><\/div>\n\n\n\n<div class=\"wp-block-uagb-container uagb-layout-grid uagb-block-veutk6aa\">\n<div class=\"wp-block-uagb-container uagb-block-3pga48fh\">\n<div class=\"wp-block-uagb-info-box uagb-block-jxyticqc uagb-infobox__content-wrap  uagb-infobox-icon-above-title uagb-infobox-image-valign-top\"><div class=\"uagb-ifb-content\"><div class=\"uagb-ifb-title-wrap\"><h3 class=\"uagb-ifb-title\">Profonda competenza tecnica<\/h3><\/div><p class=\"uagb-ifb-desc\">Combiniamo l'esperienza pratica di implementazione con una profonda conoscenza degli standard ETSI, 3GPP e nazionali LI. Il nostro team comprende ex consulenti normativi, ingegneri delle telecomunicazioni e architetti di sistemi LI che comprendono sia i protocolli che le realt\u00e0 pratiche della conformit\u00e0.<\/p><\/div><\/div>\n\n\n\n<div class=\"wp-block-uagb-buttons uagb-buttons__outer-wrap uagb-btn__default-btn uagb-btn-tablet__default-btn uagb-btn-mobile__default-btn uagb-block-nz8g8zqz\"><div class=\"uagb-buttons__wrap uagb-buttons-layout-wrap\">\n<div class=\"wp-block-uagb-buttons-child uagb-buttons__outer-wrap uagb-block-513d62a4 wp-block-button\"><div class=\"uagb-button__wrapper\"><a class=\"uagb-buttons-repeater wp-block-button__link\" aria-label=\"\" href=\"#\" rel=\"follow noopener\" target=\"_self\" role=\"button\"><div class=\"uagb-button__link\">Clicca qui<\/div><\/a><\/div><\/div>\n<\/div><\/div>\n<\/div>\n\n\n\n<div class=\"wp-block-uagb-container uagb-block-lms63ccs\">\n<div class=\"wp-block-uagb-info-box uagb-block-fo0h2ih0 uagb-infobox__content-wrap  uagb-infobox-icon-above-title uagb-infobox-image-valign-top\"><div class=\"uagb-ifb-content\"><div class=\"uagb-ifb-title-wrap\"><h3 class=\"uagb-ifb-title\">Portafoglio end-to-end<\/h3><\/div><p class=\"uagb-ifb-desc\">Dalle piattaforme software alle apparecchiature hardware, dalle operazioni completamente gestite alla consulenza normativa, forniamo soluzioni complete piuttosto che prodotti specifici. Ci\u00f2 consente implementazioni coerenti e integrate per tutti i vostri requisiti di LI.<\/p><\/div><\/div>\n\n\n\n<div class=\"wp-block-uagb-buttons uagb-buttons__outer-wrap uagb-btn__default-btn uagb-btn-tablet__default-btn uagb-btn-mobile__default-btn uagb-block-sfsuppw7\"><div class=\"uagb-buttons__wrap uagb-buttons-layout-wrap\">\n<div class=\"wp-block-uagb-buttons-child uagb-buttons__outer-wrap uagb-block-836b398b wp-block-button\"><div class=\"uagb-button__wrapper\"><a class=\"uagb-buttons-repeater wp-block-button__link\" aria-label=\"\" href=\"#\" rel=\"follow noopener\" target=\"_self\" role=\"button\"><div class=\"uagb-button__link\">Clicca qui<\/div><\/a><\/div><\/div>\n<\/div><\/div>\n<\/div>\n\n\n\n<div class=\"wp-block-uagb-container uagb-block-2qqc5qxa\">\n<div class=\"wp-block-uagb-info-box uagb-block-ofnntrv4 uagb-infobox__content-wrap  uagb-infobox-icon-above-title uagb-infobox-image-valign-top\"><div class=\"uagb-ifb-content\"><div class=\"uagb-ifb-title-wrap\"><h3 class=\"uagb-ifb-title\">Soluzioni conformi agli standard<\/h3><\/div><p class=\"uagb-ifb-desc\">Tutte le nostre soluzioni sono conformi a ETSI TS 102 232, ETSI TS 103 707, alle specifiche 3GPP LI e ai quadri nazionali pertinenti. L'allineamento agli standard garantisce l'interoperabilit\u00e0, l'ammissibilit\u00e0 delle prove, la sicurezza per il futuro e l'accettazione delle normative.<\/p><\/div><\/div>\n<\/div>\n\n\n\n<div class=\"wp-block-uagb-container uagb-block-znjuwf7y\">\n<div class=\"wp-block-uagb-info-box uagb-block-zergsp5q uagb-infobox__content-wrap  uagb-infobox-icon-above-title uagb-infobox-image-valign-top\"><div class=\"uagb-ifb-content\"><div class=\"uagb-ifb-title-wrap\"><h3 class=\"uagb-ifb-title\">Esperienza multisettoriale<\/h3><\/div><p class=\"uagb-ifb-desc\">Lavoriamo con operatori di telefonia fissa e mobile, MVNO, ISP, fornitori VoIP, piattaforme OTT, OEM del settore automobilistico e autorit\u00e0 di regolamentazione. Questa prospettiva intersettoriale ci aiuta ad applicare le best practice e ad anticipare i requisiti in base all'evoluzione della LI.<\/p><\/div><\/div>\n<\/div>\n\n\n\n<div class=\"wp-block-uagb-container uagb-block-lamnqfd2\">\n<div class=\"wp-block-uagb-info-box uagb-block-ffq7bash uagb-infobox__content-wrap  uagb-infobox-icon-above-title uagb-infobox-image-valign-top\"><div class=\"uagb-ifb-content\"><div class=\"uagb-ifb-title-wrap\"><h3 class=\"uagb-ifb-title\">Modelli di coinvolgimento flessibili<\/h3><\/div><p class=\"uagb-ifb-desc\">Che abbiate bisogno di un servizio gestito completo chiavi in mano, di un'assistenza personalizzata per l'integrazione, di licenze software standalone o di una consulenza strategica, ci adattiamo ai vostri requisiti specifici, alle vostre tempistiche e al vostro modello operativo.<\/p><\/div><\/div>\n<\/div>\n\n\n\n<div class=\"wp-block-uagb-container uagb-block-xddzi5ty\">\n<div class=\"wp-block-uagb-info-box uagb-block-wxa3yawp uagb-infobox__content-wrap  uagb-infobox-icon-above-title uagb-infobox-image-valign-top\"><div class=\"uagb-ifb-content\"><div class=\"uagb-ifb-title-wrap\"><h3 class=\"uagb-ifb-title\">Partnership a lungo termine<\/h3><\/div><p class=\"uagb-ifb-desc\">La conformit\u00e0 alla LI non \u00e8 un progetto una tantum. Forniamo supporto continuo, monitoraggio normativo, aggiornamenti degli standard e assistenza operativa per garantire che i vostri sistemi rimangano conformi e pronti per le verifiche in base all'evoluzione dei requisiti.<\/p><\/div><\/div>\n\n\n\n<div class=\"wp-block-uagb-buttons uagb-buttons__outer-wrap uagb-btn__default-btn uagb-btn-tablet__default-btn uagb-btn-mobile__default-btn uagb-block-7zw1kqm0\"><div class=\"uagb-buttons__wrap uagb-buttons-layout-wrap\">\n<div class=\"wp-block-uagb-buttons-child uagb-buttons__outer-wrap uagb-block-601204a9 wp-block-button\"><div class=\"uagb-button__wrapper\"><a class=\"uagb-buttons-repeater wp-block-button__link\" aria-label=\"\" href=\"#\" rel=\"follow noopener\" target=\"_self\" role=\"button\"><div class=\"uagb-button__link\">Clicca qui<\/div><\/a><\/div><\/div>\n<\/div><\/div>\n<\/div>\n<\/div>\n<\/div><\/div>\n\n\n\n<div class=\"wp-block-uagb-container uagb-block-iauj3p2k alignfull uagb-is-root-container\"><div class=\"uagb-container-inner-blocks-wrap\">\n<div class=\"wp-block-uagb-info-box uagb-block-ovlznsqv uagb-infobox__content-wrap  uagb-infobox-icon-above-title uagb-infobox-image-valign-top\"><div class=\"uagb-ifb-content\"><div class=\"uagb-ifb-title-wrap\"><p class=\"uagb-ifb-title-prefix\">LA NOSTRA MISSIONE<\/p><h2 class=\"uagb-ifb-title\">Aiutare le organizzazioni a rispettare gli obblighi di intercettazione legale con fiducia<\/h2><\/div><\/div><\/div>\n\n\n\n<div class=\"wp-block-uagb-container uagb-block-eepd5nyu\">\n<div class=\"wp-block-uagb-info-box uagb-block-tohb7nm1 uagb-infobox__content-wrap  uagb-infobox-icon-above-title uagb-infobox-image-valign-top\"><div class=\"uagb-ifb-content\"><div class=\"uagb-ifb-title-wrap\"><p class=\"uagb-ifb-title\">ICS International Carrier Services GmbH \u00e8 stata fondata per colmare una lacuna critica nel mercato delle telecomunicazioni: la necessit\u00e0 di soluzioni specializzate e affidabili per le intercettazioni legali, in grado di bilanciare la conformit\u00e0 normativa con l'efficienza operativa e la protezione della privacy. Con sede a Colonia, in Germania, serviamo clienti in tutta Europa e a livello internazionale.<br><br>Il nostro team riunisce competenze provenienti da diverse discipline: ingegneria delle telecomunicazioni, conformit\u00e0 normativa, sviluppo software, integrazione dei sistemi e coordinamento delle forze dell'ordine. Questa conoscenza interfunzionale ci permette di conciliare l'implementazione tecnica con i requisiti legali e le realt\u00e0 operative.<\/p><\/div><p class=\"uagb-ifb-desc\">Lavoriamo in modo neutrale con tutte le parti interessate nell'ecosistema delle intercettazioni legali: gli operatori che implementano le funzionalit\u00e0, le autorit\u00e0 di regolamentazione che definiscono i requisiti e le forze dell'ordine che ricevono i dati. Il nostro obiettivo \u00e8 garantire che i sistemi LI forniscano risultati utilizzabili, tempestivi e conformi, rispettando i diritti alla privacy e riducendo al minimo gli oneri operativi per i CSP.<\/p><\/div><\/div>\n\n\n\n<div class=\"wp-block-uagb-container uagb-block-6sbec71a\">\n<div class=\"wp-block-uagb-info-box uagb-block-vipet5qk uagb-infobox__content-wrap  uagb-infobox-icon-above-title uagb-infobox-image-valign-top wp-block-uagb-info-box--has-margin\"><div class=\"uagb-infobox-margin-wrapper\"><div class=\"uagb-ifb-content\"><div class=\"uagb-ifb-title-wrap\"><h4 class=\"uagb-ifb-title\">Soluzioni orientate all'innovazione<\/h4><\/div><p class=\"uagb-ifb-desc\">Investiamo continuamente nello sviluppo dei prodotti, nell'allineamento degli standard e nell'evoluzione tecnologica per garantire che le nostre soluzioni supportino servizi emergenti come il 5G, la messaggistica OTT e i veicoli connessi. La nostra architettura modulare consente di effettuare aggiornamenti incrementali senza sostituzioni totali.<\/p><\/div><\/div><\/div>\n\n\n\n<div class=\"wp-block-uagb-info-box uagb-block-tu0b5gbx uagb-infobox__content-wrap  uagb-infobox-icon-above-title uagb-infobox-image-valign-top wp-block-uagb-info-box--has-margin\"><div class=\"uagb-infobox-margin-wrapper\"><div class=\"uagb-ifb-content\"><div class=\"uagb-ifb-title-wrap\"><h4 class=\"uagb-ifb-title\">Approccio personalizzato<\/h4><\/div><p class=\"uagb-ifb-desc\">Ogni cliente ha architetture di rete, portafogli di servizi, contesti normativi e vincoli operativi unici. Personalizziamo le nostre soluzioni e i nostri modelli di impegno in base alla situazione specifica del cliente, anzich\u00e9 imporre approcci univoci.<\/p><\/div><\/div><\/div>\n\n\n\n<div class=\"wp-block-uagb-info-box uagb-block-bmlcvyeq uagb-infobox__content-wrap  uagb-infobox-icon-above-title uagb-infobox-image-valign-top wp-block-uagb-info-box--has-margin\"><div class=\"uagb-infobox-margin-wrapper\"><div class=\"uagb-ifb-content\"><div class=\"uagb-ifb-title-wrap\"><h4 class=\"uagb-ifb-title\">Servizio clienti di qualit\u00e0 superiore<\/h4><\/div><p class=\"uagb-ifb-desc\">Dalla valutazione iniziale fino all'operativit\u00e0 a lungo termine, forniamo un supporto reattivo per problemi tecnici, questioni normative e sfide di conformit\u00e0. Il nostro team \u00e8 il vostro partner nel mantenere un'infrastruttura di intercettazione legale efficace e pronta per la revisione.<\/p><\/div><\/div><\/div>\n<\/div>\n<\/div>\n<\/div><\/div>","protected":false},"excerpt":{"rendered":"","protected":false},"author":2,"featured_media":0,"parent":12,"menu_order":0,"comment_status":"closed","ping_status":"closed","template":"","meta":{"_uag_custom_page_level_css":"","site-sidebar-layout":"default","site-content-layout":"","ast-site-content-layout":"default","site-content-style":"default","site-sidebar-style":"default","ast-global-header-display":"","ast-banner-title-visibility":"","ast-main-header-display":"","ast-hfb-above-header-display":"","ast-hfb-below-header-display":"","ast-hfb-mobile-header-display":"","site-post-title":"disabled","ast-breadcrumbs-content":"","ast-featured-img":"","footer-sml-layout":"","ast-disable-related-posts":"","theme-transparent-header-meta":"","adv-header-id-meta":"","stick-header-meta":"","header-above-stick-meta":"","header-main-stick-meta":"","header-below-stick-meta":"","astra-migrate-meta-layouts":"default","ast-page-background-enabled":"default","ast-page-background-meta":{"desktop":{"background-color":"var(--ast-global-color-5)","background-image":"","background-repeat":"repeat","background-position":"center center","background-size":"auto","background-attachment":"scroll","background-type":"","background-media":"","overlay-type":"","overlay-color":"","overlay-opacity":"","overlay-gradient":""},"tablet":{"background-color":"","background-image":"","background-repeat":"repeat","background-position":"center center","background-size":"auto","background-attachment":"scroll","background-type":"","background-media":"","overlay-type":"","overlay-color":"","overlay-opacity":"","overlay-gradient":""},"mobile":{"background-color":"","background-image":"","background-repeat":"repeat","background-position":"center center","background-size":"auto","background-attachment":"scroll","background-type":"","background-media":"","overlay-type":"","overlay-color":"","overlay-opacity":"","overlay-gradient":""}},"ast-content-background-meta":{"desktop":{"background-color":"var(--ast-global-color-4)","background-image":"","background-repeat":"repeat","background-position":"center center","background-size":"auto","background-attachment":"scroll","background-type":"","background-media":"","overlay-type":"","overlay-color":"","overlay-opacity":"","overlay-gradient":""},"tablet":{"background-color":"var(--ast-global-color-4)","background-image":"","background-repeat":"repeat","background-position":"center center","background-size":"auto","background-attachment":"scroll","background-type":"","background-media":"","overlay-type":"","overlay-color":"","overlay-opacity":"","overlay-gradient":""},"mobile":{"background-color":"var(--ast-global-color-4)","background-image":"","background-repeat":"repeat","background-position":"center center","background-size":"auto","background-attachment":"scroll","background-type":"","background-media":"","overlay-type":"","overlay-color":"","overlay-opacity":"","overlay-gradient":""}},"footnotes":""},"class_list":["post-1415","page","type-page","status-publish","hentry"],"uagb_featured_image_src":{"full":false,"thumbnail":false,"medium":false,"medium_large":false,"large":false,"1536x1536":false,"2048x2048":false,"trp-custom-language-flag":false},"uagb_author_info":{"display_name":"chatgpt","author_link":"https:\/\/ic-services.io\/it\/author\/chatgpt\/"},"uagb_comment_info":0,"uagb_excerpt":null,"_links":{"self":[{"href":"https:\/\/ic-services.io\/it\/wp-json\/wp\/v2\/pages\/1415","targetHints":{"allow":["GET"]}}],"collection":[{"href":"https:\/\/ic-services.io\/it\/wp-json\/wp\/v2\/pages"}],"about":[{"href":"https:\/\/ic-services.io\/it\/wp-json\/wp\/v2\/types\/page"}],"author":[{"embeddable":true,"href":"https:\/\/ic-services.io\/it\/wp-json\/wp\/v2\/users\/2"}],"replies":[{"embeddable":true,"href":"https:\/\/ic-services.io\/it\/wp-json\/wp\/v2\/comments?post=1415"}],"version-history":[{"count":8,"href":"https:\/\/ic-services.io\/it\/wp-json\/wp\/v2\/pages\/1415\/revisions"}],"predecessor-version":[{"id":1959,"href":"https:\/\/ic-services.io\/it\/wp-json\/wp\/v2\/pages\/1415\/revisions\/1959"}],"up":[{"embeddable":true,"href":"https:\/\/ic-services.io\/it\/wp-json\/wp\/v2\/pages\/12"}],"wp:attachment":[{"href":"https:\/\/ic-services.io\/it\/wp-json\/wp\/v2\/media?parent=1415"}],"curies":[{"name":"wp","href":"https:\/\/api.w.org\/{rel}","templated":true}]}}