{"id":1418,"date":"2026-01-27T17:29:14","date_gmt":"2026-01-27T16:29:14","guid":{"rendered":"https:\/\/dev.ic-services.io\/?page_id=1418"},"modified":"2026-02-25T15:51:53","modified_gmt":"2026-02-25T14:51:53","slug":"conformita-e-audit","status":"publish","type":"page","link":"https:\/\/ic-services.io\/it\/about\/compliance-and-audit\/","title":{"rendered":"conformit\u00e0 e audit"},"content":{"rendered":"<div class=\"wp-block-uagb-container uagb-block-yhjvtctu alignfull uagb-is-root-container\"><div class=\"uagb-container-inner-blocks-wrap\">\n<div class=\"wp-block-uagb-container uagb-block-irdcwvs4\">\n<div class=\"wp-block-uagb-info-box uagb-block-vt6ociqf uagb-infobox__content-wrap  uagb-infobox-icon-above-title uagb-infobox-image-valign-top\"><div class=\"uagb-ifb-content\"><div class=\"uagb-ifb-title-wrap\"><h1 class=\"uagb-ifb-title\">Intercettazione legale certificata, verificata e conforme agli standard<\/h1><\/div><p class=\"uagb-ifb-desc\">Le soluzioni ICS sono basate sulle specifiche ETSI e 3GPP e sono state verificate con successo dalle autorit\u00e0 di regolamentazione. Vi aiutiamo a implementare sistemi di intercettazione legale che superano le ispezioni normative e forniscono dati di qualit\u00e0 probatoria.<\/p><\/div><\/div>\n\n\n\n<div class=\"wp-block-uagb-buttons uagb-buttons__outer-wrap uagb-btn__default-btn uagb-btn-tablet__default-btn uagb-btn-mobile__default-btn uagb-block-zjjrrejj\"><div class=\"uagb-buttons__wrap uagb-buttons-layout-wrap\">\n<div class=\"wp-block-uagb-buttons-child uagb-buttons__outer-wrap uagb-block-wr8nyvol wp-block-button\"><div class=\"uagb-button__wrapper\"><a class=\"uagb-buttons-repeater wp-block-button__link\" aria-label=\"\" href=\"\/it\/contatto\/\" rel=\"follow noopener\" target=\"_self\" role=\"button\"><div class=\"uagb-button__link\">Contattate<\/div><\/a><\/div><\/div>\n<\/div><\/div>\n<\/div>\n\n\n\n<div class=\"wp-block-uagb-container uagb-block-opzedjnt\">\n<div class=\"wp-block-uagb-image alignleft uagb-block-qqdczneq wp-block-uagb-image--layout-default wp-block-uagb-image--effect-static wp-block-uagb-image--align-left\"><figure class=\"wp-block-uagb-image__figure\"><img decoding=\"async\" srcset=\"https:\/\/ic-services.io\/wp-content\/uploads\/2026\/02\/g7587007e3209a747aa1ca4b1f1f0b16d717a88440ba863313de1ec6d54d927d7086105baf8b7692ba6709c8deed5d946_1280-265130-1024x682.jpg ,https:\/\/ic-services.io\/wp-content\/uploads\/2026\/02\/g7587007e3209a747aa1ca4b1f1f0b16d717a88440ba863313de1ec6d54d927d7086105baf8b7692ba6709c8deed5d946_1280-265130.jpg 780w, https:\/\/ic-services.io\/wp-content\/uploads\/2026\/02\/g7587007e3209a747aa1ca4b1f1f0b16d717a88440ba863313de1ec6d54d927d7086105baf8b7692ba6709c8deed5d946_1280-265130.jpg 360w\" sizes=\"auto, (max-width: 480px) 150px\" src=\"https:\/\/ic-services.io\/wp-content\/uploads\/2026\/02\/g7587007e3209a747aa1ca4b1f1f0b16d717a88440ba863313de1ec6d54d927d7086105baf8b7692ba6709c8deed5d946_1280-265130-1024x682.jpg\" alt=\"sicurezza, protezione, antivirus, software, cms, wordpress, sistema di gestione dei contenuti, redazione, contenuti, backup, hack, web, internet, blog, upload, ufficio postale, media, commenti, schermo, contenuto, creare, scrivere, pubblicare, pubblicazione, sicurezza, sicurezza, sicurezza, sicurezza, sicurezza, sicurezza, sicurezza\" class=\"uag-image-1603\" width=\"270\" height=\"360\" title=\"g7587007e3209a747aa1ca4b1f1f0b16d717a88440ba863313de1ec6d54d927d7086105baf8b7692ba6709c8deed5d946 1280 265130\" loading=\"lazy\" role=\"img\"\/><\/figure><\/div>\n\n\n\n<div class=\"wp-block-uagb-image alignleft uagb-block-xjhw34iy wp-block-uagb-image--layout-default wp-block-uagb-image--effect-static wp-block-uagb-image--align-left\"><figure class=\"wp-block-uagb-image__figure\"><img decoding=\"async\" srcset=\"https:\/\/ic-services.io\/wp-content\/uploads\/2026\/02\/pexels-photo-6930548-6930548-1-1024x794.jpg ,https:\/\/ic-services.io\/wp-content\/uploads\/2026\/02\/pexels-photo-6930548-6930548-1-scaled.jpg 780w, https:\/\/ic-services.io\/wp-content\/uploads\/2026\/02\/pexels-photo-6930548-6930548-1-scaled.jpg 360w\" sizes=\"auto, (max-width: 480px) 150px\" src=\"https:\/\/ic-services.io\/wp-content\/uploads\/2026\/02\/pexels-photo-6930548-6930548-1-1024x794.jpg\" alt=\"Tre colleghi impegnati in un lavoro di squadra attorno a un computer portatile in un moderno ambiente d&#039;ufficio.\" class=\"uag-image-1740\" width=\"270\" height=\"360\" title=\"pexels foto 6930548 6930548 1\" loading=\"lazy\" role=\"img\"\/><\/figure><\/div>\n<\/div>\n<\/div><\/div>\n\n\n\n<div class=\"wp-block-uagb-container uagb-block-l1emufvy alignfull uagb-is-root-container\"><div class=\"uagb-container-inner-blocks-wrap\">\n<div class=\"wp-block-uagb-container uagb-block-qitgqsts\">\n<div class=\"wp-block-uagb-info-box uagb-block-vplhpkls uagb-infobox__content-wrap  uagb-infobox-icon-above-title uagb-infobox-image-valign-top\"><div class=\"uagb-ifb-content\"><div class=\"uagb-ifb-title-wrap\"><h2 class=\"uagb-ifb-title\">Il nostro impegno per gli standard e la conformit\u00e0 normativa<\/h2><\/div><\/div><\/div>\n\n\n\n<div class=\"wp-block-uagb-info-box uagb-block-b4coqf6u uagb-infobox__content-wrap  uagb-infobox-icon-above-title uagb-infobox-image-valign-top\"><div class=\"uagb-ifb-content\"><div class=\"uagb-ifb-title-wrap\"><\/div><p class=\"uagb-ifb-desc\">Ogni soluzione ICS \u00e8 progettata per soddisfare i rigorosi requisiti tecnici e normativi, garantendo che la vostra infrastruttura di intercettazione legale sia pronta per la revisione fin dal primo giorno.<\/p><\/div><\/div>\n<\/div>\n\n\n\n<div class=\"wp-block-uagb-container uagb-block-gb16mfys\">\n<div class=\"wp-block-uagb-container uagb-block-ehdtdckl\">\n<div class=\"wp-block-uagb-info-box uagb-block-xtdbpq4n uagb-infobox__content-wrap  uagb-infobox-icon-above-title uagb-infobox-image-valign-top\"><div class=\"uagb-ifb-content\"><div class=\"uagb-ifb-icon-wrap\"><div class=\"uagb-iconbox-icon-wrap uagb-infobox-shape-circle\"><svg xmlns=\"https:\/\/www.w3.org\/2000\/svg\" viewbox=\"0 0 448 512\"><path d=\"M438.6 105.4C451.1 117.9 451.1 138.1 438.6 150.6L182.6 406.6C170.1 419.1 149.9 419.1 137.4 406.6L9.372 278.6C-3.124 266.1-3.124 245.9 9.372 233.4C21.87 220.9 42.13 220.9 54.63 233.4L159.1 338.7L393.4 105.4C405.9 92.88 426.1 92.88 438.6 105.4H438.6z\"><\/path><\/svg><\/div><\/div><div class=\"uagb-ifb-title-wrap\"><h3 class=\"uagb-ifb-title\">Conformit\u00e0 agli standard ETSI e 3GPP<\/h3><\/div><p class=\"uagb-ifb-desc\">Le nostre piattaforme software e le nostre apparecchiature implementano le attuali specifiche ETSI, tra cui TS 102 232 (handover LI basato su IP), TS 103 707 (servizi OTT), TS 102 657 (dati trattenuti) e 3GPP TS 33.106\/33.107\/33.108 (architettura LI mobile). Seguiamo l'evoluzione degli standard e forniamo aggiornamenti regolari per mantenere l'allineamento con le ultime versioni e le definizioni dei parametri nazionali.<\/p><\/div><\/div>\n<\/div>\n\n\n\n<div class=\"wp-block-uagb-container uagb-block-tyrjxonj\">\n<div class=\"wp-block-uagb-info-box uagb-block-ohkhryqh uagb-infobox__content-wrap  uagb-infobox-icon-above-title uagb-infobox-image-valign-top\"><div class=\"uagb-ifb-content\"><div class=\"uagb-ifb-icon-wrap\"><div class=\"uagb-iconbox-icon-wrap uagb-infobox-shape-circle\"><svg xmlns=\"https:\/\/www.w3.org\/2000\/svg\" viewbox=\"0 0 448 512\"><path d=\"M438.6 105.4C451.1 117.9 451.1 138.1 438.6 150.6L182.6 406.6C170.1 419.1 149.9 419.1 137.4 406.6L9.372 278.6C-3.124 266.1-3.124 245.9 9.372 233.4C21.87 220.9 42.13 220.9 54.63 233.4L159.1 338.7L393.4 105.4C405.9 92.88 426.1 92.88 438.6 105.4H438.6z\"><\/path><\/svg><\/div><\/div><div class=\"uagb-ifb-title-wrap\"><h3 class=\"uagb-ifb-title\">Audit delle autorit\u00e0 di regolamentazione<\/h3><\/div><p class=\"uagb-ifb-desc\">Le soluzioni ICS sono state implementate e verificate con successo dalle autorit\u00e0 di regolamentazione delle telecomunicazioni, tra cui la Bundesnetzagentur (Germania). Questi audit verificano la conformit\u00e0 tecnica, la correttezza dell'interfaccia, l'accuratezza del formato dei dati e le procedure operative, fornendo una convalida indipendente delle nostre implementazioni.<\/p><\/div><\/div>\n<\/div>\n\n\n\n<div class=\"wp-block-uagb-container uagb-block-arb2xqyc\">\n<div class=\"wp-block-uagb-info-box uagb-block-henvxmsu uagb-infobox__content-wrap  uagb-infobox-icon-above-title uagb-infobox-image-valign-top\"><div class=\"uagb-ifb-content\"><div class=\"uagb-ifb-icon-wrap\"><div class=\"uagb-iconbox-icon-wrap uagb-infobox-shape-circle\"><svg xmlns=\"https:\/\/www.w3.org\/2000\/svg\" viewbox=\"0 0 448 512\"><path d=\"M438.6 105.4C451.1 117.9 451.1 138.1 438.6 150.6L182.6 406.6C170.1 419.1 149.9 419.1 137.4 406.6L9.372 278.6C-3.124 266.1-3.124 245.9 9.372 233.4C21.87 220.9 42.13 220.9 54.63 233.4L159.1 338.7L393.4 105.4C405.9 92.88 426.1 92.88 438.6 105.4H438.6z\"><\/path><\/svg><\/div><\/div><div class=\"uagb-ifb-title-wrap\"><h3 class=\"uagb-ifb-title\">Supporto per la certificazione e la documentazione<\/h3><\/div><p class=\"uagb-ifb-desc\">Forniamo una documentazione completa per la presentazione delle normative, comprese le specifiche tecniche, le descrizioni delle interfacce, i rapporti di prova e le procedure operative. Il nostro team vi assiste durante l'intero processo di certificazione, dalla richiesta iniziale alle dimostrazioni tecniche, ai test delle autorit\u00e0 e all'approvazione finale, garantendo che il vostro sistema LI soddisfi tutti i requisiti nazionali.<\/p><\/div><\/div>\n<\/div>\n<\/div>\n<\/div><\/div>\n\n\n\n<div class=\"wp-block-uagb-container uagb-block-ot3oihrw alignfull uagb-is-root-container\"><div class=\"uagb-container-inner-blocks-wrap\">\n<div class=\"wp-block-uagb-info-box uagb-block-urrnbmok uagb-infobox__content-wrap  uagb-infobox-icon-above-title uagb-infobox-image-valign-top\"><div class=\"uagb-ifb-content\"><div class=\"uagb-ifb-title-wrap\"><h2 class=\"uagb-ifb-title\">Cosa viene controllato<\/h2><\/div><p class=\"uagb-ifb-desc\">Gli audit normativi valutano molteplici aspetti della capacit\u00e0 di intercettazione legale:<\/p><\/div><\/div>\n\n\n\n<div class=\"wp-block-uagb-container uagb-layout-grid uagb-block-kgrv9qdl\">\n<div class=\"wp-block-uagb-container uagb-block-vnov42ro\">\n<div class=\"wp-block-uagb-info-box uagb-block-nnp6qpwi uagb-infobox__content-wrap  uagb-infobox-icon-above-title uagb-infobox-image-valign-top\"><div class=\"uagb-ifb-content\"><div class=\"uagb-ifb-title-wrap\"><h3 class=\"uagb-ifb-title\"><strong>Interfacce tecniche<\/strong><\/h3><\/div><p class=\"uagb-ifb-desc\">Verifica della conformit\u00e0 delle interfacce di rete X1\/X2\/X3 e delle interfacce di handover HI1\/HI2\/HI3 alle specifiche ETSI e 3GPP applicabili, compresi la struttura dei messaggi, la codifica (ASN.1 BER\/DER), il comportamento del protocollo e la gestione degli errori.<\/p><\/div><\/div>\n<\/div>\n\n\n\n<div class=\"wp-block-uagb-container uagb-block-rui8vjmv\">\n<div class=\"wp-block-uagb-info-box uagb-block-6dzqdrva uagb-infobox__content-wrap  uagb-infobox-icon-above-title uagb-infobox-image-valign-top\"><div class=\"uagb-ifb-content\"><div class=\"uagb-ifb-title-wrap\"><h3 class=\"uagb-ifb-title\"><strong>Precisione dei dati<\/strong><\/h3><\/div><p class=\"uagb-ifb-desc\">Convalida che le informazioni relative all'intercettazione e il contenuto della comunicazione contengano dati completi, accurati e correttamente formattati che possono essere utilizzati come prova in procedimenti legali, compresi tutti i campi obbligatori secondo le specifiche ETSI.<\/p><\/div><\/div>\n<\/div>\n\n\n\n<div class=\"wp-block-uagb-container uagb-block-uhbakdci\">\n<div class=\"wp-block-uagb-info-box uagb-block-z0hod6dx uagb-infobox__content-wrap  uagb-infobox-icon-above-title uagb-infobox-image-valign-top\"><div class=\"uagb-ifb-content\"><div class=\"uagb-ifb-title-wrap\"><h3 class=\"uagb-ifb-title\"><strong>Sicurezza e controllo degli accessi<\/strong><\/h3><\/div><p class=\"uagb-ifb-desc\">Revisione dei meccanismi di autenticazione, dei protocolli di crittografia (TLS 1.2\/1.3), della gestione dei certificati, dei controlli di accesso basati sui ruoli e della registrazione degli audit per garantire che solo il personale autorizzato possa accedere alle funzioni di intercettazione e che i dati sensibili siano protetti.<\/p><\/div><\/div>\n<\/div>\n\n\n\n<div class=\"wp-block-uagb-container uagb-block-rsankakm\">\n<div class=\"wp-block-uagb-info-box uagb-block-3tub9kk2 uagb-infobox__content-wrap  uagb-infobox-icon-above-title uagb-infobox-image-valign-top\"><div class=\"uagb-ifb-content\"><div class=\"uagb-ifb-title-wrap\"><h3 class=\"uagb-ifb-title\"><strong>Procedure operative<\/strong><\/h3><\/div><p class=\"uagb-ifb-desc\">Esame dei flussi di gestione dei mandati, dei processi di fornitura degli obiettivi, dei meccanismi di conferma della consegna e delle pratiche di documentazione per verificare la conformit\u00e0 operativa ai requisiti legali e normativi.<\/p><\/div><\/div>\n<\/div>\n\n\n\n<div class=\"wp-block-uagb-container uagb-block-6zogf6re\">\n<div class=\"wp-block-uagb-info-box uagb-block-i7pqsajo uagb-infobox__content-wrap  uagb-infobox-icon-above-title uagb-infobox-image-valign-top\"><div class=\"uagb-ifb-content\"><div class=\"uagb-ifb-title-wrap\"><h3 class=\"uagb-ifb-title\"><strong>Conservazione delle prove<\/strong><\/h3><\/div><p class=\"uagb-ifb-desc\">Valutazione delle politiche di conservazione dei dati, della sicurezza dell'archiviazione, della protezione dell'integrit\u00e0 e della completezza della traccia di controllo per garantire che i dati intercettati e le relative registrazioni possano supportare future indagini e procedimenti legali.<\/p><\/div><\/div>\n<\/div>\n<\/div>\n<\/div><\/div>\n\n\n\n<p><\/p>\n\n\n\n<div class=\"wp-block-uagb-container uagb-block-ybrfjbpr alignfull uagb-is-root-container\"><div class=\"uagb-container-inner-blocks-wrap\">\n<div class=\"wp-block-uagb-container uagb-block-3mvkjc8x\">\n<div class=\"wp-block-uagb-info-box uagb-block-vlqpidhs uagb-infobox__content-wrap  uagb-infobox-icon-above-title uagb-infobox-image-valign-top\"><div class=\"uagb-ifb-content\"><div class=\"uagb-ifb-title-wrap\"><h3 class=\"uagb-ifb-title\">Perch\u00e9 la conformit\u00e0 agli standard \u00e8 importante<\/h3><\/div><\/div><\/div>\n<\/div>\n\n\n\n<div class=\"wp-block-uagb-container uagb-layout-grid uagb-block-lnoabbmv\">\n<div class=\"wp-block-uagb-container uagb-block-7djszb4r\">\n<div class=\"wp-block-uagb-info-box uagb-block-juc0pxga uagb-infobox__content-wrap  uagb-infobox-icon-above-title uagb-infobox-image-valign-top\"><div class=\"uagb-ifb-content\"><div class=\"uagb-ifb-icon-wrap\"><div class=\"uagb-iconbox-icon-wrap uagb-infobox-shape-circle\"><svg xmlns=\"https:\/\/www.w3.org\/2000\/svg\" viewbox=\"0 0 448 512\"><path d=\"M438.6 105.4C451.1 117.9 451.1 138.1 438.6 150.6L182.6 406.6C170.1 419.1 149.9 419.1 137.4 406.6L9.372 278.6C-3.124 266.1-3.124 245.9 9.372 233.4C21.87 220.9 42.13 220.9 54.63 233.4L159.1 338.7L393.4 105.4C405.9 92.88 426.1 92.88 438.6 105.4H438.6z\"><\/path><\/svg><\/div><\/div><div class=\"uagb-ifb-title-wrap\"><h4 class=\"uagb-ifb-title\"><strong>Accettazione normativa<\/strong><\/h4><\/div><p class=\"uagb-ifb-desc\">Le autorit\u00e0 richiedono una conformit\u00e0 dimostrabile con i quadri nazionali LI, che di solito fanno riferimento agli standard ETSI e 3GPP. Le soluzioni conformi agli standard riducono i tempi di approvazione e il rischio di audit.<\/p><\/div><\/div>\n<\/div>\n\n\n\n<div class=\"wp-block-uagb-container uagb-block-3azxuabp\">\n<div class=\"wp-block-uagb-info-box uagb-block-t7db5wsh uagb-infobox__content-wrap  uagb-infobox-icon-above-title uagb-infobox-image-valign-top\"><div class=\"uagb-ifb-content\"><div class=\"uagb-ifb-icon-wrap\"><div class=\"uagb-iconbox-icon-wrap uagb-infobox-shape-circle\"><svg xmlns=\"https:\/\/www.w3.org\/2000\/svg\" viewbox=\"0 0 448 512\"><path d=\"M438.6 105.4C451.1 117.9 451.1 138.1 438.6 150.6L182.6 406.6C170.1 419.1 149.9 419.1 137.4 406.6L9.372 278.6C-3.124 266.1-3.124 245.9 9.372 233.4C21.87 220.9 42.13 220.9 54.63 233.4L159.1 338.7L393.4 105.4C405.9 92.88 426.1 92.88 438.6 105.4H438.6z\"><\/path><\/svg><\/div><\/div><div class=\"uagb-ifb-title-wrap\"><h4 class=\"uagb-ifb-title\"><strong>Ammissibilit\u00e0 delle prove<\/strong><\/h4><\/div><p class=\"uagb-ifb-desc\">I tribunali richiedono la prova che i dati intercettati siano stati raccolti con metodi e formati approvati. La conformit\u00e0 ETSI\/3GPP supporta la catena di custodia e l'integrit\u00e0 delle prove necessarie per i procedimenti legali.<\/p><\/div><\/div>\n<\/div>\n\n\n\n<div class=\"wp-block-uagb-container uagb-block-x6pbvhxa\">\n<div class=\"wp-block-uagb-info-box uagb-block-idhmafgm uagb-infobox__content-wrap  uagb-infobox-icon-above-title uagb-infobox-image-valign-top\"><div class=\"uagb-ifb-content\"><div class=\"uagb-ifb-icon-wrap\"><div class=\"uagb-iconbox-icon-wrap uagb-infobox-shape-circle\"><svg xmlns=\"https:\/\/www.w3.org\/2000\/svg\" viewbox=\"0 0 448 512\"><path d=\"M438.6 105.4C451.1 117.9 451.1 138.1 438.6 150.6L182.6 406.6C170.1 419.1 149.9 419.1 137.4 406.6L9.372 278.6C-3.124 266.1-3.124 245.9 9.372 233.4C21.87 220.9 42.13 220.9 54.63 233.4L159.1 338.7L393.4 105.4C405.9 92.88 426.1 92.88 438.6 105.4H438.6z\"><\/path><\/svg><\/div><\/div><div class=\"uagb-ifb-title-wrap\"><h4 class=\"uagb-ifb-title\"><strong>Interoperabilit\u00e0<\/strong><\/h4><\/div><p class=\"uagb-ifb-desc\">Le interfacce basate su standard assicurano che il sistema LI funzioni con apparecchiature di rete di diversi fornitori e possa essere fornito a pi\u00f9 agenzie di polizia con diverse strutture di monitoraggio.<\/p><\/div><\/div>\n<\/div>\n\n\n\n<div class=\"wp-block-uagb-container uagb-block-5k4ijom1\">\n<div class=\"wp-block-uagb-info-box uagb-block-zootkzaa uagb-infobox__content-wrap  uagb-infobox-icon-above-title uagb-infobox-image-valign-top\"><div class=\"uagb-ifb-content\"><div class=\"uagb-ifb-icon-wrap\"><div class=\"uagb-iconbox-icon-wrap uagb-infobox-shape-circle\"><svg xmlns=\"https:\/\/www.w3.org\/2000\/svg\" viewbox=\"0 0 448 512\"><path d=\"M438.6 105.4C451.1 117.9 451.1 138.1 438.6 150.6L182.6 406.6C170.1 419.1 149.9 419.1 137.4 406.6L9.372 278.6C-3.124 266.1-3.124 245.9 9.372 233.4C21.87 220.9 42.13 220.9 54.63 233.4L159.1 338.7L393.4 105.4C405.9 92.88 426.1 92.88 438.6 105.4H438.6z\"><\/path><\/svg><\/div><\/div><div class=\"uagb-ifb-title-wrap\"><h4 class=\"uagb-ifb-title\"><strong>Protezione per il futuro<\/strong><\/h4><\/div><p class=\"uagb-ifb-desc\">L'osservanza di standard consolidati protegge il vostro investimento garantendo la compatibilit\u00e0 con le tecnologie di rete in evoluzione, i nuovi tipi di servizio e i requisiti normativi aggiornati.<\/p><\/div><\/div>\n<\/div>\n<\/div>\n<\/div><\/div>","protected":false},"excerpt":{"rendered":"","protected":false},"author":2,"featured_media":0,"parent":12,"menu_order":0,"comment_status":"closed","ping_status":"closed","template":"","meta":{"_uag_custom_page_level_css":"","site-sidebar-layout":"default","site-content-layout":"","ast-site-content-layout":"default","site-content-style":"default","site-sidebar-style":"default","ast-global-header-display":"","ast-banner-title-visibility":"","ast-main-header-display":"","ast-hfb-above-header-display":"","ast-hfb-below-header-display":"","ast-hfb-mobile-header-display":"","site-post-title":"disabled","ast-breadcrumbs-content":"","ast-featured-img":"","footer-sml-layout":"","ast-disable-related-posts":"","theme-transparent-header-meta":"","adv-header-id-meta":"","stick-header-meta":"","header-above-stick-meta":"","header-main-stick-meta":"","header-below-stick-meta":"","astra-migrate-meta-layouts":"default","ast-page-background-enabled":"default","ast-page-background-meta":{"desktop":{"background-color":"var(--ast-global-color-5)","background-image":"","background-repeat":"repeat","background-position":"center center","background-size":"auto","background-attachment":"scroll","background-type":"","background-media":"","overlay-type":"","overlay-color":"","overlay-opacity":"","overlay-gradient":""},"tablet":{"background-color":"","background-image":"","background-repeat":"repeat","background-position":"center center","background-size":"auto","background-attachment":"scroll","background-type":"","background-media":"","overlay-type":"","overlay-color":"","overlay-opacity":"","overlay-gradient":""},"mobile":{"background-color":"","background-image":"","background-repeat":"repeat","background-position":"center center","background-size":"auto","background-attachment":"scroll","background-type":"","background-media":"","overlay-type":"","overlay-color":"","overlay-opacity":"","overlay-gradient":""}},"ast-content-background-meta":{"desktop":{"background-color":"var(--ast-global-color-4)","background-image":"","background-repeat":"repeat","background-position":"center center","background-size":"auto","background-attachment":"scroll","background-type":"","background-media":"","overlay-type":"","overlay-color":"","overlay-opacity":"","overlay-gradient":""},"tablet":{"background-color":"var(--ast-global-color-4)","background-image":"","background-repeat":"repeat","background-position":"center center","background-size":"auto","background-attachment":"scroll","background-type":"","background-media":"","overlay-type":"","overlay-color":"","overlay-opacity":"","overlay-gradient":""},"mobile":{"background-color":"var(--ast-global-color-4)","background-image":"","background-repeat":"repeat","background-position":"center center","background-size":"auto","background-attachment":"scroll","background-type":"","background-media":"","overlay-type":"","overlay-color":"","overlay-opacity":"","overlay-gradient":""}},"footnotes":""},"class_list":["post-1418","page","type-page","status-publish","hentry"],"uagb_featured_image_src":{"full":false,"thumbnail":false,"medium":false,"medium_large":false,"large":false,"1536x1536":false,"2048x2048":false,"trp-custom-language-flag":false},"uagb_author_info":{"display_name":"chatgpt","author_link":"https:\/\/ic-services.io\/it\/author\/chatgpt\/"},"uagb_comment_info":0,"uagb_excerpt":null,"_links":{"self":[{"href":"https:\/\/ic-services.io\/it\/wp-json\/wp\/v2\/pages\/1418","targetHints":{"allow":["GET"]}}],"collection":[{"href":"https:\/\/ic-services.io\/it\/wp-json\/wp\/v2\/pages"}],"about":[{"href":"https:\/\/ic-services.io\/it\/wp-json\/wp\/v2\/types\/page"}],"author":[{"embeddable":true,"href":"https:\/\/ic-services.io\/it\/wp-json\/wp\/v2\/users\/2"}],"replies":[{"embeddable":true,"href":"https:\/\/ic-services.io\/it\/wp-json\/wp\/v2\/comments?post=1418"}],"version-history":[{"count":10,"href":"https:\/\/ic-services.io\/it\/wp-json\/wp\/v2\/pages\/1418\/revisions"}],"predecessor-version":[{"id":2092,"href":"https:\/\/ic-services.io\/it\/wp-json\/wp\/v2\/pages\/1418\/revisions\/2092"}],"up":[{"embeddable":true,"href":"https:\/\/ic-services.io\/it\/wp-json\/wp\/v2\/pages\/12"}],"wp:attachment":[{"href":"https:\/\/ic-services.io\/it\/wp-json\/wp\/v2\/media?parent=1418"}],"curies":[{"name":"wp","href":"https:\/\/api.w.org\/{rel}","templated":true}]}}