{"id":1434,"date":"2026-01-27T17:37:39","date_gmt":"2026-01-27T16:37:39","guid":{"rendered":"https:\/\/dev.ic-services.io\/?page_id=1434"},"modified":"2026-04-10T12:12:17","modified_gmt":"2026-04-10T11:12:17","slug":"telecomunicazioni","status":"publish","type":"page","link":"https:\/\/ic-services.io\/it\/industries\/telecoms\/","title":{"rendered":"Telecomunicazioni"},"content":{"rendered":"<div class=\"wp-block-uagb-container uagb-block-athr3vye alignfull uagb-is-root-container\">\n<div class=\"wp-block-uagb-info-box uagb-block-2l2isrhr uagb-infobox__content-wrap  uagb-infobox-icon-above-title uagb-infobox-image-valign-top wp-block-uagb-info-box--has-margin\"><div class=\"uagb-infobox-margin-wrapper\"><div class=\"uagb-ifb-content\"><div class=\"uagb-ifb-title-wrap\"><p class=\"uagb-ifb-title-prefix\">OPERATORI DI TELECOMUNICAZIONI<\/p><h1 class=\"uagb-ifb-title\">Soluzioni di intercettazione legale e conformit\u00e0 per le telecomunicazioni<\/h1><\/div><p class=\"uagb-ifb-desc\">I fornitori di servizi di comunicazione devono far fronte a complessi obblighi di intercettazione legale per i servizi fissi, mobili, VoIP e OTT. ICS fornisce soluzioni LI end-to-end che comprendono piattaforme software, dispositivi hardware e servizi gestiti che garantiscono la conformit\u00e0 riducendo al minimo i costi operativi.<\/p><\/div><\/div><\/div>\n\n\n\n<div class=\"wp-block-uagb-buttons uagb-buttons__outer-wrap uagb-btn__default-btn uagb-btn-tablet__default-btn uagb-btn-mobile__default-btn uagb-block-3ggqrklp\"><div class=\"uagb-buttons__wrap uagb-buttons-layout-wrap\">\n<div class=\"wp-block-uagb-buttons-child uagb-buttons__outer-wrap uagb-block-us5ia1va wp-block-button\"><div class=\"uagb-button__wrapper\"><a class=\"uagb-buttons-repeater wp-block-button__link\" aria-label=\"\" href=\"\/it\/contatto\/\" rel=\"follow noopener\" target=\"_self\" role=\"button\"><div class=\"uagb-button__link\">Parlare con un esperto<\/div><\/a><\/div><\/div>\n<\/div><\/div>\n\n\n\n<div class=\"wp-block-uagb-container uagb-block-ow7wwlwb alignfull uagb-is-root-container\"><\/div>\n<\/div>\n\n\n\n<div class=\"wp-block-uagb-container uagb-block-wldl7itm alignfull uagb-is-root-container\"><div class=\"uagb-container-inner-blocks-wrap\">\n<div class=\"wp-block-uagb-info-box uagb-block-obgyyxml uagb-infobox__content-wrap  uagb-infobox-icon-above-title uagb-infobox-image-valign-top\"><div class=\"uagb-ifb-content\"><div class=\"uagb-ifb-title-wrap\"><h2 class=\"uagb-ifb-title\">Soluzioni e servizi per le telecomunicazioni<\/h2><\/div><p class=\"uagb-ifb-desc\">Il nostro portafoglio copre ogni aspetto dell'intercettazione legale e della conformit\u00e0, dalle piattaforme software e dalle apparecchiature alle operazioni completamente gestite e al supporto di consulenza.<\/p><\/div><\/div>\n\n\n\n<div class=\"wp-block-uagb-container uagb-layout-grid uagb-block-d8xvxx9z\">\n<div class=\"wp-block-uagb-container uagb-block-db0kadck\">\n<div class=\"wp-block-uagb-info-box uagb-block-pgzmzt8t uagb-infobox__content-wrap  uagb-infobox-icon-above-title uagb-infobox-image-valign-top\"><div class=\"uagb-ifb-content\"><div class=\"uagb-ifb-title-wrap\"><h3 class=\"uagb-ifb-title\">Software di intercettazione legale<\/h3><\/div><p class=\"uagb-ifb-desc\">Il nostro LIMS e la nostra piattaforma di mediazione LI forniscono la gestione centralizzata dei mandati, la mediazione multirete e l'handover sicuro. Supportano le norme ETSI TS 102 232, ETSI TS 103 707, 3GPP LI e i requisiti nazionali per i servizi fissi, mobili, IMS, VoIP e OTT, garantendo un'intercettazione conforme agli standard dall'ordine legale alla consegna.<\/p><\/div><\/div>\n<\/div>\n\n\n\n<div class=\"wp-block-uagb-container uagb-block-udj7og1w\">\n<div class=\"wp-block-uagb-info-box uagb-block-ktm8nupv uagb-infobox__content-wrap  uagb-infobox-icon-above-title uagb-infobox-image-valign-top\"><div class=\"uagb-ifb-content\"><div class=\"uagb-ifb-title-wrap\"><h3 class=\"uagb-ifb-title\">Elettrodomestici LI<\/h3><\/div><p class=\"uagb-ifb-desc\">Per le implementazioni temporanee o gli scenari specializzati, le nostre appliance offrono intercettazioni legali plug-and-play. Il box LI temporaneo supporta l'intercettazione a breve termine di VoIP, IP e messaggistica, mentre il convertitore da PSTN\/ISDN a SIP collega le reti legacy al moderno SIP per una LI continua durante la migrazione.<\/p><\/div><\/div>\n<\/div>\n\n\n\n<div class=\"wp-block-uagb-container uagb-block-gfgin7ki\">\n<div class=\"wp-block-uagb-info-box uagb-block-u2enrjsv uagb-infobox__content-wrap  uagb-infobox-icon-above-title uagb-infobox-image-valign-top\"><div class=\"uagb-ifb-content\"><div class=\"uagb-ifb-title-wrap\"><h3 class=\"uagb-ifb-title\">Operazioni LI gestite<\/h3><\/div><p class=\"uagb-ifb-desc\">Gestiamo la vostra infrastruttura di intercettazione legale 24 ore su 24, 7 giorni su 7, occupandoci della gestione dei mandati, del monitoraggio dei sistemi, del passaggio di consegne sicuro e del reporting sulla conformit\u00e0. Voi mantenete la visibilit\u00e0 e il controllo mentre noi gestiamo le operazioni tecniche, lasciando che i vostri team si concentrino sulla gestione della rete.<br><\/p><\/div><\/div>\n<\/div>\n\n\n\n<div class=\"wp-block-uagb-container uagb-block-xtm98rg8\">\n<div class=\"wp-block-uagb-info-box uagb-block-sibgnjff uagb-infobox__content-wrap  uagb-infobox-icon-above-title uagb-infobox-image-valign-top\"><div class=\"uagb-ifb-content\"><div class=\"uagb-ifb-title-wrap\"><h3 class=\"uagb-ifb-title\">Integrazione e sviluppo personalizzato<\/h3><\/div><p class=\"uagb-ifb-desc\">I nostri specialisti dell'integrazione adattano le soluzioni LI alla vostra specifica architettura di rete, ai sistemi legacy e ai requisiti normativi. Sviluppiamo adattatori personalizzati, convertitori di protocollo e funzioni di mediazione che permettono di conciliare il vostro ambiente reale con gli obblighi di conformit\u00e0.<\/p><\/div><\/div>\n<\/div>\n\n\n\n<div class=\"wp-block-uagb-container uagb-block-5fwezb9w\">\n<div class=\"wp-block-uagb-info-box uagb-block-moioryqk uagb-infobox__content-wrap  uagb-infobox-icon-above-title uagb-infobox-image-valign-top\"><div class=\"uagb-ifb-content\"><div class=\"uagb-ifb-title-wrap\"><h3 class=\"uagb-ifb-title\">Consulenza e supporto normativo<\/h3><\/div><p class=\"uagb-ifb-desc\">Vi aiutiamo a comprendere e a rispettare gli obblighi di LI in diverse giurisdizioni. I nostri servizi di consulenza comprendono valutazioni di conformit\u00e0, allineamento agli standard ETSI, progettazione dell'architettura, preparazione degli audit e monitoraggio normativo continuo per mantenervi conformi all'evoluzione delle norme.<\/p><\/div><\/div>\n<\/div>\n\n\n\n<div class=\"wp-block-uagb-container uagb-block-cva62u4v\">\n<div class=\"wp-block-uagb-info-box uagb-block-iyh7sjbq uagb-infobox__content-wrap  uagb-infobox-icon-above-title uagb-infobox-image-valign-top\"><div class=\"uagb-ifb-content\"><div class=\"uagb-ifb-title-wrap\"><h3 class=\"uagb-ifb-title\">Servizi di fatturazione<\/h3><\/div><p class=\"uagb-ifb-desc\">Gestiamo l'intero ciclo di fatturazione e rimborso per le attivit\u00e0 di intercettazione legale, tracciando automaticamente gli eventi, calcolando i costi in base ai quadri normativi applicabili e gestendo la generazione delle fatture e la riscossione dei pagamenti con le forze dell'ordine in diverse giurisdizioni.<\/p><\/div><\/div>\n<\/div>\n<\/div>\n<\/div><\/div>\n\n\n\n<div class=\"wp-block-group alignfull is-layout-flow wp-block-group-is-layout-flow\" style=\"padding-top:0;padding-right:0;padding-bottom:0;padding-left:0\">\n<div style=\"background: linear-gradient(135deg, #0f1923 0%, #1a2940 100%); padding: 80px 20px; position: relative;\">\n  <div style=\"position: absolute; top: 0; left: 0; right: 0; height: 3px; background: linear-gradient(90deg, #e94560, #ff6b35, #e94560);\"><\/div>\n  <div style=\"max-width: 1000px; margin: 0 auto;\">\n    <p style=\"color: #e94560; font-size: 13px; font-weight: 700; letter-spacing: 3px; text-transform: uppercase; margin-bottom: 8px; text-align: center;\">Scadenza di conformit\u00e0: 18 agosto 2026<\/p>\n    <h2 style=\"color: #ffffff; font-size: 34px; font-weight: 700; margin-bottom: 20px; line-height: 1.3; text-align: center;\">Conformit\u00e0 alla e-Evidence per i fornitori di telecomunicazioni<\/h2>\n    <p style=\"color: #b0b8c8; font-size: 17px; line-height: 1.7; margin-bottom: 30px; text-align: center;\">Ai sensi del Regolamento UE 2023\/1543, gli operatori di telecomunicazioni rientrano esplicitamente nel campo di applicazione in quanto fornitori di servizi di comunicazione elettronica. Le autorit\u00e0 preposte all'applicazione della legge in tutta Europa possono ora emettere ordini di produzione europei (EPOC) e ordini di conservazione (EPOC-PR) direttamente alle societ\u00e0 di telecomunicazioni, richiedendo la divulgazione dei dati degli abbonati, dei registri di accesso, dei CDR e persino dei dati sui contenuti entro scadenze rigorose.<\/p>\n    \n    <div style=\"display: grid; grid-template-columns: repeat(auto-fit, minmax(280px, 1fr)); gap: 25px; margin-bottom: 35px;\">\n      <div style=\"background: rgba(255,255,255,0.04); border-radius: 8px; padding: 28px; border: 1px solid rgba(255,255,255,0.08);\">\n        <h3 style=\"color: #ffffff; font-size: 20px; font-weight: 600; margin-bottom: 12px;\">Categorie di dati Telco nell'ambito dell'EPOC<\/h3>\n        <p style=\"color: #8892a4; font-size: 15px; line-height: 1.6; margin: 0;\">I dati degli abbonati (MSISDN, IMSI, dati del cliente), i dati di accesso (log IP, cell-ID, timestamp di accesso), i dati transazionali (CDR, record di fatturazione) e i dati di contenuto rientrano tutti nelle quattro categorie di dati EPOC. ICS mappa automaticamente i dati BSS\/OSS esistenti alla normativa.<\/p>\n      <\/div>\n      <div style=\"background: rgba(255,255,255,0.04); border-radius: 8px; padding: 28px; border: 1px solid rgba(255,255,255,0.08);\">\n        <h3 style=\"color: #ffffff; font-size: 20px; font-weight: 600; margin-bottom: 12px;\">Estende l'infrastruttura LI esistente<\/h3>\n        <p style=\"color: #8892a4; font-size: 15px; line-height: 1.6; margin: 0;\">ICS e-Evidence si integra direttamente con il LIMS e la piattaforma di mediazione LI esistenti. Nessun silo separato. La stessa architettura conforme alle norme ETSI che gi\u00e0 utilizzate per le intercettazioni legali ora gestisce gli ordini di e-Evidence, con l'estrazione automatica dei dati dai vostri sistemi di provisioning e CDR.<\/p>\n      <\/div>\n      <div style=\"background: rgba(255,255,255,0.04); border-radius: 8px; padding: 28px; border: 1px solid rgba(255,255,255,0.08);\">\n        <h3 style=\"color: #ffffff; font-size: 20px; font-weight: 600; margin-bottom: 12px;\">Costruito per il volume delle telecomunicazioni<\/h3>\n        <p style=\"color: #8892a4; font-size: 15px; line-height: 1.6; margin: 0;\">Le societ\u00e0 di telecomunicazioni che servono milioni di abbonati si troveranno ad affrontare elevati volumi di ordini EPOC. Il nostro motore di automazione gestisce l'elaborazione di grandi quantit\u00e0, l'integrazione API con BSS\/OSS e la prontezza operativa 24 ore su 24, 7 giorni su 7, compreso lo SLA di risposta di emergenza di 8 ore per i casi di terrorismo e di minaccia imminente.<\/p>\n      <\/div>\n      <div style=\"background: rgba(255,255,255,0.04); border-radius: 8px; padding: 28px; border: 1px solid rgba(255,255,255,0.08);\">\n        <h3 style=\"color: #ffffff; font-size: 20px; font-weight: 600; margin-bottom: 12px;\">Il prossimo livello di conformit\u00e0 su TKG\/TK\u00dcV<\/h3>\n        <p style=\"color: #8892a4; font-size: 15px; line-height: 1.6; margin: 0;\">Siete gi\u00e0 conformi a TKG \u00a7170ff, TR TK\u00dcV e Vorratsdatenspeicherung\/Quick-Freeze. e-Evidence \u00e8 il prossimo livello di conformit\u00e0 obbligatorio. ICS la posiziona come un'estensione naturale di ci\u00f2 che gi\u00e0 avete, non come un sistema separato da gestire.<\/p>\n      <\/div>\n    <\/div>\n    \n    <div style=\"text-align: center;\">\n      <a href=\"\/it\/soluzioni\/e-conformita-delle-prove\/\" style=\"display: inline-block; background: #e94560; color: #ffffff; padding: 15px 36px; border-radius: 4px; text-decoration: none; font-weight: 600; font-size: 16px;\">Per saperne di pi\u00f9 su e-Evidence per le telecomunicazioni<\/a>\n    <\/div>\n  <\/div>\n<\/div>\n<\/div>\n\n\n\n<div class=\"wp-block-uagb-container uagb-block-g2drhzrc alignfull uagb-is-root-container\"><div class=\"uagb-container-inner-blocks-wrap\">\n<div class=\"wp-block-uagb-info-box uagb-block-ljqw0ixd uagb-infobox__content-wrap  uagb-infobox-icon-above-title uagb-infobox-image-valign-top\"><div class=\"uagb-ifb-content\"><div class=\"uagb-ifb-title-wrap\"><h2 class=\"uagb-ifb-title\">Perch\u00e9 le telecomunicazioni scelgono ICS per l'intercettazione legale<\/h2><\/div><\/div><\/div>\n\n\n\n<div class=\"wp-block-uagb-container uagb-block-6tcuhtpz\">\n<div class=\"wp-block-uagb-info-box uagb-block-8pg020ul uagb-infobox__content-wrap  uagb-infobox-icon-above-title uagb-infobox-image-valign-top\"><div class=\"uagb-ifb-content\"><div class=\"uagb-ifb-title-wrap\"><p class=\"uagb-ifb-title\">Gli operatori di telecomunicazioni hanno bisogno di soluzioni per l'intercettazione legale che funzionino in modo affidabile su diverse tecnologie di rete, che siano conformi a diversi quadri normativi e che siano scalabili da piccole operazioni a volumi elevati. ICS combina una profonda esperienza negli standard ETSI e 3GPP con una conoscenza pratica dell'implementazione in ambienti fissi, mobili, IP e OTT.<\/p><\/div><p class=\"uagb-ifb-desc\">Che abbiate bisogno di un servizio gestito completo, di un'integrazione personalizzata con sistemi preesistenti, di piattaforme software autonome o di un supporto di consulenza specializzato, adattiamo le nostre soluzioni alle vostre esigenze specifiche. Il nostro team collabora direttamente con gli operatori, le autorit\u00e0 di regolamentazione e le forze dell'ordine, e questo ci consente di disporre delle competenze interfunzionali necessarie per fornire implementazioni LI conformi e pronte per la revisione.<\/p><\/div><\/div>\n\n\n\n<div class=\"wp-block-uagb-container uagb-block-wbeleqcl\">\n<div class=\"wp-block-uagb-info-box uagb-block-u32x3gei uagb-infobox__content-wrap  uagb-infobox-icon-left-title uagb-infobox-left uagb-infobox-image-valign-middle\"><div class=\"uagb-ifb-content\"><div class=\"uagb-ifb-left-title-image\"><div class=\"uagb-ifb-icon-wrap\"><svg xmlns=\"https:\/\/www.w3.org\/2000\/svg\" viewbox=\"0 0 448 512\"><path d=\"M438.6 105.4C451.1 117.9 451.1 138.1 438.6 150.6L182.6 406.6C170.1 419.1 149.9 419.1 137.4 406.6L9.372 278.6C-3.124 266.1-3.124 245.9 9.372 233.4C21.87 220.9 42.13 220.9 54.63 233.4L159.1 338.7L393.4 105.4C405.9 92.88 426.1 92.88 438.6 105.4H438.6z\"><\/path><\/svg><\/div><div class=\"uagb-ifb-title-wrap\"><p class=\"uagb-ifb-title\">Soluzioni orientate all'innovazione<\/p><\/div><\/div><p class=\"uagb-ifb-desc\">La nostra architettura modulare consente di iniziare con le funzionalit\u00e0 di base e di espandersi in base all'evoluzione delle esigenze. Tutte le soluzioni seguono i modelli di riferimento ETSI e 3GPP, garantendo l'interoperabilit\u00e0, la sicurezza per il futuro e l'allineamento alle best practice internazionali.<\/p><div class=\"uagb-ifb-separator\"><\/div><\/div><\/div>\n\n\n\n<div class=\"wp-block-uagb-info-box uagb-block-wxv9ztrl uagb-infobox__content-wrap  uagb-infobox-icon-left-title uagb-infobox-left uagb-infobox-image-valign-middle\"><div class=\"uagb-ifb-content\"><div class=\"uagb-ifb-left-title-image\"><div class=\"uagb-ifb-icon-wrap\"><svg xmlns=\"https:\/\/www.w3.org\/2000\/svg\" viewbox=\"0 0 448 512\"><path d=\"M438.6 105.4C451.1 117.9 451.1 138.1 438.6 150.6L182.6 406.6C170.1 419.1 149.9 419.1 137.4 406.6L9.372 278.6C-3.124 266.1-3.124 245.9 9.372 233.4C21.87 220.9 42.13 220.9 54.63 233.4L159.1 338.7L393.4 105.4C405.9 92.88 426.1 92.88 438.6 105.4H438.6z\"><\/path><\/svg><\/div><div class=\"uagb-ifb-title-wrap\"><p class=\"uagb-ifb-title\">Approccio personalizzato<\/p><\/div><\/div><p class=\"uagb-ifb-desc\">Ogni operatore ha topologie di rete, portafogli di servizi e contesti normativi diversi. Adattiamo le implementazioni al vostro ambiente specifico, che si tratti dell'integrazione con core multi-vendor, del supporto di requisiti nazionali unici o dell'adattamento a tipi di servizi specializzati.<\/p><div class=\"uagb-ifb-separator\"><\/div><\/div><\/div>\n\n\n\n<div class=\"wp-block-uagb-info-box uagb-block-1xtpl6ce uagb-infobox__content-wrap  uagb-infobox-icon-left-title uagb-infobox-left uagb-infobox-image-valign-middle\"><div class=\"uagb-ifb-content\"><div class=\"uagb-ifb-left-title-image\"><div class=\"uagb-ifb-icon-wrap\"><svg xmlns=\"https:\/\/www.w3.org\/2000\/svg\" viewbox=\"0 0 448 512\"><path d=\"M438.6 105.4C451.1 117.9 451.1 138.1 438.6 150.6L182.6 406.6C170.1 419.1 149.9 419.1 137.4 406.6L9.372 278.6C-3.124 266.1-3.124 245.9 9.372 233.4C21.87 220.9 42.13 220.9 54.63 233.4L159.1 338.7L393.4 105.4C405.9 92.88 426.1 92.88 438.6 105.4H438.6z\"><\/path><\/svg><\/div><div class=\"uagb-ifb-title-wrap\"><p class=\"uagb-ifb-title\">Servizio clienti di qualit\u00e0 superiore<\/p><\/div><\/div><p class=\"uagb-ifb-desc\">Dalla valutazione iniziale fino all'assistenza a lungo termine, il nostro team fornisce un'assistenza tempestiva per problemi tecnici, questioni normative e sfide operative. Siamo il vostro partner per mantenere un'intercettazione legale conforme e affidabile, in linea con l'evoluzione della vostra rete e dei vostri servizi.<\/p><div class=\"uagb-ifb-separator\"><\/div><\/div><\/div>\n<\/div>\n<\/div>\n<\/div><\/div>","protected":false},"excerpt":{"rendered":"<p>Compliance Deadline: August 18, 2026 e-Evidence Compliance for Telecommunications Providers Under EU Regulation 2023\/1543, telecommunications operators are explicitly in scope [&hellip;]<\/p>\n","protected":false},"author":2,"featured_media":0,"parent":1432,"menu_order":0,"comment_status":"closed","ping_status":"closed","template":"","meta":{"_uag_custom_page_level_css":"","site-sidebar-layout":"default","site-content-layout":"","ast-site-content-layout":"default","site-content-style":"default","site-sidebar-style":"default","ast-global-header-display":"","ast-banner-title-visibility":"","ast-main-header-display":"","ast-hfb-above-header-display":"","ast-hfb-below-header-display":"","ast-hfb-mobile-header-display":"","site-post-title":"disabled","ast-breadcrumbs-content":"","ast-featured-img":"","footer-sml-layout":"","ast-disable-related-posts":"","theme-transparent-header-meta":"","adv-header-id-meta":"","stick-header-meta":"","header-above-stick-meta":"","header-main-stick-meta":"","header-below-stick-meta":"","astra-migrate-meta-layouts":"default","ast-page-background-enabled":"default","ast-page-background-meta":{"desktop":{"background-color":"var(--ast-global-color-5)","background-image":"","background-repeat":"repeat","background-position":"center center","background-size":"auto","background-attachment":"scroll","background-type":"","background-media":"","overlay-type":"","overlay-color":"","overlay-opacity":"","overlay-gradient":""},"tablet":{"background-color":"","background-image":"","background-repeat":"repeat","background-position":"center center","background-size":"auto","background-attachment":"scroll","background-type":"","background-media":"","overlay-type":"","overlay-color":"","overlay-opacity":"","overlay-gradient":""},"mobile":{"background-color":"","background-image":"","background-repeat":"repeat","background-position":"center center","background-size":"auto","background-attachment":"scroll","background-type":"","background-media":"","overlay-type":"","overlay-color":"","overlay-opacity":"","overlay-gradient":""}},"ast-content-background-meta":{"desktop":{"background-color":"var(--ast-global-color-4)","background-image":"","background-repeat":"repeat","background-position":"center center","background-size":"auto","background-attachment":"scroll","background-type":"","background-media":"","overlay-type":"","overlay-color":"","overlay-opacity":"","overlay-gradient":""},"tablet":{"background-color":"var(--ast-global-color-4)","background-image":"","background-repeat":"repeat","background-position":"center center","background-size":"auto","background-attachment":"scroll","background-type":"","background-media":"","overlay-type":"","overlay-color":"","overlay-opacity":"","overlay-gradient":""},"mobile":{"background-color":"var(--ast-global-color-4)","background-image":"","background-repeat":"repeat","background-position":"center center","background-size":"auto","background-attachment":"scroll","background-type":"","background-media":"","overlay-type":"","overlay-color":"","overlay-opacity":"","overlay-gradient":""}},"footnotes":""},"class_list":["post-1434","page","type-page","status-publish","hentry"],"uagb_featured_image_src":{"full":false,"thumbnail":false,"medium":false,"medium_large":false,"large":false,"1536x1536":false,"2048x2048":false,"trp-custom-language-flag":false},"uagb_author_info":{"display_name":"chatgpt","author_link":"https:\/\/ic-services.io\/it\/author\/chatgpt\/"},"uagb_comment_info":0,"uagb_excerpt":"Compliance Deadline: August 18, 2026 e-Evidence Compliance for Telecommunications Providers Under EU Regulation 2023\/1543, telecommunications operators are explicitly in scope [&hellip;]","_links":{"self":[{"href":"https:\/\/ic-services.io\/it\/wp-json\/wp\/v2\/pages\/1434","targetHints":{"allow":["GET"]}}],"collection":[{"href":"https:\/\/ic-services.io\/it\/wp-json\/wp\/v2\/pages"}],"about":[{"href":"https:\/\/ic-services.io\/it\/wp-json\/wp\/v2\/types\/page"}],"author":[{"embeddable":true,"href":"https:\/\/ic-services.io\/it\/wp-json\/wp\/v2\/users\/2"}],"replies":[{"embeddable":true,"href":"https:\/\/ic-services.io\/it\/wp-json\/wp\/v2\/comments?post=1434"}],"version-history":[{"count":9,"href":"https:\/\/ic-services.io\/it\/wp-json\/wp\/v2\/pages\/1434\/revisions"}],"predecessor-version":[{"id":2296,"href":"https:\/\/ic-services.io\/it\/wp-json\/wp\/v2\/pages\/1434\/revisions\/2296"}],"up":[{"embeddable":true,"href":"https:\/\/ic-services.io\/it\/wp-json\/wp\/v2\/pages\/1432"}],"wp:attachment":[{"href":"https:\/\/ic-services.io\/it\/wp-json\/wp\/v2\/media?parent=1434"}],"curies":[{"name":"wp","href":"https:\/\/api.w.org\/{rel}","templated":true}]}}