{"id":1436,"date":"2026-01-27T17:38:00","date_gmt":"2026-01-27T16:38:00","guid":{"rendered":"https:\/\/dev.ic-services.io\/?page_id=1436"},"modified":"2026-03-14T16:57:23","modified_gmt":"2026-03-14T15:57:23","slug":"intercettazione-da-parte-delle-forze-dellordine","status":"publish","type":"page","link":"https:\/\/ic-services.io\/it\/industries\/law-enforcement-interception\/","title":{"rendered":"Autorit\u00e0 di regolamentazione e di polizia"},"content":{"rendered":"<div class=\"wp-block-uagb-container uagb-block-rrnmnoer alignfull uagb-is-root-container\">\n<div class=\"wp-block-uagb-container uagb-block-896yetqm\">\n<div class=\"wp-block-uagb-info-box uagb-block-igyvepv8 uagb-infobox__content-wrap  uagb-infobox-icon-above-title uagb-infobox-image-valign-top\"><div class=\"uagb-ifb-content\"><div class=\"uagb-ifb-title-wrap\"><h1 class=\"uagb-ifb-title\">Collaborare con le autorit\u00e0 di regolamentazione e le forze dell'ordine<\/h1><\/div><\/div><\/div>\n\n\n\n<div class=\"wp-block-uagb-container uagb-block-utxhl7gi\">\n<div class=\"wp-block-uagb-info-box uagb-block-kotvdy5k uagb-infobox__content-wrap  uagb-infobox-icon-above-title uagb-infobox-image-valign-top\"><div class=\"uagb-ifb-content\"><div class=\"uagb-ifb-title-wrap\"><\/div><p class=\"uagb-ifb-desc\">L'ICS collabora con gli enti normativi e le forze dell'ordine per garantire che i fornitori di servizi di comunicazione implementino funzionalit\u00e0 di intercettazione legale che soddisfino i requisiti nazionali, facilitino la consegna tempestiva e accurata dei dati e supportino indagini efficaci, proteggendo al contempo i diritti alla privacy.<\/p><\/div><\/div>\n\n\n\n<div class=\"wp-block-uagb-buttons uagb-buttons__outer-wrap uagb-btn__default-btn uagb-btn-tablet__default-btn uagb-btn-mobile__default-btn uagb-block-msaj3tia\"><div class=\"uagb-buttons__wrap uagb-buttons-layout-wrap\">\n<div class=\"wp-block-uagb-buttons-child uagb-buttons__outer-wrap uagb-block-ujc3c5sa wp-block-button\"><div class=\"uagb-button__wrapper\"><a class=\"uagb-buttons-repeater wp-block-button__link\" aria-label=\"\" href=\"\/it\/contatto\/\" rel=\"follow noopener\" target=\"_self\" role=\"button\"><div class=\"uagb-button__link\">contattaci<\/div><\/a><\/div><\/div>\n<\/div><\/div>\n<\/div>\n<\/div>\n\n\n\n<div class=\"wp-block-uagb-container uagb-block-dghmpdrz alignfull uagb-is-root-container\"><\/div>\n<\/div>\n\n\n\n<div class=\"wp-block-uagb-container uagb-block-ecaxldog alignfull uagb-is-root-container\"><div class=\"uagb-container-inner-blocks-wrap\">\n<div class=\"wp-block-uagb-info-box uagb-block-nlha14ax uagb-infobox__content-wrap  uagb-infobox-icon-above-title uagb-infobox-image-valign-top\"><div class=\"uagb-ifb-content\"><div class=\"uagb-ifb-title-wrap\"><h2 class=\"uagb-ifb-title\">Come supportiamo gli enti normativi e le forze dell'ordine<\/h2><\/div><p class=\"uagb-ifb-desc\">La nostra esperienza colma il divario tra capacit\u00e0 tecniche, requisiti legali e realt\u00e0 operativa, aiutando le agenzie a ricevere i dati di cui hanno bisogno in formati conformi e utilizzabili.<\/p><\/div><\/div>\n\n\n\n<div class=\"wp-block-uagb-container uagb-layout-grid uagb-block-7e93wkbv\">\n<div class=\"wp-block-uagb-container uagb-block-tjbfbac7\">\n<div class=\"wp-block-uagb-info-box uagb-block-ipnxembk uagb-infobox__content-wrap  uagb-infobox-icon-above-title uagb-infobox-image-valign-top\"><div class=\"uagb-ifb-content\"><div class=\"uagb-ifb-title-wrap\"><p class=\"uagb-ifb-title-prefix\">01<\/p><h3 class=\"uagb-ifb-title\">Supporto all'implementazione degli standard<\/h3><\/div><p class=\"uagb-ifb-desc\">Aiutiamo le autorit\u00e0 di regolamentazione a sviluppare quadri nazionali di intercettazione legale allineati agli standard internazionali ETSI e 3GPP. Il nostro team assiste nello sviluppo delle specifiche tecniche, nella definizione dei parametri nazionali e nei documenti di orientamento che i CSP possono implementare in modo coerente in tutta la giurisdizione.<\/p><\/div><\/div>\n<\/div>\n\n\n\n<div class=\"wp-block-uagb-container uagb-block-wvuli0ha\">\n<div class=\"wp-block-uagb-info-box uagb-block-1yy1iobw uagb-infobox__content-wrap  uagb-infobox-icon-above-title uagb-infobox-image-valign-top\"><div class=\"uagb-ifb-content\"><div class=\"uagb-ifb-title-wrap\"><p class=\"uagb-ifb-title-prefix\">02<\/p><h3 class=\"uagb-ifb-title\">Valutazione e certificazione degli operatori<\/h3><\/div><p class=\"uagb-ifb-desc\">Supportiamo gli enti normativi nella valutazione della conformit\u00e0 dei CSP attraverso valutazioni tecniche, test di interfaccia e audit di sistema. La nostra esperienza indipendente aiuta a verificare che i sistemi implementati soddisfino i requisiti e siano in grado di fornire i dati nei formati e nei tempi corretti.<\/p><\/div><\/div>\n<\/div>\n\n\n\n<div class=\"wp-block-uagb-container uagb-block-9ntxx0tf\">\n<div class=\"wp-block-uagb-info-box uagb-block-gcglow86 uagb-infobox__content-wrap  uagb-infobox-icon-above-title uagb-infobox-image-valign-top\"><div class=\"uagb-ifb-content\"><div class=\"uagb-ifb-title-wrap\"><p class=\"uagb-ifb-title-prefix\">03<\/p><h3 class=\"uagb-ifb-title\">Interfaccia LEA e inserimento<\/h3><\/div><p class=\"uagb-ifb-desc\">Assistiamo le strutture di monitoraggio delle forze dell'ordine con l'onboarding tecnico ai sistemi CSP, compresa la configurazione dell'interfaccia di handover, la gestione dei certificati, la convalida del formato e il test di consegna. Il nostro team garantisce una connettivit\u00e0 sicura e affidabile per la ricezione dei dati di intercettazione legale.<\/p><\/div><\/div>\n<\/div>\n\n\n\n<div class=\"wp-block-uagb-container uagb-block-evbiugau\">\n<div class=\"wp-block-uagb-info-box uagb-block-5h9aqapf uagb-infobox__content-wrap  uagb-infobox-icon-above-title uagb-infobox-image-valign-top\"><div class=\"uagb-ifb-content\"><div class=\"uagb-ifb-title-wrap\"><p class=\"uagb-ifb-title-prefix\">04<\/p><h3 class=\"uagb-ifb-title\">Formazione e sviluppo delle capacit\u00e0<\/h3><\/div><p class=\"uagb-ifb-desc\">Forniamo programmi di formazione per il personale di regolamentazione e i team tecnici delle forze dell'ordine che coprono gli standard ETSI, i protocolli di interfaccia, i formati dei dati e la risoluzione dei problemi. In questo modo si costruisce un'esperienza interna per la supervisione continua e il supporto operativo.<\/p><\/div><\/div>\n<\/div>\n\n\n\n<div class=\"wp-block-uagb-container uagb-block-pfvmz39g\">\n<div class=\"wp-block-uagb-info-box uagb-block-5zjp1vkw uagb-infobox__content-wrap  uagb-infobox-icon-above-title uagb-infobox-image-valign-top\"><div class=\"uagb-ifb-content\"><div class=\"uagb-ifb-title-wrap\"><p class=\"uagb-ifb-title-prefix\">05<\/p><h3 class=\"uagb-ifb-title\">Coordinamento multigiurisdizionale<\/h3><\/div><p class=\"uagb-ifb-desc\">Per le agenzie che lavorano a livello transfrontaliero o con partner internazionali, facilitiamo il coordinamento intergiurisdizionale, l'armonizzazione dei formati e i processi di assistenza legale reciproca. La nostra esperienza con diversi quadri nazionali aiuta a semplificare la cooperazione internazionale.<\/p><\/div><\/div>\n<\/div>\n\n\n\n<div class=\"wp-block-uagb-container uagb-block-8yjpnzxb\">\n<div class=\"wp-block-uagb-info-box uagb-block-hrlv5gym uagb-infobox__content-wrap  uagb-infobox-icon-above-title uagb-infobox-image-valign-top\"><div class=\"uagb-ifb-content\"><div class=\"uagb-ifb-title-wrap\"><p class=\"uagb-ifb-title-prefix\">06<\/p><h3 class=\"uagb-ifb-title\">Assicurazione e monitoraggio della qualit\u00e0<\/h3><\/div><p class=\"uagb-ifb-desc\">Aiutiamo le agenzie a stabilire processi di monitoraggio della qualit\u00e0 per i dati ricevuti, tra cui la convalida automatica, i controlli di completezza e il monitoraggio delle prestazioni di consegna. Ci\u00f2 garantisce che i CSP mantengano la conformit\u00e0 nel tempo e che i dati rimangano utilizzabili per le indagini.<\/p><\/div><\/div>\n<\/div>\n<\/div>\n<\/div><\/div>\n\n\n\n<div class=\"wp-block-uagb-container uagb-block-murcuvie alignfull uagb-is-root-container\"><div class=\"uagb-container-inner-blocks-wrap\">\n<div class=\"wp-block-uagb-info-box uagb-block-hcero9nd uagb-infobox__content-wrap  uagb-infobox-icon-above-title uagb-infobox-image-valign-top\"><div class=\"uagb-ifb-content\"><div class=\"uagb-ifb-title-wrap\"><h2 class=\"uagb-ifb-title\">Soluzioni innovative per le sfide moderne<\/h2><\/div><\/div><\/div>\n\n\n\n<div class=\"wp-block-uagb-container uagb-block-jkebwqip\">\n<div class=\"wp-block-uagb-info-box uagb-block-sbdkqx8o uagb-infobox__content-wrap  uagb-infobox-icon-above-title uagb-infobox-image-valign-top\"><div class=\"uagb-ifb-content\"><div class=\"uagb-ifb-title-wrap\"><\/div><p class=\"uagb-ifb-desc\">Le forze dell'ordine e gli enti normativi si trovano ad affrontare sfide in continua evoluzione, mentre i servizi di comunicazione migrano verso l'IP, le piattaforme OTT proliferano e la cooperazione transfrontaliera diventa essenziale. ICS fornisce le competenze tecniche e l'esperienza pratica per affrontare queste sfide, bilanciando le esigenze investigative con la protezione della privacy e i vincoli operativi dei CSP.<\/p><\/div><\/div>\n\n\n\n<div class=\"wp-block-uagb-info-box uagb-block-7wob1ylg uagb-infobox__content-wrap  uagb-infobox-icon-above-title uagb-infobox-image-valign-top\"><div class=\"uagb-ifb-content\"><div class=\"uagb-ifb-title-wrap\"><\/div><p class=\"uagb-ifb-desc\">Lavoriamo in modo neutrale con tutte le parti interessate: le autorit\u00e0 di regolamentazione che definiscono i requisiti, i CSP che implementano le funzionalit\u00e0 e le forze dell'ordine che ricevono i dati, per garantire che i sistemi di intercettazione legale forniscano risultati utilizzabili, tempestivi e conformi. Il nostro team comprende sia i protocolli tecnici che le realt\u00e0 operative che rendono efficace l'intercettazione.<\/p><\/div><\/div>\n<\/div>\n\n\n\n<div class=\"wp-block-uagb-separator uagb-block-en3qspjh\"><div class=\"wp-block-uagb-separator__inner\" style=\"--my-background-image:\"><\/div><\/div>\n\n\n\n<div class=\"wp-block-uagb-container uagb-block-2gpisr2j\">\n<div class=\"wp-block-uagb-info-box uagb-block-1oxxbehi uagb-infobox__content-wrap  uagb-infobox-icon-above-title uagb-infobox-image-valign-top\"><div class=\"uagb-ifb-content\"><div class=\"uagb-ifb-icon-wrap\"><svg xmlns=\"https:\/\/www.w3.org\/2000\/svg\" viewbox=\"0 0 448 512\"><path d=\"M438.6 105.4C451.1 117.9 451.1 138.1 438.6 150.6L182.6 406.6C170.1 419.1 149.9 419.1 137.4 406.6L9.372 278.6C-3.124 266.1-3.124 245.9 9.372 233.4C21.87 220.9 42.13 220.9 54.63 233.4L159.1 338.7L393.4 105.4C405.9 92.88 426.1 92.88 438.6 105.4H438.6z\"><\/path><\/svg><\/div><div class=\"uagb-ifb-title-wrap\"><p class=\"uagb-ifb-title\">Neutralit\u00e0 tecnica<\/p><\/div><p class=\"uagb-ifb-desc\">Forniamo un'esperienza indipendente che serve gli interessi di tutte le parti: aiutiamo le autorit\u00e0 di regolamentazione a stabilire requisiti realizzabili, consentiamo ai CSP di implementare in modo efficiente e garantiamo alle agenzie di ricevere dati utilizzabili. Le nostre raccomandazioni danno priorit\u00e0 a soluzioni praticabili e basate su standard.<\/p><\/div><\/div>\n\n\n\n<div class=\"wp-block-uagb-info-box uagb-block-hvt2qacd uagb-infobox__content-wrap  uagb-infobox-icon-above-title uagb-infobox-image-valign-top\"><div class=\"uagb-ifb-content\"><div class=\"uagb-ifb-icon-wrap\"><svg xmlns=\"https:\/\/www.w3.org\/2000\/svg\" viewbox=\"0 0 448 512\"><path d=\"M438.6 105.4C451.1 117.9 451.1 138.1 438.6 150.6L182.6 406.6C170.1 419.1 149.9 419.1 137.4 406.6L9.372 278.6C-3.124 266.1-3.124 245.9 9.372 233.4C21.87 220.9 42.13 220.9 54.63 233.4L159.1 338.7L393.4 105.4C405.9 92.88 426.1 92.88 438.6 105.4H438.6z\"><\/path><\/svg><\/div><div class=\"uagb-ifb-title-wrap\"><p class=\"uagb-ifb-title\">Allineamento agli standard<\/p><\/div><p class=\"uagb-ifb-desc\">Tutte le nostre linee guida e implementazioni seguono gli standard ETSI, 3GPP e gli standard nazionali pertinenti, garantendo interoperabilit\u00e0, ammissibilit\u00e0 delle prove e sostenibilit\u00e0 a lungo termine. Aiutiamo a tradurre i quadri internazionali in pratiche implementazioni nazionali.<\/p><\/div><\/div>\n\n\n\n<div class=\"wp-block-uagb-info-box uagb-block-jatmsoq4 uagb-infobox__content-wrap  uagb-infobox-icon-above-title uagb-infobox-image-valign-top\"><div class=\"uagb-ifb-content\"><div class=\"uagb-ifb-icon-wrap\"><svg xmlns=\"https:\/\/www.w3.org\/2000\/svg\" viewbox=\"0 0 448 512\"><path d=\"M438.6 105.4C451.1 117.9 451.1 138.1 438.6 150.6L182.6 406.6C170.1 419.1 149.9 419.1 137.4 406.6L9.372 278.6C-3.124 266.1-3.124 245.9 9.372 233.4C21.87 220.9 42.13 220.9 54.63 233.4L159.1 338.7L393.4 105.4C405.9 92.88 426.1 92.88 438.6 105.4H438.6z\"><\/path><\/svg><\/div><div class=\"uagb-ifb-title-wrap\"><p class=\"uagb-ifb-title\">Esperienza transfrontaliera<\/p><\/div><p class=\"uagb-ifb-desc\">Il nostro team ha collaborato con enti normativi e agenzie di diversi Paesi europei, il che ci ha permesso di conoscere a fondo i diversi approcci, le sfide comuni e le pratiche efficaci che possono essere adattate alle specifiche giurisdizioni.<\/p><\/div><\/div>\n\n\n\n<div class=\"wp-block-uagb-info-box uagb-block-ejfb27cw uagb-infobox__content-wrap  uagb-infobox-icon-above-title uagb-infobox-image-valign-top\"><div class=\"uagb-ifb-content\"><div class=\"uagb-ifb-icon-wrap\"><svg xmlns=\"https:\/\/www.w3.org\/2000\/svg\" viewbox=\"0 0 448 512\"><path d=\"M438.6 105.4C451.1 117.9 451.1 138.1 438.6 150.6L182.6 406.6C170.1 419.1 149.9 419.1 137.4 406.6L9.372 278.6C-3.124 266.1-3.124 245.9 9.372 233.4C21.87 220.9 42.13 220.9 54.63 233.4L159.1 338.7L393.4 105.4C405.9 92.88 426.1 92.88 438.6 105.4H438.6z\"><\/path><\/svg><\/div><div class=\"uagb-ifb-title-wrap\"><p class=\"uagb-ifb-title\">Focus operativo<\/p><\/div><p class=\"uagb-ifb-desc\">Oltre alla conformit\u00e0 tecnica, poniamo l'accento sull'efficacia operativa, garantendo che i dati arrivino in tempo per supportare le indagini, che i formati siano utilizzabili dagli analisti e che i processi siano sostenibili a lungo termine sia per i CSP che per le agenzie.<\/p><\/div><\/div>\n<\/div>\n<\/div><\/div>","protected":false},"excerpt":{"rendered":"","protected":false},"author":2,"featured_media":0,"parent":1432,"menu_order":0,"comment_status":"closed","ping_status":"closed","template":"","meta":{"_uag_custom_page_level_css":"","site-sidebar-layout":"default","site-content-layout":"","ast-site-content-layout":"default","site-content-style":"default","site-sidebar-style":"default","ast-global-header-display":"","ast-banner-title-visibility":"","ast-main-header-display":"","ast-hfb-above-header-display":"","ast-hfb-below-header-display":"","ast-hfb-mobile-header-display":"","site-post-title":"disabled","ast-breadcrumbs-content":"","ast-featured-img":"","footer-sml-layout":"","ast-disable-related-posts":"","theme-transparent-header-meta":"","adv-header-id-meta":"","stick-header-meta":"","header-above-stick-meta":"","header-main-stick-meta":"","header-below-stick-meta":"","astra-migrate-meta-layouts":"default","ast-page-background-enabled":"default","ast-page-background-meta":{"desktop":{"background-color":"var(--ast-global-color-5)","background-image":"","background-repeat":"repeat","background-position":"center center","background-size":"auto","background-attachment":"scroll","background-type":"","background-media":"","overlay-type":"","overlay-color":"","overlay-opacity":"","overlay-gradient":""},"tablet":{"background-color":"","background-image":"","background-repeat":"repeat","background-position":"center center","background-size":"auto","background-attachment":"scroll","background-type":"","background-media":"","overlay-type":"","overlay-color":"","overlay-opacity":"","overlay-gradient":""},"mobile":{"background-color":"","background-image":"","background-repeat":"repeat","background-position":"center center","background-size":"auto","background-attachment":"scroll","background-type":"","background-media":"","overlay-type":"","overlay-color":"","overlay-opacity":"","overlay-gradient":""}},"ast-content-background-meta":{"desktop":{"background-color":"var(--ast-global-color-4)","background-image":"","background-repeat":"repeat","background-position":"center center","background-size":"auto","background-attachment":"scroll","background-type":"","background-media":"","overlay-type":"","overlay-color":"","overlay-opacity":"","overlay-gradient":""},"tablet":{"background-color":"var(--ast-global-color-4)","background-image":"","background-repeat":"repeat","background-position":"center center","background-size":"auto","background-attachment":"scroll","background-type":"","background-media":"","overlay-type":"","overlay-color":"","overlay-opacity":"","overlay-gradient":""},"mobile":{"background-color":"var(--ast-global-color-4)","background-image":"","background-repeat":"repeat","background-position":"center center","background-size":"auto","background-attachment":"scroll","background-type":"","background-media":"","overlay-type":"","overlay-color":"","overlay-opacity":"","overlay-gradient":""}},"footnotes":""},"class_list":["post-1436","page","type-page","status-publish","hentry"],"uagb_featured_image_src":{"full":false,"thumbnail":false,"medium":false,"medium_large":false,"large":false,"1536x1536":false,"2048x2048":false,"trp-custom-language-flag":false},"uagb_author_info":{"display_name":"chatgpt","author_link":"https:\/\/ic-services.io\/it\/author\/chatgpt\/"},"uagb_comment_info":0,"uagb_excerpt":null,"_links":{"self":[{"href":"https:\/\/ic-services.io\/it\/wp-json\/wp\/v2\/pages\/1436","targetHints":{"allow":["GET"]}}],"collection":[{"href":"https:\/\/ic-services.io\/it\/wp-json\/wp\/v2\/pages"}],"about":[{"href":"https:\/\/ic-services.io\/it\/wp-json\/wp\/v2\/types\/page"}],"author":[{"embeddable":true,"href":"https:\/\/ic-services.io\/it\/wp-json\/wp\/v2\/users\/2"}],"replies":[{"embeddable":true,"href":"https:\/\/ic-services.io\/it\/wp-json\/wp\/v2\/comments?post=1436"}],"version-history":[{"count":5,"href":"https:\/\/ic-services.io\/it\/wp-json\/wp\/v2\/pages\/1436\/revisions"}],"predecessor-version":[{"id":1839,"href":"https:\/\/ic-services.io\/it\/wp-json\/wp\/v2\/pages\/1436\/revisions\/1839"}],"up":[{"embeddable":true,"href":"https:\/\/ic-services.io\/it\/wp-json\/wp\/v2\/pages\/1432"}],"wp:attachment":[{"href":"https:\/\/ic-services.io\/it\/wp-json\/wp\/v2\/media?parent=1436"}],"curies":[{"name":"wp","href":"https:\/\/api.w.org\/{rel}","templated":true}]}}