{"id":2096,"date":"2026-03-16T18:55:54","date_gmt":"2026-03-16T17:55:54","guid":{"rendered":"https:\/\/ic-services.io\/?page_id=2096"},"modified":"2026-03-17T12:57:21","modified_gmt":"2026-03-17T11:57:21","slug":"e-conformita-delle-prove","status":"publish","type":"page","link":"https:\/\/ic-services.io\/it\/solutions\/e-evidence-compliance\/","title":{"rendered":"e-Evidenza"},"content":{"rendered":"<div class=\"wp-block-cover alignfull\" style=\"padding-top:8rem;padding-bottom:8rem;min-height:500px;aspect-ratio:unset;\"><span aria-hidden=\"true\" class=\"wp-block-cover__background has-black-background-color has-background-dim-70 has-background-dim\"><\/span><img loading=\"lazy\" decoding=\"async\" width=\"1200\" height=\"627\" class=\"wp-block-cover__image-background wp-image-2053\" alt=\"Bilancia della giustizia dorata su una scrivania accanto a un computer portatile, simbolo di legge ed equilibrio.\" src=\"https:\/\/ic-services.io\/wp-content\/uploads\/2026\/03\/pexels-photo-6077797-6077797.jpg\" data-object-fit=\"cover\" srcset=\"https:\/\/ic-services.io\/wp-content\/uploads\/2026\/03\/pexels-photo-6077797-6077797.jpg 1200w, https:\/\/ic-services.io\/wp-content\/uploads\/2026\/03\/pexels-photo-6077797-6077797-300x157.jpg 300w, https:\/\/ic-services.io\/wp-content\/uploads\/2026\/03\/pexels-photo-6077797-6077797-1024x535.jpg 1024w, https:\/\/ic-services.io\/wp-content\/uploads\/2026\/03\/pexels-photo-6077797-6077797-768x401.jpg 768w, https:\/\/ic-services.io\/wp-content\/uploads\/2026\/03\/pexels-photo-6077797-6077797-18x9.jpg 18w\" sizes=\"auto, (max-width: 1200px) 100vw, 1200px\" \/><div class=\"wp-block-cover__inner-container is-layout-flow wp-block-cover-is-layout-flow\">\n<h1 class=\"wp-block-heading has-text-align-center has-white-color has-text-color\" style=\"font-size:48px\">Conformit\u00e0 alle prove elettroniche<\/h1>\n\n\n\n<p class=\"has-text-align-center has-white-color has-text-color\" style=\"font-size:18px\">ICS fornisce una soluzione di conformit\u00e0 e-Evidence chiavi in mano che consente ai fornitori di servizi di comunicazione, alle piattaforme cloud e ai fornitori di servizi digitali in tutta l'UE di soddisfare tutti gli obblighi previsti dal Regolamento (UE) 2023\/1543.<\/p>\n<\/div><\/div>\n\n\n\n<div style=\"height:60px\" aria-hidden=\"true\" class=\"wp-block-spacer\"><\/div>\n\n\n\n<h2 class=\"wp-block-heading has-text-align-center\" style=\"font-size:36px\">Che cos'\u00e8 il Regolamento UE sulle prove elettroniche?<\/h2>\n\n\n\n<p class=\"has-text-align-center\" style=\"font-size:17px\">Poich\u00e9 oltre l'85% delle indagini penali si basa su prove digitali, il 12 luglio 2023 l'Unione europea ha adottato il regolamento (UE) 2023\/1543 e la direttiva (UE) 2023\/1544 per modernizzare la raccolta transfrontaliera delle prove. Il regolamento si applica direttamente in tutti gli Stati membri a partire dal 18 agosto 2026, mentre la direttiva richiede un recepimento nazionale entro il 18 febbraio 2026. In Germania lo statuto di attuazione - l'Elektronische-Beweismittel-Umsetzungs- und Durchf\u00fchrungsgesetz (EBewMG) - \u00e8 stato pubblicato nella Gazzetta Ufficiale Federale il 12 marzo 2026 e sta entrando in vigore gradualmente.<\/p>\n\n\n\n<p class=\"has-text-align-center\" style=\"font-size:17px\">Il pacchetto sostituisce il lento e burocratico processo MLAT con due nuovi strumenti che consentono a pubblici ministeri e giudici di rivolgersi direttamente ai fornitori di servizi, indipendentemente dal luogo in cui i dati sono fisicamente conservati.<\/p>\n\n\n\n<div style=\"height:40px\" aria-hidden=\"true\" class=\"wp-block-spacer\"><\/div>\n\n\n\n<div class=\"wp-block-columns is-layout-flex wp-container-core-columns-is-layout-28f84493 wp-block-columns-is-layout-flex\">\n<div class=\"wp-block-column has-border-color is-layout-flow wp-block-column-is-layout-flow\" style=\"border-color:#e0e0e0;border-width:1px;padding-top:2rem;padding-right:2rem;padding-bottom:2rem;padding-left:2rem\">\n<h3 class=\"wp-block-heading\" style=\"font-size:22px\">Ordine di produzione europeo (EPOC)<\/h3>\n\n\n\n<p>Obbliga un fornitore di servizi a consegnare prove elettroniche entro scadenze rigorose. Gli ordini standard devono essere evasi entro 10 giorni. In caso di emergenze legate al terrorismo o a un'imminente minaccia alla vita, i fornitori hanno solo 8 ore per consegnare i dati richiesti.<\/p>\n<\/div>\n\n\n\n<div class=\"wp-block-column has-border-color is-layout-flow wp-block-column-is-layout-flow\" style=\"border-color:#e0e0e0;border-width:1px;padding-top:2rem;padding-right:2rem;padding-bottom:2rem;padding-left:2rem\">\n<h3 class=\"wp-block-heading\" style=\"font-size:22px\">Ordine di conservazione europeo (EPOC-PR)<\/h3>\n\n\n\n<p>Richiede al fornitore di congelare i dati per un massimo di 60 giorni (prorogabili di 30 giorni) mentre l'autorit\u00e0 emittente prepara un ordine di produzione completo. Entrambi gli strumenti possono riguardare quattro categorie di dati: dati relativi agli abbonati, agli accessi, alle transazioni e ai contenuti.<\/p>\n<\/div>\n<\/div>\n\n\n\n<div style=\"height:60px\" aria-hidden=\"true\" class=\"wp-block-spacer\"><\/div>\n\n\n\n<figure class=\"wp-block-image alignwide size-full\"><img loading=\"lazy\" decoding=\"async\" width=\"940\" height=\"628\" src=\"https:\/\/ic-services.io\/wp-content\/uploads\/2026\/03\/pexels-photo-1181354-1181354.jpg\" alt=\"Un ingegnere donna che utilizza un computer portatile mentre monitora i server di dati in una moderna sala server.\" class=\"wp-image-2054\" srcset=\"https:\/\/ic-services.io\/wp-content\/uploads\/2026\/03\/pexels-photo-1181354-1181354.jpg 940w, https:\/\/ic-services.io\/wp-content\/uploads\/2026\/03\/pexels-photo-1181354-1181354-300x200.jpg 300w, https:\/\/ic-services.io\/wp-content\/uploads\/2026\/03\/pexels-photo-1181354-1181354-768x513.jpg 768w, https:\/\/ic-services.io\/wp-content\/uploads\/2026\/03\/pexels-photo-1181354-1181354-18x12.jpg 18w\" sizes=\"auto, (max-width: 940px) 100vw, 940px\" \/><\/figure>\n\n\n\n<div style=\"height:60px\" aria-hidden=\"true\" class=\"wp-block-spacer\"><\/div>\n\n\n\n<h2 class=\"wp-block-heading has-text-align-center\" style=\"font-size:36px\">Chi \u00e8 interessato?<\/h2>\n\n\n\n<p class=\"has-text-align-center\" style=\"font-size:17px\">Il regolamento sull'e-Evidence si applica a un'ampia gamma di fornitori di servizi che operano nell'UE, tra cui i fornitori di servizi di comunicazione elettronica (telefonia, messaggistica, e-mail), i servizi di dominio Internet e di numerazione IP, i social network, i mercati online e le piattaforme di cloud storage. Gli obblighi si estendono anche alle aziende extra-UE che offrono servizi all'interno dell'Unione. Secondo il Ministero federale della Giustizia tedesco, si stima che solo in Germania circa 9.000 aziende rientrino nel campo di applicazione.<\/p>\n\n\n\n<p class=\"has-text-align-center\" style=\"font-size:17px\">Ogni fornitore interessato deve designare un punto di contatto ufficiale - un cosiddetto stabilimento designato o rappresentante legale (Adressat) - nell'UE. Questo ente \u00e8 responsabile della ricezione e dell'esecuzione degli ordini e deve registrarsi presso l'autorit\u00e0 nazionale, in Germania il Bundesamt f\u00fcr Justiz (Ufficio federale di giustizia).<\/p>\n\n\n\n<div style=\"height:40px\" aria-hidden=\"true\" class=\"wp-block-spacer\"><\/div>\n\n\n\n<h2 class=\"wp-block-heading has-text-align-center\" style=\"font-size:36px\">Termini di conformit\u00e0 e sanzioni<\/h2>\n\n\n\n<p class=\"has-text-align-center\" style=\"font-size:17px\">Il regolamento impone finestre di risposta aggressive. Gli ordini di produzione standard devono essere evasi entro 10 giorni. In situazioni di emergenza definite - terrorismo, minaccia imminente alla vita - i fornitori hanno solo 8 ore per consegnare i dati richiesti. Gli ordini di conservazione richiedono un'azione immediata per congelare i documenti pertinenti.<\/p>\n\n\n\n<p class=\"has-text-align-center\" style=\"font-size:17px\">La non conformit\u00e0 comporta un rischio finanziario significativo. Le multe possono raggiungere i 500.000 euro per le violazioni standard. Per i grandi fornitori di servizi con oltre 25 milioni di euro di fatturato globale, le sanzioni possono ammontare a 2 % del fatturato annuo mondiale - un modello gi\u00e0 noto per l'applicazione del GDPR.<\/p>\n\n\n\n<div style=\"height:60px\" aria-hidden=\"true\" class=\"wp-block-spacer\"><\/div>\n\n\n\n<h2 class=\"wp-block-heading has-text-align-center\" style=\"font-size:36px\">La soluzione di conformit\u00e0 e-Evidence di ICS<\/h2>\n\n\n\n<p class=\"has-text-align-center\" style=\"font-size:17px\">ICS - International Carrier Services GmbH - offre una piattaforma end-to-end di conformit\u00e0 alle e-Evidence progettata specificamente per i fornitori di servizi di comunicazione, gli operatori cloud e le piattaforme digitali dell'Unione Europea. La nostra soluzione si basa su oltre due decenni di esperienza nel campo delle intercettazioni legali e della conformit\u00e0 normativa e si integra perfettamente con le nostre piattaforme LIMS (Lawful Interception Management System) e di conservazione dei dati.<\/p>\n\n\n\n<div style=\"height:30px\" aria-hidden=\"true\" class=\"wp-block-spacer\"><\/div>\n\n\n\n<div class=\"wp-block-columns is-layout-flex wp-container-core-columns-is-layout-28f84493 wp-block-columns-is-layout-flex\">\n<div class=\"wp-block-column has-border-color is-layout-flow wp-block-column-is-layout-flow\" style=\"border-color:#e0e0e0;border-width:1px;padding-top:2rem;padding-right:2rem;padding-bottom:2rem;padding-left:2rem\">\n<p class=\"has-text-color\" style=\"color:#666666;font-size:14px\">01<\/p>\n\n\n\n<h3 class=\"wp-block-heading\" style=\"font-size:22px\">Elaborazione automatica degli ordini<\/h3>\n\n\n\n<p>La piattaforma ICS automatizza l'intero ciclo di vita delle ordinanze di produzione e di sequestro conservativo europee, dall'acquisizione sicura e dalla convalida legale, all'estrazione dei dati, fino alla consegna criptata all'autorit\u00e0 richiedente.<\/p>\n<\/div>\n\n\n\n<div class=\"wp-block-column has-border-color is-layout-flow wp-block-column-is-layout-flow\" style=\"border-color:#e0e0e0;border-width:1px;padding-top:2rem;padding-right:2rem;padding-bottom:2rem;padding-left:2rem\">\n<p class=\"has-text-color\" style=\"color:#666666;font-size:14px\">02<\/p>\n\n\n\n<h3 class=\"wp-block-heading\" style=\"font-size:22px\">Supporto allo stabilimento designato<\/h3>\n\n\n\n<p>Per i fornitori di servizi che devono nominare un rappresentante legale nell'UE, l'ICS offre consulenza e assistenza operativa, compresa la registrazione presso il Bundesamt f\u00fcr Justiz e la configurazione dello stabilimento designato.<\/p>\n<\/div>\n\n\n\n<div class=\"wp-block-column has-border-color is-layout-flow wp-block-column-is-layout-flow\" style=\"border-color:#e0e0e0;border-width:1px;padding-top:2rem;padding-right:2rem;padding-bottom:2rem;padding-left:2rem\">\n<p class=\"has-text-color\" style=\"color:#666666;font-size:14px\">03<\/p>\n\n\n\n<h3 class=\"wp-block-heading\" style=\"font-size:22px\">Integrazione sicura dell'infrastruttura UE<\/h3>\n\n\n\n<p>Tutte le comunicazioni nell'ambito dell'e-Evidence passano attraverso il sistema e-CODEX dell'UE e le piattaforme di notifica nazionali. La soluzione ICS fornisce interfacce certificate per lo scambio di ordini e prove attraverso i canali previsti dalla legge.<\/p>\n<\/div>\n<\/div>\n\n\n\n<div style=\"height:20px\" aria-hidden=\"true\" class=\"wp-block-spacer\"><\/div>\n\n\n\n<div class=\"wp-block-columns is-layout-flex wp-container-core-columns-is-layout-28f84493 wp-block-columns-is-layout-flex\">\n<div class=\"wp-block-column has-border-color is-layout-flow wp-block-column-is-layout-flow\" style=\"border-color:#e0e0e0;border-width:1px;padding-top:2rem;padding-right:2rem;padding-bottom:2rem;padding-left:2rem\">\n<p class=\"has-text-color\" style=\"color:#666666;font-size:14px\">04<\/p>\n\n\n\n<h3 class=\"wp-block-heading\" style=\"font-size:22px\">Tracciabilit\u00e0 e reportistica complete<\/h3>\n\n\n\n<p>Ogni azione - ricezione dell'ordine, convalida, obiezione, estrazione dei dati, consegna - viene registrata in un audit trail a prova di manomissione. Il nostro modulo di reporting genera documentazione di conformit\u00e0 per la governance interna, gli audit esterni e le revisioni normative.<\/p>\n<\/div>\n\n\n\n<div class=\"wp-block-column has-border-color is-layout-flow wp-block-column-is-layout-flow\" style=\"border-color:#e0e0e0;border-width:1px;padding-top:2rem;padding-right:2rem;padding-bottom:2rem;padding-left:2rem\">\n<p class=\"has-text-color\" style=\"color:#666666;font-size:14px\">05<\/p>\n\n\n\n<h3 class=\"wp-block-heading\" style=\"font-size:22px\">Architettura conforme a ETSI<\/h3>\n\n\n\n<p>La piattaforma ICS e-Evidence \u00e8 costruita sulla stessa architettura conforme alle norme ETSI che alimenta le nostre soluzioni di intercettazione legale e conservazione dei dati. Supporta le interfacce di handover ETSI TS 102 232 e si integra con l'infrastruttura di rete esistente.<\/p>\n<\/div>\n\n\n\n<div class=\"wp-block-column has-border-color is-layout-flow wp-block-column-is-layout-flow\" style=\"border-color:#e0e0e0;border-width:1px;padding-top:2rem;padding-right:2rem;padding-bottom:2rem;padding-left:2rem\">\n<p class=\"has-text-color\" style=\"color:#666666;font-size:14px\">06<\/p>\n\n\n\n<h3 class=\"wp-block-heading\" style=\"font-size:22px\">Sfide chiave risolte<\/h3>\n\n\n\n<p>Tempistiche accelerate che richiedono flussi di lavoro interni quasi in tempo reale, disponibilit\u00e0 operativa 24 ore su 24 per gli ordini di emergenza, integrazione sicura con la piattaforma di comunicazione e-CODEX dell'UE e bilanciamento degli obblighi di privacy GDPR con la divulgazione obbligatoria dei dati.<\/p>\n<\/div>\n<\/div>\n\n\n\n<div style=\"height:60px\" aria-hidden=\"true\" class=\"wp-block-spacer\"><\/div>\n\n\n\n<h2 class=\"wp-block-heading has-text-align-center\" style=\"font-size:36px\">Perch\u00e9 scegliere ICS per la conformit\u00e0 alle prove elettroniche?<\/h2>\n\n\n\n<p class=\"has-text-align-center\" style=\"font-size:17px\">ICS \u00e8 uno dei pochi fornitori europei che combina una profonda esperienza nel campo delle intercettazioni legali con una soluzione di e-Evidence dedicata. Il nostro team lavora da oltre 20 anni con operatori di telecomunicazioni, autorit\u00e0 di regolamentazione e forze dell'ordine in tutta Europa. Conosciamo le esigenze operative, legali e tecniche della divulgazione delle prove e costruiamo piattaforme che rendono la conformit\u00e0 affidabile, verificabile ed efficiente.<\/p>\n\n\n\n<p class=\"has-text-align-center\" style=\"font-size:17px\">Il conto alla rovescia per il 18 agosto 2026 \u00e8 gi\u00e0 iniziato. Contattate ICS oggi stesso per discutere di come la nostra piattaforma di conformit\u00e0 e-Evidence possa preparare la vostra organizzazione al nuovo quadro normativo europeo.<\/p>\n\n\n\n<div style=\"height:40px\" aria-hidden=\"true\" class=\"wp-block-spacer\"><\/div>\n\n\n\n<div class=\"wp-block-buttons is-content-justification-center is-layout-flex wp-container-core-buttons-is-layout-a89b3969 wp-block-buttons-is-layout-flex\">\n<div class=\"wp-block-button\"><a class=\"wp-block-button__link has-vivid-cyan-blue-background-color has-background wp-element-button\" style=\"border-radius:4px\" href=\"\/it\/contatto\/\">CONTATTATECI<\/a><\/div>\n<\/div>\n\n\n\n<div style=\"height:60px\" aria-hidden=\"true\" class=\"wp-block-spacer\"><\/div>","protected":false},"excerpt":{"rendered":"<p>What Is the EU e-Evidence Regulation? With more than 85 % of criminal investigations now relying on digital evidence, the [&hellip;]<\/p>\n","protected":false},"author":7,"featured_media":0,"parent":1293,"menu_order":0,"comment_status":"closed","ping_status":"closed","template":"","meta":{"_uag_custom_page_level_css":"","site-sidebar-layout":"default","site-content-layout":"","ast-site-content-layout":"default","site-content-style":"default","site-sidebar-style":"default","ast-global-header-display":"","ast-banner-title-visibility":"","ast-main-header-display":"","ast-hfb-above-header-display":"","ast-hfb-below-header-display":"","ast-hfb-mobile-header-display":"","site-post-title":"","ast-breadcrumbs-content":"","ast-featured-img":"","footer-sml-layout":"","ast-disable-related-posts":"","theme-transparent-header-meta":"","adv-header-id-meta":"","stick-header-meta":"","header-above-stick-meta":"","header-main-stick-meta":"","header-below-stick-meta":"","astra-migrate-meta-layouts":"default","ast-page-background-enabled":"default","ast-page-background-meta":{"desktop":{"background-color":"var(--ast-global-color-5)","background-image":"","background-repeat":"repeat","background-position":"center center","background-size":"auto","background-attachment":"scroll","background-type":"","background-media":"","overlay-type":"","overlay-color":"","overlay-opacity":"","overlay-gradient":""},"tablet":{"background-color":"","background-image":"","background-repeat":"repeat","background-position":"center center","background-size":"auto","background-attachment":"scroll","background-type":"","background-media":"","overlay-type":"","overlay-color":"","overlay-opacity":"","overlay-gradient":""},"mobile":{"background-color":"","background-image":"","background-repeat":"repeat","background-position":"center center","background-size":"auto","background-attachment":"scroll","background-type":"","background-media":"","overlay-type":"","overlay-color":"","overlay-opacity":"","overlay-gradient":""}},"ast-content-background-meta":{"desktop":{"background-color":"var(--ast-global-color-4)","background-image":"","background-repeat":"repeat","background-position":"center center","background-size":"auto","background-attachment":"scroll","background-type":"","background-media":"","overlay-type":"","overlay-color":"","overlay-opacity":"","overlay-gradient":""},"tablet":{"background-color":"var(--ast-global-color-4)","background-image":"","background-repeat":"repeat","background-position":"center center","background-size":"auto","background-attachment":"scroll","background-type":"","background-media":"","overlay-type":"","overlay-color":"","overlay-opacity":"","overlay-gradient":""},"mobile":{"background-color":"var(--ast-global-color-4)","background-image":"","background-repeat":"repeat","background-position":"center center","background-size":"auto","background-attachment":"scroll","background-type":"","background-media":"","overlay-type":"","overlay-color":"","overlay-opacity":"","overlay-gradient":""}},"footnotes":""},"class_list":["post-2096","page","type-page","status-publish","hentry"],"uagb_featured_image_src":{"full":false,"thumbnail":false,"medium":false,"medium_large":false,"large":false,"1536x1536":false,"2048x2048":false,"trp-custom-language-flag":false},"uagb_author_info":{"display_name":"David Son","author_link":"https:\/\/ic-services.io\/it\/author\/david\/"},"uagb_comment_info":0,"uagb_excerpt":"What Is the EU e-Evidence Regulation? With more than 85 % of criminal investigations now relying on digital evidence, the [&hellip;]","_links":{"self":[{"href":"https:\/\/ic-services.io\/it\/wp-json\/wp\/v2\/pages\/2096","targetHints":{"allow":["GET"]}}],"collection":[{"href":"https:\/\/ic-services.io\/it\/wp-json\/wp\/v2\/pages"}],"about":[{"href":"https:\/\/ic-services.io\/it\/wp-json\/wp\/v2\/types\/page"}],"author":[{"embeddable":true,"href":"https:\/\/ic-services.io\/it\/wp-json\/wp\/v2\/users\/7"}],"replies":[{"embeddable":true,"href":"https:\/\/ic-services.io\/it\/wp-json\/wp\/v2\/comments?post=2096"}],"version-history":[{"count":2,"href":"https:\/\/ic-services.io\/it\/wp-json\/wp\/v2\/pages\/2096\/revisions"}],"predecessor-version":[{"id":2102,"href":"https:\/\/ic-services.io\/it\/wp-json\/wp\/v2\/pages\/2096\/revisions\/2102"}],"up":[{"embeddable":true,"href":"https:\/\/ic-services.io\/it\/wp-json\/wp\/v2\/pages\/1293"}],"wp:attachment":[{"href":"https:\/\/ic-services.io\/it\/wp-json\/wp\/v2\/media?parent=2096"}],"curies":[{"name":"wp","href":"https:\/\/api.w.org\/{rel}","templated":true}]}}