{"id":1195,"date":"2026-01-23T12:23:18","date_gmt":"2026-01-23T11:23:18","guid":{"rendered":"https:\/\/dev.ic-services.io\/?page_id=1195"},"modified":"2026-02-24T21:23:07","modified_gmt":"2026-02-24T20:23:07","slug":"impressao","status":"publish","type":"page","link":"https:\/\/ic-services.io\/pt\/imprint\/","title":{"rendered":"Impress\u00e3o"},"content":{"rendered":"<div class=\"wp-block-uagb-container uagb-block-kdkn6h6m alignfull uagb-is-root-container\"><div class=\"uagb-container-inner-blocks-wrap\">\n<div class=\"wp-block-uagb-info-box uagb-block-8fibxfn3 uagb-infobox__content-wrap  uagb-infobox-icon-above-title uagb-infobox-image-valign-top\"><div class=\"uagb-ifb-content\"><div class=\"uagb-ifb-title-wrap\"><h1 class=\"uagb-ifb-title\">Aviso legal - Impress\u00e3o<\/h1><\/div><p class=\"uagb-ifb-desc\"><strong>Informa\u00e7\u00e3o de acordo com o \u00a75 TMG (Lei alem\u00e3 dos meios de comunica\u00e7\u00e3o) e \u00a718 (2) MStV:<\/strong><br><strong>ICS<\/strong><br>International Carrier Services GmbH<br>Lindenstr. 82<br>50674 Col\u00f3nia<br>Alemanha<br><br><strong>Representado por:<\/strong><br>Diretores executivos: Andreas Damek e Chung-U Son<br><br><strong>Contacto:<\/strong><br>Correio eletr\u00f3nico:\u00a0<a href=\"mailto:support@simtaly.com\">info@ic-services.io<\/a><br>Telefone: +49 221 42919 - 0<br>S\u00edtio Web<strong>:<\/strong>\u00a0<a href=\"https:\/\/www.simtaly.com\/\" target=\"_blank\" rel=\"noreferrer noopener\">https:\/\/ic-services.io<\/a><br><br><strong>Inscri\u00e7\u00e3o no registo comercial:<br><\/strong>Tribunal de registo: Tribunal de Primeira Inst\u00e2ncia de Col\u00f3nia (Amtsgericht K\u00f6ln)<br>N\u00famero de registo: HRB 98438<br><br><strong>N\u00famero de identifica\u00e7\u00e3o do IVA de acordo com o \u00a727a da Lei do IVA alem\u00e3:<\/strong><br>Identifica\u00e7\u00e3o fiscal: DE331124660<br><br><strong>Respons\u00e1vel pelo conte\u00fado de acordo com o \u00a718 (2) MStV:<\/strong><br>Andreas Damek<br>ICS International Carrier Services GmbH<br>Lindenstr. 82<br>50674 Col\u00f3nia<br>Alemanha<br><br>Declara\u00e7\u00e3o de exonera\u00e7\u00e3o de responsabilidade<br><strong>Responsabilidade pelo conte\u00fado<\/strong><br>O conte\u00fado do nosso s\u00edtio Web foi criado com o maior cuidado. No entanto, n\u00e3o podemos garantir a exatid\u00e3o, integridade ou atualidade do conte\u00fado.<br>Enquanto prestador de servi\u00e7os, somos respons\u00e1veis pelo nosso pr\u00f3prio conte\u00fado nestas p\u00e1ginas ao abrigo da lei geral (\u00a77 Para. 1 TMG).<br>De acordo com os \u00a7\u00a78-10 da TMG, n\u00e3o somos obrigados a monitorizar informa\u00e7\u00f5es transmitidas ou armazenadas de terceiros ou a investigar circunst\u00e2ncias que indiquem atividade ilegal.<br>As obriga\u00e7\u00f5es de remover ou bloquear a utiliza\u00e7\u00e3o de informa\u00e7\u00f5es ao abrigo da lei geral n\u00e3o s\u00e3o afectadas. A responsabilidade a este respeito, no entanto, s\u00f3 \u00e9 poss\u00edvel a partir do momento em que tomamos conhecimento de uma viola\u00e7\u00e3o legal espec\u00edfica. Ap\u00f3s a notifica\u00e7\u00e3o de tais viola\u00e7\u00f5es, removeremos o conte\u00fado imediatamente.<br><br><strong>Responsabilidade pelas liga\u00e7\u00f5es<\/strong><br>O nosso s\u00edtio Web cont\u00e9m liga\u00e7\u00f5es para s\u00edtios Web externos de terceiros, sobre cujo conte\u00fado n\u00e3o temos qualquer controlo. Por conseguinte, n\u00e3o podemos aceitar qualquer responsabilidade por esses conte\u00fados externos.<br>O respetivo fornecedor ou operador dos s\u00edtios ligados \u00e9 sempre respons\u00e1vel pelo seu conte\u00fado.<br>Os s\u00edtios ligados foram verificados quanto a poss\u00edveis viola\u00e7\u00f5es da lei no momento da liga\u00e7\u00e3o. Nessa altura, n\u00e3o foram detectados conte\u00fados ilegais.<br>Um controlo permanente das p\u00e1ginas ligadas n\u00e3o \u00e9 razo\u00e1vel sem provas concretas de uma viola\u00e7\u00e3o. Se tivermos conhecimento de tais viola\u00e7\u00f5es, removeremos imediatamente as hiperliga\u00e7\u00f5es.<br><br><strong>Direitos de autor<\/strong><br>Todos os conte\u00fados e obras criados pelo operador do s\u00edtio Web est\u00e3o sujeitos \u00e0 legisla\u00e7\u00e3o alem\u00e3 em mat\u00e9ria de direitos de autor.<br>A reprodu\u00e7\u00e3o, modifica\u00e7\u00e3o, distribui\u00e7\u00e3o ou qualquer forma de utiliza\u00e7\u00e3o para al\u00e9m do \u00e2mbito da lei dos direitos de autor requer o consentimento escrito do respetivo autor ou criador.<br>Os downloads e c\u00f3pias deste s\u00edtio s\u00e3o permitidos apenas para uso privado e n\u00e3o comercial.<br>Se o conte\u00fado deste s\u00edtio Web n\u00e3o tiver sido criado pelo operador, os direitos de autor de terceiros s\u00e3o respeitados e esse conte\u00fado \u00e9 claramente indicado.<br>Se, no entanto, tiver conhecimento de uma infra\u00e7\u00e3o aos direitos de autor, informe-nos. Ap\u00f3s a notifica\u00e7\u00e3o, removeremos esse conte\u00fado sem demora.<br><br><strong>Resolu\u00e7\u00e3o de lit\u00edgios em linha<\/strong><br>A Comiss\u00e3o Europeia disponibiliza uma plataforma para a resolu\u00e7\u00e3o de lit\u00edgios em linha (OS):<br><a href=\"https:\/\/ec.europa.eu\/consumers\/odr\" target=\"_blank\" rel=\"noreferrer noopener\">https:\/\/ec.europa.eu\/consumers\/odr<\/a><br>O nosso endere\u00e7o eletr\u00f3nico pode ser consultado acima, na presente nota legal.<br>N\u00e3o estamos dispostos ou obrigados a participar em processos de resolu\u00e7\u00e3o de lit\u00edgios perante uma comiss\u00e3o de arbitragem de consumidores.<br><br><strong>Aviso relativo a conte\u00fados de terceiros (\u00a710 TMG)<br><\/strong>As contribui\u00e7\u00f5es dos utilizadores ou de terceiros n\u00e3o reflectem necessariamente a opini\u00e3o do operador.<br>O operador n\u00e3o assume qualquer responsabilidade editorial por esses conte\u00fados.<br><strong>Se tiver alguma d\u00favida sobre a impress\u00e3o, n\u00e3o hesite em contactar-nos:<\/strong><br>Correio eletr\u00f3nico: info@ic-services.io<\/p><\/div><\/div>\n\n\n\n<div class=\"wp-block-uagb-container uagb-block-ehzgnv26\">\n<div class=\"wp-block-uagb-container uagb-block-ukl7iqhh\">\n<div class=\"wp-block-uagb-info-box uagb-block-psuqqvuf uagb-infobox__content-wrap  uagb-infobox-icon-left uagb-infobox-left uagb-infobox-stacked-tablet uagb-infobox-image-valign-top\"><div class=\"uagb-ifb-icon-wrap\"><div class=\"uagb-iconbox-icon-wrap uagb-infobox-shape-circle\"><svg xmlns=\"https:\/\/www.w3.org\/2000\/svg\" viewbox=\"0 0 512 512\"><path d=\"M511.2 387l-23.25 100.8c-3.266 14.25-15.79 24.22-30.46 24.22C205.2 512 0 306.8 0 54.5c0-14.66 9.969-27.2 24.22-30.45l100.8-23.25C139.7-2.602 154.7 5.018 160.8 18.92l46.52 108.5c5.438 12.78 1.77 27.67-8.98 36.45L144.5 207.1c33.98 69.22 90.26 125.5 159.5 159.5l44.08-53.8c8.688-10.78 23.69-14.51 36.47-8.975l108.5 46.51C506.1 357.2 514.6 372.4 511.2 387z\"><\/path><\/svg><\/div><\/div><div class=\"uagb-ifb-content\"><div class=\"uagb-ifb-title-wrap\"><p class=\"uagb-ifb-title\">Telefone<\/p><\/div><p class=\"uagb-ifb-desc\">+49 221 42919 - 0<\/p><\/div><\/div>\n<\/div>\n\n\n\n<div class=\"wp-block-uagb-container uagb-block-6jijousd\">\n<div class=\"wp-block-uagb-info-box uagb-block-ozmga3bs uagb-infobox__content-wrap  uagb-infobox-icon-left uagb-infobox-left uagb-infobox-stacked-tablet uagb-infobox-image-valign-top\"><div class=\"uagb-ifb-icon-wrap\"><div class=\"uagb-iconbox-icon-wrap uagb-infobox-shape-circle\"><svg xmlns=\"https:\/\/www.w3.org\/2000\/svg\" viewbox=\"0 0 512 512\"><path d=\"M464 64C490.5 64 512 85.49 512 112C512 127.1 504.9 141.3 492.8 150.4L275.2 313.6C263.8 322.1 248.2 322.1 236.8 313.6L19.2 150.4C7.113 141.3 0 127.1 0 112C0 85.49 21.49 64 48 64H464zM217.6 339.2C240.4 356.3 271.6 356.3 294.4 339.2L512 176V384C512 419.3 483.3 448 448 448H64C28.65 448 0 419.3 0 384V176L217.6 339.2z\"><\/path><\/svg><\/div><\/div><div class=\"uagb-ifb-content\"><div class=\"uagb-ifb-title-wrap\"><p class=\"uagb-ifb-title\">Correio eletr\u00f3nico<\/p><\/div><p class=\"uagb-ifb-desc\">info@ic-services.io<\/p><\/div><\/div>\n<\/div>\n\n\n\n<div class=\"wp-block-uagb-container uagb-block-ybs84n1x\">\n<div class=\"wp-block-uagb-info-box uagb-block-6dtdhsjn uagb-infobox__content-wrap  uagb-infobox-icon-left uagb-infobox-left uagb-infobox-stacked-tablet uagb-infobox-image-valign-top\"><div class=\"uagb-ifb-icon-wrap\"><div class=\"uagb-iconbox-icon-wrap uagb-infobox-shape-circle\"><svg xmlns=\"https:\/\/www.w3.org\/2000\/svg\" viewbox=\"0 0 384 512\"><path d=\"M168.3 499.2C116.1 435 0 279.4 0 192C0 85.96 85.96 0 192 0C298 0 384 85.96 384 192C384 279.4 267 435 215.7 499.2C203.4 514.5 180.6 514.5 168.3 499.2H168.3zM192 256C227.3 256 256 227.3 256 192C256 156.7 227.3 128 192 128C156.7 128 128 156.7 128 192C128 227.3 156.7 256 192 256z\"><\/path><\/svg><\/div><\/div><div class=\"uagb-ifb-content\"><div class=\"uagb-ifb-title-wrap\"><p class=\"uagb-ifb-title\">Endere\u00e7o<\/p><\/div><p class=\"uagb-ifb-desc\">Lindenstr. 82, 50674 Col\u00f3nia, Alemanha<\/p><\/div><\/div>\n<\/div>\n<\/div>\n<\/div><\/div>","protected":false},"excerpt":{"rendered":"","protected":false},"author":1,"featured_media":0,"parent":0,"menu_order":0,"comment_status":"closed","ping_status":"closed","template":"","meta":{"_uag_custom_page_level_css":"","site-sidebar-layout":"default","site-content-layout":"","ast-site-content-layout":"default","site-content-style":"default","site-sidebar-style":"default","ast-global-header-display":"","ast-banner-title-visibility":"","ast-main-header-display":"","ast-hfb-above-header-display":"","ast-hfb-below-header-display":"","ast-hfb-mobile-header-display":"","site-post-title":"disabled","ast-breadcrumbs-content":"","ast-featured-img":"","footer-sml-layout":"","ast-disable-related-posts":"","theme-transparent-header-meta":"","adv-header-id-meta":"","stick-header-meta":"","header-above-stick-meta":"","header-main-stick-meta":"","header-below-stick-meta":"","astra-migrate-meta-layouts":"default","ast-page-background-enabled":"default","ast-page-background-meta":{"desktop":{"background-color":"var(--ast-global-color-5)","background-image":"","background-repeat":"repeat","background-position":"center center","background-size":"auto","background-attachment":"scroll","background-type":"","background-media":"","overlay-type":"","overlay-color":"","overlay-opacity":"","overlay-gradient":""},"tablet":{"background-color":"","background-image":"","background-repeat":"repeat","background-position":"center center","background-size":"auto","background-attachment":"scroll","background-type":"","background-media":"","overlay-type":"","overlay-color":"","overlay-opacity":"","overlay-gradient":""},"mobile":{"background-color":"","background-image":"","background-repeat":"repeat","background-position":"center center","background-size":"auto","background-attachment":"scroll","background-type":"","background-media":"","overlay-type":"","overlay-color":"","overlay-opacity":"","overlay-gradient":""}},"ast-content-background-meta":{"desktop":{"background-color":"var(--ast-global-color-4)","background-image":"","background-repeat":"repeat","background-position":"center center","background-size":"auto","background-attachment":"scroll","background-type":"","background-media":"","overlay-type":"","overlay-color":"","overlay-opacity":"","overlay-gradient":""},"tablet":{"background-color":"var(--ast-global-color-4)","background-image":"","background-repeat":"repeat","background-position":"center center","background-size":"auto","background-attachment":"scroll","background-type":"","background-media":"","overlay-type":"","overlay-color":"","overlay-opacity":"","overlay-gradient":""},"mobile":{"background-color":"var(--ast-global-color-4)","background-image":"","background-repeat":"repeat","background-position":"center center","background-size":"auto","background-attachment":"scroll","background-type":"","background-media":"","overlay-type":"","overlay-color":"","overlay-opacity":"","overlay-gradient":""}},"footnotes":""},"class_list":["post-1195","page","type-page","status-publish","hentry"],"uagb_featured_image_src":{"full":false,"thumbnail":false,"medium":false,"medium_large":false,"large":false,"1536x1536":false,"2048x2048":false,"trp-custom-language-flag":false},"uagb_author_info":{"display_name":"ICS Team","author_link":"https:\/\/ic-services.io\/pt\/author\/operations_q0xnxjbe\/"},"uagb_comment_info":0,"uagb_excerpt":null,"_links":{"self":[{"href":"https:\/\/ic-services.io\/pt\/wp-json\/wp\/v2\/pages\/1195","targetHints":{"allow":["GET"]}}],"collection":[{"href":"https:\/\/ic-services.io\/pt\/wp-json\/wp\/v2\/pages"}],"about":[{"href":"https:\/\/ic-services.io\/pt\/wp-json\/wp\/v2\/types\/page"}],"author":[{"embeddable":true,"href":"https:\/\/ic-services.io\/pt\/wp-json\/wp\/v2\/users\/1"}],"replies":[{"embeddable":true,"href":"https:\/\/ic-services.io\/pt\/wp-json\/wp\/v2\/comments?post=1195"}],"version-history":[{"count":4,"href":"https:\/\/ic-services.io\/pt\/wp-json\/wp\/v2\/pages\/1195\/revisions"}],"predecessor-version":[{"id":1201,"href":"https:\/\/ic-services.io\/pt\/wp-json\/wp\/v2\/pages\/1195\/revisions\/1201"}],"wp:attachment":[{"href":"https:\/\/ic-services.io\/pt\/wp-json\/wp\/v2\/media?parent=1195"}],"curies":[{"name":"wp","href":"https:\/\/api.w.org\/{rel}","templated":true}]}}