{"id":1293,"date":"2026-01-27T14:10:41","date_gmt":"2026-01-27T13:10:41","guid":{"rendered":"https:\/\/dev.ic-services.io\/?page_id=1293"},"modified":"2026-03-17T14:38:27","modified_gmt":"2026-03-17T13:38:27","slug":"solucoes","status":"publish","type":"page","link":"https:\/\/ic-services.io\/pt\/solutions\/","title":{"rendered":"Solu\u00e7\u00f5es"},"content":{"rendered":"<p>A nossa carteira de solu\u00e7\u00f5es abrange&nbsp;<strong>de ponta a ponta<\/strong>&nbsp;capacidades de interce\u00e7\u00e3o legal, divulga\u00e7\u00e3o e reten\u00e7\u00e3o de dados, totalmente alinhadas com o ETSI, 3GPP e requisitos nacionais. Suportamos cen\u00e1rios de interce\u00e7\u00e3o antigos, IP, VoIP, OTT, autom\u00f3vel e internacionais com arquitecturas modulares, escal\u00e1veis e aprovadas pelas entidades reguladoras com base nas normas ETSI TS 102 232, ETSI TS 102 657, ETSI TS 103 707, ETSI TR 103 854 e outras normas relacionadas.<\/p>\n\n\n\n<div class=\"wp-block-uagb-container uagb-block-cuv21atx alignfull uagb-is-root-container\"><div class=\"uagb-container-inner-blocks-wrap\">\n<div class=\"wp-block-uagb-info-box uagb-block-gvhswlb5 uagb-infobox__content-wrap  uagb-infobox-icon-above-title uagb-infobox-image-valign-top\"><div class=\"uagb-ifb-content\"><div class=\"uagb-ifb-title-wrap\"><h2 class=\"uagb-ifb-title\">Solu\u00e7\u00f5es de interce\u00e7\u00e3o legal e conformidade<\/h2><\/div><p class=\"uagb-ifb-desc\">Ajudamos operadores, fornecedores de servi\u00e7os e fabricantes a implementar interce\u00e7\u00e3o e divulga\u00e7\u00e3o compat\u00edveis e \u00e0 prova de auditoria em redes de telecomunica\u00e7\u00f5es tradicionais, servi\u00e7os OTT, dados retidos e plataformas de ve\u00edculos ligados. As nossas solu\u00e7\u00f5es s\u00e3o constru\u00eddas em torno de arquitecturas de LI padronizadas e interfaces de transfer\u00eancia, para que possa cumprir as obriga\u00e7\u00f5es legais de forma eficiente, protegendo a privacidade e a integridade da rede.<\/p><\/div><\/div>\n<\/div><\/div>\n\n\n\n<div class=\"wp-block-uagb-container uagb-block-kfhmtms4 alignfull uagb-is-root-container\"><div class=\"uagb-container-inner-blocks-wrap\">\n<div class=\"wp-block-uagb-container uagb-block-sftzihjq\">\n<div class=\"wp-block-uagb-container uagb-block-j76hkg86\">\n<div class=\"wp-block-uagb-info-box uagb-block-bblgxngw uagb-infobox__content-wrap  uagb-infobox-icon-above-title uagb-infobox-image-valign-top\"><div class=\"uagb-ifb-content\"><div class=\"uagb-ifb-title-wrap\"><p class=\"uagb-ifb-title-prefix\">01<\/p><h2 class=\"uagb-ifb-title\">Solu\u00e7\u00f5es de interce\u00e7\u00e3o legal<\/h2><\/div><p class=\"uagb-ifb-desc\">As nossas solu\u00e7\u00f5es de interce\u00e7\u00e3o legal abrangem servi\u00e7os de comunica\u00e7\u00f5es fixas, m\u00f3veis, VoIP e OTT e implementam os requisitos ETSI TS 102 232, ETSI TS 103 707 e 3GPP LI. Fornecemos componentes de media\u00e7\u00e3o, transfer\u00eancia e gest\u00e3o que recolhem informa\u00e7\u00f5es relacionadas com a interce\u00e7\u00e3o e o conte\u00fado da comunica\u00e7\u00e3o e os entregam de forma segura \u00e0s autoridades policiais em formatos compat\u00edveis com as normas.<\/p><\/div><\/div>\n\n\n\n<div class=\"wp-block-uagb-buttons uagb-buttons__outer-wrap uagb-btn__default-btn uagb-btn-tablet__default-btn uagb-btn-mobile__default-btn uagb-block-u6zklhxp\"><div class=\"uagb-buttons__wrap uagb-buttons-layout-wrap\">\n<div class=\"wp-block-uagb-buttons-child uagb-buttons__outer-wrap uagb-block-jgrrcvsi wp-block-button\"><div class=\"uagb-button__wrapper\"><a class=\"uagb-buttons-repeater wp-block-button__link\" aria-label=\"\" href=\"\/pt\/solucoes\/intercecao-legal\/\" rel=\"follow noopener\" target=\"_self\" role=\"button\"><div class=\"uagb-button__link\">Ler mais<\/div><span class=\"uagb-button__icon uagb-button__icon-position-after\"><svg xmlns=\"https:\/\/www.w3.org\/2000\/svg\" viewbox=\"0 0 320 512\" aria-hidden=\"true\" focussable=\"false\"><path d=\"M96 480c-8.188 0-16.38-3.125-22.62-9.375c-12.5-12.5-12.5-32.75 0-45.25L242.8 256L73.38 86.63c-12.5-12.5-12.5-32.75 0-45.25s32.75-12.5 45.25 0l192 192c12.5 12.5 12.5 32.75 0 45.25l-192 192C112.4 476.9 104.2 480 96 480z\"><\/path><\/svg><\/span><\/a><\/div><\/div>\n<\/div><\/div>\n<\/div>\n\n\n\n<div class=\"wp-block-uagb-image alignleft uagb-block-zpab6jzf wp-block-uagb-image--layout-default wp-block-uagb-image--effect-static wp-block-uagb-image--align-left\"><figure class=\"wp-block-uagb-image__figure\"><img decoding=\"async\" srcset=\"https:\/\/ic-services.io\/wp-content\/uploads\/2026\/02\/pexels-photo-1054397-1054397-1-683x1024.jpg ,https:\/\/ic-services.io\/wp-content\/uploads\/2026\/02\/pexels-photo-1054397-1054397-1-scaled.jpg 780w, https:\/\/ic-services.io\/wp-content\/uploads\/2026\/02\/pexels-photo-1054397-1054397-1-scaled.jpg 360w\" sizes=\"auto, (max-width: 480px) 150px\" src=\"https:\/\/ic-services.io\/wp-content\/uploads\/2026\/02\/pexels-photo-1054397-1054397-1-683x1024.jpg\" alt=\"Grande plano de cabos e portas de rede num bastidor de servidores, mostrando a conetividade.\" class=\"uag-image-1633\" width=\"600\" height=\"450\" title=\"pexels foto 1054397 1054397 1\" loading=\"lazy\" role=\"img\"\/><\/figure><\/div>\n<\/div>\n\n\n\n<div class=\"wp-block-uagb-container uagb-block-hmxo6oq7\">\n<div class=\"wp-block-uagb-image alignleft uagb-block-xybwjwqn wp-block-uagb-image--layout-default wp-block-uagb-image--effect-static wp-block-uagb-image--align-left\"><figure class=\"wp-block-uagb-image__figure\"><img decoding=\"async\" srcset=\"https:\/\/ic-services.io\/wp-content\/uploads\/2026\/02\/pexels-photo-5050305-5050305-1024x681.jpg ,https:\/\/ic-services.io\/wp-content\/uploads\/2026\/02\/pexels-photo-5050305-5050305-scaled.jpg 780w, https:\/\/ic-services.io\/wp-content\/uploads\/2026\/02\/pexels-photo-5050305-5050305-scaled.jpg 360w\" sizes=\"auto, (max-width: 480px) 150px\" src=\"https:\/\/ic-services.io\/wp-content\/uploads\/2026\/02\/pexels-photo-5050305-5050305-1024x681.jpg\" alt=\"Grande plano de um bastidor de servidor de rede com LEDs a piscar, mostrando liga\u00e7\u00f5es Ethernet e pain\u00e9is de liga\u00e7\u00e3o.\" class=\"uag-image-1620\" width=\"600\" height=\"450\" title=\"foto pexels 5050305 5050305\" loading=\"lazy\" role=\"img\"\/><\/figure><\/div>\n\n\n\n<div class=\"wp-block-uagb-container uagb-block-wppicamt\">\n<div class=\"wp-block-uagb-info-box uagb-block-9ppjrhvb uagb-infobox__content-wrap  uagb-infobox-icon-above-title uagb-infobox-image-valign-top\"><div class=\"uagb-ifb-content\"><div class=\"uagb-ifb-title-wrap\"><p class=\"uagb-ifb-title-prefix\">02<\/p><h2 class=\"uagb-ifb-title\">Reten\u00e7\u00e3o de dados e conformidade transfronteiri\u00e7a<\/h2><\/div><p class=\"uagb-ifb-desc\">Com base na ETSI TS 102 657 e nas regras nacionais, como a Auslandskopf\u00fcberwachung alem\u00e3, ajudamo-lo a implementar o tratamento de pedidos de dados retidos e processos de divulga\u00e7\u00e3o transfronteiri\u00e7os. As nossas solu\u00e7\u00f5es garantem que apenas os dados autorizados s\u00e3o entregues, que os procedimentos s\u00e3o documentados e que pode demonstrar a conformidade perante as entidades reguladoras e os tribunais.<\/p><\/div><\/div>\n\n\n\n<div class=\"wp-block-uagb-buttons uagb-buttons__outer-wrap uagb-btn__default-btn uagb-btn-tablet__default-btn uagb-btn-mobile__default-btn uagb-block-zmb4n4ir\"><div class=\"uagb-buttons__wrap uagb-buttons-layout-wrap\">\n<div class=\"wp-block-uagb-buttons-child uagb-buttons__outer-wrap uagb-block-o0x2zstx wp-block-button\"><div class=\"uagb-button__wrapper\"><a class=\"uagb-buttons-repeater wp-block-button__link\" aria-label=\"\" href=\"\/pt\/solucoes\/retencao-de-dados\/\" rel=\"follow noopener\" target=\"_self\" role=\"button\"><div class=\"uagb-button__link\">Ler mais<\/div><span class=\"uagb-button__icon uagb-button__icon-position-after\"><svg xmlns=\"https:\/\/www.w3.org\/2000\/svg\" viewbox=\"0 0 320 512\" aria-hidden=\"true\" focussable=\"false\"><path d=\"M96 480c-8.188 0-16.38-3.125-22.62-9.375c-12.5-12.5-12.5-32.75 0-45.25L242.8 256L73.38 86.63c-12.5-12.5-12.5-32.75 0-45.25s32.75-12.5 45.25 0l192 192c12.5 12.5 12.5 32.75 0 45.25l-192 192C112.4 476.9 104.2 480 96 480z\"><\/path><\/svg><\/span><\/a><\/div><\/div>\n<\/div><\/div>\n<\/div>\n<\/div>\n<\/div><\/div>\n\n\n\n<div class=\"wp-block-uagb-container uagb-block-537an79k alignfull uagb-is-root-container\"><div class=\"uagb-container-inner-blocks-wrap\">\n<div class=\"wp-block-uagb-container uagb-block-fc16tlok\">\n<div class=\"wp-block-uagb-info-box uagb-block-qa3rvlzt uagb-infobox__content-wrap  uagb-infobox-icon-above-title uagb-infobox-image-valign-top\"><div class=\"uagb-ifb-content\"><div class=\"uagb-ifb-title-wrap\"><p class=\"uagb-ifb-title-prefix\">03<\/p><h2 class=\"uagb-ifb-title\">Conformidade das provas electr\u00f3nicas<\/h2><\/div><p class=\"uagb-ifb-desc\">Ao abrigo do Regulamento (UE) 2023\/1543 relativo \u00e0s provas electr\u00f3nicas, as autoridades respons\u00e1veis pela aplica\u00e7\u00e3o da lei em toda a Europa podem agora emitir ordens de produ\u00e7\u00e3o e ordens de preserva\u00e7\u00e3o diretamente aos prestadores de servi\u00e7os. O ICS oferece uma plataforma de conformidade de ponta a ponta que automatiza a entrada de pedidos, a extra\u00e7\u00e3o de dados, a entrega segura e a elabora\u00e7\u00e3o de relat\u00f3rios completos sobre a pista de auditoria - ajudando-o a cumprir todos os prazos e a evitar multas at\u00e9 2% das receitas globais.<\/p><\/div><\/div>\n\n\n\n<div class=\"wp-block-uagb-buttons uagb-buttons__outer-wrap uagb-btn__default-btn uagb-btn-tablet__default-btn uagb-btn-mobile__default-btn uagb-block-co136d9j\"><div class=\"uagb-buttons__wrap uagb-buttons-layout-wrap\">\n<div class=\"wp-block-uagb-buttons-child uagb-buttons__outer-wrap uagb-block-pbjkgfye wp-block-button\"><div class=\"uagb-button__wrapper\"><a class=\"uagb-buttons-repeater wp-block-button__link\" aria-label=\"\" href=\"\/pt\/solucoes\/e-conformidade-das-provas\/\" rel=\"follow noopener\" target=\"_self\" role=\"button\"><div class=\"uagb-button__link\">Ler mais<\/div><span class=\"uagb-button__icon uagb-button__icon-position-after\"><svg xmlns=\"https:\/\/www.w3.org\/2000\/svg\" viewbox=\"0 0 320 512\" aria-hidden=\"true\" focussable=\"false\"><path d=\"M96 480c-8.188 0-16.38-3.125-22.62-9.375c-12.5-12.5-12.5-32.75 0-45.25L242.8 256L73.38 86.63c-12.5-12.5-12.5-32.75 0-45.25s32.75-12.5 45.25 0l192 192c12.5 12.5 12.5 32.75 0 45.25l-192 192C112.4 476.9 104.2 480 96 480z\"><\/path><\/svg><\/span><\/a><\/div><\/div>\n<\/div><\/div>\n<\/div>\n\n\n\n<div class=\"wp-block-uagb-image alignleft uagb-block-dipynu5u wp-block-uagb-image--layout-default wp-block-uagb-image--effect-static wp-block-uagb-image--align-left\"><figure class=\"wp-block-uagb-image__figure\"><img decoding=\"async\" srcset=\"https:\/\/ic-services.io\/wp-content\/uploads\/2026\/03\/pexels-photo-6077797-6077797.jpg ,https:\/\/ic-services.io\/wp-content\/uploads\/2026\/03\/pexels-photo-6077797-6077797.jpg 780w, https:\/\/ic-services.io\/wp-content\/uploads\/2026\/03\/pexels-photo-6077797-6077797.jpg 360w\" sizes=\"auto, (max-width: 480px) 150px\" src=\"https:\/\/ic-services.io\/wp-content\/uploads\/2026\/03\/pexels-photo-6077797-6077797.jpg\" alt=\"Grande plano de cabos e portas de rede num bastidor de servidores, mostrando a conetividade.\" class=\"uag-image-1633\" width=\"600\" height=\"450\" title=\"pexels foto 6077797 6077797\" loading=\"lazy\" role=\"img\"\/><\/figure><\/div>\n<\/div><\/div>\n\n\n\n<div class=\"wp-block-uagb-container uagb-block-nn6g3h4z alignfull uagb-is-root-container\"><div class=\"uagb-container-inner-blocks-wrap\">\n<div class=\"wp-block-uagb-info-box uagb-block-a3xkqq7w uagb-infobox__content-wrap  uagb-infobox-icon-above-title uagb-infobox-image-valign-top\"><div class=\"uagb-ifb-content\"><div class=\"uagb-ifb-title-wrap\"><p class=\"uagb-ifb-title-prefix\">Mantenha-se ligado a n\u00f3s<\/p><h2 class=\"uagb-ifb-title\">Vamos criar juntos<\/h2><\/div><\/div><\/div>\n\n\n\n<div class=\"wp-block-uagb-buttons uagb-buttons__outer-wrap uagb-btn__default-btn uagb-btn-tablet__default-btn uagb-btn-mobile__default-btn uagb-block-fip7kvb1\"><div class=\"uagb-buttons__wrap uagb-buttons-layout-wrap\">\n<div class=\"wp-block-uagb-buttons-child uagb-buttons__outer-wrap uagb-block-ssthev9b wp-block-button\"><div class=\"uagb-button__wrapper\"><a class=\"uagb-buttons-repeater wp-block-button__link\" aria-label=\"\" href=\"\/pt\/contacto\/\" rel=\"follow noopener\" target=\"_self\" role=\"button\"><div class=\"uagb-button__link\">falar com um especialista<\/div><\/a><\/div><\/div>\n<\/div><\/div>\n<\/div><\/div>","protected":false},"excerpt":{"rendered":"<p>Our Solutions portfolio covers&nbsp;end\u2011to\u2011end&nbsp;lawful interception, disclosure and data\u2011retention capabilities, fully aligned with ETSI, 3GPP and national requirements. We support legacy, [&hellip;]<\/p>\n","protected":false},"author":2,"featured_media":0,"parent":0,"menu_order":0,"comment_status":"closed","ping_status":"closed","template":"","meta":{"_uag_custom_page_level_css":"","site-sidebar-layout":"default","site-content-layout":"","ast-site-content-layout":"default","site-content-style":"default","site-sidebar-style":"default","ast-global-header-display":"","ast-banner-title-visibility":"","ast-main-header-display":"","ast-hfb-above-header-display":"","ast-hfb-below-header-display":"","ast-hfb-mobile-header-display":"","site-post-title":"","ast-breadcrumbs-content":"","ast-featured-img":"","footer-sml-layout":"","ast-disable-related-posts":"","theme-transparent-header-meta":"","adv-header-id-meta":"","stick-header-meta":"","header-above-stick-meta":"","header-main-stick-meta":"","header-below-stick-meta":"","astra-migrate-meta-layouts":"default","ast-page-background-enabled":"default","ast-page-background-meta":{"desktop":{"background-color":"var(--ast-global-color-5)","background-image":"","background-repeat":"repeat","background-position":"center center","background-size":"auto","background-attachment":"scroll","background-type":"","background-media":"","overlay-type":"","overlay-color":"","overlay-opacity":"","overlay-gradient":""},"tablet":{"background-color":"","background-image":"","background-repeat":"repeat","background-position":"center center","background-size":"auto","background-attachment":"scroll","background-type":"","background-media":"","overlay-type":"","overlay-color":"","overlay-opacity":"","overlay-gradient":""},"mobile":{"background-color":"","background-image":"","background-repeat":"repeat","background-position":"center center","background-size":"auto","background-attachment":"scroll","background-type":"","background-media":"","overlay-type":"","overlay-color":"","overlay-opacity":"","overlay-gradient":""}},"ast-content-background-meta":{"desktop":{"background-color":"var(--ast-global-color-4)","background-image":"","background-repeat":"repeat","background-position":"center center","background-size":"auto","background-attachment":"scroll","background-type":"","background-media":"","overlay-type":"","overlay-color":"","overlay-opacity":"","overlay-gradient":""},"tablet":{"background-color":"var(--ast-global-color-4)","background-image":"","background-repeat":"repeat","background-position":"center center","background-size":"auto","background-attachment":"scroll","background-type":"","background-media":"","overlay-type":"","overlay-color":"","overlay-opacity":"","overlay-gradient":""},"mobile":{"background-color":"var(--ast-global-color-4)","background-image":"","background-repeat":"repeat","background-position":"center center","background-size":"auto","background-attachment":"scroll","background-type":"","background-media":"","overlay-type":"","overlay-color":"","overlay-opacity":"","overlay-gradient":""}},"footnotes":""},"class_list":["post-1293","page","type-page","status-publish","hentry"],"uagb_featured_image_src":{"full":false,"thumbnail":false,"medium":false,"medium_large":false,"large":false,"1536x1536":false,"2048x2048":false,"trp-custom-language-flag":false},"uagb_author_info":{"display_name":"chatgpt","author_link":"https:\/\/ic-services.io\/pt\/author\/chatgpt\/"},"uagb_comment_info":0,"uagb_excerpt":"Our Solutions portfolio covers&nbsp;end\u2011to\u2011end&nbsp;lawful interception, disclosure and data\u2011retention capabilities, fully aligned with ETSI, 3GPP and national requirements. We support legacy, [&hellip;]","_links":{"self":[{"href":"https:\/\/ic-services.io\/pt\/wp-json\/wp\/v2\/pages\/1293","targetHints":{"allow":["GET"]}}],"collection":[{"href":"https:\/\/ic-services.io\/pt\/wp-json\/wp\/v2\/pages"}],"about":[{"href":"https:\/\/ic-services.io\/pt\/wp-json\/wp\/v2\/types\/page"}],"author":[{"embeddable":true,"href":"https:\/\/ic-services.io\/pt\/wp-json\/wp\/v2\/users\/2"}],"replies":[{"embeddable":true,"href":"https:\/\/ic-services.io\/pt\/wp-json\/wp\/v2\/comments?post=1293"}],"version-history":[{"count":11,"href":"https:\/\/ic-services.io\/pt\/wp-json\/wp\/v2\/pages\/1293\/revisions"}],"predecessor-version":[{"id":2107,"href":"https:\/\/ic-services.io\/pt\/wp-json\/wp\/v2\/pages\/1293\/revisions\/2107"}],"wp:attachment":[{"href":"https:\/\/ic-services.io\/pt\/wp-json\/wp\/v2\/media?parent=1293"}],"curies":[{"name":"wp","href":"https:\/\/api.w.org\/{rel}","templated":true}]}}