{"id":1297,"date":"2026-01-27T14:19:09","date_gmt":"2026-01-27T13:19:09","guid":{"rendered":"https:\/\/dev.ic-services.io\/?page_id=1297"},"modified":"2026-03-15T20:26:52","modified_gmt":"2026-03-15T19:26:52","slug":"retencao-de-dados","status":"publish","type":"page","link":"https:\/\/ic-services.io\/pt\/solutions\/data-retention\/","title":{"rendered":"Conserva\u00e7\u00e3o de dados"},"content":{"rendered":"<div class=\"wp-block-uagb-container uagb-block-x0hbieel alignfull uagb-is-root-container\"><div class=\"uagb-container-inner-blocks-wrap\">\n<div class=\"wp-block-uagb-info-box uagb-block-uih5jaqc uagb-infobox__content-wrap  uagb-infobox-icon-above-title uagb-infobox-image-valign-top\"><div class=\"uagb-ifb-content\"><div class=\"uagb-ifb-title-wrap\"><h1 class=\"uagb-ifb-title\">Conserva\u00e7\u00e3o de dados<\/h1><\/div><p class=\"uagb-ifb-desc\">As nossas solu\u00e7\u00f5es de reten\u00e7\u00e3o de dados e conformidade garantem o armazenamento seguro, a recupera\u00e7\u00e3o e a auditoria de dados de telecomunica\u00e7\u00f5es em conformidade com os requisitos regulamentares. Integram-se perfeitamente com as nossas plataformas de interce\u00e7\u00e3o legal e fornecem rastreio da cadeia de cust\u00f3dia e pistas de auditoria.<\/p><\/div><\/div>\n<\/div><\/div>\n\n\n\n<div class=\"wp-block-uagb-container uagb-block-c2ch1rgh alignfull uagb-is-root-container\"><div class=\"uagb-container-inner-blocks-wrap\">\n<div class=\"wp-block-uagb-info-box uagb-block-vgxmcibp uagb-infobox__content-wrap  uagb-infobox-icon-above-title uagb-infobox-image-valign-top\"><div class=\"uagb-ifb-content\"><div class=\"uagb-ifb-title-wrap\"><h2 class=\"uagb-ifb-title\">Servi\u00e7os de armaz\u00e9m de dados de assinantes<\/h2><\/div><p class=\"uagb-ifb-desc\">Explore a gama de servi\u00e7os que oferecemos para tratar os seus dados.<\/p><\/div><\/div>\n\n\n\n<div class=\"wp-block-uagb-container uagb-layout-grid uagb-block-g2hm5yue\">\n<div class=\"wp-block-uagb-container uagb-block-cezhnpib\">\n<div class=\"wp-block-uagb-info-box uagb-block-ac2o3aup uagb-infobox__content-wrap  uagb-infobox-icon-above-title uagb-infobox-image-valign-top\"><div class=\"uagb-ifb-content\"><div class=\"uagb-ifb-title-wrap\"><p class=\"uagb-ifb-title-prefix\">01<\/p><h3 class=\"uagb-ifb-title\">Responder aos pedidos dos subscritores LEA em segundos, n\u00e3o em horas<\/h3><\/div><p class=\"uagb-ifb-desc\">Consolide os dados dos seus subscritores de v\u00e1rios sistemas de fatura\u00e7\u00e3o e aprovisionamento num \u00fanico armaz\u00e9m pesquis\u00e1vel.<\/p><\/div><\/div>\n<\/div>\n\n\n\n<div class=\"wp-block-uagb-container uagb-block-6o0mukmb\">\n<div class=\"wp-block-uagb-info-box uagb-block-ydvidhod uagb-infobox__content-wrap  uagb-infobox-icon-above-title uagb-infobox-image-valign-top\"><div class=\"uagb-ifb-content\"><div class=\"uagb-ifb-title-wrap\"><p class=\"uagb-ifb-title-prefix\">02<\/p><h3 class=\"uagb-ifb-title\">Os seus dados de subscritores vivem em silos<\/h3><\/div><p class=\"uagb-ifb-desc\">Os fornecedores de telecomunica\u00e7\u00f5es armazenam informa\u00e7\u00f5es sobre os assinantes em v\u00e1rios sistemas:<br><br>- Plataformas de fatura\u00e7\u00e3o<br>- Provisionamento de bases de dados<br>- Sistemas CRM<br>- Plataformas antigas<br><br>Quando as autoridades policiais solicitam informa\u00e7\u00f5es sobre os assinantes, a sua equipa pesquisa cada sistema manualmente. Isto demora horas. Os erros acontecem. Os prazos n\u00e3o s\u00e3o cumpridos.<\/p><\/div><\/div>\n<\/div>\n\n\n\n<div class=\"wp-block-uagb-container uagb-block-l3xppzke\">\n<div class=\"wp-block-uagb-info-box uagb-block-ktk2zgrl uagb-infobox__content-wrap  uagb-infobox-icon-above-title uagb-infobox-image-valign-top\"><div class=\"uagb-ifb-content\"><div class=\"uagb-ifb-title-wrap\"><p class=\"uagb-ifb-title-prefix\">03<\/p><h3 class=\"uagb-ifb-title\">Uma pesquisa. Todos os seus subscritores.<\/h3><\/div><p class=\"uagb-ifb-desc\">Criamos pipelines ETL personalizados que:<br><br><strong>- Extrato<\/strong>&nbsp;dados dos seus sistemas existentes (sem necessidade de migra\u00e7\u00e3o)<br><strong>- Transformar<\/strong>&nbsp;n\u00fameros de telefone e endere\u00e7os em formatos normalizados<br><strong>- Carga<\/strong>&nbsp;tudo num armaz\u00e9m de dados unificado e indexado<br><br>A sua equipa pesquisa uma vez. Obt\u00e9m resultados completos. Responde mais rapidamente.<\/p><\/div><\/div>\n<\/div>\n\n\n\n<div class=\"wp-block-uagb-container uagb-block-fgkrduw9\">\n<div class=\"wp-block-uagb-info-box uagb-block-9m714zdd uagb-infobox__content-wrap  uagb-infobox-icon-above-title uagb-infobox-image-valign-top\"><div class=\"uagb-ifb-content\"><div class=\"uagb-ifb-title-wrap\"><p class=\"uagb-ifb-title-prefix\">04<\/p><h3 class=\"uagb-ifb-title\">Criado para equipas de conformidade<\/h3><\/div><p class=\"uagb-ifb-desc\"><strong>Pesquisas r\u00e1pidas<\/strong>&nbsp;Pesquisa de texto completo em nomes, endere\u00e7os e e-mails. A correspond\u00eancia de n\u00fameros de telefone lida com qualquer formato.<br><br><strong>Sempre atual<\/strong>&nbsp;A sincroniza\u00e7\u00e3o incremental mant\u00e9m os dados actualizados. As altera\u00e7\u00f5es fluem dos sistemas de origem em minutos.<br><br><strong>Preparado para auditoria<\/strong>&nbsp;Todas as pesquisas registadas. Todas as respostas documentadas. Pronto para revis\u00e3o regulamentar.<br><br><strong>API compat\u00edvel com ETSI<\/strong>&nbsp;O acesso program\u00e1tico segue as normas ETSI LI. Integra\u00e7\u00e3o com os seus fluxos de trabalho existentes.<\/p><\/div><\/div>\n<\/div>\n\n\n\n<div class=\"wp-block-uagb-container uagb-block-jeyfob61\">\n<div class=\"wp-block-uagb-info-box uagb-block-cbrwz5zt uagb-infobox__content-wrap  uagb-infobox-icon-above-title uagb-infobox-image-valign-top\"><div class=\"uagb-ifb-content\"><div class=\"uagb-ifb-title-wrap\"><p class=\"uagb-ifb-title-prefix\">05<\/p><h3 class=\"uagb-ifb-title\">De fragmentado a unificado em semanas<\/h3><\/div><p class=\"uagb-ifb-desc\"><strong>1. Descoberta<\/strong>\u00a0Mapeamos as suas fontes de dados e compreendemos os seus requisitos de conformidade.<br><br><strong>2. Construir<\/strong>\u00a0Extractores personalizados para cada sistema. Regras de transforma\u00e7\u00e3o para os seus formatos de dados.<br><br><strong>3. Implementar<\/strong>\u00a0Implementa\u00e7\u00e3o segura na sua infraestrutura. Os seus dados nunca saem da sua rede.<br><br><strong>4. Comboio<\/strong>\u00a0A sua equipa aprende a interface de pesquisa. N\u00f3s documentamos tudo.<\/p><\/div><\/div>\n<\/div>\n\n\n\n<div class=\"wp-block-uagb-container uagb-block-aohxq8ai\">\n<div class=\"wp-block-uagb-info-box uagb-block-zsnoeg1s uagb-infobox__content-wrap  uagb-infobox-icon-above-title uagb-infobox-image-valign-top\"><div class=\"uagb-ifb-content\"><div class=\"uagb-ifb-title-wrap\"><p class=\"uagb-ifb-title-prefix\">06<\/p><h3 class=\"uagb-ifb-title\">Os seus dados continuam a ser seus<\/h3><\/div><p class=\"uagb-ifb-desc\">- Implementado na sua infraestrutura<br><br>- Sem depend\u00eancias de nuvem<br><br>- Componentes de fonte aberta<br><br>- Registo de auditoria completo<br><br>- Os dados s\u00e3o seus<\/p><\/div><\/div>\n<\/div>\n<\/div>\n<\/div><\/div>\n\n\n\n<p><\/p>","protected":false},"excerpt":{"rendered":"","protected":false},"author":2,"featured_media":0,"parent":1293,"menu_order":0,"comment_status":"closed","ping_status":"closed","template":"","meta":{"_uag_custom_page_level_css":"","site-sidebar-layout":"default","site-content-layout":"","ast-site-content-layout":"default","site-content-style":"default","site-sidebar-style":"default","ast-global-header-display":"","ast-banner-title-visibility":"","ast-main-header-display":"","ast-hfb-above-header-display":"","ast-hfb-below-header-display":"","ast-hfb-mobile-header-display":"","site-post-title":"disabled","ast-breadcrumbs-content":"","ast-featured-img":"","footer-sml-layout":"","ast-disable-related-posts":"","theme-transparent-header-meta":"","adv-header-id-meta":"","stick-header-meta":"","header-above-stick-meta":"","header-main-stick-meta":"","header-below-stick-meta":"","astra-migrate-meta-layouts":"default","ast-page-background-enabled":"default","ast-page-background-meta":{"desktop":{"background-color":"var(--ast-global-color-5)","background-image":"","background-repeat":"repeat","background-position":"center center","background-size":"auto","background-attachment":"scroll","background-type":"","background-media":"","overlay-type":"","overlay-color":"","overlay-opacity":"","overlay-gradient":""},"tablet":{"background-color":"","background-image":"","background-repeat":"repeat","background-position":"center center","background-size":"auto","background-attachment":"scroll","background-type":"","background-media":"","overlay-type":"","overlay-color":"","overlay-opacity":"","overlay-gradient":""},"mobile":{"background-color":"","background-image":"","background-repeat":"repeat","background-position":"center center","background-size":"auto","background-attachment":"scroll","background-type":"","background-media":"","overlay-type":"","overlay-color":"","overlay-opacity":"","overlay-gradient":""}},"ast-content-background-meta":{"desktop":{"background-color":"var(--ast-global-color-4)","background-image":"","background-repeat":"repeat","background-position":"center center","background-size":"auto","background-attachment":"scroll","background-type":"","background-media":"","overlay-type":"","overlay-color":"","overlay-opacity":"","overlay-gradient":""},"tablet":{"background-color":"var(--ast-global-color-4)","background-image":"","background-repeat":"repeat","background-position":"center center","background-size":"auto","background-attachment":"scroll","background-type":"","background-media":"","overlay-type":"","overlay-color":"","overlay-opacity":"","overlay-gradient":""},"mobile":{"background-color":"var(--ast-global-color-4)","background-image":"","background-repeat":"repeat","background-position":"center center","background-size":"auto","background-attachment":"scroll","background-type":"","background-media":"","overlay-type":"","overlay-color":"","overlay-opacity":"","overlay-gradient":""}},"footnotes":""},"class_list":["post-1297","page","type-page","status-publish","hentry"],"uagb_featured_image_src":{"full":false,"thumbnail":false,"medium":false,"medium_large":false,"large":false,"1536x1536":false,"2048x2048":false,"trp-custom-language-flag":false},"uagb_author_info":{"display_name":"chatgpt","author_link":"https:\/\/ic-services.io\/pt\/author\/chatgpt\/"},"uagb_comment_info":0,"uagb_excerpt":null,"_links":{"self":[{"href":"https:\/\/ic-services.io\/pt\/wp-json\/wp\/v2\/pages\/1297","targetHints":{"allow":["GET"]}}],"collection":[{"href":"https:\/\/ic-services.io\/pt\/wp-json\/wp\/v2\/pages"}],"about":[{"href":"https:\/\/ic-services.io\/pt\/wp-json\/wp\/v2\/types\/page"}],"author":[{"embeddable":true,"href":"https:\/\/ic-services.io\/pt\/wp-json\/wp\/v2\/users\/2"}],"replies":[{"embeddable":true,"href":"https:\/\/ic-services.io\/pt\/wp-json\/wp\/v2\/comments?post=1297"}],"version-history":[{"count":9,"href":"https:\/\/ic-services.io\/pt\/wp-json\/wp\/v2\/pages\/1297\/revisions"}],"predecessor-version":[{"id":1948,"href":"https:\/\/ic-services.io\/pt\/wp-json\/wp\/v2\/pages\/1297\/revisions\/1948"}],"up":[{"embeddable":true,"href":"https:\/\/ic-services.io\/pt\/wp-json\/wp\/v2\/pages\/1293"}],"wp:attachment":[{"href":"https:\/\/ic-services.io\/pt\/wp-json\/wp\/v2\/media?parent=1297"}],"curies":[{"name":"wp","href":"https:\/\/api.w.org\/{rel}","templated":true}]}}