{"id":13,"date":"2026-01-23T09:42:16","date_gmt":"2026-01-23T09:42:16","guid":{"rendered":"https:\/\/dev.ic-services.io\/?page_id=13"},"modified":"2026-03-14T10:29:28","modified_gmt":"2026-03-14T09:29:28","slug":"servicos","status":"publish","type":"page","link":"https:\/\/ic-services.io\/pt\/services\/","title":{"rendered":"Servi\u00e7os"},"content":{"rendered":"<div class=\"wp-block-uagb-container uagb-block-0eqocqwc alignfull uagb-is-root-container\">\n<div class=\"wp-block-uagb-info-box uagb-block-bo4f9ohn uagb-infobox__content-wrap  uagb-infobox-icon-above-title uagb-infobox-image-valign-top wp-block-uagb-info-box--has-margin\"><div class=\"uagb-infobox-margin-wrapper\"><div class=\"uagb-ifb-content\"><div class=\"uagb-ifb-title-wrap\"><p class=\"uagb-ifb-title-prefix\">Juntos para o sucesso<\/p><h1 class=\"uagb-ifb-title\">Portf\u00f3lio completo de servi\u00e7os para interce\u00e7\u00e3o legal e conformidade<\/h1><\/div><p class=\"uagb-ifb-desc\">A ICS oferece servi\u00e7os de ponta a ponta que ajudam os provedores de servi\u00e7os de comunica\u00e7\u00e3o a cumprir suas obriga\u00e7\u00f5es de interceta\u00e7\u00e3o legal de forma eficiente. Desde opera\u00e7\u00f5es totalmente geridas e integra\u00e7\u00e3o personalizada a consultoria regulamentar e administra\u00e7\u00e3o de fatura\u00e7\u00e3o, fornecemos a experi\u00eancia e o apoio de que necessita.<\/p><\/div><\/div><\/div>\n\n\n\n<div class=\"wp-block-uagb-buttons uagb-buttons__outer-wrap uagb-btn__default-btn uagb-btn-tablet__default-btn uagb-btn-mobile__default-btn uagb-block-rp97djeq\"><div class=\"uagb-buttons__wrap uagb-buttons-layout-wrap\">\n<div class=\"wp-block-uagb-buttons-child uagb-buttons__outer-wrap uagb-block-hotrnmto wp-block-button\"><div class=\"uagb-button__wrapper\"><a class=\"uagb-buttons-repeater wp-block-button__link\" aria-label=\"\" href=\"\/pt\/contacto\/\" rel=\"follow noopener\" target=\"_self\" role=\"button\"><div class=\"uagb-button__link\">falar com um especialista<\/div><\/a><\/div><\/div>\n<\/div><\/div>\n\n\n\n<div class=\"wp-block-uagb-container uagb-block-8u9y3uhf alignfull uagb-is-root-container\"><\/div>\n<\/div>\n\n\n\n<div class=\"wp-block-uagb-container uagb-block-4062d932 alignfull uagb-is-root-container\"><div class=\"uagb-container-inner-blocks-wrap\">\n<div class=\"wp-block-uagb-container uagb-layout-flex uagb-block-188bf86b\">\n<div class=\"wp-block-uagb-image alignright uagb-block-a74814ac wp-block-uagb-image--layout-default wp-block-uagb-image--effect-static wp-block-uagb-image--align-right\"><figure class=\"wp-block-uagb-image__figure\"><img decoding=\"async\" srcset=\"https:\/\/ic-services.io\/wp-content\/uploads\/2026\/01\/pexels-photo-4682189.jpeg ,https:\/\/ic-services.io\/wp-content\/uploads\/2026\/01\/pexels-photo-4682189.jpeg 780w, https:\/\/ic-services.io\/wp-content\/uploads\/2026\/01\/pexels-photo-4682189.jpeg 360w\" sizes=\"auto, (max-width: 480px) 150px\" src=\"https:\/\/ic-services.io\/wp-content\/uploads\/2026\/01\/pexels-photo-4682189.jpeg\" alt=\"Vista detalhada de cabos de fibra \u00f3tica ligados a um patch panel num centro de dados.\" class=\"uag-image-813\" width=\"258\" height=\"258\" title=\"servi\u00e7os-05\" loading=\"lazy\" role=\"img\"\/><\/figure><\/div>\n<\/div>\n\n\n\n<div class=\"wp-block-group is-nowrap is-layout-flex wp-container-core-group-is-layout-6c531013 wp-block-group-is-layout-flex\">\n<div class=\"wp-block-uagb-container uagb-block-734584c5\">\n<div class=\"wp-block-uagb-advanced-heading uagb-block-0dee396c\"><div class=\"uagb-separator\"><\/div><h2 class=\"uagb-heading-text\">Opera\u00e7\u00f5es de LI geridas<\/h2><p class=\"uagb-desc-text\">O nosso servi\u00e7o gerido de interce\u00e7\u00e3o legal fornece um suporte operacional completo, incluindo monitoriza\u00e7\u00e3o do sistema 24 horas por dia, 7 dias por semana, gest\u00e3o de mandados, entrega segura a ag\u00eancias de aplica\u00e7\u00e3o da lei e relat\u00f3rios de conformidade. Executamos a sua infraestrutura de LI para que se possa concentrar na sua rede, mantendo total visibilidade e controlo atrav\u00e9s do nosso portal de gest\u00e3o.<\/p><\/div>\n\n\n\n<div class=\"wp-block-uagb-buttons uagb-buttons__outer-wrap uagb-btn__default-btn uagb-btn-tablet__default-btn uagb-btn-mobile__default-btn uagb-block-61f9686f\"><div class=\"uagb-buttons__wrap uagb-buttons-layout-wrap\">\n<div class=\"wp-block-uagb-buttons-child uagb-buttons__outer-wrap uagb-block-df38012e wp-block-button\"><div class=\"uagb-button__wrapper\"><a class=\"uagb-buttons-repeater wp-block-button__link\" aria-label=\"\" href=\"\/pt\/servicos\/operacoes-de-li-geridas\/\" rel=\"follow noopener\" target=\"_self\" role=\"button\"><div class=\"uagb-button__link\">Ler mais<\/div><span class=\"uagb-button__icon uagb-button__icon-position-after\"><svg xmlns=\"https:\/\/www.w3.org\/2000\/svg\" viewbox=\"0 0 256 512\" aria-hidden=\"true\" focussable=\"false\"><path d=\"M64 448c-8.188 0-16.38-3.125-22.62-9.375c-12.5-12.5-12.5-32.75 0-45.25L178.8 256L41.38 118.6c-12.5-12.5-12.5-32.75 0-45.25s32.75-12.5 45.25 0l160 160c12.5 12.5 12.5 32.75 0 45.25l-160 160C80.38 444.9 72.19 448 64 448z\"><\/path><\/svg><\/span><\/a><\/div><\/div>\n<\/div><\/div>\n<\/div>\n<\/div>\n<\/div><\/div>\n\n\n\n<div class=\"wp-block-uagb-container uagb-block-0c412db5 alignfull uagb-is-root-container\"><div class=\"uagb-container-inner-blocks-wrap\">\n<div class=\"wp-block-group is-nowrap is-layout-flex wp-container-core-group-is-layout-6c531013 wp-block-group-is-layout-flex\">\n<div class=\"wp-block-uagb-container uagb-block-e1ff7d3a\">\n<div class=\"wp-block-uagb-advanced-heading uagb-block-1df7c5de\"><div class=\"uagb-separator\"><\/div><h2 class=\"uagb-heading-text\">Integra\u00e7\u00e3o e desenvolvimento personalizado<\/h2><p class=\"uagb-desc-text\">Adaptamos as solu\u00e7\u00f5es de interce\u00e7\u00e3o legal \u00e0 sua arquitetura de rede espec\u00edfica, sistemas antigos e requisitos regulamentares. Os nossos servi\u00e7os de integra\u00e7\u00e3o incluem adaptadores personalizados, conversores de protocolos, fun\u00e7\u00f5es de media\u00e7\u00e3o e interfaces de transfer\u00eancia que colmatam a lacuna entre o seu ambiente real e as obriga\u00e7\u00f5es de conformidade, mantendo o alinhamento com o ETSI.<\/p><\/div>\n\n\n\n<div class=\"wp-block-uagb-buttons uagb-buttons__outer-wrap uagb-btn__default-btn uagb-btn-tablet__default-btn uagb-btn-mobile__default-btn uagb-block-61ea11eb\"><div class=\"uagb-buttons__wrap uagb-buttons-layout-wrap\">\n<div class=\"wp-block-uagb-buttons-child uagb-buttons__outer-wrap uagb-block-a98151e5 wp-block-button\"><div class=\"uagb-button__wrapper\"><a class=\"uagb-buttons-repeater wp-block-button__link\" aria-label=\"\" href=\"\/pt\/servicos\/integracao-desenvolvimento-personalizado\/\" rel=\"follow noopener\" target=\"_self\" role=\"button\"><div class=\"uagb-button__link\">Ler mais<\/div><span class=\"uagb-button__icon uagb-button__icon-position-after\"><svg xmlns=\"https:\/\/www.w3.org\/2000\/svg\" viewbox=\"0 0 256 512\" aria-hidden=\"true\" focussable=\"false\"><path d=\"M64 448c-8.188 0-16.38-3.125-22.62-9.375c-12.5-12.5-12.5-32.75 0-45.25L178.8 256L41.38 118.6c-12.5-12.5-12.5-32.75 0-45.25s32.75-12.5 45.25 0l160 160c12.5 12.5 12.5 32.75 0 45.25l-160 160C80.38 444.9 72.19 448 64 448z\"><\/path><\/svg><\/span><\/a><\/div><\/div>\n<\/div><\/div>\n<\/div>\n\n\n\n<div class=\"wp-block-uagb-container uagb-layout-flex uagb-block-c0e43976\">\n<div class=\"wp-block-uagb-image alignleft uagb-block-5306a3d4 wp-block-uagb-image--layout-default wp-block-uagb-image--effect-static wp-block-uagb-image--align-left\"><figure class=\"wp-block-uagb-image__figure\"><img decoding=\"async\" srcset=\"https:\/\/ic-services.io\/wp-content\/uploads\/2026\/02\/pexels-photo-113850-113850-1024x683.jpg ,https:\/\/ic-services.io\/wp-content\/uploads\/2026\/02\/pexels-photo-113850-113850-scaled.jpg 780w, https:\/\/ic-services.io\/wp-content\/uploads\/2026\/02\/pexels-photo-113850-113850-scaled.jpg 360w\" sizes=\"auto, (max-width: 480px) 150px\" src=\"https:\/\/ic-services.io\/wp-content\/uploads\/2026\/02\/pexels-photo-113850-113850-1024x683.jpg\" alt=\"Uma vista detalhada de um c\u00f3digo fonte colorido apresentado num ecr\u00e3 de computador, representando a programa\u00e7\u00e3o e a tecnologia modernas.\" class=\"uag-image-1591\" width=\"258\" height=\"258\" title=\"pexels foto 113850 113850\" loading=\"lazy\" role=\"img\"\/><\/figure><\/div>\n<\/div>\n<\/div>\n<\/div><\/div>\n\n\n\n<div class=\"wp-block-uagb-container uagb-block-86ad670d alignfull uagb-is-root-container\"><div class=\"uagb-container-inner-blocks-wrap\">\n<div class=\"wp-block-group is-nowrap is-layout-flex wp-container-core-group-is-layout-6c531013 wp-block-group-is-layout-flex\">\n<div class=\"wp-block-uagb-container uagb-layout-flex uagb-block-49c46b3d\">\n<div class=\"wp-block-uagb-image alignright uagb-block-d96255e0 wp-block-uagb-image--layout-default wp-block-uagb-image--effect-static wp-block-uagb-image--align-right\"><figure class=\"wp-block-uagb-image__figure\"><img decoding=\"async\" srcset=\"https:\/\/ic-services.io\/wp-content\/uploads\/2026\/02\/pexels-photo-7433827-7433827-1024x683.jpg ,https:\/\/ic-services.io\/wp-content\/uploads\/2026\/02\/pexels-photo-7433827-7433827-scaled.jpg 780w, https:\/\/ic-services.io\/wp-content\/uploads\/2026\/02\/pexels-photo-7433827-7433827-scaled.jpg 360w\" sizes=\"auto, (max-width: 480px) 150px\" src=\"https:\/\/ic-services.io\/wp-content\/uploads\/2026\/02\/pexels-photo-7433827-7433827-1024x683.jpg\" alt=\"Profissionais de topo a discutir documentos num ambiente de escrit\u00f3rio empresarial.\" class=\"uag-image-1681\" width=\"258\" height=\"258\" title=\"foto pexels 7433827 7433827\" loading=\"lazy\" role=\"img\"\/><\/figure><\/div>\n<\/div>\n\n\n\n<div class=\"wp-block-uagb-container uagb-block-a1958e86\">\n<div class=\"wp-block-uagb-advanced-heading uagb-block-5ca96e19\"><div class=\"uagb-separator\"><\/div><h2 class=\"uagb-heading-text\">Consultoria e apoio regulamentar<\/h2><p class=\"uagb-desc-text\">A nossa equipa de consultores ajuda-o a compreender e a cumprir as obriga\u00e7\u00f5es de interce\u00e7\u00e3o legal em v\u00e1rias jurisdi\u00e7\u00f5es. Fornecemos avalia\u00e7\u00f5es de conformidade, orienta\u00e7\u00f5es de alinhamento com as normas ETSI, apoio \u00e0 conce\u00e7\u00e3o da arquitetura e prepara\u00e7\u00e3o de auditorias para garantir que os seus sistemas cumprem os requisitos regulamentares e passam nas inspec\u00e7\u00f5es.<\/p><\/div>\n\n\n\n<div class=\"wp-block-uagb-buttons uagb-buttons__outer-wrap uagb-btn__default-btn uagb-btn-tablet__default-btn uagb-btn-mobile__default-btn uagb-block-46153460\"><div class=\"uagb-buttons__wrap uagb-buttons-layout-wrap\">\n<div class=\"wp-block-uagb-buttons-child uagb-buttons__outer-wrap uagb-block-d645d467 wp-block-button\"><div class=\"uagb-button__wrapper\"><a class=\"uagb-buttons-repeater wp-block-button__link\" aria-label=\"\" href=\"\/pt\/servicos\/integracao-desenvolvimento-personalizado\/\" rel=\"follow noopener\" target=\"_self\" role=\"button\"><div class=\"uagb-button__link\">Ler mais<\/div><span class=\"uagb-button__icon uagb-button__icon-position-after\"><svg xmlns=\"https:\/\/www.w3.org\/2000\/svg\" viewbox=\"0 0 256 512\" aria-hidden=\"true\" focussable=\"false\"><path d=\"M64 448c-8.188 0-16.38-3.125-22.62-9.375c-12.5-12.5-12.5-32.75 0-45.25L178.8 256L41.38 118.6c-12.5-12.5-12.5-32.75 0-45.25s32.75-12.5 45.25 0l160 160c12.5 12.5 12.5 32.75 0 45.25l-160 160C80.38 444.9 72.19 448 64 448z\"><\/path><\/svg><\/span><\/a><\/div><\/div>\n<\/div><\/div>\n<\/div>\n<\/div>\n<\/div><\/div>\n\n\n\n<div class=\"wp-block-uagb-container uagb-block-ffb294d0 alignfull uagb-is-root-container\"><div class=\"uagb-container-inner-blocks-wrap\">\n<div class=\"wp-block-group is-nowrap is-layout-flex wp-container-core-group-is-layout-6c531013 wp-block-group-is-layout-flex\">\n<div class=\"wp-block-uagb-container uagb-block-5549ed4d\">\n<div class=\"wp-block-uagb-advanced-heading uagb-block-38c491c3\"><div class=\"uagb-separator\"><\/div><h2 class=\"uagb-heading-text\">Servi\u00e7os de fatura\u00e7\u00e3o<\/h2><p class=\"uagb-desc-text\">Tratamos de todo o ciclo de fatura\u00e7\u00e3o e reembolso das actividades de interce\u00e7\u00e3o legal. O nosso servi\u00e7o rastreia automaticamente todos os eventos factur\u00e1veis, calcula os custos de acordo com os quadros aplic\u00e1veis, gera facturas conformes e gere a cobran\u00e7a de pagamentos junto das entidades respons\u00e1veis pela aplica\u00e7\u00e3o da lei, adaptando-se \u00e0s regras e requisitos das diferentes jurisdi\u00e7\u00f5es.<\/p><\/div>\n\n\n\n<div class=\"wp-block-uagb-buttons uagb-buttons__outer-wrap uagb-btn__default-btn uagb-btn-tablet__default-btn uagb-btn-mobile__default-btn uagb-block-051953c4\"><div class=\"uagb-buttons__wrap uagb-buttons-layout-wrap\">\n<div class=\"wp-block-uagb-buttons-child uagb-buttons__outer-wrap uagb-block-6af16c68 wp-block-button\"><div class=\"uagb-button__wrapper\"><a class=\"uagb-buttons-repeater wp-block-button__link\" aria-label=\"\" href=\"\/pt\/servicos\/servicos-de-faturacao\/\" rel=\"follow noopener\" target=\"_self\" role=\"button\"><div class=\"uagb-button__link\">Ler mais<\/div><span class=\"uagb-button__icon uagb-button__icon-position-after\"><svg xmlns=\"https:\/\/www.w3.org\/2000\/svg\" viewbox=\"0 0 256 512\" aria-hidden=\"true\" focussable=\"false\"><path d=\"M64 448c-8.188 0-16.38-3.125-22.62-9.375c-12.5-12.5-12.5-32.75 0-45.25L178.8 256L41.38 118.6c-12.5-12.5-12.5-32.75 0-45.25s32.75-12.5 45.25 0l160 160c12.5 12.5 12.5 32.75 0 45.25l-160 160C80.38 444.9 72.19 448 64 448z\"><\/path><\/svg><\/span><\/a><\/div><\/div>\n<\/div><\/div>\n<\/div>\n\n\n\n<div class=\"wp-block-uagb-container uagb-layout-flex uagb-block-35e87960\">\n<div class=\"wp-block-uagb-image alignleft uagb-block-76558478 wp-block-uagb-image--layout-default wp-block-uagb-image--effect-static wp-block-uagb-image--align-left\"><figure class=\"wp-block-uagb-image__figure\"><img decoding=\"async\" srcset=\"https:\/\/ic-services.io\/wp-content\/uploads\/2026\/02\/pexels-photo-8296977-8296977-1024x683.jpg ,https:\/\/ic-services.io\/wp-content\/uploads\/2026\/02\/pexels-photo-8296977-8296977-scaled.jpg 780w, https:\/\/ic-services.io\/wp-content\/uploads\/2026\/02\/pexels-photo-8296977-8296977-scaled.jpg 360w\" sizes=\"auto, (max-width: 480px) 150px\" src=\"https:\/\/ic-services.io\/wp-content\/uploads\/2026\/02\/pexels-photo-8296977-8296977-1024x683.jpg\" alt=\"Um contabilista a utilizar uma calculadora e a assinar papelada, mostrando a an\u00e1lise financeira.\" class=\"uag-image-1679\" width=\"258\" height=\"258\" title=\"foto pexels 8296977 8296977\" loading=\"lazy\" role=\"img\"\/><\/figure><\/div>\n<\/div>\n<\/div>\n<\/div><\/div>\n\n\n\n\n\n<div class=\"wp-block-uagb-container uagb-layout-grid uagb-block-508141bb alignfull uagb-is-root-container\"><div class=\"uagb-container-inner-blocks-wrap\">\n<div class=\"wp-block-uagb-advanced-heading uagb-block-09883dcf\"><div class=\"uagb-separator\"><\/div><h2 class=\"uagb-heading-text\">A nossa abordagem sistem\u00e1tica para fornecer solu\u00e7\u00f5es abrangentes<\/h2><\/div>\n\n\n\n<div class=\"wp-block-uagb-container uagb-layout-grid uagb-block-aa24d0e8 alignfull uagb-is-root-container\"><div class=\"uagb-container-inner-blocks-wrap\">\n<div class=\"wp-block-uagb-info-box uagb-block-37efc996 uagb-infobox__content-wrap  uagb-infobox-icon-above-title uagb-infobox-image-valign-top\"><div class=\"uagb-ifb-content\"><div class=\"uagb-ifb-title-wrap\"><p class=\"uagb-ifb-title-prefix\">Passo 1<\/p><h3 class=\"uagb-ifb-title\">Consulta<\/h3><\/div><p class=\"uagb-ifb-desc\">Trabalhamos com as suas equipas jur\u00eddicas, de conformidade e t\u00e9cnicas para compreender as suas obriga\u00e7\u00f5es regulamentares, a arquitetura da rede, as restri\u00e7\u00f5es operacionais e os requisitos de servi\u00e7o em todas as jurisdi\u00e7\u00f5es onde opera.<\/p><\/div><\/div>\n\n\n\n<div class=\"wp-block-uagb-info-box uagb-block-a83f2864 uagb-infobox__content-wrap  uagb-infobox-icon-above-title uagb-infobox-image-valign-top\"><div class=\"uagb-ifb-content\"><div class=\"uagb-ifb-title-wrap\"><p class=\"uagb-ifb-title-prefix\">Passo 2<\/p><h3 class=\"uagb-ifb-title\">Implementa\u00e7\u00e3o<\/h3><\/div><p class=\"uagb-ifb-desc\">Implementamos, integramos e configuramos sistemas e servi\u00e7os de interce\u00e7\u00e3o legal adaptados ao seu ambiente espec\u00edfico, assegurando um funcionamento perfeito com a sua infraestrutura existente e a conformidade com todas as normas aplic\u00e1veis.<\/p><\/div><\/div>\n\n\n\n<div class=\"wp-block-uagb-info-box uagb-block-56e981fe uagb-infobox__content-wrap  uagb-infobox-icon-above-title uagb-infobox-image-valign-top\"><div class=\"uagb-ifb-content\"><div class=\"uagb-ifb-title-wrap\"><p class=\"uagb-ifb-title-prefix\">Passo 3<\/p><h3 class=\"uagb-ifb-title\">Apoio<\/h3><\/div><p class=\"uagb-ifb-desc\">A nossa equipa fornece suporte operacional cont\u00ednuo, monitoriza\u00e7\u00e3o, actualiza\u00e7\u00f5es e orienta\u00e7\u00e3o regulamentar para garantir que o seu ambiente de LI permanece em conformidade, seguro e pronto para auditorias \u00e0 medida que os regulamentos e as normas evoluem.<\/p><\/div><\/div>\n<\/div><\/div>\n<\/div><\/div>","protected":false},"excerpt":{"rendered":"<p>Managed LI Operations Our managed lawful interception service provides complete operational support including 24\/7 system monitoring, warrant management, secure handover [&hellip;]<\/p>\n","protected":false},"author":1,"featured_media":0,"parent":0,"menu_order":0,"comment_status":"closed","ping_status":"closed","template":"","meta":{"_uag_custom_page_level_css":"","site-sidebar-layout":"default","site-content-layout":"","ast-site-content-layout":"default","site-content-style":"default","site-sidebar-style":"default","ast-global-header-display":"","ast-banner-title-visibility":"","ast-main-header-display":"","ast-hfb-above-header-display":"","ast-hfb-below-header-display":"","ast-hfb-mobile-header-display":"","site-post-title":"disabled","ast-breadcrumbs-content":"","ast-featured-img":"","footer-sml-layout":"","ast-disable-related-posts":"","theme-transparent-header-meta":"default","adv-header-id-meta":"","stick-header-meta":"","header-above-stick-meta":"","header-main-stick-meta":"","header-below-stick-meta":"","astra-migrate-meta-layouts":"default","ast-page-background-enabled":"default","ast-page-background-meta":{"desktop":{"background-color":"var(--ast-global-color-5)","background-image":"","background-repeat":"repeat","background-position":"center center","background-size":"auto","background-attachment":"scroll","background-type":"","background-media":"","overlay-type":"","overlay-color":"","overlay-opacity":"","overlay-gradient":""},"tablet":{"background-color":"","background-image":"","background-repeat":"repeat","background-position":"center center","background-size":"auto","background-attachment":"scroll","background-type":"","background-media":"","overlay-type":"","overlay-color":"","overlay-opacity":"","overlay-gradient":""},"mobile":{"background-color":"","background-image":"","background-repeat":"repeat","background-position":"center center","background-size":"auto","background-attachment":"scroll","background-type":"","background-media":"","overlay-type":"","overlay-color":"","overlay-opacity":"","overlay-gradient":""}},"ast-content-background-meta":{"desktop":{"background-color":"var(--ast-global-color-4)","background-image":"","background-repeat":"repeat","background-position":"center center","background-size":"auto","background-attachment":"scroll","background-type":"","background-media":"","overlay-type":"","overlay-color":"","overlay-opacity":"","overlay-gradient":""},"tablet":{"background-color":"var(--ast-global-color-4)","background-image":"","background-repeat":"repeat","background-position":"center center","background-size":"auto","background-attachment":"scroll","background-type":"","background-media":"","overlay-type":"","overlay-color":"","overlay-opacity":"","overlay-gradient":""},"mobile":{"background-color":"var(--ast-global-color-4)","background-image":"","background-repeat":"repeat","background-position":"center center","background-size":"auto","background-attachment":"scroll","background-type":"","background-media":"","overlay-type":"","overlay-color":"","overlay-opacity":"","overlay-gradient":""}},"footnotes":""},"class_list":["post-13","page","type-page","status-publish","hentry"],"uagb_featured_image_src":{"full":false,"thumbnail":false,"medium":false,"medium_large":false,"large":false,"1536x1536":false,"2048x2048":false,"trp-custom-language-flag":false},"uagb_author_info":{"display_name":"ICS Team","author_link":"https:\/\/ic-services.io\/pt\/author\/operations_q0xnxjbe\/"},"uagb_comment_info":0,"uagb_excerpt":"Managed LI Operations Our managed lawful interception service provides complete operational support including 24\/7 system monitoring, warrant management, secure handover [&hellip;]","_links":{"self":[{"href":"https:\/\/ic-services.io\/pt\/wp-json\/wp\/v2\/pages\/13","targetHints":{"allow":["GET"]}}],"collection":[{"href":"https:\/\/ic-services.io\/pt\/wp-json\/wp\/v2\/pages"}],"about":[{"href":"https:\/\/ic-services.io\/pt\/wp-json\/wp\/v2\/types\/page"}],"author":[{"embeddable":true,"href":"https:\/\/ic-services.io\/pt\/wp-json\/wp\/v2\/users\/1"}],"replies":[{"embeddable":true,"href":"https:\/\/ic-services.io\/pt\/wp-json\/wp\/v2\/comments?post=13"}],"version-history":[{"count":10,"href":"https:\/\/ic-services.io\/pt\/wp-json\/wp\/v2\/pages\/13\/revisions"}],"predecessor-version":[{"id":1811,"href":"https:\/\/ic-services.io\/pt\/wp-json\/wp\/v2\/pages\/13\/revisions\/1811"}],"wp:attachment":[{"href":"https:\/\/ic-services.io\/pt\/wp-json\/wp\/v2\/media?parent=13"}],"curies":[{"name":"wp","href":"https:\/\/api.w.org\/{rel}","templated":true}]}}