{"id":1315,"date":"2026-01-27T14:37:25","date_gmt":"2026-01-27T13:37:25","guid":{"rendered":"https:\/\/dev.ic-services.io\/?page_id=1315"},"modified":"2026-02-25T14:58:09","modified_gmt":"2026-02-25T13:58:09","slug":"produtos","status":"publish","type":"page","link":"https:\/\/ic-services.io\/pt\/products\/","title":{"rendered":"Produtos"},"content":{"rendered":"<p>A nossa sec\u00e7\u00e3o Produtos oferece uma vasta gama de solu\u00e7\u00f5es de interce\u00e7\u00e3o legal. Fornecemos plataformas de software e dispositivos de hardware concebidos para suportar requisitos de interce\u00e7\u00e3o de mensagens, IP, VoIP, OTT e internacionais. Todas as ofertas s\u00e3o escal\u00e1veis e est\u00e3o em conformidade com as normas ETSI. Explore as nossas categorias de Software e Dispositivos para encontrar a solu\u00e7\u00e3o certa para a sua rede e necessidades regulamentares.<\/p>\n\n\n\n<div class=\"wp-block-uagb-container uagb-block-0rdgylbd alignfull uagb-is-root-container\"><div class=\"uagb-container-inner-blocks-wrap\">\n<div class=\"wp-block-uagb-container uagb-block-od3neutp\">\n<div class=\"wp-block-uagb-info-box uagb-block-i9noz3so uagb-infobox__content-wrap  uagb-infobox-icon-above-title uagb-infobox-image-valign-top\"><div class=\"uagb-ifb-content\"><div class=\"uagb-ifb-title-wrap\"><p class=\"uagb-ifb-title-prefix\">Juntos para o sucesso<\/p><h2 class=\"uagb-ifb-title\">Atinja os seus objectivos com a nossa orienta\u00e7\u00e3o especializada<\/h2><\/div><p class=\"uagb-ifb-desc\">Desde o gerenciamento centralizado de garantias e media\u00e7\u00e3o em tempo real at\u00e9 dispositivos de implanta\u00e7\u00e3o r\u00e1pida para cen\u00e1rios especializados, o ICS oferece tudo o que \u00e9 necess\u00e1rio para atender \u00e0s obriga\u00e7\u00f5es regulamentares em todos os servi\u00e7os e redes.<\/p><\/div><\/div>\n\n\n\n<div class=\"wp-block-uagb-buttons uagb-buttons__outer-wrap uagb-btn__default-btn uagb-btn-tablet__default-btn uagb-btn-mobile__default-btn uagb-block-yvgajheb\"><div class=\"uagb-buttons__wrap uagb-buttons-layout-wrap\">\n<div class=\"wp-block-uagb-buttons-child uagb-buttons__outer-wrap uagb-block-uczr3dzd wp-block-button\"><div class=\"uagb-button__wrapper\"><a class=\"uagb-buttons-repeater wp-block-button__link\" aria-label=\"\" href=\"\/pt\/contacto\/\" rel=\"follow noopener\" target=\"_self\" role=\"button\"><div class=\"uagb-button__link\">falar com um especialista<\/div><\/a><\/div><\/div>\n<\/div><\/div>\n<\/div>\n\n\n\n<div class=\"wp-block-uagb-image alignleft uagb-block-xicjutqr wp-block-uagb-image--layout-default wp-block-uagb-image--effect-static wp-block-uagb-image--align-left\"><figure class=\"wp-block-uagb-image__figure\"><img decoding=\"async\" srcset=\"https:\/\/ic-services.io\/wp-content\/uploads\/2026\/01\/gcae11156218ea16d50c0962f328db69716c5f187aebbbfd01f21f9379549ae0f0d80e18e39d7f109b9146ab9836596ecf7a3dc9c9a285b41977cd21dd6e675c2_1280-1587673-1024x768.jpg ,https:\/\/ic-services.io\/wp-content\/uploads\/2026\/01\/gcae11156218ea16d50c0962f328db69716c5f187aebbbfd01f21f9379549ae0f0d80e18e39d7f109b9146ab9836596ecf7a3dc9c9a285b41977cd21dd6e675c2_1280-1587673.jpg 780w, https:\/\/ic-services.io\/wp-content\/uploads\/2026\/01\/gcae11156218ea16d50c0962f328db69716c5f187aebbbfd01f21f9379549ae0f0d80e18e39d7f109b9146ab9836596ecf7a3dc9c9a285b41977cd21dd6e675c2_1280-1587673.jpg 360w\" sizes=\"auto, (max-width: 480px) 150px\" src=\"https:\/\/ic-services.io\/wp-content\/uploads\/2026\/01\/gcae11156218ea16d50c0962f328db69716c5f187aebbbfd01f21f9379549ae0f0d80e18e39d7f109b9146ab9836596ecf7a3dc9c9a285b41977cd21dd6e675c2_1280-1587673-1024x768.jpg\" alt=\"tecnologia, servidores, servidor, servidores, servidor, servidor, servidor, servidor, servidor, servidor, servidor\" class=\"uag-image-1460\" width=\"564\" height=\"500\" title=\"gcae11156218ea16d50c0962f328db69716c5f187aebbbfd01f21f9379549ae0f0d80e18e39d7f109b9146ab9836596ecf7a3dc9c9a285b41977cd21dd6e675c2 1280 1587673\" loading=\"lazy\" role=\"img\"\/><\/figure><\/div>\n<\/div><\/div>\n\n\n\n<div class=\"wp-block-uagb-container uagb-block-mdkwywor alignfull uagb-is-root-container\"><div class=\"uagb-container-inner-blocks-wrap\">\n<div class=\"wp-block-uagb-container uagb-block-jyom7co8\">\n<div class=\"wp-block-uagb-info-box uagb-block-0egagod4 uagb-infobox__content-wrap  uagb-infobox-icon-above-title uagb-infobox-image-valign-top wp-block-uagb-info-box--has-margin\"><div class=\"uagb-infobox-margin-wrapper\"><div class=\"uagb-ifb-content\"><div class=\"uagb-ifb-title-wrap\"><h2 class=\"uagb-ifb-title\">As nossas categorias de produtos<\/h2><\/div><p class=\"uagb-ifb-desc\">Os produtos ICS est\u00e3o organizados em duas categorias principais: plataformas de software para ambientes de LI multisservi\u00e7os de longo prazo e dispositivos de hardware para cen\u00e1rios tempor\u00e1rios, especializados ou de migra\u00e7\u00e3o. Juntos, eles cobrem toda a gama de necessidades de interceta\u00e7\u00e3o legal.<\/p><\/div><\/div><\/div>\n\n\n\n<div class=\"wp-block-uagb-image alignleft uagb-block-ik38uakv wp-block-uagb-image--layout-default wp-block-uagb-image--effect-static wp-block-uagb-image--align-left\"><figure class=\"wp-block-uagb-image__figure\"><img decoding=\"async\" srcset=\"https:\/\/ic-services.io\/wp-content\/uploads\/2026\/02\/g0614efa747bb10b77ef6de425a39a4adf96209f4549f5ecd9baaf0ffc86d62144a1b7a39ae9c791e5043eddf1b8cfa3661b69c68ebeae555a78ac9cdaf08ab5a_1280-4393370-1024x659.jpg ,https:\/\/ic-services.io\/wp-content\/uploads\/2026\/02\/g0614efa747bb10b77ef6de425a39a4adf96209f4549f5ecd9baaf0ffc86d62144a1b7a39ae9c791e5043eddf1b8cfa3661b69c68ebeae555a78ac9cdaf08ab5a_1280-4393370.jpg 780w, https:\/\/ic-services.io\/wp-content\/uploads\/2026\/02\/g0614efa747bb10b77ef6de425a39a4adf96209f4549f5ecd9baaf0ffc86d62144a1b7a39ae9c791e5043eddf1b8cfa3661b69c68ebeae555a78ac9cdaf08ab5a_1280-4393370.jpg 360w\" sizes=\"auto, (max-width: 480px) 150px\" src=\"https:\/\/ic-services.io\/wp-content\/uploads\/2026\/02\/g0614efa747bb10b77ef6de425a39a4adf96209f4549f5ecd9baaf0ffc86d62144a1b7a39ae9c791e5043eddf1b8cfa3661b69c68ebeae555a78ac9cdaf08ab5a_1280-4393370-1024x659.jpg\" alt=\"servidor, compartimento de unidade, discos r\u00edgidos, armazenamento, rede, edp, hardware, dados, internet, web, servidor, servidor, servidor, servidor, servidor, servidor\" class=\"uag-image-1635\" width=\"564\" height=\"376\" title=\"g0614efa747bb10b77ef6de425a39a4adf96209f4549f5ecd9baaf0ffc86d62144a1b7a39ae9c791e5043eddf1b8cfa3661b69c68ebeae555a78ac9cdaf08ab5a 1280 4393370\" loading=\"lazy\" role=\"img\"\/><\/figure><\/div>\n\n\n\n<div class=\"wp-block-uagb-info-box uagb-block-p5ayfvh0 uagb-infobox__content-wrap  uagb-infobox-icon-above-title uagb-infobox-image-valign-top wp-block-uagb-info-box--has-margin\"><div class=\"uagb-infobox-margin-wrapper\"><div class=\"uagb-ifb-content\"><div class=\"uagb-ifb-title-wrap\"><h3 class=\"uagb-ifb-title\">Electrodom\u00e9sticos<\/h3><\/div><p class=\"uagb-ifb-desc\">Para situa\u00e7\u00f5es em que \u00e9 necess\u00e1ria uma implementa\u00e7\u00e3o r\u00e1pida ou capacidades especializadas, os nossos equipamentos oferecem interce\u00e7\u00e3o legal plug-and-play. A caixa LI tempor\u00e1ria suporta a interce\u00e7\u00e3o de VoIP, IP e mensagens em investiga\u00e7\u00f5es de curto prazo ou redes piloto, enquanto o conversor PSTN\/RDIS para SIP faz a ponte entre as redes TDM antigas e o SIP moderno, garantindo a interce\u00e7\u00e3o cont\u00ednua durante e ap\u00f3s a migra\u00e7\u00e3o.<\/p><\/div><\/div><\/div>\n\n\n\n<div class=\"wp-block-uagb-buttons uagb-buttons__outer-wrap uagb-btn__default-btn uagb-btn-tablet__default-btn uagb-btn-mobile__default-btn uagb-block-b7768950\"><div class=\"uagb-buttons__wrap uagb-buttons-layout-wrap\">\n<div class=\"wp-block-uagb-buttons-child uagb-buttons__outer-wrap uagb-block-2c1033e6 wp-block-button\"><div class=\"uagb-button__wrapper\"><a class=\"uagb-buttons-repeater wp-block-button__link\" aria-label=\"\" href=\"\/pt\/produtos\/aparelhos\/\" rel=\"follow noopener\" target=\"_self\" role=\"button\"><div class=\"uagb-button__link\">Ler mais<\/div><span class=\"uagb-button__icon uagb-button__icon-position-after\"><svg xmlns=\"https:\/\/www.w3.org\/2000\/svg\" viewbox=\"0 0 256 512\" aria-hidden=\"true\" focussable=\"false\"><path d=\"M64 448c-8.188 0-16.38-3.125-22.62-9.375c-12.5-12.5-12.5-32.75 0-45.25L178.8 256L41.38 118.6c-12.5-12.5-12.5-32.75 0-45.25s32.75-12.5 45.25 0l160 160c12.5 12.5 12.5 32.75 0 45.25l-160 160C80.38 444.9 72.19 448 64 448z\"><\/path><\/svg><\/span><\/a><\/div><\/div>\n<\/div><\/div>\n<\/div>\n\n\n\n<div class=\"wp-block-uagb-container uagb-block-zo9dmipg\">\n<div class=\"wp-block-uagb-image alignleft uagb-block-orqz2rkz wp-block-uagb-image--layout-default wp-block-uagb-image--effect-static wp-block-uagb-image--align-left\"><figure class=\"wp-block-uagb-image__figure\"><img decoding=\"async\" srcset=\"https:\/\/ic-services.io\/wp-content\/uploads\/2026\/02\/pexels-photo-1181271-1181271-1-1024x684.jpg ,https:\/\/ic-services.io\/wp-content\/uploads\/2026\/02\/pexels-photo-1181271-1181271-1-scaled.jpg 780w, https:\/\/ic-services.io\/wp-content\/uploads\/2026\/02\/pexels-photo-1181271-1181271-1-scaled.jpg 360w\" sizes=\"auto, (max-width: 480px) 150px\" src=\"https:\/\/ic-services.io\/wp-content\/uploads\/2026\/02\/pexels-photo-1181271-1181271-1-1024x684.jpg\" alt=\"Computador port\u00e1til que apresenta c\u00f3digo com reflexo, perfeito para temas de tecnologia e programa\u00e7\u00e3o.\" class=\"uag-image-1647\" width=\"564\" height=\"376\" title=\"pexels foto 1181271 1181271 1\" loading=\"lazy\" role=\"img\"\/><\/figure><\/div>\n\n\n\n<div class=\"wp-block-uagb-info-box uagb-block-tcbngh9f uagb-infobox__content-wrap  uagb-infobox-icon-above-title uagb-infobox-image-valign-top wp-block-uagb-info-box--has-margin\"><div class=\"uagb-infobox-margin-wrapper\"><div class=\"uagb-ifb-content\"><div class=\"uagb-ifb-title-wrap\"><h3 class=\"uagb-ifb-title\">Solu\u00e7\u00f5es de software<\/h3><\/div><p class=\"uagb-ifb-desc\">A nossa carteira de software inclui um Sistema de Gest\u00e3o de Interce\u00e7\u00e3o Legal (LIMS) que centraliza o tratamento e o fornecimento de mandados, uma Plataforma de Media\u00e7\u00e3o LI que recolhe e formata dados interceptados de redes de v\u00e1rios fornecedores e m\u00f3dulos espec\u00edficos de servi\u00e7os para mensagens, IP, VoIP e OTT. Todos os componentes se integram perfeitamente e cumprem as normas ETSI e 3GPP, proporcionando-lhe um controlo de ponta a ponta, desde a ordem legal at\u00e9 \u00e0 transfer\u00eancia segura.<\/p><\/div><\/div><\/div>\n\n\n\n<div class=\"wp-block-uagb-buttons uagb-buttons__outer-wrap uagb-btn__default-btn uagb-btn-tablet__default-btn uagb-btn-mobile__default-btn uagb-block-b96a8f10\"><div class=\"uagb-buttons__wrap uagb-buttons-layout-wrap\">\n<div class=\"wp-block-uagb-buttons-child uagb-buttons__outer-wrap uagb-block-e2285c58 wp-block-button\"><div class=\"uagb-button__wrapper\"><a class=\"uagb-buttons-repeater wp-block-button__link\" aria-label=\"\" href=\"\/pt\/produtos\/solucoes-de-software\/\" rel=\"follow noopener\" target=\"_self\" role=\"button\"><div class=\"uagb-button__link\">Ler mais<\/div><span class=\"uagb-button__icon uagb-button__icon-position-after\"><svg xmlns=\"https:\/\/www.w3.org\/2000\/svg\" viewbox=\"0 0 256 512\" aria-hidden=\"true\" focussable=\"false\"><path d=\"M64 448c-8.188 0-16.38-3.125-22.62-9.375c-12.5-12.5-12.5-32.75 0-45.25L178.8 256L41.38 118.6c-12.5-12.5-12.5-32.75 0-45.25s32.75-12.5 45.25 0l160 160c12.5 12.5 12.5 32.75 0 45.25l-160 160C80.38 444.9 72.19 448 64 448z\"><\/path><\/svg><\/span><\/a><\/div><\/div>\n<\/div><\/div>\n\n\n\n<div class=\"wp-block-uagb-image alignleft uagb-block-iilj4g0q wp-block-uagb-image--layout-default wp-block-uagb-image--effect-static wp-block-uagb-image--align-left\"><figure class=\"wp-block-uagb-image__figure\"><img decoding=\"async\" srcset=\"https:\/\/ic-services.io\/wp-content\/uploads\/2026\/02\/pexels-photo-8867472-8867472-1024x683.jpg ,https:\/\/ic-services.io\/wp-content\/uploads\/2026\/02\/pexels-photo-8867472-8867472-scaled.jpg 780w, https:\/\/ic-services.io\/wp-content\/uploads\/2026\/02\/pexels-photo-8867472-8867472-scaled.jpg 360w\" sizes=\"auto, (max-width: 480px) 150px\" src=\"https:\/\/ic-services.io\/wp-content\/uploads\/2026\/02\/pexels-photo-8867472-8867472-1024x683.jpg\" alt=\"Dois funcion\u00e1rios de um centro de atendimento telef\u00f3nico a trabalhar em conjunto com auscultadores num ambiente de escrit\u00f3rio moderno.\" class=\"uag-image-1561\" width=\"564\" height=\"376\" title=\"pexels foto 8867472 8867472\" loading=\"lazy\" role=\"img\"\/><\/figure><\/div>\n\n\n\n<div class=\"wp-block-uagb-info-box uagb-block-2srcgl4k uagb-infobox__content-wrap  uagb-infobox-icon-above-title uagb-infobox-image-valign-top wp-block-uagb-info-box--has-margin\"><div class=\"uagb-infobox-margin-wrapper\"><div class=\"uagb-ifb-content\"><div class=\"uagb-ifb-title-wrap\"><h3 class=\"uagb-ifb-title\">Servi\u00e7o superior ao cliente<\/h3><\/div><p class=\"uagb-ifb-desc\">Cada produto ICS \u00e9 apoiado por servi\u00e7os profissionais, treinamento e suporte de longo prazo. Os nossos especialistas ajudam-no no planeamento, integra\u00e7\u00e3o, testes de aceita\u00e7\u00e3o e apoio operacional 24 horas por dia, 7 dias por semana, garantindo que o seu ambiente de LI permanece est\u00e1vel, em conformidade e pronto para auditorias.<\/p><\/div><\/div><\/div>\n<\/div>\n<\/div><\/div>\n\n\n\n<div class=\"wp-block-uagb-container uagb-block-x5ghs45m alignfull uagb-is-root-container\"><div class=\"uagb-container-inner-blocks-wrap\">\n<div class=\"wp-block-uagb-info-box uagb-block-4goimaw1 uagb-infobox__content-wrap  uagb-infobox-icon-above-title uagb-infobox-image-valign-top wp-block-uagb-info-box--has-margin\"><div class=\"uagb-infobox-margin-wrapper\"><div class=\"uagb-ifb-content\"><div class=\"uagb-ifb-title-wrap\"><h2 class=\"uagb-ifb-title\">Solu\u00e7\u00f5es inovadoras para desafios modernos<\/h2><\/div><p class=\"uagb-ifb-desc\">O nosso portf\u00f3lio de produtos combina poderosas plataformas de software com aparelhos criados para o efeito, para lhe proporcionar uma interce\u00e7\u00e3o legal flex\u00edvel e em conformidade com as normas, desde a gest\u00e3o de mandados at\u00e9 \u00e0 transfer\u00eancia segura. Quer necessite de um ambiente de LI em grande escala ou de uma implementa\u00e7\u00e3o tempor\u00e1ria, a ICS fornece as ferramentas certas.<\/p><\/div><\/div><\/div>\n\n\n\n<div class=\"wp-block-uagb-container uagb-block-caun6p24\">\n<div class=\"wp-block-uagb-info-box uagb-block-uilux7em uagb-infobox__content-wrap  uagb-infobox-icon-above-title uagb-infobox-image-valign-top wp-block-uagb-info-box--has-margin\"><div class=\"uagb-infobox-margin-wrapper\"><div class=\"uagb-ifb-content\"><div class=\"uagb-ifb-icon-wrap\"><div class=\"uagb-iconbox-icon-wrap uagb-infobox-shape-circle\"><svg xmlns=\"https:\/\/www.w3.org\/2000\/svg\" viewbox=\"0 0 448 512\"><path d=\"M438.6 105.4C451.1 117.9 451.1 138.1 438.6 150.6L182.6 406.6C170.1 419.1 149.9 419.1 137.4 406.6L9.372 278.6C-3.124 266.1-3.124 245.9 9.372 233.4C21.87 220.9 42.13 220.9 54.63 233.4L159.1 338.7L393.4 105.4C405.9 92.88 426.1 92.88 438.6 105.4H438.6z\"><\/path><\/svg><\/div><\/div><div class=\"uagb-ifb-title-wrap\"><h3 class=\"uagb-ifb-title\">Interface de utilizador intuitiva<\/h3><\/div><p class=\"uagb-ifb-desc\">Interfaces seguras e baseadas em browser nas nossas plataformas LIMS e de media\u00e7\u00e3o d\u00e3o aos utilizadores autorizados uma visibilidade clara de mandados, objectivos, estado do sistema e sess\u00f5es de transfer\u00eancia. Os fluxos de trabalho guiados reduzem os erros de configura\u00e7\u00e3o, diminuem o tempo de forma\u00e7\u00e3o do pessoal de conformidade e simplificam as opera\u00e7\u00f5es di\u00e1rias.<\/p><\/div><\/div><\/div>\n\n\n\n<div class=\"wp-block-uagb-info-box uagb-block-speruisf uagb-infobox__content-wrap  uagb-infobox-icon-above-title uagb-infobox-image-valign-top wp-block-uagb-info-box--has-margin\"><div class=\"uagb-infobox-margin-wrapper\"><div class=\"uagb-ifb-content\"><div class=\"uagb-ifb-icon-wrap\"><div class=\"uagb-iconbox-icon-wrap uagb-infobox-shape-circle\"><svg xmlns=\"https:\/\/www.w3.org\/2000\/svg\" viewbox=\"0 0 448 512\"><path d=\"M438.6 105.4C451.1 117.9 451.1 138.1 438.6 150.6L182.6 406.6C170.1 419.1 149.9 419.1 137.4 406.6L9.372 278.6C-3.124 266.1-3.124 245.9 9.372 233.4C21.87 220.9 42.13 220.9 54.63 233.4L159.1 338.7L393.4 105.4C405.9 92.88 426.1 92.88 438.6 105.4H438.6z\"><\/path><\/svg><\/div><\/div><div class=\"uagb-ifb-title-wrap\"><h3 class=\"uagb-ifb-title\">Integra\u00e7\u00e3o perfeita<\/h3><\/div><p class=\"uagb-ifb-desc\">O nosso software e aparelhos utilizam interfaces normalizadas (ETSI X1\/X2\/X3 e HI1\/HI2\/HI3, pontos de refer\u00eancia 3GPP) para se integrarem com elementos de rede de v\u00e1rios fornecedores, fatura\u00e7\u00e3o, NOC e sistemas de seguran\u00e7a. Isto protege os seus investimentos existentes e permite uma interce\u00e7\u00e3o consistente em redes antigas e de nova gera\u00e7\u00e3o.<\/p><\/div><\/div><\/div>\n\n\n\n<div class=\"wp-block-uagb-info-box uagb-block-gcmhlfu6 uagb-infobox__content-wrap  uagb-infobox-icon-above-title uagb-infobox-image-valign-top wp-block-uagb-info-box--has-margin\"><div class=\"uagb-infobox-margin-wrapper\"><div class=\"uagb-ifb-content\"><div class=\"uagb-ifb-icon-wrap\"><div class=\"uagb-iconbox-icon-wrap uagb-infobox-shape-circle\"><svg xmlns=\"https:\/\/www.w3.org\/2000\/svg\" viewbox=\"0 0 448 512\"><path d=\"M438.6 105.4C451.1 117.9 451.1 138.1 438.6 150.6L182.6 406.6C170.1 419.1 149.9 419.1 137.4 406.6L9.372 278.6C-3.124 266.1-3.124 245.9 9.372 233.4C21.87 220.9 42.13 220.9 54.63 233.4L159.1 338.7L393.4 105.4C405.9 92.88 426.1 92.88 438.6 105.4H438.6z\"><\/path><\/svg><\/div><\/div><div class=\"uagb-ifb-title-wrap\"><h3 class=\"uagb-ifb-title\">Automatiza\u00e7\u00e3o avan\u00e7ada<\/h3><\/div><p class=\"uagb-ifb-desc\">O aprovisionamento, o desprovisionamento e as verifica\u00e7\u00f5es de consist\u00eancia automatizados garantem que a interce\u00e7\u00e3o est\u00e1 ativa apenas para alvos autorizados durante as janelas de tempo especificadas. Isto reduz a carga de trabalho manual, melhora a fiabilidade e ajuda a demonstrar a conformidade, assegurando que os processos s\u00e3o seguidos com exatid\u00e3o.<\/p><\/div><\/div><\/div>\n<\/div>\n<\/div><\/div>\n\n\n\n<p><\/p>","protected":false},"excerpt":{"rendered":"<p>Our Products section offers a comprehensive range of lawful interception solutions. We provide both software platforms and hardware appliances designed [&hellip;]<\/p>\n","protected":false},"author":2,"featured_media":0,"parent":0,"menu_order":0,"comment_status":"closed","ping_status":"closed","template":"","meta":{"_uag_custom_page_level_css":"","site-sidebar-layout":"default","site-content-layout":"","ast-site-content-layout":"default","site-content-style":"default","site-sidebar-style":"default","ast-global-header-display":"","ast-banner-title-visibility":"","ast-main-header-display":"","ast-hfb-above-header-display":"","ast-hfb-below-header-display":"","ast-hfb-mobile-header-display":"","site-post-title":"","ast-breadcrumbs-content":"","ast-featured-img":"","footer-sml-layout":"","ast-disable-related-posts":"","theme-transparent-header-meta":"","adv-header-id-meta":"","stick-header-meta":"","header-above-stick-meta":"","header-main-stick-meta":"","header-below-stick-meta":"","astra-migrate-meta-layouts":"default","ast-page-background-enabled":"default","ast-page-background-meta":{"desktop":{"background-color":"var(--ast-global-color-5)","background-image":"","background-repeat":"repeat","background-position":"center center","background-size":"auto","background-attachment":"scroll","background-type":"","background-media":"","overlay-type":"","overlay-color":"","overlay-opacity":"","overlay-gradient":""},"tablet":{"background-color":"","background-image":"","background-repeat":"repeat","background-position":"center center","background-size":"auto","background-attachment":"scroll","background-type":"","background-media":"","overlay-type":"","overlay-color":"","overlay-opacity":"","overlay-gradient":""},"mobile":{"background-color":"","background-image":"","background-repeat":"repeat","background-position":"center center","background-size":"auto","background-attachment":"scroll","background-type":"","background-media":"","overlay-type":"","overlay-color":"","overlay-opacity":"","overlay-gradient":""}},"ast-content-background-meta":{"desktop":{"background-color":"var(--ast-global-color-4)","background-image":"","background-repeat":"repeat","background-position":"center center","background-size":"auto","background-attachment":"scroll","background-type":"","background-media":"","overlay-type":"","overlay-color":"","overlay-opacity":"","overlay-gradient":""},"tablet":{"background-color":"var(--ast-global-color-4)","background-image":"","background-repeat":"repeat","background-position":"center center","background-size":"auto","background-attachment":"scroll","background-type":"","background-media":"","overlay-type":"","overlay-color":"","overlay-opacity":"","overlay-gradient":""},"mobile":{"background-color":"var(--ast-global-color-4)","background-image":"","background-repeat":"repeat","background-position":"center center","background-size":"auto","background-attachment":"scroll","background-type":"","background-media":"","overlay-type":"","overlay-color":"","overlay-opacity":"","overlay-gradient":""}},"footnotes":""},"class_list":["post-1315","page","type-page","status-publish","hentry"],"uagb_featured_image_src":{"full":false,"thumbnail":false,"medium":false,"medium_large":false,"large":false,"1536x1536":false,"2048x2048":false,"trp-custom-language-flag":false},"uagb_author_info":{"display_name":"chatgpt","author_link":"https:\/\/ic-services.io\/pt\/author\/chatgpt\/"},"uagb_comment_info":0,"uagb_excerpt":"Our Products section offers a comprehensive range of lawful interception solutions. We provide both software platforms and hardware appliances designed [&hellip;]","_links":{"self":[{"href":"https:\/\/ic-services.io\/pt\/wp-json\/wp\/v2\/pages\/1315","targetHints":{"allow":["GET"]}}],"collection":[{"href":"https:\/\/ic-services.io\/pt\/wp-json\/wp\/v2\/pages"}],"about":[{"href":"https:\/\/ic-services.io\/pt\/wp-json\/wp\/v2\/types\/page"}],"author":[{"embeddable":true,"href":"https:\/\/ic-services.io\/pt\/wp-json\/wp\/v2\/users\/2"}],"replies":[{"embeddable":true,"href":"https:\/\/ic-services.io\/pt\/wp-json\/wp\/v2\/comments?post=1315"}],"version-history":[{"count":10,"href":"https:\/\/ic-services.io\/pt\/wp-json\/wp\/v2\/pages\/1315\/revisions"}],"predecessor-version":[{"id":2008,"href":"https:\/\/ic-services.io\/pt\/wp-json\/wp\/v2\/pages\/1315\/revisions\/2008"}],"wp:attachment":[{"href":"https:\/\/ic-services.io\/pt\/wp-json\/wp\/v2\/media?parent=1315"}],"curies":[{"name":"wp","href":"https:\/\/api.w.org\/{rel}","templated":true}]}}