{"id":1317,"date":"2026-01-27T14:39:02","date_gmt":"2026-01-27T13:39:02","guid":{"rendered":"https:\/\/dev.ic-services.io\/?page_id=1317"},"modified":"2026-02-24T20:02:30","modified_gmt":"2026-02-24T19:02:30","slug":"solucoes-de-software","status":"publish","type":"page","link":"https:\/\/ic-services.io\/pt\/products\/software-solutions\/","title":{"rendered":"Solu\u00e7\u00f5es de software"},"content":{"rendered":"<p>As nossas solu\u00e7\u00f5es de software fornecem&nbsp;<strong>modular<\/strong>&nbsp;e plataformas escal\u00e1veis para interce\u00e7\u00e3o legal e divulga\u00e7\u00e3o, concebidas para operadores, ISPs e fornecedores de servi\u00e7os. Incluem uma Plataforma de Media\u00e7\u00e3o LI central, um Sistema de Gest\u00e3o de Interce\u00e7\u00e3o Legal (LIMS) e m\u00f3dulos especializados para servi\u00e7os de mensagens, IP, VoIP e OTT, todos concebidos para se integrarem perfeitamente na sua rede e cumprirem as normas ETSI e 3GPP.<\/p>\n\n\n\n<div class=\"wp-block-uagb-container uagb-block-fzbhrzzk alignfull uagb-is-root-container\">\n<div class=\"wp-block-uagb-container uagb-block-3hhb8uwf\">\n<div class=\"wp-block-uagb-info-box uagb-block-4qwqnwr6 uagb-infobox__content-wrap  uagb-infobox-icon-above-title uagb-infobox-image-valign-top\"><div class=\"uagb-ifb-content\"><div class=\"uagb-ifb-title-wrap\"><h1 class=\"uagb-ifb-title\">software de interce\u00e7\u00e3o legal de ponta a ponta<\/h1><\/div><p class=\"uagb-ifb-desc\">Fornecemos software de interce\u00e7\u00e3o legal de ponta a ponta - desde a gest\u00e3o e media\u00e7\u00e3o de mandados at\u00e9 \u00e0 entrega segura - e a experi\u00eancia necess\u00e1ria para conceber, implementar e operar um ambiente de LI compat\u00edvel.<\/p><\/div><\/div>\n\n\n\n<div class=\"wp-block-uagb-buttons uagb-buttons__outer-wrap uagb-btn__default-btn uagb-btn-tablet__default-btn uagb-btn-mobile__default-btn uagb-block-quztw9ga\"><div class=\"uagb-buttons__wrap uagb-buttons-layout-wrap\">\n<div class=\"wp-block-uagb-buttons-child uagb-buttons__outer-wrap uagb-block-31dxdii3 wp-block-button\"><div class=\"uagb-button__wrapper\"><a class=\"uagb-buttons-repeater wp-block-button__link\" aria-label=\"\" href=\"\/pt\/contacto\/\" rel=\"follow noopener\" target=\"_self\" role=\"button\"><div class=\"uagb-button__link\">falar com um especialista<\/div><\/a><\/div><\/div>\n<\/div><\/div>\n<\/div>\n\n\n\n<div class=\"wp-block-uagb-container uagb-block-rz3ydqmd\"><\/div>\n<\/div>\n\n\n\n<div class=\"wp-block-uagb-container uagb-block-n80da5r1 alignfull uagb-is-root-container\"><div class=\"uagb-container-inner-blocks-wrap\">\n<div class=\"wp-block-uagb-info-box uagb-block-7vt9ylv6 uagb-infobox__content-wrap  uagb-infobox-icon-above-title uagb-infobox-image-valign-top\"><div class=\"uagb-ifb-content\"><div class=\"uagb-ifb-title-wrap\"><h2 class=\"uagb-ifb-title\"><strong>Os nossos principais componentes de software LI<\/strong><\/h2><\/div><p class=\"uagb-ifb-desc\">Explore os nossos principais produtos de software de interce\u00e7\u00e3o legal que funcionam em conjunto para gerir todo o ciclo de vida, desde a ordem legal at\u00e9 \u00e0 entrega de informa\u00e7\u00f5es relacionadas com a interce\u00e7\u00e3o (IRI) e o conte\u00fado da comunica\u00e7\u00e3o (CC).<\/p><\/div><\/div>\n\n\n\n<div class=\"wp-block-uagb-container uagb-block-wahqr8b3\">\n<div class=\"wp-block-uagb-container uagb-block-5pkbcdqz\">\n<div class=\"wp-block-uagb-image alignleft uagb-block-6vt5a2yd wp-block-uagb-image--layout-default wp-block-uagb-image--effect-static wp-block-uagb-image--align-left\"><figure class=\"wp-block-uagb-image__figure\"><img decoding=\"async\" srcset=\"https:\/\/ic-services.io\/wp-content\/uploads\/2026\/02\/g7587007e3209a747aa1ca4b1f1f0b16d717a88440ba863313de1ec6d54d927d7086105baf8b7692ba6709c8deed5d946_1280-265130-1024x682.jpg ,https:\/\/ic-services.io\/wp-content\/uploads\/2026\/02\/g7587007e3209a747aa1ca4b1f1f0b16d717a88440ba863313de1ec6d54d927d7086105baf8b7692ba6709c8deed5d946_1280-265130.jpg 780w, https:\/\/ic-services.io\/wp-content\/uploads\/2026\/02\/g7587007e3209a747aa1ca4b1f1f0b16d717a88440ba863313de1ec6d54d927d7086105baf8b7692ba6709c8deed5d946_1280-265130.jpg 360w\" sizes=\"auto, (max-width: 480px) 150px\" src=\"https:\/\/ic-services.io\/wp-content\/uploads\/2026\/02\/g7587007e3209a747aa1ca4b1f1f0b16d717a88440ba863313de1ec6d54d927d7086105baf8b7692ba6709c8deed5d946_1280-265130-1024x682.jpg\" alt=\"seguran\u00e7a, prote\u00e7\u00e3o, antiv\u00edrus, software, cms, wordpress, sistema de gest\u00e3o de conte\u00fados, reda\u00e7\u00e3o, conte\u00fados, backup, hack, web, internet, blogue, upload, correio, media, coment\u00e1rios, ecr\u00e3, conte\u00fado, criar, escrever, publicar, publica\u00e7\u00e3o, seguran\u00e7a, seguran\u00e7a, seguran\u00e7a, seguran\u00e7a, seguran\u00e7a, seguran\u00e7a\" class=\"uag-image-1603\" width=\"368\" height=\"450\" title=\"g7587007e3209a747aa1ca4b1f1f0b16d717a88440ba863313de1ec6d54d927d7086105baf8b7692ba6709c8deed5d946 1280 265130\" loading=\"lazy\" role=\"img\"\/><\/figure><\/div>\n\n\n\n<div class=\"wp-block-uagb-info-box uagb-block-wfksokcv uagb-infobox__content-wrap  uagb-infobox-icon-above-title uagb-infobox-image-valign-top\"><div class=\"uagb-ifb-content\"><div class=\"uagb-ifb-title-wrap\"><h3 class=\"uagb-ifb-title\">Sistema de gest\u00e3o da interce\u00e7\u00e3o legal (LIMS)<\/h3><\/div><p class=\"uagb-ifb-desc\">O nosso Sistema de Gest\u00e3o de Interce\u00e7\u00e3o Legal centraliza o tratamento, fornecimento e monitoriza\u00e7\u00e3o de mandados em todas as redes e servi\u00e7os. Coordena dispositivos de media\u00e7\u00e3o e elementos de rede, aplica o controlo de acesso baseado em fun\u00e7\u00f5es e mant\u00e9m pistas de auditoria completas para cada a\u00e7\u00e3o. Utilize o LIMS como a camada de controlo seguro entre as suas equipas internas e as ag\u00eancias de aplica\u00e7\u00e3o da lei ligadas.<\/p><\/div><\/div>\n\n\n\n<div class=\"wp-block-uagb-buttons uagb-buttons__outer-wrap uagb-btn__default-btn uagb-btn-tablet__default-btn uagb-btn-mobile__default-btn uagb-block-w23vbwna\"><div class=\"uagb-buttons__wrap uagb-buttons-layout-wrap\">\n<div class=\"wp-block-uagb-buttons-child uagb-buttons__outer-wrap uagb-block-jzfxdfhi wp-block-button\"><div class=\"uagb-button__wrapper\"><a class=\"uagb-buttons-repeater wp-block-button__link\" aria-label=\"\" href=\"\/pt\/produtos\/solucoes-de-software\/\/sistema-de-gestao-das-intercepcoes-legais\/\" rel=\"follow noopener\" target=\"_self\" role=\"button\"><div class=\"uagb-button__link\">Saiba mais<\/div><span class=\"uagb-button__icon uagb-button__icon-position-after\"><svg xmlns=\"https:\/\/www.w3.org\/2000\/svg\" viewbox=\"0 0 320 512\" aria-hidden=\"true\" focussable=\"false\"><path d=\"M96 480c-8.188 0-16.38-3.125-22.62-9.375c-12.5-12.5-12.5-32.75 0-45.25L242.8 256L73.38 86.63c-12.5-12.5-12.5-32.75 0-45.25s32.75-12.5 45.25 0l192 192c12.5 12.5 12.5 32.75 0 45.25l-192 192C112.4 476.9 104.2 480 96 480z\"><\/path><\/svg><\/span><\/a><\/div><\/div>\n<\/div><\/div>\n<\/div>\n\n\n\n<div class=\"wp-block-uagb-container uagb-block-4jzkfszc\">\n<div class=\"wp-block-uagb-image alignleft uagb-block-lbkoafib wp-block-uagb-image--layout-default wp-block-uagb-image--effect-static wp-block-uagb-image--align-left\"><figure class=\"wp-block-uagb-image__figure\"><img decoding=\"async\" srcset=\"https:\/\/ic-services.io\/wp-content\/uploads\/2026\/02\/pexels-photo-1181271-1181271-1024x684.jpg ,https:\/\/ic-services.io\/wp-content\/uploads\/2026\/02\/pexels-photo-1181271-1181271-scaled.jpg 780w, https:\/\/ic-services.io\/wp-content\/uploads\/2026\/02\/pexels-photo-1181271-1181271-scaled.jpg 360w\" sizes=\"auto, (max-width: 480px) 150px\" src=\"https:\/\/ic-services.io\/wp-content\/uploads\/2026\/02\/pexels-photo-1181271-1181271-1024x684.jpg\" alt=\"Computador port\u00e1til que apresenta c\u00f3digo com reflexo, perfeito para temas de tecnologia e programa\u00e7\u00e3o.\" class=\"uag-image-1605\" width=\"368\" height=\"450\" title=\"pexels foto 1181271 1181271\" loading=\"lazy\" role=\"img\"\/><\/figure><\/div>\n\n\n\n<div class=\"wp-block-uagb-info-box uagb-block-ktpcgcdz uagb-infobox__content-wrap  uagb-infobox-icon-above-title uagb-infobox-image-valign-top\"><div class=\"uagb-ifb-content\"><div class=\"uagb-ifb-title-wrap\"><h3 class=\"uagb-ifb-title\">Plataforma de media\u00e7\u00e3o LI<\/h3><\/div><p class=\"uagb-ifb-desc\">A plataforma de media\u00e7\u00e3o LI \u00e9 o n\u00facleo t\u00e9cnico que recolhe, filtra e formata os dados interceptados a partir de elementos de rede de v\u00e1rios fornecedores. Traduz os resultados espec\u00edficos de cada fornecedor em formatos de transfer\u00eancia normalizados ETSI e 3GPP e fornece IRI e CC autorizados a v\u00e1rias ag\u00eancias atrav\u00e9s de interfaces HI, sem afetar o funcionamento normal da rede.<a href=\"https:\/\/ic-services.io\/pt\/produtos\/solucoes-de-software\/plataforma-de-mediacao-li\/\" target=\"_blank\" rel=\"noreferrer noopener\"><\/a>\u200b<br><\/p><\/div><\/div>\n\n\n\n<div class=\"wp-block-uagb-buttons uagb-buttons__outer-wrap uagb-btn__default-btn uagb-btn-tablet__default-btn uagb-btn-mobile__default-btn uagb-block-jwnz6tdd\"><div class=\"uagb-buttons__wrap uagb-buttons-layout-wrap\">\n<div class=\"wp-block-uagb-buttons-child uagb-buttons__outer-wrap uagb-block-okbzjq9s wp-block-button\"><div class=\"uagb-button__wrapper\"><a class=\"uagb-buttons-repeater wp-block-button__link\" aria-label=\"\" href=\"\/pt\/produtos\/solucoes-de-software\/plataforma-de-mediacao-li\/\" rel=\"follow noopener\" target=\"_self\" role=\"button\"><div class=\"uagb-button__link\">Saiba mais<\/div><span class=\"uagb-button__icon uagb-button__icon-position-after\"><svg xmlns=\"https:\/\/www.w3.org\/2000\/svg\" viewbox=\"0 0 320 512\" aria-hidden=\"true\" focussable=\"false\"><path d=\"M96 480c-8.188 0-16.38-3.125-22.62-9.375c-12.5-12.5-12.5-32.75 0-45.25L242.8 256L73.38 86.63c-12.5-12.5-12.5-32.75 0-45.25s32.75-12.5 45.25 0l192 192c12.5 12.5 12.5 32.75 0 45.25l-192 192C112.4 476.9 104.2 480 96 480z\"><\/path><\/svg><\/span><\/a><\/div><\/div>\n<\/div><\/div>\n<\/div>\n\n\n\n<div class=\"wp-block-uagb-container uagb-block-jz2zokqd\">\n<div class=\"wp-block-uagb-image alignleft uagb-block-tw4jcjs5 wp-block-uagb-image--layout-default wp-block-uagb-image--effect-static wp-block-uagb-image--align-left\"><figure class=\"wp-block-uagb-image__figure\"><img decoding=\"async\" srcset=\"https:\/\/ic-services.io\/wp-content\/uploads\/2026\/02\/pexels-photo-1181675-1181675-1024x684.jpg ,https:\/\/ic-services.io\/wp-content\/uploads\/2026\/02\/pexels-photo-1181675-1181675-scaled.jpg 780w, https:\/\/ic-services.io\/wp-content\/uploads\/2026\/02\/pexels-photo-1181675-1181675-scaled.jpg 360w\" sizes=\"auto, (max-width: 480px) 150px\" src=\"https:\/\/ic-services.io\/wp-content\/uploads\/2026\/02\/pexels-photo-1181675-1181675-1024x684.jpg\" alt=\"Um programador escreve c\u00f3digo num computador port\u00e1til em frente a v\u00e1rios monitores num ambiente de escrit\u00f3rio.\" class=\"uag-image-1606\" width=\"368\" height=\"450\" title=\"foto pexels 1181675 1181675\" loading=\"lazy\" role=\"img\"\/><\/figure><\/div>\n\n\n\n<div class=\"wp-block-uagb-info-box uagb-block-w1fttkt7 uagb-infobox__content-wrap  uagb-infobox-icon-above-title uagb-infobox-image-valign-top\"><div class=\"uagb-ifb-content\"><div class=\"uagb-ifb-title-wrap\"><h3 class=\"uagb-ifb-title\">M\u00f3dulos de interce\u00e7\u00e3o espec\u00edficos do servi\u00e7o<\/h3><\/div><p class=\"uagb-ifb-desc\">Para al\u00e9m da camada de media\u00e7\u00e3o central, o ICS oferece m\u00f3dulos de software para interce\u00e7\u00e3o de mensagens, IP, VoIP e OTT. Esses m\u00f3dulos estendem a plataforma para abranger novos servi\u00e7os e protocolos, reutilizando os mesmos mecanismos de provisionamento, registro e transfer\u00eancia, o que ajuda a manter uma implementa\u00e7\u00e3o de LI consistente em todo o seu portf\u00f3lio.<\/p><\/div><\/div>\n\n\n\n<div class=\"wp-block-uagb-buttons uagb-buttons__outer-wrap uagb-btn__default-btn uagb-btn-tablet__default-btn uagb-btn-mobile__default-btn uagb-block-qbdg7yaz\"><div class=\"uagb-buttons__wrap uagb-buttons-layout-wrap\">\n<div class=\"wp-block-uagb-buttons-child uagb-buttons__outer-wrap uagb-block-7nkhfbxx wp-block-button\"><div class=\"uagb-button__wrapper\"><a class=\"uagb-buttons-repeater wp-block-button__link\" aria-label=\"\" href=\"\/pt\/solucoes\/intercecao-legal\/\" rel=\"follow noopener\" target=\"_self\" role=\"button\"><div class=\"uagb-button__link\">Saiba mais<\/div><span class=\"uagb-button__icon uagb-button__icon-position-after\"><svg xmlns=\"https:\/\/www.w3.org\/2000\/svg\" viewbox=\"0 0 320 512\" aria-hidden=\"true\" focussable=\"false\"><path d=\"M96 480c-8.188 0-16.38-3.125-22.62-9.375c-12.5-12.5-12.5-32.75 0-45.25L242.8 256L73.38 86.63c-12.5-12.5-12.5-32.75 0-45.25s32.75-12.5 45.25 0l192 192c12.5 12.5 12.5 32.75 0 45.25l-192 192C112.4 476.9 104.2 480 96 480z\"><\/path><\/svg><\/span><\/a><\/div><\/div>\n<\/div><\/div>\n<\/div>\n<\/div>\n<\/div><\/div>\n\n\n\n<div class=\"wp-block-uagb-container uagb-block-6wdfchw7 alignfull uagb-is-root-container\"><div class=\"uagb-container-inner-blocks-wrap\">\n<div class=\"wp-block-uagb-info-box uagb-block-dxeyzbzb uagb-infobox__content-wrap  uagb-infobox-icon-above-title uagb-infobox-image-valign-top\"><div class=\"uagb-ifb-content\"><div class=\"uagb-ifb-title-wrap\"><h2 class=\"uagb-ifb-title\">As nossas capacidades de software<\/h2><\/div><p class=\"uagb-ifb-desc\">A nossa suite de software de interce\u00e7\u00e3o legal foi concebida para se adaptar a ambientes complexos, com v\u00e1rias redes e requisitos regulamentares em evolu\u00e7\u00e3o. Cada capacidade abaixo reflecte a forma como os componentes funcionam em conjunto em implementa\u00e7\u00f5es reais.<\/p><\/div><\/div>\n\n\n\n<div class=\"wp-block-uagb-container uagb-layout-grid uagb-block-6seugzwv\">\n<div class=\"wp-block-uagb-container uagb-block-gpkaq8w9\">\n<div class=\"wp-block-uagb-info-box uagb-block-d0tbfbku uagb-infobox__content-wrap  uagb-infobox-icon-above-title uagb-infobox-image-valign-top\"><div class=\"uagb-ifb-content\"><div class=\"uagb-ifb-title-wrap\"><p class=\"uagb-ifb-title-prefix\">01<\/p><h3 class=\"uagb-ifb-title\">Gest\u00e3o centralizada de mandados<\/h3><\/div><p class=\"uagb-ifb-desc\">O LIMS fornece um local central para registar, validar e acompanhar pedidos legais, assegurando que apenas os alvos autorizados s\u00e3o fornecidos e que todas as ac\u00e7\u00f5es s\u00e3o registadas para posterior revis\u00e3o ou auditoria.<a href=\"https:\/\/ic-services.io\/pt\/sistema-de-gestao-das-intercepcoes-legais\/\" target=\"_blank\" rel=\"noreferrer noopener\"><\/a>\u200b<br><\/p><\/div><\/div>\n<\/div>\n\n\n\n<div class=\"wp-block-uagb-container uagb-block-qteodd3e\">\n<div class=\"wp-block-uagb-info-box uagb-block-trdji0yp uagb-infobox__content-wrap  uagb-infobox-icon-above-title uagb-infobox-image-valign-top\"><div class=\"uagb-ifb-content\"><div class=\"uagb-ifb-title-wrap\"><p class=\"uagb-ifb-title-prefix\">02<\/p><h3 class=\"uagb-ifb-title\">Suporte multi-rede e multi-servi\u00e7o<\/h3><\/div><p class=\"uagb-ifb-desc\">O nosso software liga-se a plataformas fixas, m\u00f3veis, VoIP, de banda larga e OTT, permitindo-lhe gerir a interce\u00e7\u00e3o de forma consistente em redes antigas e de nova gera\u00e7\u00e3o a partir de um \u00fanico ambiente.<\/p><\/div><\/div>\n<\/div>\n\n\n\n<div class=\"wp-block-uagb-container uagb-block-tq3iq1cp\">\n<div class=\"wp-block-uagb-info-box uagb-block-vddonkl0 uagb-infobox__content-wrap  uagb-infobox-icon-above-title uagb-infobox-image-valign-top\"><div class=\"uagb-ifb-content\"><div class=\"uagb-ifb-title-wrap\"><p class=\"uagb-ifb-title-prefix\">03<\/p><h3 class=\"uagb-ifb-title\">Transfer\u00eancia em conformidade com as normas<\/h3><\/div><p class=\"uagb-ifb-desc\">Os componentes de media\u00e7\u00e3o e gest\u00e3o implementam as especifica\u00e7\u00f5es ETSI e 3GPP relevantes para a arquitetura LI e as interfaces HI, para que possa servir v\u00e1rias ag\u00eancias e jurisdi\u00e7\u00f5es sem solu\u00e7\u00f5es \u00fanicas personalizadas.<\/p><\/div><\/div>\n<\/div>\n\n\n\n<div class=\"wp-block-uagb-container uagb-block-mpzp8y9k\">\n<div class=\"wp-block-uagb-info-box uagb-block-ragsklkz uagb-infobox__content-wrap  uagb-infobox-icon-above-title uagb-infobox-image-valign-top\"><div class=\"uagb-ifb-content\"><div class=\"uagb-ifb-title-wrap\"><p class=\"uagb-ifb-title-prefix\">04<\/p><h3 class=\"uagb-ifb-title\">Auditoria e conformidade robustas<\/h3><\/div><p class=\"uagb-ifb-desc\">O registo abrangente, os relat\u00f3rios e o controlo de acesso baseado em fun\u00e7\u00f5es ajudam-no a demonstrar que a interce\u00e7\u00e3o est\u00e1 limitada ao \u00e2mbito legal, que os processos s\u00e3o seguidos e que os dados sens\u00edveis est\u00e3o protegidos durante todo o seu ciclo de vida.<a href=\"https:\/\/ic-services.io\/pt\/sistema-de-gestao-das-intercepcoes-legais\/\" target=\"_blank\" rel=\"noreferrer noopener\"><\/a><\/p><\/div><\/div>\n<\/div>\n\n\n\n<div class=\"wp-block-uagb-container uagb-block-qpzby80r\">\n<div class=\"wp-block-uagb-info-box uagb-block-hflr0sgs uagb-infobox__content-wrap  uagb-infobox-icon-above-title uagb-infobox-image-valign-top\"><div class=\"uagb-ifb-content\"><div class=\"uagb-ifb-title-wrap\"><p class=\"uagb-ifb-title-prefix\">05<\/p><h3 class=\"uagb-ifb-title\">Modelos de implementa\u00e7\u00e3o flex\u00edveis<\/h3><\/div><p class=\"uagb-ifb-desc\">O software pode ser implementado em hardware dedicado, ambientes virtualizados ou nuvens privadas, e integrado com as ferramentas de LI, reten\u00e7\u00e3o de dados, seguran\u00e7a e monitoriza\u00e7\u00e3o existentes na sua infraestrutura.<\/p><\/div><\/div>\n<\/div>\n\n\n\n<div class=\"wp-block-uagb-container uagb-block-esepolmc\">\n<div class=\"wp-block-uagb-info-box uagb-block-rub3hkxt uagb-infobox__content-wrap  uagb-infobox-icon-above-title uagb-infobox-image-valign-top\"><div class=\"uagb-ifb-content\"><div class=\"uagb-ifb-title-wrap\"><p class=\"uagb-ifb-title-prefix\">06<\/p><h3 class=\"uagb-ifb-title\">Integra\u00e7\u00e3o com opera\u00e7\u00f5es e suporte<\/h3><\/div><p class=\"uagb-ifb-desc\">As APIs e interfaces permitem a integra\u00e7\u00e3o em NOC, OSS\/BSS e sistemas de bilh\u00e9tica, enquanto os servi\u00e7os ICS abrangem a conce\u00e7\u00e3o, integra\u00e7\u00e3o, forma\u00e7\u00e3o e apoio a longo prazo para as suas opera\u00e7\u00f5es de LI.<\/p><\/div><\/div>\n<\/div>\n<\/div>\n<\/div><\/div>\n\n\n\n<div class=\"wp-block-uagb-container uagb-block-jpnhqjvl alignfull uagb-is-root-container\"><div class=\"uagb-container-inner-blocks-wrap\">\n<div class=\"wp-block-uagb-info-box uagb-block-7copribu uagb-infobox__content-wrap  uagb-infobox-icon-above-title uagb-infobox-image-valign-top wp-block-uagb-info-box--has-margin\"><div class=\"uagb-infobox-margin-wrapper\"><div class=\"uagb-ifb-content\"><div class=\"uagb-ifb-title-wrap\"><h2 class=\"uagb-ifb-title\">Solu\u00e7\u00f5es inovadoras para desafios modernos<\/h2><\/div><p class=\"uagb-ifb-desc\">O nosso software de LI foi concebido para lidar com volumes de dados crescentes, servi\u00e7os complexos e supervis\u00e3o rigorosa, mantendo as opera\u00e7\u00f5es ger\u00edveis para as suas equipas.<\/p><\/div><\/div><\/div>\n\n\n\n<div class=\"wp-block-uagb-container uagb-block-yxpvrqtx\">\n<div class=\"wp-block-uagb-info-box uagb-block-dvszpucm uagb-infobox__content-wrap  uagb-infobox-icon-above-title uagb-infobox-image-valign-top wp-block-uagb-info-box--has-margin\"><div class=\"uagb-infobox-margin-wrapper\"><div class=\"uagb-ifb-content\"><div class=\"uagb-ifb-icon-wrap\"><div class=\"uagb-iconbox-icon-wrap uagb-infobox-shape-circle\"><svg xmlns=\"https:\/\/www.w3.org\/2000\/svg\" viewbox=\"0 0 448 512\"><path d=\"M438.6 105.4C451.1 117.9 451.1 138.1 438.6 150.6L182.6 406.6C170.1 419.1 149.9 419.1 137.4 406.6L9.372 278.6C-3.124 266.1-3.124 245.9 9.372 233.4C21.87 220.9 42.13 220.9 54.63 233.4L159.1 338.7L393.4 105.4C405.9 92.88 426.1 92.88 438.6 105.4H438.6z\"><\/path><\/svg><\/div><\/div><div class=\"uagb-ifb-title-wrap\"><h3 class=\"uagb-ifb-title\">Interface de utilizador intuitiva<\/h3><\/div><p class=\"uagb-ifb-desc\">Interfaces seguras baseadas na Web d\u00e3o aos utilizadores autorizados uma vis\u00e3o clara dos mandados, objectivos, estado do sistema e sess\u00f5es de transfer\u00eancia. Os fluxos de trabalho guiados reduzem os erros e diminuem o tempo de forma\u00e7\u00e3o do pessoal de conformidade e de opera\u00e7\u00f5es.<a href=\"https:\/\/ic-services.io\/pt\/sistema-de-gestao-das-intercepcoes-legais\/\" target=\"_blank\" rel=\"noreferrer noopener\"><\/a><\/p><\/div><\/div><\/div>\n\n\n\n<div class=\"wp-block-uagb-info-box uagb-block-t9gps5rc uagb-infobox__content-wrap  uagb-infobox-icon-above-title uagb-infobox-image-valign-top wp-block-uagb-info-box--has-margin\"><div class=\"uagb-infobox-margin-wrapper\"><div class=\"uagb-ifb-content\"><div class=\"uagb-ifb-icon-wrap\"><div class=\"uagb-iconbox-icon-wrap uagb-infobox-shape-circle\"><svg xmlns=\"https:\/\/www.w3.org\/2000\/svg\" viewbox=\"0 0 448 512\"><path d=\"M438.6 105.4C451.1 117.9 451.1 138.1 438.6 150.6L182.6 406.6C170.1 419.1 149.9 419.1 137.4 406.6L9.372 278.6C-3.124 266.1-3.124 245.9 9.372 233.4C21.87 220.9 42.13 220.9 54.63 233.4L159.1 338.7L393.4 105.4C405.9 92.88 426.1 92.88 438.6 105.4H438.6z\"><\/path><\/svg><\/div><\/div><div class=\"uagb-ifb-title-wrap\"><h3 class=\"uagb-ifb-title\">Integra\u00e7\u00e3o perfeita<\/h3><\/div><p class=\"uagb-ifb-desc\">As interfaces normalizadas para norte e sul simplificam a integra\u00e7\u00e3o com elementos de rede, LIMS, plataformas de media\u00e7\u00e3o, sistemas de fatura\u00e7\u00e3o, registo e seguran\u00e7a, protegendo os seus investimentos existentes.<\/p><\/div><\/div><\/div>\n\n\n\n<div class=\"wp-block-uagb-info-box uagb-block-mamo961h uagb-infobox__content-wrap  uagb-infobox-icon-above-title uagb-infobox-image-valign-top wp-block-uagb-info-box--has-margin\"><div class=\"uagb-infobox-margin-wrapper\"><div class=\"uagb-ifb-content\"><div class=\"uagb-ifb-icon-wrap\"><div class=\"uagb-iconbox-icon-wrap uagb-infobox-shape-circle\"><svg xmlns=\"https:\/\/www.w3.org\/2000\/svg\" viewbox=\"0 0 448 512\"><path d=\"M438.6 105.4C451.1 117.9 451.1 138.1 438.6 150.6L182.6 406.6C170.1 419.1 149.9 419.1 137.4 406.6L9.372 278.6C-3.124 266.1-3.124 245.9 9.372 233.4C21.87 220.9 42.13 220.9 54.63 233.4L159.1 338.7L393.4 105.4C405.9 92.88 426.1 92.88 438.6 105.4H438.6z\"><\/path><\/svg><\/div><\/div><div class=\"uagb-ifb-title-wrap\"><h3 class=\"uagb-ifb-title\">Automatiza\u00e7\u00e3o avan\u00e7ada<\/h3><\/div><p class=\"uagb-ifb-desc\">O aprovisionamento, o desprovisionamento e as verifica\u00e7\u00f5es de consist\u00eancia automatizados garantem que a interce\u00e7\u00e3o est\u00e1 ativa apenas para os alvos e per\u00edodos de tempo corretos, reduzindo a carga de trabalho manual e melhorando a fiabilidade.<a href=\"https:\/\/ic-services.io\/pt\/sistema-de-gestao-das-intercepcoes-legais\/\" target=\"_blank\" rel=\"noreferrer noopener\"><\/a><br><\/p><\/div><\/div><\/div>\n<\/div>\n<\/div><\/div>\n\n\n\n<p><\/p>","protected":false},"excerpt":{"rendered":"<p>Our software solutions provide&nbsp;modular&nbsp;and scalable platforms for lawful interception and disclosure, built for operators, ISPs and service providers. They include [&hellip;]<\/p>\n","protected":false},"author":2,"featured_media":0,"parent":1315,"menu_order":0,"comment_status":"closed","ping_status":"closed","template":"","meta":{"_uag_custom_page_level_css":"","site-sidebar-layout":"default","site-content-layout":"","ast-site-content-layout":"default","site-content-style":"default","site-sidebar-style":"default","ast-global-header-display":"","ast-banner-title-visibility":"","ast-main-header-display":"","ast-hfb-above-header-display":"","ast-hfb-below-header-display":"","ast-hfb-mobile-header-display":"","site-post-title":"","ast-breadcrumbs-content":"","ast-featured-img":"","footer-sml-layout":"","ast-disable-related-posts":"","theme-transparent-header-meta":"","adv-header-id-meta":"","stick-header-meta":"","header-above-stick-meta":"","header-main-stick-meta":"","header-below-stick-meta":"","astra-migrate-meta-layouts":"default","ast-page-background-enabled":"default","ast-page-background-meta":{"desktop":{"background-color":"var(--ast-global-color-5)","background-image":"","background-repeat":"repeat","background-position":"center center","background-size":"auto","background-attachment":"scroll","background-type":"","background-media":"","overlay-type":"","overlay-color":"","overlay-opacity":"","overlay-gradient":""},"tablet":{"background-color":"","background-image":"","background-repeat":"repeat","background-position":"center center","background-size":"auto","background-attachment":"scroll","background-type":"","background-media":"","overlay-type":"","overlay-color":"","overlay-opacity":"","overlay-gradient":""},"mobile":{"background-color":"","background-image":"","background-repeat":"repeat","background-position":"center center","background-size":"auto","background-attachment":"scroll","background-type":"","background-media":"","overlay-type":"","overlay-color":"","overlay-opacity":"","overlay-gradient":""}},"ast-content-background-meta":{"desktop":{"background-color":"var(--ast-global-color-4)","background-image":"","background-repeat":"repeat","background-position":"center center","background-size":"auto","background-attachment":"scroll","background-type":"","background-media":"","overlay-type":"","overlay-color":"","overlay-opacity":"","overlay-gradient":""},"tablet":{"background-color":"var(--ast-global-color-4)","background-image":"","background-repeat":"repeat","background-position":"center center","background-size":"auto","background-attachment":"scroll","background-type":"","background-media":"","overlay-type":"","overlay-color":"","overlay-opacity":"","overlay-gradient":""},"mobile":{"background-color":"var(--ast-global-color-4)","background-image":"","background-repeat":"repeat","background-position":"center center","background-size":"auto","background-attachment":"scroll","background-type":"","background-media":"","overlay-type":"","overlay-color":"","overlay-opacity":"","overlay-gradient":""}},"footnotes":""},"class_list":["post-1317","page","type-page","status-publish","hentry"],"uagb_featured_image_src":{"full":false,"thumbnail":false,"medium":false,"medium_large":false,"large":false,"1536x1536":false,"2048x2048":false,"trp-custom-language-flag":false},"uagb_author_info":{"display_name":"chatgpt","author_link":"https:\/\/ic-services.io\/pt\/author\/chatgpt\/"},"uagb_comment_info":0,"uagb_excerpt":"Our software solutions provide&nbsp;modular&nbsp;and scalable platforms for lawful interception and disclosure, built for operators, ISPs and service providers. They include [&hellip;]","_links":{"self":[{"href":"https:\/\/ic-services.io\/pt\/wp-json\/wp\/v2\/pages\/1317","targetHints":{"allow":["GET"]}}],"collection":[{"href":"https:\/\/ic-services.io\/pt\/wp-json\/wp\/v2\/pages"}],"about":[{"href":"https:\/\/ic-services.io\/pt\/wp-json\/wp\/v2\/types\/page"}],"author":[{"embeddable":true,"href":"https:\/\/ic-services.io\/pt\/wp-json\/wp\/v2\/users\/2"}],"replies":[{"embeddable":true,"href":"https:\/\/ic-services.io\/pt\/wp-json\/wp\/v2\/comments?post=1317"}],"version-history":[{"count":9,"href":"https:\/\/ic-services.io\/pt\/wp-json\/wp\/v2\/pages\/1317\/revisions"}],"predecessor-version":[{"id":1961,"href":"https:\/\/ic-services.io\/pt\/wp-json\/wp\/v2\/pages\/1317\/revisions\/1961"}],"up":[{"embeddable":true,"href":"https:\/\/ic-services.io\/pt\/wp-json\/wp\/v2\/pages\/1315"}],"wp:attachment":[{"href":"https:\/\/ic-services.io\/pt\/wp-json\/wp\/v2\/media?parent=1317"}],"curies":[{"name":"wp","href":"https:\/\/api.w.org\/{rel}","templated":true}]}}