{"id":1331,"date":"2026-01-27T15:25:31","date_gmt":"2026-01-27T14:25:31","guid":{"rendered":"https:\/\/dev.ic-services.io\/?page_id=1331"},"modified":"2026-02-25T15:41:01","modified_gmt":"2026-02-25T14:41:01","slug":"aparelhos","status":"publish","type":"page","link":"https:\/\/ic-services.io\/pt\/products\/appliances\/","title":{"rendered":"Electrodom\u00e9sticos"},"content":{"rendered":"<p>As nossas appliances fornecem solu\u00e7\u00f5es de hardware dedicadas para interce\u00e7\u00e3o legal, oferecendo uma implementa\u00e7\u00e3o plug-and-play e escalabilidade para v\u00e1rias redes de comunica\u00e7\u00e3o. S\u00e3o ideais quando necessita de capacidades de interce\u00e7\u00e3o r\u00e1pidas e fi\u00e1veis sem ter de construir uma infraestrutura totalmente personalizada.<a href=\"https:\/\/ic-services.io\/pt\/produtos\/aparelhos\/caixa-de-intercecao-legal-temporaria\/\" target=\"_blank\" rel=\"noreferrer noopener\"><\/a><br><\/p>\n\n\n\n<div class=\"wp-block-uagb-container uagb-block-thoqftfv alignfull uagb-is-root-container\"><div class=\"uagb-container-inner-blocks-wrap\">\n<div class=\"wp-block-uagb-info-box uagb-block-xlfao5s5 uagb-infobox__content-wrap  uagb-infobox-icon-above-title uagb-infobox-image-valign-top\"><div class=\"uagb-ifb-content\"><div class=\"uagb-ifb-title-wrap\"><h1 class=\"uagb-ifb-title\">Aparelho de hardware personalizado<\/h1><\/div><p class=\"uagb-ifb-desc\">Os dispositivos ICS combinam software LI pr\u00e9-integrado com hardware otimizado para suportar opera\u00e7\u00f5es de curto prazo, migra\u00e7\u00f5es de legado e cen\u00e1rios de interceta\u00e7\u00e3o especializados, tudo isso enquanto permanecem f\u00e1ceis de implantar, operar e remover.<\/p><\/div><\/div>\n\n\n\n<div class=\"wp-block-uagb-buttons uagb-buttons__outer-wrap uagb-btn__default-btn uagb-btn-tablet__default-btn uagb-btn-mobile__default-btn uagb-block-wdv7kw9r\"><div class=\"uagb-buttons__wrap uagb-buttons-layout-wrap\">\n<div class=\"wp-block-uagb-buttons-child uagb-buttons__outer-wrap uagb-block-yu23rhxo wp-block-button\"><div class=\"uagb-button__wrapper\"><a class=\"uagb-buttons-repeater wp-block-button__link\" aria-label=\"\" href=\"\/pt\/contacto\/\" rel=\"follow noopener\" target=\"_self\" role=\"button\"><div class=\"uagb-button__link\">contactar-nos<\/div><\/a><\/div><\/div>\n<\/div><\/div>\n<\/div><\/div>\n\n\n\n<div class=\"wp-block-uagb-container uagb-block-shn1zxxc alignfull uagb-is-root-container\"><div class=\"uagb-container-inner-blocks-wrap\">\n<div class=\"wp-block-uagb-container uagb-block-orywd1jx\">\n<div class=\"wp-block-group is-nowrap is-layout-flex wp-container-core-group-is-layout-6c531013 wp-block-group-is-layout-flex\">\n<div class=\"wp-block-uagb-image alignleft uagb-block-3hf6xqdr wp-block-uagb-image--layout-default wp-block-uagb-image--effect-static wp-block-uagb-image--align-left\"><figure class=\"wp-block-uagb-image__figure\"><img decoding=\"async\" srcset=\"https:\/\/ic-services.io\/wp-content\/uploads\/2026\/02\/g0614efa747bb10b77ef6de425a39a4adf96209f4549f5ecd9baaf0ffc86d62144a1b7a39ae9c791e5043eddf1b8cfa3661b69c68ebeae555a78ac9cdaf08ab5a_1280-4393370-1024x659.jpg ,https:\/\/ic-services.io\/wp-content\/uploads\/2026\/02\/g0614efa747bb10b77ef6de425a39a4adf96209f4549f5ecd9baaf0ffc86d62144a1b7a39ae9c791e5043eddf1b8cfa3661b69c68ebeae555a78ac9cdaf08ab5a_1280-4393370.jpg 780w, https:\/\/ic-services.io\/wp-content\/uploads\/2026\/02\/g0614efa747bb10b77ef6de425a39a4adf96209f4549f5ecd9baaf0ffc86d62144a1b7a39ae9c791e5043eddf1b8cfa3661b69c68ebeae555a78ac9cdaf08ab5a_1280-4393370.jpg 360w\" sizes=\"auto, (max-width: 480px) 150px\" src=\"https:\/\/ic-services.io\/wp-content\/uploads\/2026\/02\/g0614efa747bb10b77ef6de425a39a4adf96209f4549f5ecd9baaf0ffc86d62144a1b7a39ae9c791e5043eddf1b8cfa3661b69c68ebeae555a78ac9cdaf08ab5a_1280-4393370-1024x659.jpg\" alt=\"servidor, compartimento de unidade, discos r\u00edgidos, armazenamento, rede, edp, hardware, dados, internet, web, servidor, servidor, servidor, servidor, servidor, servidor\" class=\"uag-image-1635\" width=\"563\" height=\"400\" title=\"g0614efa747bb10b77ef6de425a39a4adf96209f4549f5ecd9baaf0ffc86d62144a1b7a39ae9c791e5043eddf1b8cfa3661b69c68ebeae555a78ac9cdaf08ab5a 1280 4393370\" loading=\"lazy\" role=\"img\"\/><\/figure><\/div>\n\n\n\n<div class=\"wp-block-uagb-container uagb-block-c336ed78\">\n<div class=\"wp-block-group is-layout-constrained wp-block-group-is-layout-constrained\">\n<div class=\"wp-block-uagb-info-box uagb-block-pnqpovpc uagb-infobox__content-wrap  uagb-infobox_cta-type-all uagb-infobox-icon-above-title uagb-infobox-image-valign-top\"><a href=\"\/pt\/produtos\/aparelhos\/caixa-de-intercecao-legal-temporaria\/\" class=\"uagb-infobox-link-wrap uagb-infbox__link-to-all\" target=\"_self\" aria-label=\"Liga\u00e7\u00e3o Infobox\" rel=\"noopener noreferrer\" onclick=\"return true;\"><\/a><div class=\"uagb-ifb-content\"><div class=\"uagb-ifb-title-wrap\"><p class=\"uagb-ifb-title-prefix\">01<\/p><h3 class=\"uagb-ifb-title\">Caixa de interce\u00e7\u00e3o legal<\/h3><\/div><p class=\"uagb-ifb-desc\">A nossa caixa de interce\u00e7\u00e3o legal tempor\u00e1ria \u00e9 um equipamento de implementa\u00e7\u00e3o r\u00e1pida para investiga\u00e7\u00f5es de curto prazo. Suporta a interce\u00e7\u00e3o de VoIP, IP e mensagens em situa\u00e7\u00f5es em que uma infraestrutura de LI completa n\u00e3o est\u00e1 dispon\u00edvel ou n\u00e3o \u00e9 pr\u00e1tica, como redes piloto, projectos tempor\u00e1rios ou opera\u00e7\u00f5es ad-hoc. A unidade aut\u00f3noma combina captura, media\u00e7\u00e3o e transfer\u00eancia segura e est\u00e1 dispon\u00edvel em tamanhos escal\u00e1veis para implementa\u00e7\u00f5es de pequena, m\u00e9dia e alta capacidade.<\/p><div class=\"uagb-ifb-button-wrapper wp-block-button\"><\/div><\/div><\/div>\n<\/div>\n\n\n\n<div class=\"wp-block-uagb-buttons uagb-buttons__outer-wrap uagb-btn__default-btn uagb-btn-tablet__default-btn uagb-btn-mobile__default-btn uagb-block-5bd65a5a\"><div class=\"uagb-buttons__wrap uagb-buttons-layout-wrap\">\n<div class=\"wp-block-uagb-buttons-child uagb-buttons__outer-wrap uagb-block-b7909728 wp-block-button\"><div class=\"uagb-button__wrapper\"><a class=\"uagb-buttons-repeater wp-block-button__link\" aria-label=\"\" href=\"\/pt\/produtos\/aparelhos\/caixa-de-intercecao-legal-temporaria\/\" rel=\"follow noopener\" target=\"_self\" role=\"button\"><div class=\"uagb-button__link\">Saiba mais<\/div><\/a><\/div><\/div>\n<\/div><\/div>\n<\/div>\n<\/div>\n<\/div>\n\n\n\n<div class=\"wp-block-uagb-container uagb-block-88w4msmq\">\n<div class=\"wp-block-uagb-image alignleft uagb-block-ses6reh2 wp-block-uagb-image--layout-default wp-block-uagb-image--effect-static wp-block-uagb-image--align-left\"><figure class=\"wp-block-uagb-image__figure\"><img decoding=\"async\" srcset=\"https:\/\/ic-services.io\/wp-content\/uploads\/2026\/02\/pexels-photo-2881232-2881232-1024x681.jpg ,https:\/\/ic-services.io\/wp-content\/uploads\/2026\/02\/pexels-photo-2881232-2881232-scaled.jpg 780w, https:\/\/ic-services.io\/wp-content\/uploads\/2026\/02\/pexels-photo-2881232-2881232-scaled.jpg 360w\" sizes=\"auto, (max-width: 480px) 150px\" src=\"https:\/\/ic-services.io\/wp-content\/uploads\/2026\/02\/pexels-photo-2881232-2881232-1024x681.jpg\" alt=\"Vista detalhada de cabos ethernet azuis ligados a um comutador de rede num centro de dados.\" class=\"uag-image-1636\" width=\"563\" height=\"400\" title=\"foto pexels 2881232 2881232\" loading=\"lazy\" role=\"img\"\/><\/figure><\/div>\n\n\n\n<div class=\"wp-block-group is-nowrap is-layout-flex wp-container-core-group-is-layout-6c531013 wp-block-group-is-layout-flex\">\n<div class=\"wp-block-uagb-container uagb-block-9d3833e7\">\n<div class=\"wp-block-group is-layout-constrained wp-block-group-is-layout-constrained\">\n<div class=\"wp-block-uagb-info-box uagb-block-m67izham uagb-infobox__content-wrap  uagb-infobox_cta-type-all uagb-infobox-icon-above-title uagb-infobox-image-valign-top\"><a href=\"\/pt\/produtos\/aparelhos\/conversor-pstn-isdn-para-sip\/\" class=\"uagb-infobox-link-wrap uagb-infbox__link-to-all\" target=\"_self\" aria-label=\"Liga\u00e7\u00e3o Infobox\" rel=\"noopener noreferrer\" onclick=\"return true;\"><\/a><div class=\"uagb-ifb-content\"><div class=\"uagb-ifb-title-wrap\"><p class=\"uagb-ifb-title-prefix\">02<\/p><h3 class=\"uagb-ifb-title\">Conversor PSDN\/ISDN para SIP<\/h3><\/div><p class=\"uagb-ifb-desc\">O nosso conversor PSTN\/ISDN para SIP faz a ponte entre as redes comutadas por circuitos antigas e as comunica\u00e7\u00f5es modernas baseadas em SIP, permitindo a interce\u00e7\u00e3o legal de servi\u00e7os VoIP em conformidade com a norma ETSI TS 102 232-5. Transforma os fluxos de sinaliza\u00e7\u00e3o e multim\u00e9dia da PSTN\/RDIS em SIP, para que as plataformas LI existentes possam continuar a captar e a processar sess\u00f5es de voz e multim\u00e9dia durante e ap\u00f3s a migra\u00e7\u00e3o para IP.<\/p><div class=\"uagb-ifb-button-wrapper wp-block-button\"><\/div><\/div><\/div>\n<\/div>\n\n\n\n<div class=\"wp-block-uagb-buttons uagb-buttons__outer-wrap uagb-btn__default-btn uagb-btn-tablet__default-btn uagb-btn-mobile__default-btn uagb-block-c7689567\"><div class=\"uagb-buttons__wrap uagb-buttons-layout-wrap\">\n<div class=\"wp-block-uagb-buttons-child uagb-buttons__outer-wrap uagb-block-52043c92 wp-block-button\"><div class=\"uagb-button__wrapper\"><a class=\"uagb-buttons-repeater wp-block-button__link\" aria-label=\"\" href=\"\/pt\/produtos\/aparelhos\/conversor-pstn-isdn-para-sip\/\" rel=\"follow noopener\" target=\"_self\" role=\"button\"><div class=\"uagb-button__link\">Saiba mais<\/div><\/a><\/div><\/div>\n<\/div><\/div>\n<\/div>\n<\/div>\n<\/div>\n<\/div><\/div>\n\n\n\n<p><\/p>","protected":false},"excerpt":{"rendered":"<p>Our appliances provide dedicated hardware solutions for lawful interception, offering plug\u2011and\u2011play deployment and scalability for various communication networks. They are [&hellip;]<\/p>\n","protected":false},"author":2,"featured_media":0,"parent":1315,"menu_order":0,"comment_status":"closed","ping_status":"closed","template":"","meta":{"_uag_custom_page_level_css":"","site-sidebar-layout":"default","site-content-layout":"","ast-site-content-layout":"default","site-content-style":"default","site-sidebar-style":"default","ast-global-header-display":"","ast-banner-title-visibility":"","ast-main-header-display":"","ast-hfb-above-header-display":"","ast-hfb-below-header-display":"","ast-hfb-mobile-header-display":"","site-post-title":"","ast-breadcrumbs-content":"","ast-featured-img":"","footer-sml-layout":"","ast-disable-related-posts":"","theme-transparent-header-meta":"","adv-header-id-meta":"","stick-header-meta":"","header-above-stick-meta":"","header-main-stick-meta":"","header-below-stick-meta":"","astra-migrate-meta-layouts":"default","ast-page-background-enabled":"default","ast-page-background-meta":{"desktop":{"background-color":"var(--ast-global-color-5)","background-image":"","background-repeat":"repeat","background-position":"center center","background-size":"auto","background-attachment":"scroll","background-type":"","background-media":"","overlay-type":"","overlay-color":"","overlay-opacity":"","overlay-gradient":""},"tablet":{"background-color":"","background-image":"","background-repeat":"repeat","background-position":"center center","background-size":"auto","background-attachment":"scroll","background-type":"","background-media":"","overlay-type":"","overlay-color":"","overlay-opacity":"","overlay-gradient":""},"mobile":{"background-color":"","background-image":"","background-repeat":"repeat","background-position":"center center","background-size":"auto","background-attachment":"scroll","background-type":"","background-media":"","overlay-type":"","overlay-color":"","overlay-opacity":"","overlay-gradient":""}},"ast-content-background-meta":{"desktop":{"background-color":"var(--ast-global-color-4)","background-image":"","background-repeat":"repeat","background-position":"center center","background-size":"auto","background-attachment":"scroll","background-type":"","background-media":"","overlay-type":"","overlay-color":"","overlay-opacity":"","overlay-gradient":""},"tablet":{"background-color":"var(--ast-global-color-4)","background-image":"","background-repeat":"repeat","background-position":"center center","background-size":"auto","background-attachment":"scroll","background-type":"","background-media":"","overlay-type":"","overlay-color":"","overlay-opacity":"","overlay-gradient":""},"mobile":{"background-color":"var(--ast-global-color-4)","background-image":"","background-repeat":"repeat","background-position":"center center","background-size":"auto","background-attachment":"scroll","background-type":"","background-media":"","overlay-type":"","overlay-color":"","overlay-opacity":"","overlay-gradient":""}},"footnotes":""},"class_list":["post-1331","page","type-page","status-publish","hentry"],"uagb_featured_image_src":{"full":false,"thumbnail":false,"medium":false,"medium_large":false,"large":false,"1536x1536":false,"2048x2048":false,"trp-custom-language-flag":false},"uagb_author_info":{"display_name":"chatgpt","author_link":"https:\/\/ic-services.io\/pt\/author\/chatgpt\/"},"uagb_comment_info":0,"uagb_excerpt":"Our appliances provide dedicated hardware solutions for lawful interception, offering plug\u2011and\u2011play deployment and scalability for various communication networks. They are [&hellip;]","_links":{"self":[{"href":"https:\/\/ic-services.io\/pt\/wp-json\/wp\/v2\/pages\/1331","targetHints":{"allow":["GET"]}}],"collection":[{"href":"https:\/\/ic-services.io\/pt\/wp-json\/wp\/v2\/pages"}],"about":[{"href":"https:\/\/ic-services.io\/pt\/wp-json\/wp\/v2\/types\/page"}],"author":[{"embeddable":true,"href":"https:\/\/ic-services.io\/pt\/wp-json\/wp\/v2\/users\/2"}],"replies":[{"embeddable":true,"href":"https:\/\/ic-services.io\/pt\/wp-json\/wp\/v2\/comments?post=1331"}],"version-history":[{"count":13,"href":"https:\/\/ic-services.io\/pt\/wp-json\/wp\/v2\/pages\/1331\/revisions"}],"predecessor-version":[{"id":1978,"href":"https:\/\/ic-services.io\/pt\/wp-json\/wp\/v2\/pages\/1331\/revisions\/1978"}],"up":[{"embeddable":true,"href":"https:\/\/ic-services.io\/pt\/wp-json\/wp\/v2\/pages\/1315"}],"wp:attachment":[{"href":"https:\/\/ic-services.io\/pt\/wp-json\/wp\/v2\/media?parent=1331"}],"curies":[{"name":"wp","href":"https:\/\/api.w.org\/{rel}","templated":true}]}}