{"id":1337,"date":"2026-01-27T15:34:03","date_gmt":"2026-01-27T14:34:03","guid":{"rendered":"https:\/\/dev.ic-services.io\/?page_id=1337"},"modified":"2026-02-17T13:12:53","modified_gmt":"2026-02-17T12:12:53","slug":"conversor-pstn-isdn-para-sip","status":"publish","type":"page","link":"https:\/\/ic-services.io\/pt\/products\/appliances\/pstn-isdn-to-sip-converter\/","title":{"rendered":"Conversor PSTN \/ ISDN para SIP"},"content":{"rendered":"<p>A nossa aplica\u00e7\u00e3o PSTN\/ISDN to SIP Converter faz a ponte entre as redes comutadas por circuitos antigas (PSTN e ISDN) e as comunica\u00e7\u00f5es modernas baseadas em SIP, permitindo a interce\u00e7\u00e3o legal de servi\u00e7os VoIP em conformidade com a norma ETSI TS 102 232-5. Este conversor transforma sem problemas a sinaliza\u00e7\u00e3o e os fluxos de multim\u00e9dia das redes PSDN\/RDIS em SIP, assegurando que as sess\u00f5es de voz e multim\u00e9dia podem ser captadas por plataformas LI. Permite que os operadores e as ag\u00eancias de aplica\u00e7\u00e3o da lei continuem a intercetar chamadas quando migram de infra-estruturas antigas para sistemas de voz baseados em IP.<\/p>\n\n\n\n<div class=\"wp-block-uagb-container uagb-block-d5fd1kqd alignfull uagb-is-root-container\">\n<div class=\"wp-block-uagb-container uagb-block-qyimtrnt\">\n<div class=\"wp-block-uagb-info-box uagb-block-rpxkrhyt uagb-infobox__content-wrap  uagb-infobox-icon-above-title uagb-infobox-image-valign-top\"><div class=\"uagb-ifb-content\"><div class=\"uagb-ifb-title-wrap\"><h1 class=\"uagb-ifb-title\">Conversor PSTN\/ISDN para SIP&nbsp;<\/h1><\/div><\/div><\/div>\n\n\n\n<div class=\"wp-block-uagb-container uagb-block-xj6q2oqy\">\n<div class=\"wp-block-uagb-info-box uagb-block-wrytpe2w uagb-infobox__content-wrap  uagb-infobox-icon-above-title uagb-infobox-image-valign-top\"><div class=\"uagb-ifb-content\"><div class=\"uagb-ifb-title-wrap\"><\/div><p class=\"uagb-ifb-desc\">A nossa aplica\u00e7\u00e3o PSTN\/ISDN to SIP Converter faz a ponte entre as redes comutadas por circuitos antigas (PSTN e ISDN) e as comunica\u00e7\u00f5es modernas baseadas em SIP, permitindo a interce\u00e7\u00e3o legal de servi\u00e7os VoIP em conformidade com a norma ETSI TS 102 232-5. Transforma os fluxos de sinaliza\u00e7\u00e3o e multim\u00e9dia da PSTN\/RDIS em SIP para que as plataformas LI existentes possam captar e processar sess\u00f5es de voz e multim\u00e9dia sem grandes altera\u00e7\u00f5es nos seus sistemas principais.<\/p><\/div><\/div>\n\n\n\n<div class=\"wp-block-uagb-buttons uagb-buttons__outer-wrap uagb-btn__default-btn uagb-btn-tablet__default-btn uagb-btn-mobile__default-btn uagb-block-nwjvfmwz\"><div class=\"uagb-buttons__wrap uagb-buttons-layout-wrap\">\n<div class=\"wp-block-uagb-buttons-child uagb-buttons__outer-wrap uagb-block-u60kijmk wp-block-button\"><div class=\"uagb-button__wrapper\"><a class=\"uagb-buttons-repeater wp-block-button__link\" aria-label=\"\" href=\"\/pt\/contacto\/\" rel=\"follow noopener\" target=\"_self\" role=\"button\"><div class=\"uagb-button__link\">contactar-nos<\/div><\/a><\/div><\/div>\n<\/div><\/div>\n<\/div>\n<\/div>\n\n\n\n<div class=\"wp-block-uagb-container uagb-block-74qvmv8c alignfull uagb-is-root-container\"><\/div>\n<\/div>\n\n\n\n<div class=\"wp-block-uagb-container uagb-block-3cqto3ha alignfull uagb-is-root-container\"><div class=\"uagb-container-inner-blocks-wrap\">\n<div class=\"wp-block-uagb-info-box uagb-block-72kuczxd uagb-infobox__content-wrap  uagb-infobox-icon-above-title uagb-infobox-image-valign-top\"><div class=\"uagb-ifb-content\"><div class=\"uagb-ifb-title-wrap\"><h2 class=\"uagb-ifb-title\">Como \u00e9 que este aparelho ajuda<\/h2><\/div><\/div><\/div>\n\n\n\n<div class=\"wp-block-uagb-container uagb-block-gvjh1wa8\">\n<div class=\"wp-block-uagb-container uagb-block-w6wc8vxo\">\n<div class=\"wp-block-uagb-info-box uagb-block-uxyjioes uagb-infobox__content-wrap  uagb-infobox-icon-above-title uagb-infobox-image-valign-top\"><div class=\"uagb-ifb-content\"><div class=\"uagb-ifb-icon-wrap\"><svg xmlns=\"https:\/\/www.w3.org\/2000\/svg\" viewbox=\"0 0 448 512\"><path d=\"M438.6 105.4C451.1 117.9 451.1 138.1 438.6 150.6L182.6 406.6C170.1 419.1 149.9 419.1 137.4 406.6L9.372 278.6C-3.124 266.1-3.124 245.9 9.372 233.4C21.87 220.9 42.13 220.9 54.63 233.4L159.1 338.7L393.4 105.4C405.9 92.88 426.1 92.88 438.6 105.4H438.6z\"><\/path><\/svg><\/div><div class=\"uagb-ifb-title-wrap\"><h3 class=\"uagb-ifb-title\">Consultoria estrat\u00e9gica<\/h3><\/div><p class=\"uagb-ifb-desc\">Ajudamo-lo a planear e a conceber o caminho de migra\u00e7\u00e3o de ambientes PSTN\/ISDN puros para voz baseada em SIP, mantendo simultaneamente capacidades cont\u00ednuas de interce\u00e7\u00e3o legal. Isso inclui a defini\u00e7\u00e3o da interface, a coloca\u00e7\u00e3o do conversor e o alinhamento com os requisitos de transfer\u00eancia do ETSI TS 102 232-5.<\/p><\/div><\/div>\n\n\n\n<div class=\"wp-block-uagb-buttons uagb-buttons__outer-wrap uagb-btn__default-btn uagb-btn-tablet__default-btn uagb-btn-mobile__default-btn uagb-block-e8jcr9kq\"><div class=\"uagb-buttons__wrap uagb-buttons-layout-wrap\">\n<div class=\"wp-block-uagb-buttons-child uagb-buttons__outer-wrap uagb-block-e7f52f24 wp-block-button\"><div class=\"uagb-button__wrapper\"><a class=\"uagb-buttons-repeater wp-block-button__link\" aria-label=\"\" href=\"\/pt\/servicos\/consultoria-apoio-regulamentar\/\" rel=\"follow noopener\" target=\"_self\" role=\"button\"><div class=\"uagb-button__link\">Clique aqui<\/div><\/a><\/div><\/div>\n<\/div><\/div>\n<\/div>\n\n\n\n<div class=\"wp-block-uagb-container uagb-block-hs6tltjg\">\n<div class=\"wp-block-uagb-info-box uagb-block-26e7dudu uagb-infobox__content-wrap  uagb-infobox-icon-above-title uagb-infobox-image-valign-top\"><div class=\"uagb-ifb-content\"><div class=\"uagb-ifb-icon-wrap\"><svg xmlns=\"https:\/\/www.w3.org\/2000\/svg\" viewbox=\"0 0 448 512\"><path d=\"M438.6 105.4C451.1 117.9 451.1 138.1 438.6 150.6L182.6 406.6C170.1 419.1 149.9 419.1 137.4 406.6L9.372 278.6C-3.124 266.1-3.124 245.9 9.372 233.4C21.87 220.9 42.13 220.9 54.63 233.4L159.1 338.7L393.4 105.4C405.9 92.88 426.1 92.88 438.6 105.4H438.6z\"><\/path><\/svg><\/div><div class=\"uagb-ifb-title-wrap\"><h3 class=\"uagb-ifb-title\">Implementa\u00e7\u00e3o e integra\u00e7\u00e3o<\/h3><\/div><p class=\"uagb-ifb-desc\">A ICS d\u00e1 suporte na implanta\u00e7\u00e3o do conversor em sua rede ativa, integrando-o \u00e0s plataformas de media\u00e7\u00e3o e sistemas de LI existentes e testando a interceta\u00e7\u00e3o de chamadas de ponta a ponta. Nossa equipe garante que os dados de sinaliza\u00e7\u00e3o, m\u00eddia e interceta\u00e7\u00e3o legal fluam de forma confi\u00e1vel atrav\u00e9s do novo caminho baseado em SIP.<\/p><\/div><\/div>\n\n\n\n<div class=\"wp-block-uagb-buttons uagb-buttons__outer-wrap uagb-btn__default-btn uagb-btn-tablet__default-btn uagb-btn-mobile__default-btn uagb-block-fgubthue\"><div class=\"uagb-buttons__wrap uagb-buttons-layout-wrap\">\n<div class=\"wp-block-uagb-buttons-child uagb-buttons__outer-wrap uagb-block-867c8e35 wp-block-button\"><div class=\"uagb-button__wrapper\"><a class=\"uagb-buttons-repeater wp-block-button__link\" aria-label=\"\" href=\"\/pt\/servicos\/integracao-desenvolvimento-personalizado\/\" rel=\"follow noopener\" target=\"_self\" role=\"button\"><div class=\"uagb-button__link\">Clique aqui<\/div><\/a><\/div><\/div>\n<\/div><\/div>\n<\/div>\n\n\n\n<div class=\"wp-block-uagb-container uagb-block-buzd3nrk\">\n<div class=\"wp-block-uagb-info-box uagb-block-ebdnx2io uagb-infobox__content-wrap  uagb-infobox-icon-above-title uagb-infobox-image-valign-top\"><div class=\"uagb-ifb-content\"><div class=\"uagb-ifb-icon-wrap\"><svg xmlns=\"https:\/\/www.w3.org\/2000\/svg\" viewbox=\"0 0 448 512\"><path d=\"M438.6 105.4C451.1 117.9 451.1 138.1 438.6 150.6L182.6 406.6C170.1 419.1 149.9 419.1 137.4 406.6L9.372 278.6C-3.124 266.1-3.124 245.9 9.372 233.4C21.87 220.9 42.13 220.9 54.63 233.4L159.1 338.7L393.4 105.4C405.9 92.88 426.1 92.88 438.6 105.4H438.6z\"><\/path><\/svg><\/div><div class=\"uagb-ifb-title-wrap\"><h3 class=\"uagb-ifb-title\">Solu\u00e7\u00f5es tecnol\u00f3gicas<\/h3><\/div><p class=\"uagb-ifb-desc\">Para al\u00e9m do pr\u00f3prio aparelho conversor, oferecemos solu\u00e7\u00f5es complementares de software e hardware LI para que possa construir uma cadeia de interce\u00e7\u00e3o completa, desde o acesso TDM antigo at\u00e9 \u00e0s modernas interfaces de transfer\u00eancia SIP. Isso cria um ambiente preparado para o futuro, onde novos servi\u00e7os podem ser adicionados sem perder a visibilidade ou a conformidade.<\/p><\/div><\/div>\n\n\n\n<div class=\"wp-block-uagb-buttons uagb-buttons__outer-wrap uagb-btn__default-btn uagb-btn-tablet__default-btn uagb-btn-mobile__default-btn uagb-block-l3fsd3th\"><div class=\"uagb-buttons__wrap uagb-buttons-layout-wrap\">\n<div class=\"wp-block-uagb-buttons-child uagb-buttons__outer-wrap uagb-block-5be6c4ed wp-block-button\"><div class=\"uagb-button__wrapper\"><a class=\"uagb-buttons-repeater wp-block-button__link\" aria-label=\"\" href=\"\/pt\/solucoes\/\" rel=\"follow noopener\" target=\"_self\" role=\"button\"><div class=\"uagb-button__link\">Clique aqui<\/div><\/a><\/div><\/div>\n<\/div><\/div>\n<\/div>\n<\/div>\n<\/div><\/div>","protected":false},"excerpt":{"rendered":"<p>Our PSTN\/ISDN to SIP Converter appliance bridges legacy circuit-switched networks (PSTN and ISDN) to modern SIP-based communications, enabling lawful interception [&hellip;]<\/p>\n","protected":false},"author":2,"featured_media":0,"parent":1331,"menu_order":0,"comment_status":"closed","ping_status":"closed","template":"","meta":{"_uag_custom_page_level_css":"","site-sidebar-layout":"default","site-content-layout":"","ast-site-content-layout":"default","site-content-style":"default","site-sidebar-style":"default","ast-global-header-display":"","ast-banner-title-visibility":"","ast-main-header-display":"","ast-hfb-above-header-display":"","ast-hfb-below-header-display":"","ast-hfb-mobile-header-display":"","site-post-title":"","ast-breadcrumbs-content":"","ast-featured-img":"","footer-sml-layout":"","ast-disable-related-posts":"","theme-transparent-header-meta":"","adv-header-id-meta":"","stick-header-meta":"","header-above-stick-meta":"","header-main-stick-meta":"","header-below-stick-meta":"","astra-migrate-meta-layouts":"default","ast-page-background-enabled":"default","ast-page-background-meta":{"desktop":{"background-color":"var(--ast-global-color-5)","background-image":"","background-repeat":"repeat","background-position":"center center","background-size":"auto","background-attachment":"scroll","background-type":"","background-media":"","overlay-type":"","overlay-color":"","overlay-opacity":"","overlay-gradient":""},"tablet":{"background-color":"","background-image":"","background-repeat":"repeat","background-position":"center center","background-size":"auto","background-attachment":"scroll","background-type":"","background-media":"","overlay-type":"","overlay-color":"","overlay-opacity":"","overlay-gradient":""},"mobile":{"background-color":"","background-image":"","background-repeat":"repeat","background-position":"center center","background-size":"auto","background-attachment":"scroll","background-type":"","background-media":"","overlay-type":"","overlay-color":"","overlay-opacity":"","overlay-gradient":""}},"ast-content-background-meta":{"desktop":{"background-color":"var(--ast-global-color-4)","background-image":"","background-repeat":"repeat","background-position":"center center","background-size":"auto","background-attachment":"scroll","background-type":"","background-media":"","overlay-type":"","overlay-color":"","overlay-opacity":"","overlay-gradient":""},"tablet":{"background-color":"var(--ast-global-color-4)","background-image":"","background-repeat":"repeat","background-position":"center center","background-size":"auto","background-attachment":"scroll","background-type":"","background-media":"","overlay-type":"","overlay-color":"","overlay-opacity":"","overlay-gradient":""},"mobile":{"background-color":"var(--ast-global-color-4)","background-image":"","background-repeat":"repeat","background-position":"center center","background-size":"auto","background-attachment":"scroll","background-type":"","background-media":"","overlay-type":"","overlay-color":"","overlay-opacity":"","overlay-gradient":""}},"footnotes":""},"class_list":["post-1337","page","type-page","status-publish","hentry"],"uagb_featured_image_src":{"full":false,"thumbnail":false,"medium":false,"medium_large":false,"large":false,"1536x1536":false,"2048x2048":false,"trp-custom-language-flag":false},"uagb_author_info":{"display_name":"chatgpt","author_link":"https:\/\/ic-services.io\/pt\/author\/chatgpt\/"},"uagb_comment_info":0,"uagb_excerpt":"Our PSTN\/ISDN to SIP Converter appliance bridges legacy circuit-switched networks (PSTN and ISDN) to modern SIP-based communications, enabling lawful interception [&hellip;]","_links":{"self":[{"href":"https:\/\/ic-services.io\/pt\/wp-json\/wp\/v2\/pages\/1337","targetHints":{"allow":["GET"]}}],"collection":[{"href":"https:\/\/ic-services.io\/pt\/wp-json\/wp\/v2\/pages"}],"about":[{"href":"https:\/\/ic-services.io\/pt\/wp-json\/wp\/v2\/types\/page"}],"author":[{"embeddable":true,"href":"https:\/\/ic-services.io\/pt\/wp-json\/wp\/v2\/users\/2"}],"replies":[{"embeddable":true,"href":"https:\/\/ic-services.io\/pt\/wp-json\/wp\/v2\/comments?post=1337"}],"version-history":[{"count":5,"href":"https:\/\/ic-services.io\/pt\/wp-json\/wp\/v2\/pages\/1337\/revisions"}],"predecessor-version":[{"id":1940,"href":"https:\/\/ic-services.io\/pt\/wp-json\/wp\/v2\/pages\/1337\/revisions\/1940"}],"up":[{"embeddable":true,"href":"https:\/\/ic-services.io\/pt\/wp-json\/wp\/v2\/pages\/1331"}],"wp:attachment":[{"href":"https:\/\/ic-services.io\/pt\/wp-json\/wp\/v2\/media?parent=1337"}],"curies":[{"name":"wp","href":"https:\/\/api.w.org\/{rel}","templated":true}]}}