{"id":1345,"date":"2026-01-27T15:48:36","date_gmt":"2026-01-27T14:48:36","guid":{"rendered":"https:\/\/dev.ic-services.io\/?page_id=1345"},"modified":"2026-02-24T20:20:30","modified_gmt":"2026-02-24T19:20:30","slug":"consultoria-apoio-regulamentar","status":"publish","type":"page","link":"https:\/\/ic-services.io\/pt\/services\/consulting-regulatory-support\/","title":{"rendered":"Consultoria e apoio regulamentar"},"content":{"rendered":"<p>Prestamos servi\u00e7os de consultoria e apoio regulamentar, incluindo avalia\u00e7\u00f5es de conformidade, alinhamento de normas ETSI, conce\u00e7\u00e3o de arquitetura para requisitos de ag\u00eancias de aplica\u00e7\u00e3o da lei e apoio durante auditorias e certifica\u00e7\u00f5es.<\/p>\n\n\n\n<p><\/p>\n\n\n\n<div class=\"wp-block-uagb-container uagb-block-e3agvtgj alignfull uagb-is-root-container\">\n<div class=\"wp-block-uagb-container uagb-block-ujls6tzt\">\n<div class=\"wp-block-uagb-info-box uagb-block-owujcise uagb-infobox__content-wrap  uagb-infobox-icon-above-title uagb-infobox-image-valign-top\"><div class=\"uagb-ifb-content\"><div class=\"uagb-ifb-title-wrap\"><h1 class=\"uagb-ifb-title\">Orienta\u00e7\u00e3o especializada sobre o cen\u00e1rio de conformidade<\/h1><\/div><\/div><\/div>\n\n\n\n<div class=\"wp-block-uagb-container uagb-block-filrnfcf\">\n<div class=\"wp-block-uagb-info-box uagb-block-adegvkqb uagb-infobox__content-wrap  uagb-infobox-icon-above-title uagb-infobox-image-valign-top\"><div class=\"uagb-ifb-content\"><div class=\"uagb-ifb-title-wrap\"><\/div><p class=\"uagb-ifb-desc\">As obriga\u00e7\u00f5es de interce\u00e7\u00e3o legal abrangem v\u00e1rios regulamentos, normas t\u00e9cnicas e requisitos nacionais. Os nossos servi\u00e7os de consultoria ajudam os fornecedores de servi\u00e7os de comunica\u00e7\u00f5es a compreender as suas obriga\u00e7\u00f5es, a atingir a conformidade e a mant\u00ea-la \u00e0 medida que os regulamentos evoluem.<\/p><\/div><\/div>\n\n\n\n<div class=\"wp-block-uagb-buttons uagb-buttons__outer-wrap uagb-btn__default-btn uagb-btn-tablet__default-btn uagb-btn-mobile__default-btn uagb-block-5g8aotzw\"><div class=\"uagb-buttons__wrap uagb-buttons-layout-wrap\">\n<div class=\"wp-block-uagb-buttons-child uagb-buttons__outer-wrap uagb-block-vu5ys5je wp-block-button\"><div class=\"uagb-button__wrapper\"><a class=\"uagb-buttons-repeater wp-block-button__link\" aria-label=\"\" href=\"\/pt\/contacto\/\" rel=\"follow noopener\" target=\"_self\" role=\"button\"><div class=\"uagb-button__link\">falar com um especialista<\/div><\/a><\/div><\/div>\n<\/div><\/div>\n<\/div>\n<\/div>\n\n\n\n<div class=\"wp-block-uagb-container uagb-block-6oltmjuz alignfull uagb-is-root-container\"><\/div>\n<\/div>\n\n\n\n<div class=\"wp-block-uagb-container uagb-block-yb9fzk0w alignfull uagb-is-root-container\"><div class=\"uagb-container-inner-blocks-wrap\">\n<div class=\"wp-block-uagb-info-box uagb-block-i2suc4oh uagb-infobox__content-wrap  uagb-infobox-icon-above-title uagb-infobox-image-valign-top\"><div class=\"uagb-ifb-content\"><div class=\"uagb-ifb-title-wrap\"><h2 class=\"uagb-ifb-title\">Como o ajudamos a navegar na conformidade com a LI<\/h2><\/div><\/div><\/div>\n\n\n\n<div class=\"wp-block-uagb-info-box uagb-block-d3eysd3a uagb-infobox__content-wrap  uagb-infobox-icon-above-title uagb-infobox-image-valign-top wp-block-uagb-info-box--has-margin\"><div class=\"uagb-infobox-margin-wrapper\"><div class=\"uagb-ifb-content\"><div class=\"uagb-ifb-title-wrap\"><p class=\"uagb-ifb-title-prefix\">Compreender e cumprir as suas obriga\u00e7\u00f5es legais<\/p><p class=\"uagb-ifb-title\">A determina\u00e7\u00e3o das suas obriga\u00e7\u00f5es de interce\u00e7\u00e3o legal requer uma an\u00e1lise cuidadosa dos seus servi\u00e7os, das jurisdi\u00e7\u00f5es onde opera e das leis nacionais aplic\u00e1veis. Cada pa\u00eds tem requisitos, prazos e procedimentos de aprova\u00e7\u00e3o espec\u00edficos, e os servi\u00e7os s\u00e3o classificados de forma diferente consoante se trate de telefonia tradicional, baseada em IP, mensagens OTT ou outros tipos de comunica\u00e7\u00e3o.<\/p><\/div><p class=\"uagb-ifb-desc\">A nossa equipa de consultores tem experi\u00eancia direta de trabalho com organismos reguladores europeus, implementando solu\u00e7\u00f5es em v\u00e1rias vers\u00f5es da norma ETSI e gerindo rela\u00e7\u00f5es com ag\u00eancias de aplica\u00e7\u00e3o da lei. Traduzimos a complexidade regulamentar em orienta\u00e7\u00f5es claras e acion\u00e1veis que o ajudam a criar sistemas em conformidade, a passar nas auditorias e a manter uma boa reputa\u00e7\u00e3o junto dos reguladores ao longo do tempo.<\/p><\/div><\/div><\/div>\n<\/div><\/div>\n\n\n\n<p><\/p>\n\n\n\n<div class=\"wp-block-uagb-container uagb-block-bksvmehh alignfull uagb-is-root-container\"><div class=\"uagb-container-inner-blocks-wrap\">\n<div class=\"wp-block-uagb-info-box uagb-block-ptpfllyo uagb-infobox__content-wrap  uagb-infobox-icon-above-title uagb-infobox-image-valign-top\"><div class=\"uagb-ifb-content\"><div class=\"uagb-ifb-title-wrap\"><h2 class=\"uagb-ifb-title\">Os nossos servi\u00e7os<\/h2><\/div><p class=\"uagb-ifb-desc\">Explore a gama de servi\u00e7os que oferecemos para melhorar as suas obriga\u00e7\u00f5es legais.<\/p><\/div><\/div>\n\n\n\n<div class=\"wp-block-uagb-container uagb-layout-grid uagb-block-3aayzdc7\">\n<div class=\"wp-block-uagb-container uagb-block-ww7e0oh7\">\n<div class=\"wp-block-uagb-info-box uagb-block-woysavmf uagb-infobox__content-wrap  uagb-infobox-icon-above-title uagb-infobox-image-valign-top\"><div class=\"uagb-ifb-content\"><div class=\"uagb-ifb-title-wrap\"><p class=\"uagb-ifb-title-prefix\">01<\/p><h3 class=\"uagb-ifb-title\">Avalia\u00e7\u00e3o da conformidade<\/h3><\/div><p class=\"uagb-ifb-desc\">Analisamos os seus servi\u00e7os, obriga\u00e7\u00f5es regulamentares e capacidades actuais para identificar lacunas e criar um roteiro priorit\u00e1rio. A avalia\u00e7\u00e3o inclui a classifica\u00e7\u00e3o do servi\u00e7o, a an\u00e1lise do \u00e2mbito jurisdicional, a revis\u00e3o da capacidade t\u00e9cnica e o estado da documenta\u00e7\u00e3o, resultando num relat\u00f3rio detalhado com recomenda\u00e7\u00f5es de corre\u00e7\u00e3o.<\/p><\/div><\/div>\n<\/div>\n\n\n\n<div class=\"wp-block-uagb-container uagb-block-baq6e57y\">\n<div class=\"wp-block-uagb-info-box uagb-block-4iwun2tj uagb-infobox__content-wrap  uagb-infobox-icon-above-title uagb-infobox-image-valign-top\"><div class=\"uagb-ifb-content\"><div class=\"uagb-ifb-title-wrap\"><p class=\"uagb-ifb-title-prefix\">02<\/p><h3 class=\"uagb-ifb-title\">Alinhamento de normas ETSI<\/h3><\/div><p class=\"uagb-ifb-desc\">Ajudamo-lo a mapear os seus tipos de servi\u00e7os para as especifica\u00e7\u00f5es ETSI corretas e a implementar as interfaces e os formatos de transfer\u00eancia necess\u00e1rios. Isto inclui orienta\u00e7\u00f5es sobre valida\u00e7\u00e3o de esquemas, codifica\u00e7\u00e3o de mensagens e testes de interoperabilidade para garantir que o seu sistema cumpre todas as normas aplic\u00e1veis.<\/p><\/div><\/div>\n<\/div>\n\n\n\n<div class=\"wp-block-uagb-container uagb-block-k1cjrqf7\">\n<div class=\"wp-block-uagb-info-box uagb-block-akluuvmh uagb-infobox__content-wrap  uagb-infobox-icon-above-title uagb-infobox-image-valign-top\"><div class=\"uagb-ifb-content\"><div class=\"uagb-ifb-title-wrap\"><p class=\"uagb-ifb-title-prefix\">03<\/p><h3 class=\"uagb-ifb-title\">Desenho de arquitetura<\/h3><\/div><p class=\"uagb-ifb-desc\">Os nossos arquitectos trabalham com as suas equipas para conceber sistemas de LI que equilibrem os requisitos regulamentares, as restri\u00e7\u00f5es operacionais e as considera\u00e7\u00f5es de seguran\u00e7a. Definimos onde os pontos de interce\u00e7\u00e3o devem ser colocados, como as fun\u00e7\u00f5es de media\u00e7\u00e3o e entrega devem ser estruturadas e como garantir a escalabilidade e a redund\u00e2ncia.<\/p><\/div><\/div>\n<\/div>\n\n\n\n<div class=\"wp-block-uagb-container uagb-block-tecm0jv3\">\n<div class=\"wp-block-uagb-info-box uagb-block-glhqd0rq uagb-infobox__content-wrap  uagb-infobox-icon-above-title uagb-infobox-image-valign-top\"><div class=\"uagb-ifb-content\"><div class=\"uagb-ifb-title-wrap\"><p class=\"uagb-ifb-title-prefix\">04<\/p><h3 class=\"uagb-ifb-title\">Apoio \u00e0 auditoria e certifica\u00e7\u00e3o<\/h3><\/div><p class=\"uagb-ifb-desc\">Preparamo-lo para auditorias regulamentares, organizando a documenta\u00e7\u00e3o, verificando os sistemas t\u00e9cnicos, validando os procedimentos e informando o pessoal. Durante a auditoria, coordenamos com os reguladores, apoiamos demonstra\u00e7\u00f5es t\u00e9cnicas e ajudamos a responder \u00e0s conclus\u00f5es. Ap\u00f3s a auditoria, ajudamos no planeamento da corre\u00e7\u00e3o e na documenta\u00e7\u00e3o de encerramento.<\/p><\/div><\/div>\n<\/div>\n\n\n\n<div class=\"wp-block-uagb-container uagb-block-cst8v88f\">\n<div class=\"wp-block-uagb-info-box uagb-block-0jhfhqp1 uagb-infobox__content-wrap  uagb-infobox-icon-above-title uagb-infobox-image-valign-top\"><div class=\"uagb-ifb-content\"><div class=\"uagb-ifb-title-wrap\"><p class=\"uagb-ifb-title-prefix\">05<\/p><h3 class=\"uagb-ifb-title\">Integra\u00e7\u00e3o de ag\u00eancias<\/h3><\/div><p class=\"uagb-ifb-desc\">O estabelecimento de conetividade com as instala\u00e7\u00f5es de controlo da aplica\u00e7\u00e3o da lei exige uma coordena\u00e7\u00e3o estruturada. Gerimos todo o processo de integra\u00e7\u00e3o, desde a verifica\u00e7\u00e3o da autoridade e estabelecimento de contactos at\u00e9 \u00e0 configura\u00e7\u00e3o t\u00e9cnica, testes, confirma\u00e7\u00e3o de procedimentos e entrada em funcionamento da produ\u00e7\u00e3o.<\/p><\/div><\/div>\n<\/div>\n\n\n\n<div class=\"wp-block-uagb-container uagb-block-eypq8tox\">\n<div class=\"wp-block-uagb-info-box uagb-block-iheyapux uagb-infobox__content-wrap  uagb-infobox-icon-above-title uagb-infobox-image-valign-top\"><div class=\"uagb-ifb-content\"><div class=\"uagb-ifb-title-wrap\"><p class=\"uagb-ifb-title-prefix\">06<\/p><h3 class=\"uagb-ifb-title\">Assessoria Permanente<\/h3><\/div><p class=\"uagb-ifb-desc\">A conformidade exige uma aten\u00e7\u00e3o cont\u00ednua \u00e0 medida que os regulamentos e as normas evoluem. Os nossos servi\u00e7os de consultoria geridos fornecem monitoriza\u00e7\u00e3o regulamentar cont\u00ednua em todas as jurisdi\u00e7\u00f5es, acompanhamento de publica\u00e7\u00f5es ETSI, avalia\u00e7\u00e3o do impacto de altera\u00e7\u00f5es pendentes e acesso a consultas a pedido para quest\u00f5es operacionais.<\/p><\/div><\/div>\n<\/div>\n<\/div>\n<\/div><\/div>","protected":false},"excerpt":{"rendered":"<p>We provide consulting and regulatory support services, including compliance assessments, ETSI standards alignment, architecture design for law enforcement agency requirements, [&hellip;]<\/p>\n","protected":false},"author":2,"featured_media":0,"parent":13,"menu_order":0,"comment_status":"closed","ping_status":"closed","template":"","meta":{"_uag_custom_page_level_css":"","site-sidebar-layout":"default","site-content-layout":"","ast-site-content-layout":"default","site-content-style":"default","site-sidebar-style":"default","ast-global-header-display":"","ast-banner-title-visibility":"","ast-main-header-display":"","ast-hfb-above-header-display":"","ast-hfb-below-header-display":"","ast-hfb-mobile-header-display":"","site-post-title":"","ast-breadcrumbs-content":"","ast-featured-img":"","footer-sml-layout":"","ast-disable-related-posts":"","theme-transparent-header-meta":"","adv-header-id-meta":"","stick-header-meta":"","header-above-stick-meta":"","header-main-stick-meta":"","header-below-stick-meta":"","astra-migrate-meta-layouts":"default","ast-page-background-enabled":"default","ast-page-background-meta":{"desktop":{"background-color":"var(--ast-global-color-5)","background-image":"","background-repeat":"repeat","background-position":"center center","background-size":"auto","background-attachment":"scroll","background-type":"","background-media":"","overlay-type":"","overlay-color":"","overlay-opacity":"","overlay-gradient":""},"tablet":{"background-color":"","background-image":"","background-repeat":"repeat","background-position":"center center","background-size":"auto","background-attachment":"scroll","background-type":"","background-media":"","overlay-type":"","overlay-color":"","overlay-opacity":"","overlay-gradient":""},"mobile":{"background-color":"","background-image":"","background-repeat":"repeat","background-position":"center center","background-size":"auto","background-attachment":"scroll","background-type":"","background-media":"","overlay-type":"","overlay-color":"","overlay-opacity":"","overlay-gradient":""}},"ast-content-background-meta":{"desktop":{"background-color":"var(--ast-global-color-4)","background-image":"","background-repeat":"repeat","background-position":"center center","background-size":"auto","background-attachment":"scroll","background-type":"","background-media":"","overlay-type":"","overlay-color":"","overlay-opacity":"","overlay-gradient":""},"tablet":{"background-color":"var(--ast-global-color-4)","background-image":"","background-repeat":"repeat","background-position":"center center","background-size":"auto","background-attachment":"scroll","background-type":"","background-media":"","overlay-type":"","overlay-color":"","overlay-opacity":"","overlay-gradient":""},"mobile":{"background-color":"var(--ast-global-color-4)","background-image":"","background-repeat":"repeat","background-position":"center center","background-size":"auto","background-attachment":"scroll","background-type":"","background-media":"","overlay-type":"","overlay-color":"","overlay-opacity":"","overlay-gradient":""}},"footnotes":""},"class_list":["post-1345","page","type-page","status-publish","hentry"],"uagb_featured_image_src":{"full":false,"thumbnail":false,"medium":false,"medium_large":false,"large":false,"1536x1536":false,"2048x2048":false,"trp-custom-language-flag":false},"uagb_author_info":{"display_name":"chatgpt","author_link":"https:\/\/ic-services.io\/pt\/author\/chatgpt\/"},"uagb_comment_info":0,"uagb_excerpt":"We provide consulting and regulatory support services, including compliance assessments, ETSI standards alignment, architecture design for law enforcement agency requirements, [&hellip;]","_links":{"self":[{"href":"https:\/\/ic-services.io\/pt\/wp-json\/wp\/v2\/pages\/1345","targetHints":{"allow":["GET"]}}],"collection":[{"href":"https:\/\/ic-services.io\/pt\/wp-json\/wp\/v2\/pages"}],"about":[{"href":"https:\/\/ic-services.io\/pt\/wp-json\/wp\/v2\/types\/page"}],"author":[{"embeddable":true,"href":"https:\/\/ic-services.io\/pt\/wp-json\/wp\/v2\/users\/2"}],"replies":[{"embeddable":true,"href":"https:\/\/ic-services.io\/pt\/wp-json\/wp\/v2\/comments?post=1345"}],"version-history":[{"count":5,"href":"https:\/\/ic-services.io\/pt\/wp-json\/wp\/v2\/pages\/1345\/revisions"}],"predecessor-version":[{"id":1668,"href":"https:\/\/ic-services.io\/pt\/wp-json\/wp\/v2\/pages\/1345\/revisions\/1668"}],"up":[{"embeddable":true,"href":"https:\/\/ic-services.io\/pt\/wp-json\/wp\/v2\/pages\/13"}],"wp:attachment":[{"href":"https:\/\/ic-services.io\/pt\/wp-json\/wp\/v2\/media?parent=1345"}],"curies":[{"name":"wp","href":"https:\/\/api.w.org\/{rel}","templated":true}]}}