{"id":1347,"date":"2026-01-27T15:50:07","date_gmt":"2026-01-27T14:50:07","guid":{"rendered":"https:\/\/dev.ic-services.io\/?page_id=1347"},"modified":"2026-03-15T20:41:15","modified_gmt":"2026-03-15T19:41:15","slug":"integracao-desenvolvimento-personalizado","status":"publish","type":"page","link":"https:\/\/ic-services.io\/pt\/services\/integration-custom-development\/","title":{"rendered":"Integra\u00e7\u00e3o e desenvolvimento personalizado"},"content":{"rendered":"<p>Os nossos servi\u00e7os de integra\u00e7\u00e3o e desenvolvimento personalizado garantem uma integra\u00e7\u00e3o de rede perfeita, suportam ambientes antigos e h\u00edbridos, desenvolvem implementa\u00e7\u00f5es personalizadas compat\u00edveis com ETSI e permitem a interoperabilidade com sistemas de ag\u00eancias de aplica\u00e7\u00e3o da lei.<\/p>\n\n\n\n<div class=\"wp-block-uagb-container uagb-block-jvorqmee alignfull uagb-is-root-container\">\n<div class=\"wp-block-uagb-container uagb-block-aurcpmpp\"><\/div>\n\n\n\n<div class=\"wp-block-uagb-container uagb-block-m2qu2sjb\">\n<div class=\"wp-block-uagb-info-box uagb-block-vetzlf3t uagb-infobox__content-wrap  uagb-infobox-icon-above-title uagb-infobox-image-valign-top\"><div class=\"uagb-ifb-content\"><div class=\"uagb-ifb-title-wrap\"><h1 class=\"uagb-ifb-title\">Adapte a sua infraestrutura de LI \u00e0 sua rede \u00fanica<\/h1><\/div><p class=\"uagb-ifb-desc\">Cada operador tem uma arquitetura de rede, sistemas antigos e requisitos regulamentares diferentes. Os nossos servi\u00e7os de integra\u00e7\u00e3o e desenvolvimento personalizado adaptam as solu\u00e7\u00f5es de interce\u00e7\u00e3o legal ao seu ambiente espec\u00edfico, assegurando um funcionamento perfeito sem perturbar a sua infraestrutura existente.<\/p><\/div><\/div>\n\n\n\n<div class=\"wp-block-uagb-buttons uagb-buttons__outer-wrap uagb-btn__default-btn uagb-btn-tablet__default-btn uagb-btn-mobile__default-btn uagb-block-uqwvm18d\"><div class=\"uagb-buttons__wrap uagb-buttons-layout-wrap\">\n<div class=\"wp-block-uagb-buttons-child uagb-buttons__outer-wrap uagb-block-vwkcwkc6 wp-block-button\"><div class=\"uagb-button__wrapper\"><a class=\"uagb-buttons-repeater wp-block-button__link\" aria-label=\"\" href=\"\/pt\/contacto\/\" rel=\"follow noopener\" target=\"_self\" role=\"button\"><div class=\"uagb-button__link\">Come\u00e7ar a trabalhar<\/div><\/a><\/div><\/div>\n<\/div><\/div>\n<\/div>\n<\/div>\n\n\n\n<div class=\"wp-block-uagb-container uagb-block-qea3uf4x alignfull uagb-is-root-container\"><div class=\"uagb-container-inner-blocks-wrap\">\n<div class=\"wp-block-uagb-info-box uagb-block-iajbbrgv uagb-infobox__content-wrap  uagb-infobox-icon-above-title uagb-infobox-image-valign-top\"><div class=\"uagb-ifb-content\"><div class=\"uagb-ifb-title-wrap\"><h2 class=\"uagb-ifb-title\">Integra\u00e7\u00e3o e desenvolvimento especializado para ambientes complexos de LI<\/h2><\/div><\/div><\/div>\n\n\n\n<div class=\"wp-block-uagb-container uagb-block-ek9wwovu\">\n<div class=\"wp-block-uagb-info-box uagb-block-pki7mqvc uagb-infobox__content-wrap  uagb-infobox-icon-above-title uagb-infobox-image-valign-top\"><div class=\"uagb-ifb-content\"><div class=\"uagb-ifb-title-wrap\"><p class=\"uagb-ifb-title\">A implementa\u00e7\u00e3o da interce\u00e7\u00e3o legal em redes reais raramente \u00e9 simples. Poder\u00e1 ter equipamento de v\u00e1rios fornecedores, sistemas antigos que n\u00e3o suportam interfaces normalizadas, requisitos LEA espec\u00edficos que diferem das normas internacionais ou arquitecturas de servi\u00e7o \u00fanicas que necessitam de uma l\u00f3gica de media\u00e7\u00e3o personalizada.<\/p><\/div><p class=\"uagb-ifb-desc\">A nossa equipa de integra\u00e7\u00e3o e desenvolvimento personalizado tem uma vasta experi\u00eancia na adapta\u00e7\u00e3o das plataformas LI aos ambientes reais dos operadores. Concebemos e implementamos adaptadores personalizados, conversores de protocolos, fun\u00e7\u00f5es de media\u00e7\u00e3o e interfaces de handover que colmatam a lacuna entre a realidade da sua rede e os requisitos de conformidade, mantendo o alinhamento total com o ETSI e a prontid\u00e3o para auditorias.<\/p><\/div><\/div>\n\n\n\n<div class=\"wp-block-uagb-container uagb-block-aqm86h3z\">\n<div class=\"wp-block-uagb-info-box uagb-block-eku0dmzw uagb-infobox__content-wrap  uagb-infobox-icon-left-title uagb-infobox-left uagb-infobox-image-valign-middle\"><div class=\"uagb-ifb-content\"><div class=\"uagb-ifb-left-title-image\"><div class=\"uagb-ifb-icon-wrap\"><svg xmlns=\"https:\/\/www.w3.org\/2000\/svg\" viewbox=\"0 0 448 512\"><path d=\"M438.6 105.4C451.1 117.9 451.1 138.1 438.6 150.6L182.6 406.6C170.1 419.1 149.9 419.1 137.4 406.6L9.372 278.6C-3.124 266.1-3.124 245.9 9.372 233.4C21.87 220.9 42.13 220.9 54.63 233.4L159.1 338.7L393.4 105.4C405.9 92.88 426.1 92.88 438.6 105.4H438.6z\"><\/path><\/svg><\/div><div class=\"uagb-ifb-title-wrap\"><p class=\"uagb-ifb-title\">Solu\u00e7\u00f5es orientadas para a inova\u00e7\u00e3o<\/p><\/div><\/div><p class=\"uagb-ifb-desc\">Desenvolvemos solu\u00e7\u00f5es personalizadas utilizando pr\u00e1ticas de software modernas: arquitecturas modulares, APIs padr\u00e3o, testes abrangentes e documenta\u00e7\u00e3o clara. Quer necessite de um adaptador personalizado para um comutador antigo ou de uma fun\u00e7\u00e3o de media\u00e7\u00e3o completamente nova para um servi\u00e7o especializado, fornecemos implementa\u00e7\u00f5es sustent\u00e1veis e escal\u00e1veis.<\/p><div class=\"uagb-ifb-separator\"><\/div><\/div><\/div>\n\n\n\n<div class=\"wp-block-uagb-info-box uagb-block-wbuyoizu uagb-infobox__content-wrap  uagb-infobox-icon-left-title uagb-infobox-left uagb-infobox-image-valign-middle\"><div class=\"uagb-ifb-content\"><div class=\"uagb-ifb-left-title-image\"><div class=\"uagb-ifb-icon-wrap\"><svg xmlns=\"https:\/\/www.w3.org\/2000\/svg\" viewbox=\"0 0 448 512\"><path d=\"M438.6 105.4C451.1 117.9 451.1 138.1 438.6 150.6L182.6 406.6C170.1 419.1 149.9 419.1 137.4 406.6L9.372 278.6C-3.124 266.1-3.124 245.9 9.372 233.4C21.87 220.9 42.13 220.9 54.63 233.4L159.1 338.7L393.4 105.4C405.9 92.88 426.1 92.88 438.6 105.4H438.6z\"><\/path><\/svg><\/div><div class=\"uagb-ifb-title-wrap\"><p class=\"uagb-ifb-title\">Abordagem personalizada<\/p><\/div><\/div><p class=\"uagb-ifb-desc\">Cada projeto de integra\u00e7\u00e3o come\u00e7a com uma an\u00e1lise minuciosa da sua topologia de rede, dos componentes LI existentes, das interfaces LEA e das restri\u00e7\u00f5es operacionais. Trabalhamos em estreita colabora\u00e7\u00e3o com as suas equipas t\u00e9cnicas para compreender o quadro completo antes de conceber a solu\u00e7\u00e3o certa para a sua situa\u00e7\u00e3o espec\u00edfica.<\/p><div class=\"uagb-ifb-separator\"><\/div><\/div><\/div>\n\n\n\n<div class=\"wp-block-uagb-info-box uagb-block-chi4dubw uagb-infobox__content-wrap  uagb-infobox-icon-left-title uagb-infobox-left uagb-infobox-image-valign-middle\"><div class=\"uagb-ifb-content\"><div class=\"uagb-ifb-left-title-image\"><div class=\"uagb-ifb-icon-wrap\"><svg xmlns=\"https:\/\/www.w3.org\/2000\/svg\" viewbox=\"0 0 448 512\"><path d=\"M438.6 105.4C451.1 117.9 451.1 138.1 438.6 150.6L182.6 406.6C170.1 419.1 149.9 419.1 137.4 406.6L9.372 278.6C-3.124 266.1-3.124 245.9 9.372 233.4C21.87 220.9 42.13 220.9 54.63 233.4L159.1 338.7L393.4 105.4C405.9 92.88 426.1 92.88 438.6 105.4H438.6z\"><\/path><\/svg><\/div><div class=\"uagb-ifb-title-wrap\"><p class=\"uagb-ifb-title\">Servi\u00e7o superior ao cliente<\/p><\/div><\/div><p class=\"uagb-ifb-desc\">Os nossos programadores e especialistas em integra\u00e7\u00e3o apoiam-no ao longo de todo o ciclo de vida: an\u00e1lise de requisitos, conce\u00e7\u00e3o, implementa\u00e7\u00e3o, testes, implementa\u00e7\u00e3o e manuten\u00e7\u00e3o a longo prazo. Fornecemos documenta\u00e7\u00e3o t\u00e9cnica clara, transfer\u00eancia de conhecimentos e apoio cont\u00ednuo para garantir que as suas solu\u00e7\u00f5es personalizadas permanecem fi\u00e1veis e em conformidade.<\/p><div class=\"uagb-ifb-separator\"><\/div><\/div><\/div>\n<\/div>\n<\/div>\n<\/div><\/div>","protected":false},"excerpt":{"rendered":"<p>Our integration and custom development services ensure seamless network integration, support legacy and hybrid environments, develop custom ETSI-compliant implementations, and [&hellip;]<\/p>\n","protected":false},"author":2,"featured_media":0,"parent":13,"menu_order":0,"comment_status":"closed","ping_status":"closed","template":"","meta":{"_uag_custom_page_level_css":"","site-sidebar-layout":"default","site-content-layout":"","ast-site-content-layout":"default","site-content-style":"default","site-sidebar-style":"default","ast-global-header-display":"","ast-banner-title-visibility":"","ast-main-header-display":"","ast-hfb-above-header-display":"","ast-hfb-below-header-display":"","ast-hfb-mobile-header-display":"","site-post-title":"","ast-breadcrumbs-content":"","ast-featured-img":"","footer-sml-layout":"","ast-disable-related-posts":"","theme-transparent-header-meta":"","adv-header-id-meta":"","stick-header-meta":"","header-above-stick-meta":"","header-main-stick-meta":"","header-below-stick-meta":"","astra-migrate-meta-layouts":"default","ast-page-background-enabled":"default","ast-page-background-meta":{"desktop":{"background-color":"var(--ast-global-color-5)","background-image":"","background-repeat":"repeat","background-position":"center center","background-size":"auto","background-attachment":"scroll","background-type":"","background-media":"","overlay-type":"","overlay-color":"","overlay-opacity":"","overlay-gradient":""},"tablet":{"background-color":"","background-image":"","background-repeat":"repeat","background-position":"center center","background-size":"auto","background-attachment":"scroll","background-type":"","background-media":"","overlay-type":"","overlay-color":"","overlay-opacity":"","overlay-gradient":""},"mobile":{"background-color":"","background-image":"","background-repeat":"repeat","background-position":"center center","background-size":"auto","background-attachment":"scroll","background-type":"","background-media":"","overlay-type":"","overlay-color":"","overlay-opacity":"","overlay-gradient":""}},"ast-content-background-meta":{"desktop":{"background-color":"var(--ast-global-color-4)","background-image":"","background-repeat":"repeat","background-position":"center center","background-size":"auto","background-attachment":"scroll","background-type":"","background-media":"","overlay-type":"","overlay-color":"","overlay-opacity":"","overlay-gradient":""},"tablet":{"background-color":"var(--ast-global-color-4)","background-image":"","background-repeat":"repeat","background-position":"center center","background-size":"auto","background-attachment":"scroll","background-type":"","background-media":"","overlay-type":"","overlay-color":"","overlay-opacity":"","overlay-gradient":""},"mobile":{"background-color":"var(--ast-global-color-4)","background-image":"","background-repeat":"repeat","background-position":"center center","background-size":"auto","background-attachment":"scroll","background-type":"","background-media":"","overlay-type":"","overlay-color":"","overlay-opacity":"","overlay-gradient":""}},"footnotes":""},"class_list":["post-1347","page","type-page","status-publish","hentry"],"uagb_featured_image_src":{"full":false,"thumbnail":false,"medium":false,"medium_large":false,"large":false,"1536x1536":false,"2048x2048":false,"trp-custom-language-flag":false},"uagb_author_info":{"display_name":"chatgpt","author_link":"https:\/\/ic-services.io\/pt\/author\/chatgpt\/"},"uagb_comment_info":0,"uagb_excerpt":"Our integration and custom development services ensure seamless network integration, support legacy and hybrid environments, develop custom ETSI-compliant implementations, and [&hellip;]","_links":{"self":[{"href":"https:\/\/ic-services.io\/pt\/wp-json\/wp\/v2\/pages\/1347","targetHints":{"allow":["GET"]}}],"collection":[{"href":"https:\/\/ic-services.io\/pt\/wp-json\/wp\/v2\/pages"}],"about":[{"href":"https:\/\/ic-services.io\/pt\/wp-json\/wp\/v2\/types\/page"}],"author":[{"embeddable":true,"href":"https:\/\/ic-services.io\/pt\/wp-json\/wp\/v2\/users\/2"}],"replies":[{"embeddable":true,"href":"https:\/\/ic-services.io\/pt\/wp-json\/wp\/v2\/comments?post=1347"}],"version-history":[{"count":5,"href":"https:\/\/ic-services.io\/pt\/wp-json\/wp\/v2\/pages\/1347\/revisions"}],"predecessor-version":[{"id":1661,"href":"https:\/\/ic-services.io\/pt\/wp-json\/wp\/v2\/pages\/1347\/revisions\/1661"}],"up":[{"embeddable":true,"href":"https:\/\/ic-services.io\/pt\/wp-json\/wp\/v2\/pages\/13"}],"wp:attachment":[{"href":"https:\/\/ic-services.io\/pt\/wp-json\/wp\/v2\/media?parent=1347"}],"curies":[{"name":"wp","href":"https:\/\/api.w.org\/{rel}","templated":true}]}}