{"id":1367,"date":"2026-01-27T16:32:09","date_gmt":"2026-01-27T15:32:09","guid":{"rendered":"https:\/\/dev.ic-services.io\/?page_id=1367"},"modified":"2026-03-15T21:03:25","modified_gmt":"2026-03-15T20:03:25","slug":"grossista","status":"publish","type":"page","link":"https:\/\/ic-services.io\/pt\/products\/wholesale\/","title":{"rendered":"Com\u00e9rcio grossista"},"content":{"rendered":"<div class=\"wp-block-uagb-container uagb-block-qpfkqqpx alignfull uagb-is-root-container\">\n<div class=\"wp-block-uagb-container uagb-block-6nys11no\">\n<div class=\"wp-block-uagb-info-box uagb-block-osss7caw uagb-infobox__content-wrap  uagb-infobox-icon-above-title uagb-infobox-image-valign-top\"><div class=\"uagb-ifb-content\"><div class=\"uagb-ifb-title-wrap\"><h1 class=\"uagb-ifb-title\">Servi\u00e7os grossistas de VoIP l\u00edderes de mercado<\/h1><\/div><\/div><\/div>\n\n\n\n<div class=\"wp-block-uagb-container uagb-block-7nswyuyx\">\n<div class=\"wp-block-uagb-info-box uagb-block-wdbhlm3w uagb-infobox__content-wrap  uagb-infobox-icon-above-title uagb-infobox-image-valign-top\"><div class=\"uagb-ifb-content\"><div class=\"uagb-ifb-title-wrap\"><\/div><p class=\"uagb-ifb-desc\">Enquanto transportador VoIP grossista l\u00edder, combinamos rotas de alta qualidade, tarifas competitivas e um poderoso portal de auto-atendimento para lhe dar controlo total sobre o seu tr\u00e1fego e margens<\/p><\/div><\/div>\n\n\n\n<div class=\"wp-block-uagb-buttons uagb-buttons__outer-wrap uagb-btn__default-btn uagb-btn-tablet__default-btn uagb-btn-mobile__default-btn uagb-block-aieo5lfi\"><div class=\"uagb-buttons__wrap uagb-buttons-layout-wrap\">\n<div class=\"wp-block-uagb-buttons-child uagb-buttons__outer-wrap uagb-block-wg1tqltu wp-block-button\"><div class=\"uagb-button__wrapper\"><a class=\"uagb-buttons-repeater wp-block-button__link\" aria-label=\"\" href=\"https:\/\/icscarrier.com\" rel=\"follow noopener\" target=\"_blank\" role=\"button\"><div class=\"uagb-button__link\">Come\u00e7ar a trabalhar<\/div><\/a><\/div><\/div>\n<\/div><\/div>\n<\/div>\n<\/div>\n\n\n\n<div class=\"wp-block-uagb-container uagb-block-mdojry9r alignfull uagb-is-root-container\"><\/div>\n<\/div>\n\n\n\n<div class=\"wp-block-uagb-container uagb-block-isry1d2n alignfull uagb-is-root-container\"><div class=\"uagb-container-inner-blocks-wrap\">\n<div class=\"wp-block-uagb-container uagb-block-gdnaohls\">\n<div class=\"wp-block-uagb-info-box uagb-block-lisvjmkj uagb-infobox__content-wrap  uagb-infobox-icon-above-title uagb-infobox-image-valign-top wp-block-uagb-info-box--has-margin\"><div class=\"uagb-infobox-margin-wrapper\"><div class=\"uagb-ifb-content\"><div class=\"uagb-ifb-title-wrap\"><h2 class=\"uagb-ifb-title\">ICS Servi\u00e7os grossistas de transporte<\/h2><\/div><p class=\"uagb-ifb-desc\">Com o ICS Wholesale Carrier Services, as operadoras, ITSPs e revendedores obt\u00eam pr\u00e9-servi\u00e7os profissionais de operadora para termina\u00e7\u00e3o global e n\u00fameros internacionais - sem construir seu pr\u00f3prio backbone de atacado. O nosso historial em VoIP e interce\u00e7\u00e3o legal permite-nos combinar um servi\u00e7o grossista de voz robusto com uma infraestrutura preparada para a conformidade e um suporte operacional competente.<br><br>Atrav\u00e9s do nosso portal Web intuitivo, pode gerir troncos, IPs, destinos e n\u00edveis de qualidade e beneficiar de tarifas e relat\u00f3rios transparentes. Quer trate de alguns milhares de minutos por m\u00eas ou de tr\u00e1fego internacional em grande escala, o ICS d\u00e1-lhe a capacidade e a flexibilidade de que necessita para crescer<\/p><\/div><\/div><\/div>\n\n\n\n<div class=\"wp-block-uagb-image alignleft uagb-block-7o7aro6n wp-block-uagb-image--layout-default wp-block-uagb-image--effect-static wp-block-uagb-image--align-left\"><figure class=\"wp-block-uagb-image__figure\"><img decoding=\"async\" srcset=\"https:\/\/ic-services.io\/wp-content\/uploads\/2026\/02\/pexels-photo-1054397-1054397-683x1024.jpg ,https:\/\/ic-services.io\/wp-content\/uploads\/2026\/02\/pexels-photo-1054397-1054397-scaled.jpg 780w, https:\/\/ic-services.io\/wp-content\/uploads\/2026\/02\/pexels-photo-1054397-1054397-scaled.jpg 360w\" sizes=\"auto, (max-width: 480px) 150px\" src=\"https:\/\/ic-services.io\/wp-content\/uploads\/2026\/02\/pexels-photo-1054397-1054397-683x1024.jpg\" alt=\"Grande plano de cabos e portas de rede num bastidor de servidores, mostrando a conetividade.\" class=\"uag-image-1562\" width=\"564\" height=\"376\" title=\"pexels foto 1054397 1054397\" loading=\"lazy\" role=\"img\"\/><\/figure><\/div>\n\n\n\n<div class=\"wp-block-uagb-info-box uagb-block-8fuzlsfg uagb-infobox__content-wrap  uagb-infobox-icon-above-title uagb-infobox-image-valign-top wp-block-uagb-info-box--has-margin\"><div class=\"uagb-infobox-margin-wrapper\"><div class=\"uagb-ifb-content\"><div class=\"uagb-ifb-title-wrap\"><h3 class=\"uagb-ifb-title\">Solu\u00e7\u00f5es orientadas para a inova\u00e7\u00e3o<\/h3><\/div><p class=\"uagb-ifb-desc\">Cada cliente grossista tem rotas, volumes e expectativas de margem diferentes, pelo que adaptamos os perfis de rotas, os modelos comerciais e o apoio ao seu neg\u00f3cio. Nossa equipe trabalha diretamente com voc\u00ea em testes, integra\u00e7\u00e3o e otimiza\u00e7\u00e3o de tr\u00e1fego para tornar o ICS uma extens\u00e3o de suas pr\u00f3prias opera\u00e7\u00f5es de transporte.<\/p><\/div><\/div><\/div>\n<\/div>\n\n\n\n<div class=\"wp-block-uagb-container uagb-block-vzn1a9g2\">\n<div class=\"wp-block-uagb-image alignleft uagb-block-v51qnvvs wp-block-uagb-image--layout-default wp-block-uagb-image--effect-static wp-block-uagb-image--align-left\"><figure class=\"wp-block-uagb-image__figure\"><img decoding=\"async\" srcset=\"https:\/\/ic-services.io\/wp-content\/uploads\/2026\/02\/pexels-photo-8867472-8867472-1024x683.jpg ,https:\/\/ic-services.io\/wp-content\/uploads\/2026\/02\/pexels-photo-8867472-8867472-scaled.jpg 780w, https:\/\/ic-services.io\/wp-content\/uploads\/2026\/02\/pexels-photo-8867472-8867472-scaled.jpg 360w\" sizes=\"auto, (max-width: 480px) 150px\" src=\"https:\/\/ic-services.io\/wp-content\/uploads\/2026\/02\/pexels-photo-8867472-8867472-1024x683.jpg\" alt=\"Dois funcion\u00e1rios de um centro de atendimento telef\u00f3nico a trabalhar em conjunto com auscultadores num ambiente de escrit\u00f3rio moderno.\" class=\"uag-image-1561\" width=\"564\" height=\"376\" title=\"pexels foto 8867472 8867472\" loading=\"lazy\" role=\"img\"\/><\/figure><\/div>\n\n\n\n<div class=\"wp-block-uagb-info-box uagb-block-y43koqpx uagb-infobox__content-wrap  uagb-infobox-icon-above-title uagb-infobox-image-valign-top wp-block-uagb-info-box--has-margin\"><div class=\"uagb-infobox-margin-wrapper\"><div class=\"uagb-ifb-content\"><div class=\"uagb-ifb-title-wrap\"><h3 class=\"uagb-ifb-title\">Abordagem personalizada<\/h3><\/div><p class=\"uagb-ifb-desc\">O nosso portf\u00f3lio grossista foi concebido em fun\u00e7\u00e3o das necessidades modernas de VoIP e das operadoras: perfis de qualidade flex\u00edveis, encaminhamento inteligente e APIs que se integram nos seus sistemas de fatura\u00e7\u00e3o e aprovisionamento. Expandimos continuamente a nossa presen\u00e7a global e optimizamos as rotas para que possa fornecer voz cristalina a baixos custos grossistas.<a href=\"https:\/\/icscarrier.com\/\" target=\"_blank\" rel=\"noreferrer noopener\"><\/a><br><\/p><\/div><\/div><\/div>\n\n\n\n<div class=\"wp-block-uagb-image alignleft uagb-block-xa9r5lvj wp-block-uagb-image--layout-default wp-block-uagb-image--effect-static wp-block-uagb-image--align-left\"><figure class=\"wp-block-uagb-image__figure\"><img decoding=\"async\" srcset=\"https:\/\/ic-services.io\/wp-content\/uploads\/2026\/02\/pexels-photo-8867261-8867261-1024x683.jpg ,https:\/\/ic-services.io\/wp-content\/uploads\/2026\/02\/pexels-photo-8867261-8867261-scaled.jpg 780w, https:\/\/ic-services.io\/wp-content\/uploads\/2026\/02\/pexels-photo-8867261-8867261-scaled.jpg 360w\" sizes=\"auto, (max-width: 480px) 150px\" src=\"https:\/\/ic-services.io\/wp-content\/uploads\/2026\/02\/pexels-photo-8867261-8867261-1024x683.jpg\" alt=\"Uma equipa diversificada de agentes de call center que trabalham em conjunto num ambiente de escrit\u00f3rio moderno.\" class=\"uag-image-1563\" width=\"564\" height=\"376\" title=\"foto pexels 8867261 8867261\" loading=\"lazy\" role=\"img\"\/><\/figure><\/div>\n\n\n\n<div class=\"wp-block-uagb-info-box uagb-block-wzlmrmwp uagb-infobox__content-wrap  uagb-infobox-icon-above-title uagb-infobox-image-valign-top wp-block-uagb-info-box--has-margin\"><div class=\"uagb-infobox-margin-wrapper\"><div class=\"uagb-ifb-content\"><div class=\"uagb-ifb-title-wrap\"><h3 class=\"uagb-ifb-title\">Servi\u00e7o superior ao cliente<\/h3><\/div><p class=\"uagb-ifb-desc\">A voz grossista fi\u00e1vel depende de reac\u00e7\u00f5es r\u00e1pidas - desde altera\u00e7\u00f5es de encaminhamento at\u00e9 \u00e0 resolu\u00e7\u00e3o de problemas. O nosso NOC e os nossos gestores de conta apoiam-no com uma monitoriza\u00e7\u00e3o proactiva, um tratamento de bilhetes reativo e uma comunica\u00e7\u00e3o clara. Beneficia de um parceiro est\u00e1vel que compreende o VoIP, a interce\u00e7\u00e3o legal e os requisitos regulamentares e mant\u00e9m o seu tr\u00e1fego a funcionar sem problemas.<\/p><\/div><\/div><\/div>\n<\/div>\n<\/div><\/div>","protected":false},"excerpt":{"rendered":"","protected":false},"author":2,"featured_media":0,"parent":1315,"menu_order":0,"comment_status":"closed","ping_status":"closed","template":"","meta":{"_uag_custom_page_level_css":"","site-sidebar-layout":"default","site-content-layout":"","ast-site-content-layout":"default","site-content-style":"default","site-sidebar-style":"default","ast-global-header-display":"","ast-banner-title-visibility":"","ast-main-header-display":"","ast-hfb-above-header-display":"","ast-hfb-below-header-display":"","ast-hfb-mobile-header-display":"","site-post-title":"disabled","ast-breadcrumbs-content":"","ast-featured-img":"","footer-sml-layout":"","ast-disable-related-posts":"","theme-transparent-header-meta":"","adv-header-id-meta":"","stick-header-meta":"","header-above-stick-meta":"","header-main-stick-meta":"","header-below-stick-meta":"","astra-migrate-meta-layouts":"default","ast-page-background-enabled":"default","ast-page-background-meta":{"desktop":{"background-color":"var(--ast-global-color-5)","background-image":"","background-repeat":"repeat","background-position":"center center","background-size":"auto","background-attachment":"scroll","background-type":"","background-media":"","overlay-type":"","overlay-color":"","overlay-opacity":"","overlay-gradient":""},"tablet":{"background-color":"","background-image":"","background-repeat":"repeat","background-position":"center center","background-size":"auto","background-attachment":"scroll","background-type":"","background-media":"","overlay-type":"","overlay-color":"","overlay-opacity":"","overlay-gradient":""},"mobile":{"background-color":"","background-image":"","background-repeat":"repeat","background-position":"center center","background-size":"auto","background-attachment":"scroll","background-type":"","background-media":"","overlay-type":"","overlay-color":"","overlay-opacity":"","overlay-gradient":""}},"ast-content-background-meta":{"desktop":{"background-color":"var(--ast-global-color-4)","background-image":"","background-repeat":"repeat","background-position":"center center","background-size":"auto","background-attachment":"scroll","background-type":"","background-media":"","overlay-type":"","overlay-color":"","overlay-opacity":"","overlay-gradient":""},"tablet":{"background-color":"var(--ast-global-color-4)","background-image":"","background-repeat":"repeat","background-position":"center center","background-size":"auto","background-attachment":"scroll","background-type":"","background-media":"","overlay-type":"","overlay-color":"","overlay-opacity":"","overlay-gradient":""},"mobile":{"background-color":"var(--ast-global-color-4)","background-image":"","background-repeat":"repeat","background-position":"center center","background-size":"auto","background-attachment":"scroll","background-type":"","background-media":"","overlay-type":"","overlay-color":"","overlay-opacity":"","overlay-gradient":""}},"footnotes":""},"class_list":["post-1367","page","type-page","status-publish","hentry"],"uagb_featured_image_src":{"full":false,"thumbnail":false,"medium":false,"medium_large":false,"large":false,"1536x1536":false,"2048x2048":false,"trp-custom-language-flag":false},"uagb_author_info":{"display_name":"chatgpt","author_link":"https:\/\/ic-services.io\/pt\/author\/chatgpt\/"},"uagb_comment_info":0,"uagb_excerpt":null,"_links":{"self":[{"href":"https:\/\/ic-services.io\/pt\/wp-json\/wp\/v2\/pages\/1367","targetHints":{"allow":["GET"]}}],"collection":[{"href":"https:\/\/ic-services.io\/pt\/wp-json\/wp\/v2\/pages"}],"about":[{"href":"https:\/\/ic-services.io\/pt\/wp-json\/wp\/v2\/types\/page"}],"author":[{"embeddable":true,"href":"https:\/\/ic-services.io\/pt\/wp-json\/wp\/v2\/users\/2"}],"replies":[{"embeddable":true,"href":"https:\/\/ic-services.io\/pt\/wp-json\/wp\/v2\/comments?post=1367"}],"version-history":[{"count":9,"href":"https:\/\/ic-services.io\/pt\/wp-json\/wp\/v2\/pages\/1367\/revisions"}],"predecessor-version":[{"id":1952,"href":"https:\/\/ic-services.io\/pt\/wp-json\/wp\/v2\/pages\/1367\/revisions\/1952"}],"up":[{"embeddable":true,"href":"https:\/\/ic-services.io\/pt\/wp-json\/wp\/v2\/pages\/1315"}],"wp:attachment":[{"href":"https:\/\/ic-services.io\/pt\/wp-json\/wp\/v2\/media?parent=1367"}],"curies":[{"name":"wp","href":"https:\/\/api.w.org\/{rel}","templated":true}]}}