{"id":1415,"date":"2026-01-27T17:28:35","date_gmt":"2026-01-27T16:28:35","guid":{"rendered":"https:\/\/dev.ic-services.io\/?page_id=1415"},"modified":"2026-03-15T20:30:36","modified_gmt":"2026-03-15T19:30:36","slug":"empresa","status":"publish","type":"page","link":"https:\/\/ic-services.io\/pt\/about\/company\/","title":{"rendered":"Empresa"},"content":{"rendered":"<div class=\"wp-block-uagb-container uagb-block-nrys1hkh alignfull uagb-is-root-container\"><div class=\"uagb-container-inner-blocks-wrap\">\n<div class=\"wp-block-uagb-info-box uagb-block-dv0tgbug uagb-infobox__content-wrap  uagb-infobox-icon-above-title uagb-infobox-image-valign-top\"><div class=\"uagb-ifb-content\"><div class=\"uagb-ifb-title-wrap\"><p class=\"uagb-ifb-title-prefix\">QUEM SOMOS<\/p><h1 class=\"uagb-ifb-title\">Experi\u00eancia especializada em interce\u00e7\u00e3o legal e conformidade<\/h1><\/div><p class=\"uagb-ifb-desc\">A ICS International Carrier Services GmbH fornece solu\u00e7\u00f5es de interce\u00e7\u00e3o legal de miss\u00e3o cr\u00edtica, servi\u00e7os e conhecimentos especializados a fornecedores de servi\u00e7os de comunica\u00e7\u00f5es, fabricantes de autom\u00f3veis, plataformas de mobilidade e organismos reguladores em todo o mundo.<\/p><\/div><\/div>\n\n\n\n<div class=\"wp-block-uagb-buttons uagb-buttons__outer-wrap uagb-btn__default-btn uagb-btn-tablet__default-btn uagb-btn-mobile__default-btn uagb-block-2lcqx8cf\"><div class=\"uagb-buttons__wrap uagb-buttons-layout-wrap\">\n<div class=\"wp-block-uagb-buttons-child uagb-buttons__outer-wrap uagb-block-npcjsna0 wp-block-button\"><div class=\"uagb-button__wrapper\"><a class=\"uagb-buttons-repeater wp-block-button__link\" aria-label=\"\" href=\"\/pt\/contacto\/\" rel=\"follow noopener\" target=\"_self\" role=\"button\"><div class=\"uagb-button__link\">Entrar em contacto<\/div><\/a><\/div><\/div>\n<\/div><\/div>\n<\/div><\/div>\n\n\n\n<div class=\"wp-block-uagb-container uagb-block-my9zjyi8 alignfull uagb-is-root-container\"><div class=\"uagb-container-inner-blocks-wrap\">\n<div class=\"wp-block-uagb-info-box uagb-block-vgpfxo5d uagb-infobox__content-wrap  uagb-infobox-icon-above-title uagb-infobox-image-valign-top\"><div class=\"uagb-ifb-content\"><div class=\"uagb-ifb-title-wrap\"><h2 class=\"uagb-ifb-title\">O que torna o ICS diferente<\/h2><\/div><p class=\"uagb-ifb-desc\">O nosso enfoque na interce\u00e7\u00e3o legal e na conformidade como especializa\u00e7\u00e3o principal distingue-nos dos fornecedores de telecomunica\u00e7\u00f5es e integradores de TI em geral.<\/p><\/div><\/div>\n\n\n\n<div class=\"wp-block-uagb-container uagb-layout-grid uagb-block-veutk6aa\">\n<div class=\"wp-block-uagb-container uagb-block-3pga48fh\">\n<div class=\"wp-block-uagb-info-box uagb-block-jxyticqc uagb-infobox__content-wrap  uagb-infobox-icon-above-title uagb-infobox-image-valign-top\"><div class=\"uagb-ifb-content\"><div class=\"uagb-ifb-title-wrap\"><h3 class=\"uagb-ifb-title\">Profundo conhecimento t\u00e9cnico<\/h3><\/div><p class=\"uagb-ifb-desc\">Combinamos a experi\u00eancia pr\u00e1tica de implementa\u00e7\u00e3o com um conhecimento profundo das normas ETSI, 3GPP e nacionais de LI. A nossa equipa inclui antigos consultores regulamentares, engenheiros de telecomunica\u00e7\u00f5es e arquitectos de sistemas de LI que compreendem tanto os protocolos como as realidades pr\u00e1ticas da conformidade.<\/p><\/div><\/div>\n\n\n\n<div class=\"wp-block-uagb-buttons uagb-buttons__outer-wrap uagb-btn__default-btn uagb-btn-tablet__default-btn uagb-btn-mobile__default-btn uagb-block-nz8g8zqz\"><div class=\"uagb-buttons__wrap uagb-buttons-layout-wrap\">\n<div class=\"wp-block-uagb-buttons-child uagb-buttons__outer-wrap uagb-block-513d62a4 wp-block-button\"><div class=\"uagb-button__wrapper\"><a class=\"uagb-buttons-repeater wp-block-button__link\" aria-label=\"\" href=\"#\" rel=\"follow noopener\" target=\"_self\" role=\"button\"><div class=\"uagb-button__link\">Clique aqui<\/div><\/a><\/div><\/div>\n<\/div><\/div>\n<\/div>\n\n\n\n<div class=\"wp-block-uagb-container uagb-block-lms63ccs\">\n<div class=\"wp-block-uagb-info-box uagb-block-fo0h2ih0 uagb-infobox__content-wrap  uagb-infobox-icon-above-title uagb-infobox-image-valign-top\"><div class=\"uagb-ifb-content\"><div class=\"uagb-ifb-title-wrap\"><h3 class=\"uagb-ifb-title\">Portf\u00f3lio de ponta a ponta<\/h3><\/div><p class=\"uagb-ifb-desc\">Desde plataformas de software e dispositivos de hardware a opera\u00e7\u00f5es totalmente geridas e consultoria regulamentar, fornecemos solu\u00e7\u00f5es completas em vez de produtos pontuais. Isto permite implementa\u00e7\u00f5es consistentes e integradas em todos os seus requisitos de LI.<\/p><\/div><\/div>\n\n\n\n<div class=\"wp-block-uagb-buttons uagb-buttons__outer-wrap uagb-btn__default-btn uagb-btn-tablet__default-btn uagb-btn-mobile__default-btn uagb-block-sfsuppw7\"><div class=\"uagb-buttons__wrap uagb-buttons-layout-wrap\">\n<div class=\"wp-block-uagb-buttons-child uagb-buttons__outer-wrap uagb-block-836b398b wp-block-button\"><div class=\"uagb-button__wrapper\"><a class=\"uagb-buttons-repeater wp-block-button__link\" aria-label=\"\" href=\"#\" rel=\"follow noopener\" target=\"_self\" role=\"button\"><div class=\"uagb-button__link\">Clique aqui<\/div><\/a><\/div><\/div>\n<\/div><\/div>\n<\/div>\n\n\n\n<div class=\"wp-block-uagb-container uagb-block-2qqc5qxa\">\n<div class=\"wp-block-uagb-info-box uagb-block-ofnntrv4 uagb-infobox__content-wrap  uagb-infobox-icon-above-title uagb-infobox-image-valign-top\"><div class=\"uagb-ifb-content\"><div class=\"uagb-ifb-title-wrap\"><h3 class=\"uagb-ifb-title\">Solu\u00e7\u00f5es em conformidade com as normas<\/h3><\/div><p class=\"uagb-ifb-desc\">Todas as nossas solu\u00e7\u00f5es seguem as especifica\u00e7\u00f5es ETSI TS 102 232, ETSI TS 103 707, 3GPP LI e os quadros nacionais relevantes. O alinhamento das normas garante a interoperabilidade, a admissibilidade das provas, a prepara\u00e7\u00e3o para o futuro e a aceita\u00e7\u00e3o regulamentar.<\/p><\/div><\/div>\n<\/div>\n\n\n\n<div class=\"wp-block-uagb-container uagb-block-znjuwf7y\">\n<div class=\"wp-block-uagb-info-box uagb-block-zergsp5q uagb-infobox__content-wrap  uagb-infobox-icon-above-title uagb-infobox-image-valign-top\"><div class=\"uagb-ifb-content\"><div class=\"uagb-ifb-title-wrap\"><h3 class=\"uagb-ifb-title\">Experi\u00eancia em v\u00e1rios sectores<\/h3><\/div><p class=\"uagb-ifb-desc\">Trabalhamos com operadores fixos e m\u00f3veis, MVNOs, ISPs, fornecedores de VoIP, plataformas OTT, OEMs autom\u00f3veis e autoridades reguladoras. Esta perspetiva inter-industrial ajuda-nos a aplicar as melhores pr\u00e1ticas e a antecipar os requisitos \u00e0 medida que a LI evolui.<\/p><\/div><\/div>\n<\/div>\n\n\n\n<div class=\"wp-block-uagb-container uagb-block-lamnqfd2\">\n<div class=\"wp-block-uagb-info-box uagb-block-ffq7bash uagb-infobox__content-wrap  uagb-infobox-icon-above-title uagb-infobox-image-valign-top\"><div class=\"uagb-ifb-content\"><div class=\"uagb-ifb-title-wrap\"><h3 class=\"uagb-ifb-title\">Modelos de compromisso flex\u00edveis<\/h3><\/div><p class=\"uagb-ifb-desc\">Quer necessite de um servi\u00e7o gerido chave-na-m\u00e3o completo, de apoio \u00e0 integra\u00e7\u00e3o personalizada, de licenciamento de software aut\u00f3nomo ou de consultoria estrat\u00e9gica, adaptamo-nos aos seus requisitos espec\u00edficos, calend\u00e1rio e modelo operacional.<\/p><\/div><\/div>\n<\/div>\n\n\n\n<div class=\"wp-block-uagb-container uagb-block-xddzi5ty\">\n<div class=\"wp-block-uagb-info-box uagb-block-wxa3yawp uagb-infobox__content-wrap  uagb-infobox-icon-above-title uagb-infobox-image-valign-top\"><div class=\"uagb-ifb-content\"><div class=\"uagb-ifb-title-wrap\"><h3 class=\"uagb-ifb-title\">Parceria a longo prazo<\/h3><\/div><p class=\"uagb-ifb-desc\">A conformidade com a LI n\u00e3o \u00e9 um projeto \u00fanico. Fornecemos suporte cont\u00ednuo, monitoriza\u00e7\u00e3o regulamentar, actualiza\u00e7\u00f5es de normas e assist\u00eancia operacional para garantir que os seus sistemas permanecem em conformidade e prontos para auditoria \u00e0 medida que os requisitos evoluem.<\/p><\/div><\/div>\n\n\n\n<div class=\"wp-block-uagb-buttons uagb-buttons__outer-wrap uagb-btn__default-btn uagb-btn-tablet__default-btn uagb-btn-mobile__default-btn uagb-block-7zw1kqm0\"><div class=\"uagb-buttons__wrap uagb-buttons-layout-wrap\">\n<div class=\"wp-block-uagb-buttons-child uagb-buttons__outer-wrap uagb-block-601204a9 wp-block-button\"><div class=\"uagb-button__wrapper\"><a class=\"uagb-buttons-repeater wp-block-button__link\" aria-label=\"\" href=\"#\" rel=\"follow noopener\" target=\"_self\" role=\"button\"><div class=\"uagb-button__link\">Clique aqui<\/div><\/a><\/div><\/div>\n<\/div><\/div>\n<\/div>\n<\/div>\n<\/div><\/div>\n\n\n\n<div class=\"wp-block-uagb-container uagb-block-iauj3p2k alignfull uagb-is-root-container\"><div class=\"uagb-container-inner-blocks-wrap\">\n<div class=\"wp-block-uagb-info-box uagb-block-ovlznsqv uagb-infobox__content-wrap  uagb-infobox-icon-above-title uagb-infobox-image-valign-top\"><div class=\"uagb-ifb-content\"><div class=\"uagb-ifb-title-wrap\"><p class=\"uagb-ifb-title-prefix\">A NOSSA MISS\u00c3O<\/p><h2 class=\"uagb-ifb-title\">Ajudar as organiza\u00e7\u00f5es a cumprir as obriga\u00e7\u00f5es de interce\u00e7\u00e3o legal com confian\u00e7a<\/h2><\/div><\/div><\/div>\n\n\n\n<div class=\"wp-block-uagb-container uagb-block-eepd5nyu\">\n<div class=\"wp-block-uagb-info-box uagb-block-tohb7nm1 uagb-infobox__content-wrap  uagb-infobox-icon-above-title uagb-infobox-image-valign-top\"><div class=\"uagb-ifb-content\"><div class=\"uagb-ifb-title-wrap\"><p class=\"uagb-ifb-title\">A ICS International Carrier Services GmbH foi fundada para responder a uma lacuna cr\u00edtica no mercado das telecomunica\u00e7\u00f5es: a necessidade de solu\u00e7\u00f5es de interce\u00e7\u00e3o legal especializadas e fi\u00e1veis que equilibrem a conformidade regulamentar com a efici\u00eancia operacional e a prote\u00e7\u00e3o da privacidade. Com sede em Col\u00f3nia, Alemanha, servimos clientes em toda a Europa e a n\u00edvel internacional.<br><br>A nossa equipa re\u00fane conhecimentos especializados de v\u00e1rias disciplinas - engenharia de telecomunica\u00e7\u00f5es, conformidade regulamentar, desenvolvimento de software, integra\u00e7\u00e3o de sistemas e coordena\u00e7\u00e3o da aplica\u00e7\u00e3o da lei. Este conhecimento multifuncional permite-nos fazer a ponte entre a implementa\u00e7\u00e3o t\u00e9cnica e os requisitos legais e as realidades operacionais.<\/p><\/div><p class=\"uagb-ifb-desc\">Trabalhamos de forma neutra com todas as partes interessadas no ecossistema da interce\u00e7\u00e3o legal: operadores que implementam capacidades, reguladores que definem requisitos e ag\u00eancias de aplica\u00e7\u00e3o da lei que recebem dados. O nosso objetivo \u00e9 garantir que os sistemas de LI fornecem resultados utiliz\u00e1veis, atempados e em conformidade, respeitando os direitos de privacidade e minimizando os encargos operacionais dos CSP.<\/p><\/div><\/div>\n\n\n\n<div class=\"wp-block-uagb-container uagb-block-6sbec71a\">\n<div class=\"wp-block-uagb-info-box uagb-block-vipet5qk uagb-infobox__content-wrap  uagb-infobox-icon-above-title uagb-infobox-image-valign-top wp-block-uagb-info-box--has-margin\"><div class=\"uagb-infobox-margin-wrapper\"><div class=\"uagb-ifb-content\"><div class=\"uagb-ifb-title-wrap\"><h4 class=\"uagb-ifb-title\">Solu\u00e7\u00f5es orientadas para a inova\u00e7\u00e3o<\/h4><\/div><p class=\"uagb-ifb-desc\">Investimos continuamente no desenvolvimento de produtos, alinhamento de padr\u00f5es e evolu\u00e7\u00e3o tecnol\u00f3gica para garantir que as nossas solu\u00e7\u00f5es suportem servi\u00e7os emergentes como 5G, mensagens OTT e ve\u00edculos conectados. A nossa arquitetura modular permite actualiza\u00e7\u00f5es incrementais sem substitui\u00e7\u00e3o em massa.<\/p><\/div><\/div><\/div>\n\n\n\n<div class=\"wp-block-uagb-info-box uagb-block-tu0b5gbx uagb-infobox__content-wrap  uagb-infobox-icon-above-title uagb-infobox-image-valign-top wp-block-uagb-info-box--has-margin\"><div class=\"uagb-infobox-margin-wrapper\"><div class=\"uagb-ifb-content\"><div class=\"uagb-ifb-title-wrap\"><h4 class=\"uagb-ifb-title\">Abordagem personalizada<\/h4><\/div><p class=\"uagb-ifb-desc\">Cada cliente tem arquitecturas de rede, carteiras de servi\u00e7os, contextos regulamentares e restri\u00e7\u00f5es operacionais \u00fanicos. Adaptamos as nossas solu\u00e7\u00f5es e modelos de compromisso \u00e0 sua situa\u00e7\u00e3o espec\u00edfica, em vez de for\u00e7armos abordagens de tamanho \u00fanico.<\/p><\/div><\/div><\/div>\n\n\n\n<div class=\"wp-block-uagb-info-box uagb-block-bmlcvyeq uagb-infobox__content-wrap  uagb-infobox-icon-above-title uagb-infobox-image-valign-top wp-block-uagb-info-box--has-margin\"><div class=\"uagb-infobox-margin-wrapper\"><div class=\"uagb-ifb-content\"><div class=\"uagb-ifb-title-wrap\"><h4 class=\"uagb-ifb-title\">Servi\u00e7o superior ao cliente<\/h4><\/div><p class=\"uagb-ifb-desc\">Desde a avalia\u00e7\u00e3o inicial at\u00e9 \u00e0s opera\u00e7\u00f5es a longo prazo, fornecemos apoio reativo para quest\u00f5es t\u00e9cnicas, quest\u00f5es regulamentares e desafios de conformidade. A nossa equipa actua como seu parceiro na manuten\u00e7\u00e3o de uma infraestrutura de interce\u00e7\u00e3o legal eficaz e pronta a ser auditada.<\/p><\/div><\/div><\/div>\n<\/div>\n<\/div>\n<\/div><\/div>","protected":false},"excerpt":{"rendered":"","protected":false},"author":2,"featured_media":0,"parent":12,"menu_order":0,"comment_status":"closed","ping_status":"closed","template":"","meta":{"_uag_custom_page_level_css":"","site-sidebar-layout":"default","site-content-layout":"","ast-site-content-layout":"default","site-content-style":"default","site-sidebar-style":"default","ast-global-header-display":"","ast-banner-title-visibility":"","ast-main-header-display":"","ast-hfb-above-header-display":"","ast-hfb-below-header-display":"","ast-hfb-mobile-header-display":"","site-post-title":"disabled","ast-breadcrumbs-content":"","ast-featured-img":"","footer-sml-layout":"","ast-disable-related-posts":"","theme-transparent-header-meta":"","adv-header-id-meta":"","stick-header-meta":"","header-above-stick-meta":"","header-main-stick-meta":"","header-below-stick-meta":"","astra-migrate-meta-layouts":"default","ast-page-background-enabled":"default","ast-page-background-meta":{"desktop":{"background-color":"var(--ast-global-color-5)","background-image":"","background-repeat":"repeat","background-position":"center center","background-size":"auto","background-attachment":"scroll","background-type":"","background-media":"","overlay-type":"","overlay-color":"","overlay-opacity":"","overlay-gradient":""},"tablet":{"background-color":"","background-image":"","background-repeat":"repeat","background-position":"center center","background-size":"auto","background-attachment":"scroll","background-type":"","background-media":"","overlay-type":"","overlay-color":"","overlay-opacity":"","overlay-gradient":""},"mobile":{"background-color":"","background-image":"","background-repeat":"repeat","background-position":"center center","background-size":"auto","background-attachment":"scroll","background-type":"","background-media":"","overlay-type":"","overlay-color":"","overlay-opacity":"","overlay-gradient":""}},"ast-content-background-meta":{"desktop":{"background-color":"var(--ast-global-color-4)","background-image":"","background-repeat":"repeat","background-position":"center center","background-size":"auto","background-attachment":"scroll","background-type":"","background-media":"","overlay-type":"","overlay-color":"","overlay-opacity":"","overlay-gradient":""},"tablet":{"background-color":"var(--ast-global-color-4)","background-image":"","background-repeat":"repeat","background-position":"center center","background-size":"auto","background-attachment":"scroll","background-type":"","background-media":"","overlay-type":"","overlay-color":"","overlay-opacity":"","overlay-gradient":""},"mobile":{"background-color":"var(--ast-global-color-4)","background-image":"","background-repeat":"repeat","background-position":"center center","background-size":"auto","background-attachment":"scroll","background-type":"","background-media":"","overlay-type":"","overlay-color":"","overlay-opacity":"","overlay-gradient":""}},"footnotes":""},"class_list":["post-1415","page","type-page","status-publish","hentry"],"uagb_featured_image_src":{"full":false,"thumbnail":false,"medium":false,"medium_large":false,"large":false,"1536x1536":false,"2048x2048":false,"trp-custom-language-flag":false},"uagb_author_info":{"display_name":"chatgpt","author_link":"https:\/\/ic-services.io\/pt\/author\/chatgpt\/"},"uagb_comment_info":0,"uagb_excerpt":null,"_links":{"self":[{"href":"https:\/\/ic-services.io\/pt\/wp-json\/wp\/v2\/pages\/1415","targetHints":{"allow":["GET"]}}],"collection":[{"href":"https:\/\/ic-services.io\/pt\/wp-json\/wp\/v2\/pages"}],"about":[{"href":"https:\/\/ic-services.io\/pt\/wp-json\/wp\/v2\/types\/page"}],"author":[{"embeddable":true,"href":"https:\/\/ic-services.io\/pt\/wp-json\/wp\/v2\/users\/2"}],"replies":[{"embeddable":true,"href":"https:\/\/ic-services.io\/pt\/wp-json\/wp\/v2\/comments?post=1415"}],"version-history":[{"count":8,"href":"https:\/\/ic-services.io\/pt\/wp-json\/wp\/v2\/pages\/1415\/revisions"}],"predecessor-version":[{"id":1959,"href":"https:\/\/ic-services.io\/pt\/wp-json\/wp\/v2\/pages\/1415\/revisions\/1959"}],"up":[{"embeddable":true,"href":"https:\/\/ic-services.io\/pt\/wp-json\/wp\/v2\/pages\/12"}],"wp:attachment":[{"href":"https:\/\/ic-services.io\/pt\/wp-json\/wp\/v2\/media?parent=1415"}],"curies":[{"name":"wp","href":"https:\/\/api.w.org\/{rel}","templated":true}]}}