{"id":1418,"date":"2026-01-27T17:29:14","date_gmt":"2026-01-27T16:29:14","guid":{"rendered":"https:\/\/dev.ic-services.io\/?page_id=1418"},"modified":"2026-02-25T15:51:53","modified_gmt":"2026-02-25T14:51:53","slug":"conformidade-e-auditoria","status":"publish","type":"page","link":"https:\/\/ic-services.io\/pt\/about\/compliance-and-audit\/","title":{"rendered":"conformidade e auditoria"},"content":{"rendered":"<div class=\"wp-block-uagb-container uagb-block-yhjvtctu alignfull uagb-is-root-container\"><div class=\"uagb-container-inner-blocks-wrap\">\n<div class=\"wp-block-uagb-container uagb-block-irdcwvs4\">\n<div class=\"wp-block-uagb-info-box uagb-block-vt6ociqf uagb-infobox__content-wrap  uagb-infobox-icon-above-title uagb-infobox-image-valign-top\"><div class=\"uagb-ifb-content\"><div class=\"uagb-ifb-title-wrap\"><h1 class=\"uagb-ifb-title\">Interce\u00e7\u00e3o legal certificada, auditada e em conformidade com as normas<\/h1><\/div><p class=\"uagb-ifb-desc\">As solu\u00e7\u00f5es ICS s\u00e3o constru\u00eddas com base nas especifica\u00e7\u00f5es ETSI e 3GPP e foram auditadas com sucesso pelas autoridades reguladoras. Ajudamo-lo a implementar sistemas de interce\u00e7\u00e3o legal que passam nas inspec\u00e7\u00f5es regulamentares e fornecem dados com qualidade de prova.<\/p><\/div><\/div>\n\n\n\n<div class=\"wp-block-uagb-buttons uagb-buttons__outer-wrap uagb-btn__default-btn uagb-btn-tablet__default-btn uagb-btn-mobile__default-btn uagb-block-zjjrrejj\"><div class=\"uagb-buttons__wrap uagb-buttons-layout-wrap\">\n<div class=\"wp-block-uagb-buttons-child uagb-buttons__outer-wrap uagb-block-wr8nyvol wp-block-button\"><div class=\"uagb-button__wrapper\"><a class=\"uagb-buttons-repeater wp-block-button__link\" aria-label=\"\" href=\"\/pt\/contacto\/\" rel=\"follow noopener\" target=\"_self\" role=\"button\"><div class=\"uagb-button__link\">Entrar em contacto<\/div><\/a><\/div><\/div>\n<\/div><\/div>\n<\/div>\n\n\n\n<div class=\"wp-block-uagb-container uagb-block-opzedjnt\">\n<div class=\"wp-block-uagb-image alignleft uagb-block-qqdczneq wp-block-uagb-image--layout-default wp-block-uagb-image--effect-static wp-block-uagb-image--align-left\"><figure class=\"wp-block-uagb-image__figure\"><img decoding=\"async\" srcset=\"https:\/\/ic-services.io\/wp-content\/uploads\/2026\/02\/g7587007e3209a747aa1ca4b1f1f0b16d717a88440ba863313de1ec6d54d927d7086105baf8b7692ba6709c8deed5d946_1280-265130-1024x682.jpg ,https:\/\/ic-services.io\/wp-content\/uploads\/2026\/02\/g7587007e3209a747aa1ca4b1f1f0b16d717a88440ba863313de1ec6d54d927d7086105baf8b7692ba6709c8deed5d946_1280-265130.jpg 780w, https:\/\/ic-services.io\/wp-content\/uploads\/2026\/02\/g7587007e3209a747aa1ca4b1f1f0b16d717a88440ba863313de1ec6d54d927d7086105baf8b7692ba6709c8deed5d946_1280-265130.jpg 360w\" sizes=\"auto, (max-width: 480px) 150px\" src=\"https:\/\/ic-services.io\/wp-content\/uploads\/2026\/02\/g7587007e3209a747aa1ca4b1f1f0b16d717a88440ba863313de1ec6d54d927d7086105baf8b7692ba6709c8deed5d946_1280-265130-1024x682.jpg\" alt=\"seguran\u00e7a, prote\u00e7\u00e3o, antiv\u00edrus, software, cms, wordpress, sistema de gest\u00e3o de conte\u00fados, reda\u00e7\u00e3o, conte\u00fados, backup, hack, web, internet, blogue, upload, correio, media, coment\u00e1rios, ecr\u00e3, conte\u00fado, criar, escrever, publicar, publica\u00e7\u00e3o, seguran\u00e7a, seguran\u00e7a, seguran\u00e7a, seguran\u00e7a, seguran\u00e7a, seguran\u00e7a\" class=\"uag-image-1603\" width=\"270\" height=\"360\" title=\"g7587007e3209a747aa1ca4b1f1f0b16d717a88440ba863313de1ec6d54d927d7086105baf8b7692ba6709c8deed5d946 1280 265130\" loading=\"lazy\" role=\"img\"\/><\/figure><\/div>\n\n\n\n<div class=\"wp-block-uagb-image alignleft uagb-block-xjhw34iy wp-block-uagb-image--layout-default wp-block-uagb-image--effect-static wp-block-uagb-image--align-left\"><figure class=\"wp-block-uagb-image__figure\"><img decoding=\"async\" srcset=\"https:\/\/ic-services.io\/wp-content\/uploads\/2026\/02\/pexels-photo-6930548-6930548-1-1024x794.jpg ,https:\/\/ic-services.io\/wp-content\/uploads\/2026\/02\/pexels-photo-6930548-6930548-1-scaled.jpg 780w, https:\/\/ic-services.io\/wp-content\/uploads\/2026\/02\/pexels-photo-6930548-6930548-1-scaled.jpg 360w\" sizes=\"auto, (max-width: 480px) 150px\" src=\"https:\/\/ic-services.io\/wp-content\/uploads\/2026\/02\/pexels-photo-6930548-6930548-1-1024x794.jpg\" alt=\"Tr\u00eas colegas trabalham em equipa em torno de um computador port\u00e1til num ambiente de escrit\u00f3rio moderno.\" class=\"uag-image-1740\" width=\"270\" height=\"360\" title=\"foto pexels 6930548 6930548 1\" loading=\"lazy\" role=\"img\"\/><\/figure><\/div>\n<\/div>\n<\/div><\/div>\n\n\n\n<div class=\"wp-block-uagb-container uagb-block-l1emufvy alignfull uagb-is-root-container\"><div class=\"uagb-container-inner-blocks-wrap\">\n<div class=\"wp-block-uagb-container uagb-block-qitgqsts\">\n<div class=\"wp-block-uagb-info-box uagb-block-vplhpkls uagb-infobox__content-wrap  uagb-infobox-icon-above-title uagb-infobox-image-valign-top\"><div class=\"uagb-ifb-content\"><div class=\"uagb-ifb-title-wrap\"><h2 class=\"uagb-ifb-title\">O nosso compromisso com as normas e a conformidade regulamentar<\/h2><\/div><\/div><\/div>\n\n\n\n<div class=\"wp-block-uagb-info-box uagb-block-b4coqf6u uagb-infobox__content-wrap  uagb-infobox-icon-above-title uagb-infobox-image-valign-top\"><div class=\"uagb-ifb-content\"><div class=\"uagb-ifb-title-wrap\"><\/div><p class=\"uagb-ifb-desc\">Todas as solu\u00e7\u00f5es ICS s\u00e3o concebidas para cumprir requisitos t\u00e9cnicos e regulamentares rigorosos, garantindo que a sua infraestrutura de interce\u00e7\u00e3o legal est\u00e1 pronta para auditoria desde o primeiro dia.<\/p><\/div><\/div>\n<\/div>\n\n\n\n<div class=\"wp-block-uagb-container uagb-block-gb16mfys\">\n<div class=\"wp-block-uagb-container uagb-block-ehdtdckl\">\n<div class=\"wp-block-uagb-info-box uagb-block-xtdbpq4n uagb-infobox__content-wrap  uagb-infobox-icon-above-title uagb-infobox-image-valign-top\"><div class=\"uagb-ifb-content\"><div class=\"uagb-ifb-icon-wrap\"><div class=\"uagb-iconbox-icon-wrap uagb-infobox-shape-circle\"><svg xmlns=\"https:\/\/www.w3.org\/2000\/svg\" viewbox=\"0 0 448 512\"><path d=\"M438.6 105.4C451.1 117.9 451.1 138.1 438.6 150.6L182.6 406.6C170.1 419.1 149.9 419.1 137.4 406.6L9.372 278.6C-3.124 266.1-3.124 245.9 9.372 233.4C21.87 220.9 42.13 220.9 54.63 233.4L159.1 338.7L393.4 105.4C405.9 92.88 426.1 92.88 438.6 105.4H438.6z\"><\/path><\/svg><\/div><\/div><div class=\"uagb-ifb-title-wrap\"><h3 class=\"uagb-ifb-title\">Conformidade com as normas ETSI e 3GPP<\/h3><\/div><p class=\"uagb-ifb-desc\">As nossas plataformas de software e aparelhos implementam as actuais especifica\u00e7\u00f5es ETSI, incluindo a TS 102 232 (transfer\u00eancia de LI baseada em IP), a TS 103 707 (servi\u00e7os OTT), a TS 102 657 (dados retidos) e a 3GPP TS 33.106\/33.107\/33.108 (arquitetura de LI m\u00f3vel). Acompanhamos a evolu\u00e7\u00e3o das normas e fornecemos actualiza\u00e7\u00f5es regulares para manter o alinhamento com as vers\u00f5es mais recentes e as defini\u00e7\u00f5es de par\u00e2metros nacionais.<\/p><\/div><\/div>\n<\/div>\n\n\n\n<div class=\"wp-block-uagb-container uagb-block-tyrjxonj\">\n<div class=\"wp-block-uagb-info-box uagb-block-ohkhryqh uagb-infobox__content-wrap  uagb-infobox-icon-above-title uagb-infobox-image-valign-top\"><div class=\"uagb-ifb-content\"><div class=\"uagb-ifb-icon-wrap\"><div class=\"uagb-iconbox-icon-wrap uagb-infobox-shape-circle\"><svg xmlns=\"https:\/\/www.w3.org\/2000\/svg\" viewbox=\"0 0 448 512\"><path d=\"M438.6 105.4C451.1 117.9 451.1 138.1 438.6 150.6L182.6 406.6C170.1 419.1 149.9 419.1 137.4 406.6L9.372 278.6C-3.124 266.1-3.124 245.9 9.372 233.4C21.87 220.9 42.13 220.9 54.63 233.4L159.1 338.7L393.4 105.4C405.9 92.88 426.1 92.88 438.6 105.4H438.6z\"><\/path><\/svg><\/div><\/div><div class=\"uagb-ifb-title-wrap\"><h3 class=\"uagb-ifb-title\">Auditorias de autoridades reguladoras<\/h3><\/div><p class=\"uagb-ifb-desc\">As solu\u00e7\u00f5es ICS foram implementadas e auditadas com sucesso pelas autoridades reguladoras das telecomunica\u00e7\u00f5es, incluindo a Bundesnetzagentur (Alemanha). Estas auditorias verificam a conformidade t\u00e9cnica, a corre\u00e7\u00e3o da interface, a exatid\u00e3o do formato dos dados e os procedimentos operacionais, fornecendo uma valida\u00e7\u00e3o independente das nossas implementa\u00e7\u00f5es.<\/p><\/div><\/div>\n<\/div>\n\n\n\n<div class=\"wp-block-uagb-container uagb-block-arb2xqyc\">\n<div class=\"wp-block-uagb-info-box uagb-block-henvxmsu uagb-infobox__content-wrap  uagb-infobox-icon-above-title uagb-infobox-image-valign-top\"><div class=\"uagb-ifb-content\"><div class=\"uagb-ifb-icon-wrap\"><div class=\"uagb-iconbox-icon-wrap uagb-infobox-shape-circle\"><svg xmlns=\"https:\/\/www.w3.org\/2000\/svg\" viewbox=\"0 0 448 512\"><path d=\"M438.6 105.4C451.1 117.9 451.1 138.1 438.6 150.6L182.6 406.6C170.1 419.1 149.9 419.1 137.4 406.6L9.372 278.6C-3.124 266.1-3.124 245.9 9.372 233.4C21.87 220.9 42.13 220.9 54.63 233.4L159.1 338.7L393.4 105.4C405.9 92.88 426.1 92.88 438.6 105.4H438.6z\"><\/path><\/svg><\/div><\/div><div class=\"uagb-ifb-title-wrap\"><h3 class=\"uagb-ifb-title\">Suporte de certifica\u00e7\u00e3o e documenta\u00e7\u00e3o<\/h3><\/div><p class=\"uagb-ifb-desc\">Fornecemos documenta\u00e7\u00e3o completa para submiss\u00f5es regulamentares, incluindo especifica\u00e7\u00f5es t\u00e9cnicas, descri\u00e7\u00f5es de interfaces, relat\u00f3rios de testes e procedimentos operacionais. A nossa equipa apoia-o ao longo de todo o processo de certifica\u00e7\u00e3o, desde a candidatura inicial at\u00e9 \u00e0s demonstra\u00e7\u00f5es t\u00e9cnicas, testes de autoridade e aprova\u00e7\u00e3o final, garantindo que o seu sistema de LI cumpre todos os requisitos nacionais.<\/p><\/div><\/div>\n<\/div>\n<\/div>\n<\/div><\/div>\n\n\n\n<div class=\"wp-block-uagb-container uagb-block-ot3oihrw alignfull uagb-is-root-container\"><div class=\"uagb-container-inner-blocks-wrap\">\n<div class=\"wp-block-uagb-info-box uagb-block-urrnbmok uagb-infobox__content-wrap  uagb-infobox-icon-above-title uagb-infobox-image-valign-top\"><div class=\"uagb-ifb-content\"><div class=\"uagb-ifb-title-wrap\"><h2 class=\"uagb-ifb-title\">O que \u00e9 auditado<\/h2><\/div><p class=\"uagb-ifb-desc\">As auditorias regulamentares avaliam v\u00e1rios aspectos da capacidade de interce\u00e7\u00e3o legal:<\/p><\/div><\/div>\n\n\n\n<div class=\"wp-block-uagb-container uagb-layout-grid uagb-block-kgrv9qdl\">\n<div class=\"wp-block-uagb-container uagb-block-vnov42ro\">\n<div class=\"wp-block-uagb-info-box uagb-block-nnp6qpwi uagb-infobox__content-wrap  uagb-infobox-icon-above-title uagb-infobox-image-valign-top\"><div class=\"uagb-ifb-content\"><div class=\"uagb-ifb-title-wrap\"><h3 class=\"uagb-ifb-title\"><strong>Interfaces t\u00e9cnicas<\/strong><\/h3><\/div><p class=\"uagb-ifb-desc\">Verifica\u00e7\u00e3o de que as interfaces de rede X1\/X2\/X3 e as interfaces de transfer\u00eancia HI1\/HI2\/HI3 est\u00e3o em conformidade com as especifica\u00e7\u00f5es ETSI e 3GPP aplic\u00e1veis, incluindo a estrutura das mensagens, a codifica\u00e7\u00e3o (ASN.1 BER\/DER), o comportamento do protocolo e o tratamento de erros.<\/p><\/div><\/div>\n<\/div>\n\n\n\n<div class=\"wp-block-uagb-container uagb-block-rui8vjmv\">\n<div class=\"wp-block-uagb-info-box uagb-block-6dzqdrva uagb-infobox__content-wrap  uagb-infobox-icon-above-title uagb-infobox-image-valign-top\"><div class=\"uagb-ifb-content\"><div class=\"uagb-ifb-title-wrap\"><h3 class=\"uagb-ifb-title\"><strong>Exatid\u00e3o dos dados<\/strong><\/h3><\/div><p class=\"uagb-ifb-desc\">Valida\u00e7\u00e3o de que as informa\u00e7\u00f5es relacionadas com a interce\u00e7\u00e3o e o conte\u00fado da comunica\u00e7\u00e3o cont\u00eam dados completos, exactos e corretamente formatados que podem ser utilizados como prova em processos judiciais, incluindo todos os campos obrigat\u00f3rios de acordo com as especifica\u00e7\u00f5es ETSI.<\/p><\/div><\/div>\n<\/div>\n\n\n\n<div class=\"wp-block-uagb-container uagb-block-uhbakdci\">\n<div class=\"wp-block-uagb-info-box uagb-block-z0hod6dx uagb-infobox__content-wrap  uagb-infobox-icon-above-title uagb-infobox-image-valign-top\"><div class=\"uagb-ifb-content\"><div class=\"uagb-ifb-title-wrap\"><h3 class=\"uagb-ifb-title\"><strong>Seguran\u00e7a e controlo de acesso<\/strong><\/h3><\/div><p class=\"uagb-ifb-desc\">Revis\u00e3o dos mecanismos de autentica\u00e7\u00e3o, protocolos de encripta\u00e7\u00e3o (TLS 1.2\/1.3), gest\u00e3o de certificados, controlos de acesso baseados em fun\u00e7\u00f5es e registo de auditorias para garantir que apenas o pessoal autorizado pode aceder \u00e0s fun\u00e7\u00f5es de interce\u00e7\u00e3o e que os dados sens\u00edveis est\u00e3o protegidos.<\/p><\/div><\/div>\n<\/div>\n\n\n\n<div class=\"wp-block-uagb-container uagb-block-rsankakm\">\n<div class=\"wp-block-uagb-info-box uagb-block-3tub9kk2 uagb-infobox__content-wrap  uagb-infobox-icon-above-title uagb-infobox-image-valign-top\"><div class=\"uagb-ifb-content\"><div class=\"uagb-ifb-title-wrap\"><h3 class=\"uagb-ifb-title\"><strong>Procedimentos operacionais<\/strong><\/h3><\/div><p class=\"uagb-ifb-desc\">Exame dos fluxos de trabalho de tratamento de mandados, processos de aprovisionamento de objectivos, mecanismos de confirma\u00e7\u00e3o de entrega e pr\u00e1ticas de documenta\u00e7\u00e3o para verificar a conformidade operacional com os requisitos legais e regulamentares.<\/p><\/div><\/div>\n<\/div>\n\n\n\n<div class=\"wp-block-uagb-container uagb-block-6zogf6re\">\n<div class=\"wp-block-uagb-info-box uagb-block-i7pqsajo uagb-infobox__content-wrap  uagb-infobox-icon-above-title uagb-infobox-image-valign-top\"><div class=\"uagb-ifb-content\"><div class=\"uagb-ifb-title-wrap\"><h3 class=\"uagb-ifb-title\"><strong>Preserva\u00e7\u00e3o de provas<\/strong><\/h3><\/div><p class=\"uagb-ifb-desc\">Avalia\u00e7\u00e3o das pol\u00edticas de reten\u00e7\u00e3o de dados, da seguran\u00e7a do armazenamento, da prote\u00e7\u00e3o da integridade e da exaustividade da pista de auditoria para garantir que os dados interceptados e os registos associados possam apoiar futuras investiga\u00e7\u00f5es e processos judiciais.<\/p><\/div><\/div>\n<\/div>\n<\/div>\n<\/div><\/div>\n\n\n\n<p><\/p>\n\n\n\n<div class=\"wp-block-uagb-container uagb-block-ybrfjbpr alignfull uagb-is-root-container\"><div class=\"uagb-container-inner-blocks-wrap\">\n<div class=\"wp-block-uagb-container uagb-block-3mvkjc8x\">\n<div class=\"wp-block-uagb-info-box uagb-block-vlqpidhs uagb-infobox__content-wrap  uagb-infobox-icon-above-title uagb-infobox-image-valign-top\"><div class=\"uagb-ifb-content\"><div class=\"uagb-ifb-title-wrap\"><h3 class=\"uagb-ifb-title\">Porque \u00e9 que a conformidade com as normas \u00e9 importante<\/h3><\/div><\/div><\/div>\n<\/div>\n\n\n\n<div class=\"wp-block-uagb-container uagb-layout-grid uagb-block-lnoabbmv\">\n<div class=\"wp-block-uagb-container uagb-block-7djszb4r\">\n<div class=\"wp-block-uagb-info-box uagb-block-juc0pxga uagb-infobox__content-wrap  uagb-infobox-icon-above-title uagb-infobox-image-valign-top\"><div class=\"uagb-ifb-content\"><div class=\"uagb-ifb-icon-wrap\"><div class=\"uagb-iconbox-icon-wrap uagb-infobox-shape-circle\"><svg xmlns=\"https:\/\/www.w3.org\/2000\/svg\" viewbox=\"0 0 448 512\"><path d=\"M438.6 105.4C451.1 117.9 451.1 138.1 438.6 150.6L182.6 406.6C170.1 419.1 149.9 419.1 137.4 406.6L9.372 278.6C-3.124 266.1-3.124 245.9 9.372 233.4C21.87 220.9 42.13 220.9 54.63 233.4L159.1 338.7L393.4 105.4C405.9 92.88 426.1 92.88 438.6 105.4H438.6z\"><\/path><\/svg><\/div><\/div><div class=\"uagb-ifb-title-wrap\"><h4 class=\"uagb-ifb-title\"><strong>Aceita\u00e7\u00e3o regulamentar<\/strong><\/h4><\/div><p class=\"uagb-ifb-desc\">As autoridades exigem conformidade demonstr\u00e1vel com as estruturas nacionais de LI, que normalmente fazem refer\u00eancia aos padr\u00f5es ETSI e 3GPP. As solu\u00e7\u00f5es em conformidade com as normas reduzem o tempo de aprova\u00e7\u00e3o e o risco de auditoria.<\/p><\/div><\/div>\n<\/div>\n\n\n\n<div class=\"wp-block-uagb-container uagb-block-3azxuabp\">\n<div class=\"wp-block-uagb-info-box uagb-block-t7db5wsh uagb-infobox__content-wrap  uagb-infobox-icon-above-title uagb-infobox-image-valign-top\"><div class=\"uagb-ifb-content\"><div class=\"uagb-ifb-icon-wrap\"><div class=\"uagb-iconbox-icon-wrap uagb-infobox-shape-circle\"><svg xmlns=\"https:\/\/www.w3.org\/2000\/svg\" viewbox=\"0 0 448 512\"><path d=\"M438.6 105.4C451.1 117.9 451.1 138.1 438.6 150.6L182.6 406.6C170.1 419.1 149.9 419.1 137.4 406.6L9.372 278.6C-3.124 266.1-3.124 245.9 9.372 233.4C21.87 220.9 42.13 220.9 54.63 233.4L159.1 338.7L393.4 105.4C405.9 92.88 426.1 92.88 438.6 105.4H438.6z\"><\/path><\/svg><\/div><\/div><div class=\"uagb-ifb-title-wrap\"><h4 class=\"uagb-ifb-title\"><strong>Admissibilidade das provas<\/strong><\/h4><\/div><p class=\"uagb-ifb-desc\">Os tribunais exigem provas de que os dados interceptados foram recolhidos utilizando m\u00e9todos e formatos aprovados. A conformidade com o ETSI\/3GPP apoia a cadeia de cust\u00f3dia e a integridade das provas necess\u00e1rias para os processos judiciais.<\/p><\/div><\/div>\n<\/div>\n\n\n\n<div class=\"wp-block-uagb-container uagb-block-x6pbvhxa\">\n<div class=\"wp-block-uagb-info-box uagb-block-idhmafgm uagb-infobox__content-wrap  uagb-infobox-icon-above-title uagb-infobox-image-valign-top\"><div class=\"uagb-ifb-content\"><div class=\"uagb-ifb-icon-wrap\"><div class=\"uagb-iconbox-icon-wrap uagb-infobox-shape-circle\"><svg xmlns=\"https:\/\/www.w3.org\/2000\/svg\" viewbox=\"0 0 448 512\"><path d=\"M438.6 105.4C451.1 117.9 451.1 138.1 438.6 150.6L182.6 406.6C170.1 419.1 149.9 419.1 137.4 406.6L9.372 278.6C-3.124 266.1-3.124 245.9 9.372 233.4C21.87 220.9 42.13 220.9 54.63 233.4L159.1 338.7L393.4 105.4C405.9 92.88 426.1 92.88 438.6 105.4H438.6z\"><\/path><\/svg><\/div><\/div><div class=\"uagb-ifb-title-wrap\"><h4 class=\"uagb-ifb-title\"><strong>Interoperabilidade<\/strong><\/h4><\/div><p class=\"uagb-ifb-desc\">As interfaces baseadas em normas garantem que o seu sistema LI funciona com equipamento de rede de v\u00e1rios fornecedores e pode ser fornecido a v\u00e1rias ag\u00eancias de aplica\u00e7\u00e3o da lei com diferentes instala\u00e7\u00f5es de monitoriza\u00e7\u00e3o.<\/p><\/div><\/div>\n<\/div>\n\n\n\n<div class=\"wp-block-uagb-container uagb-block-5k4ijom1\">\n<div class=\"wp-block-uagb-info-box uagb-block-zootkzaa uagb-infobox__content-wrap  uagb-infobox-icon-above-title uagb-infobox-image-valign-top\"><div class=\"uagb-ifb-content\"><div class=\"uagb-ifb-icon-wrap\"><div class=\"uagb-iconbox-icon-wrap uagb-infobox-shape-circle\"><svg xmlns=\"https:\/\/www.w3.org\/2000\/svg\" viewbox=\"0 0 448 512\"><path d=\"M438.6 105.4C451.1 117.9 451.1 138.1 438.6 150.6L182.6 406.6C170.1 419.1 149.9 419.1 137.4 406.6L9.372 278.6C-3.124 266.1-3.124 245.9 9.372 233.4C21.87 220.9 42.13 220.9 54.63 233.4L159.1 338.7L393.4 105.4C405.9 92.88 426.1 92.88 438.6 105.4H438.6z\"><\/path><\/svg><\/div><\/div><div class=\"uagb-ifb-title-wrap\"><h4 class=\"uagb-ifb-title\"><strong>Preparar para o futuro<\/strong><\/h4><\/div><p class=\"uagb-ifb-desc\">Seguir as normas estabelecidas protege o seu investimento, garantindo a compatibilidade com as tecnologias de rede em evolu\u00e7\u00e3o, novos tipos de servi\u00e7os e requisitos regulamentares actualizados.<\/p><\/div><\/div>\n<\/div>\n<\/div>\n<\/div><\/div>","protected":false},"excerpt":{"rendered":"","protected":false},"author":2,"featured_media":0,"parent":12,"menu_order":0,"comment_status":"closed","ping_status":"closed","template":"","meta":{"_uag_custom_page_level_css":"","site-sidebar-layout":"default","site-content-layout":"","ast-site-content-layout":"default","site-content-style":"default","site-sidebar-style":"default","ast-global-header-display":"","ast-banner-title-visibility":"","ast-main-header-display":"","ast-hfb-above-header-display":"","ast-hfb-below-header-display":"","ast-hfb-mobile-header-display":"","site-post-title":"disabled","ast-breadcrumbs-content":"","ast-featured-img":"","footer-sml-layout":"","ast-disable-related-posts":"","theme-transparent-header-meta":"","adv-header-id-meta":"","stick-header-meta":"","header-above-stick-meta":"","header-main-stick-meta":"","header-below-stick-meta":"","astra-migrate-meta-layouts":"default","ast-page-background-enabled":"default","ast-page-background-meta":{"desktop":{"background-color":"var(--ast-global-color-5)","background-image":"","background-repeat":"repeat","background-position":"center center","background-size":"auto","background-attachment":"scroll","background-type":"","background-media":"","overlay-type":"","overlay-color":"","overlay-opacity":"","overlay-gradient":""},"tablet":{"background-color":"","background-image":"","background-repeat":"repeat","background-position":"center center","background-size":"auto","background-attachment":"scroll","background-type":"","background-media":"","overlay-type":"","overlay-color":"","overlay-opacity":"","overlay-gradient":""},"mobile":{"background-color":"","background-image":"","background-repeat":"repeat","background-position":"center center","background-size":"auto","background-attachment":"scroll","background-type":"","background-media":"","overlay-type":"","overlay-color":"","overlay-opacity":"","overlay-gradient":""}},"ast-content-background-meta":{"desktop":{"background-color":"var(--ast-global-color-4)","background-image":"","background-repeat":"repeat","background-position":"center center","background-size":"auto","background-attachment":"scroll","background-type":"","background-media":"","overlay-type":"","overlay-color":"","overlay-opacity":"","overlay-gradient":""},"tablet":{"background-color":"var(--ast-global-color-4)","background-image":"","background-repeat":"repeat","background-position":"center center","background-size":"auto","background-attachment":"scroll","background-type":"","background-media":"","overlay-type":"","overlay-color":"","overlay-opacity":"","overlay-gradient":""},"mobile":{"background-color":"var(--ast-global-color-4)","background-image":"","background-repeat":"repeat","background-position":"center center","background-size":"auto","background-attachment":"scroll","background-type":"","background-media":"","overlay-type":"","overlay-color":"","overlay-opacity":"","overlay-gradient":""}},"footnotes":""},"class_list":["post-1418","page","type-page","status-publish","hentry"],"uagb_featured_image_src":{"full":false,"thumbnail":false,"medium":false,"medium_large":false,"large":false,"1536x1536":false,"2048x2048":false,"trp-custom-language-flag":false},"uagb_author_info":{"display_name":"chatgpt","author_link":"https:\/\/ic-services.io\/pt\/author\/chatgpt\/"},"uagb_comment_info":0,"uagb_excerpt":null,"_links":{"self":[{"href":"https:\/\/ic-services.io\/pt\/wp-json\/wp\/v2\/pages\/1418","targetHints":{"allow":["GET"]}}],"collection":[{"href":"https:\/\/ic-services.io\/pt\/wp-json\/wp\/v2\/pages"}],"about":[{"href":"https:\/\/ic-services.io\/pt\/wp-json\/wp\/v2\/types\/page"}],"author":[{"embeddable":true,"href":"https:\/\/ic-services.io\/pt\/wp-json\/wp\/v2\/users\/2"}],"replies":[{"embeddable":true,"href":"https:\/\/ic-services.io\/pt\/wp-json\/wp\/v2\/comments?post=1418"}],"version-history":[{"count":10,"href":"https:\/\/ic-services.io\/pt\/wp-json\/wp\/v2\/pages\/1418\/revisions"}],"predecessor-version":[{"id":2092,"href":"https:\/\/ic-services.io\/pt\/wp-json\/wp\/v2\/pages\/1418\/revisions\/2092"}],"up":[{"embeddable":true,"href":"https:\/\/ic-services.io\/pt\/wp-json\/wp\/v2\/pages\/12"}],"wp:attachment":[{"href":"https:\/\/ic-services.io\/pt\/wp-json\/wp\/v2\/media?parent=1418"}],"curies":[{"name":"wp","href":"https:\/\/api.w.org\/{rel}","templated":true}]}}