{"id":1424,"date":"2026-01-27T17:35:05","date_gmt":"2026-01-27T16:35:05","guid":{"rendered":"https:\/\/dev.ic-services.io\/?page_id=1424"},"modified":"2026-02-25T15:46:28","modified_gmt":"2026-02-25T14:46:28","slug":"servicos-de-faturacao","status":"publish","type":"page","link":"https:\/\/ic-services.io\/pt\/services\/billing-services\/","title":{"rendered":"Servi\u00e7os de fatura\u00e7\u00e3o"},"content":{"rendered":"<div class=\"wp-block-uagb-container uagb-block-utckf1mt alignfull uagb-is-root-container\">\n<div class=\"wp-block-uagb-container uagb-block-2tlqmnlt\">\n<div class=\"wp-block-uagb-info-box uagb-block-6vajfjn2 uagb-infobox__content-wrap  uagb-infobox-icon-above-title uagb-infobox-image-valign-top\"><div class=\"uagb-ifb-content\"><div class=\"uagb-ifb-title-wrap\"><h1 class=\"uagb-ifb-title\">Voc\u00ea fez o trabalho. Outra pessoa pode tratar da fatura\u00e7\u00e3o.<\/h1><\/div><\/div><\/div>\n\n\n\n<div class=\"wp-block-uagb-container uagb-block-twm9n5us\">\n<div class=\"wp-block-uagb-info-box uagb-block-rzcdyeoy uagb-infobox__content-wrap  uagb-infobox-icon-above-title uagb-infobox-image-valign-top\"><div class=\"uagb-ifb-content\"><div class=\"uagb-ifb-title-wrap\"><\/div><p class=\"uagb-ifb-desc\">A interce\u00e7\u00e3o legal exige infra-estruturas, opera\u00e7\u00f5es, pessoal de conformidade e manuten\u00e7\u00e3o cont\u00ednua. Em muitas jurisdi\u00e7\u00f5es, os regulamentos permitem que os CSPs solicitem o reembolso desses custos \u00e0s ag\u00eancias de aplica\u00e7\u00e3o da lei. No entanto, a cobran\u00e7a desse dinheiro envolve o acompanhamento de cada interce\u00e7\u00e3o, o c\u00e1lculo dos custos por ag\u00eancia, a gera\u00e7\u00e3o de facturas em conformidade e o acompanhamento dos pagamentos - uma sobrecarga administrativa que a maioria dos CSP prefere evitar.<\/p><\/div><\/div>\n\n\n\n<div class=\"wp-block-uagb-buttons uagb-buttons__outer-wrap uagb-btn__default-btn uagb-btn-tablet__default-btn uagb-btn-mobile__default-btn uagb-block-9hqfj0il\"><div class=\"uagb-buttons__wrap uagb-buttons-layout-wrap\">\n<div class=\"wp-block-uagb-buttons-child uagb-buttons__outer-wrap uagb-block-hfazbobn wp-block-button\"><div class=\"uagb-button__wrapper\"><a class=\"uagb-buttons-repeater wp-block-button__link\" aria-label=\"\" href=\"\/pt\/contacto\/\" rel=\"follow noopener\" target=\"_self\" role=\"button\"><div class=\"uagb-button__link\">contactar-nos<\/div><\/a><\/div><\/div>\n<\/div><\/div>\n<\/div>\n<\/div>\n\n\n\n<div class=\"wp-block-uagb-container uagb-block-pjwve2ur alignfull uagb-is-root-container\"><\/div>\n<\/div>\n\n\n\n<div class=\"wp-block-uagb-container uagb-block-ajukdziw alignfull uagb-is-root-container\"><div class=\"uagb-container-inner-blocks-wrap\">\n<div class=\"wp-block-uagb-info-box uagb-block-7ka4skze uagb-infobox__content-wrap  uagb-infobox-icon-above-title uagb-infobox-image-valign-top\"><div class=\"uagb-ifb-content\"><div class=\"uagb-ifb-title-wrap\"><p class=\"uagb-ifb-title-prefix\">O DESAFIO DO REEMBOLSO<\/p><h2 class=\"uagb-ifb-title\">Fatura\u00e7\u00e3o e reembolso de servi\u00e7os de interce\u00e7\u00e3o legal<\/h2><\/div><\/div><\/div>\n\n\n\n<div class=\"wp-block-uagb-container uagb-block-ds1gqsqa\">\n<div class=\"wp-block-uagb-info-box uagb-block-o8odgwob uagb-infobox__content-wrap  uagb-infobox-icon-above-title uagb-infobox-image-valign-top\"><div class=\"uagb-ifb-content\"><div class=\"uagb-ifb-title-wrap\"><h3 class=\"uagb-ifb-title-prefix\">Reembolso<\/h3><p class=\"uagb-ifb-title\">Nalguns pa\u00edses, os CSP t\u00eam direito a compensa\u00e7\u00e3o pelos custos da interce\u00e7\u00e3o legal, incluindo a configura\u00e7\u00e3o t\u00e9cnica, as despesas operacionais por interce\u00e7\u00e3o, o processamento de consultas de dados retidos, a infraestrutura de armazenamento e o tempo do pessoal. No entanto, as regras de reembolso variam significativamente consoante as jurisdi\u00e7\u00f5es. Alguns pa\u00edses prev\u00eaem a recupera\u00e7\u00e3o total dos custos, outros oferecem um reembolso parcial com limites m\u00e1ximos ou tabelas de taxas normalizadas, e alguns pa\u00edses n\u00e3o prev\u00eaem qualquer quadro de reembolso.<br><br>Mesmo quando o reembolso est\u00e1 dispon\u00edvel, a sua cobran\u00e7a efectiva exige um acompanhamento meticuloso de cada evento fatur\u00e1vel, a compreens\u00e3o dos procedimentos e das condi\u00e7\u00f5es de pagamento de cada ag\u00eancia, a gera\u00e7\u00e3o de facturas que cumpram os requisitos locais e a gest\u00e3o de todo o ciclo de cobran\u00e7a de pagamentos. Para os CSPs que se concentram em gerir as suas redes e servir os clientes, este encargo administrativo \u00e9 uma distra\u00e7\u00e3o que preferem subcontratar a um fornecedor de servi\u00e7os especializado.<\/p><\/div><\/div><\/div>\n\n\n\n<div class=\"wp-block-uagb-container uagb-block-4drpflzb\">\n<div class=\"wp-block-uagb-info-box uagb-block-mbjhwekr uagb-infobox__content-wrap  uagb-infobox-icon-above-title uagb-infobox-image-valign-top wp-block-uagb-info-box--has-margin\"><div class=\"uagb-infobox-margin-wrapper\"><div class=\"uagb-ifb-content\"><div class=\"uagb-ifb-title-wrap\"><h4 class=\"uagb-ifb-title\">Solu\u00e7\u00f5es orientadas para a inova\u00e7\u00e3o<\/h4><\/div><p class=\"uagb-ifb-desc\">O nosso servi\u00e7o de fatura\u00e7\u00e3o rastreia automaticamente todas as actividades de interce\u00e7\u00e3o legal a partir de registos operacionais, calcula os custos de acordo com os quadros nacionais aplic\u00e1veis e gera facturas em conformidade em seu nome. Adaptamo-nos \u00e0s regras das diferentes jurisdi\u00e7\u00f5es, quer se trate de taxas por interce\u00e7\u00e3o, taxas baseadas no volume ou modelos h\u00edbridos.<\/p><\/div><\/div><\/div>\n\n\n\n<div class=\"wp-block-uagb-info-box uagb-block-njeuagw6 uagb-infobox__content-wrap  uagb-infobox-icon-above-title uagb-infobox-image-valign-top wp-block-uagb-info-box--has-margin\"><div class=\"uagb-infobox-margin-wrapper\"><div class=\"uagb-ifb-content\"><div class=\"uagb-ifb-title-wrap\"><h4 class=\"uagb-ifb-title\">Abordagem personalizada<\/h4><\/div><p class=\"uagb-ifb-desc\">Trabalhamos consigo para compreender os quadros de reembolso nos pa\u00edses em que opera, as ag\u00eancias espec\u00edficas com que trabalha e quaisquer acordos negociados em vigor. O nosso servi\u00e7o est\u00e1 configurado para o seu ambiente regulamentar e acordos comerciais, assegurando que as facturas reflectem as estruturas de custos corretas e cumprem os requisitos locais.<\/p><\/div><\/div><\/div>\n\n\n\n<div class=\"wp-block-uagb-info-box uagb-block-jksueluq uagb-infobox__content-wrap  uagb-infobox-icon-above-title uagb-infobox-image-valign-top wp-block-uagb-info-box--has-margin\"><div class=\"uagb-infobox-margin-wrapper\"><div class=\"uagb-ifb-content\"><div class=\"uagb-ifb-title-wrap\"><h4 class=\"uagb-ifb-title\">Servi\u00e7o superior ao cliente<\/h4><\/div><p class=\"uagb-ifb-desc\">Para al\u00e9m de gerar facturas, gerimos todo o ciclo de vida da fatura\u00e7\u00e3o, incluindo o acompanhamento dos pagamentos, a resolu\u00e7\u00e3o de lit\u00edgios e a gest\u00e3o da rela\u00e7\u00e3o com a ag\u00eancia. Recebe relat\u00f3rios regulares sobre a atividade de fatura\u00e7\u00e3o e a cobran\u00e7a de receitas, enquanto n\u00f3s tratamos do trabalho administrativo di\u00e1rio.<\/p><\/div><\/div><\/div>\n<\/div>\n<\/div>\n<\/div><\/div>\n\n\n\n<div class=\"wp-block-uagb-container uagb-block-y7j9dg3x alignfull uagb-is-root-container\"><div class=\"uagb-container-inner-blocks-wrap\">\n<div class=\"wp-block-uagb-info-box uagb-block-gju3fhj2 uagb-infobox__content-wrap  uagb-infobox-icon-above-title uagb-infobox-image-valign-top\"><div class=\"uagb-ifb-content\"><div class=\"uagb-ifb-title-wrap\"><p class=\"uagb-ifb-title-prefix\">O QUE TRATAMOS<\/p><h2 class=\"uagb-ifb-title\">Administra\u00e7\u00e3o completa da fatura\u00e7\u00e3o para opera\u00e7\u00f5es de LI<\/h2><\/div><\/div><\/div>\n\n\n\n<div class=\"wp-block-uagb-container uagb-layout-grid uagb-block-k3wcavkf\">\n<div class=\"wp-block-uagb-info-box uagb-block-lnk8eaht uagb-infobox__content-wrap  uagb-infobox-icon-above-title uagb-infobox-image-valign-top\"><div class=\"uagb-ifb-content\"><div class=\"uagb-ifb-title-wrap\"><p class=\"uagb-ifb-title-prefix\">01<\/p><h3 class=\"uagb-ifb-title\">Seguimento autom\u00e1tico da atividade<\/h3><\/div><p class=\"uagb-ifb-desc\">Todos os eventos de fatura\u00e7\u00e3o s\u00e3o capturados automaticamente a partir das suas opera\u00e7\u00f5es de LI: activa\u00e7\u00f5es e dura\u00e7\u00f5es de interce\u00e7\u00e3o, consultas de dados retidos, confirma\u00e7\u00f5es de entrega e modifica\u00e7\u00f5es de intercep\u00e7\u00f5es em curso. Sem registo manual, sem folhas de c\u00e1lculo - os dados de fatura\u00e7\u00e3o emergem diretamente dos sistemas operacionais.<\/p><\/div><\/div>\n\n\n\n<div class=\"wp-block-uagb-info-box uagb-block-8p3kcjcf uagb-infobox__content-wrap  uagb-infobox-icon-above-title uagb-infobox-image-valign-top\"><div class=\"uagb-ifb-content\"><div class=\"uagb-ifb-title-wrap\"><p class=\"uagb-ifb-title-prefix\">02<\/p><h3 class=\"uagb-ifb-title\">C\u00e1lculo de custos e fatura\u00e7\u00e3o<\/h3><\/div><p class=\"uagb-ifb-desc\">Calculamos os custos de acordo com os quadros de reembolso aplic\u00e1veis e geramos facturas conformes para cada ag\u00eancia. O nosso sistema adapta-se a diferentes modelos, incluindo taxas por interce\u00e7\u00e3o, taxas operacionais di\u00e1rias, pre\u00e7os baseados em consultas ou c\u00e1lculos baseados em volumes, e lida com opera\u00e7\u00f5es multi-jurisdi\u00e7\u00f5es.<\/p><\/div><\/div>\n\n\n\n<div class=\"wp-block-uagb-info-box uagb-block-ubjhaqrb uagb-infobox__content-wrap  uagb-infobox-icon-above-title uagb-infobox-image-valign-top\"><div class=\"uagb-ifb-content\"><div class=\"uagb-ifb-title-wrap\"><p class=\"uagb-ifb-title-prefix\">03<\/p><h3 class=\"uagb-ifb-title\">Gest\u00e3o de rela\u00e7\u00f5es com ag\u00eancias<\/h3><\/div><p class=\"uagb-ifb-desc\">Cada ag\u00eancia de aplica\u00e7\u00e3o da lei tem diferentes endere\u00e7os de fatura\u00e7\u00e3o, condi\u00e7\u00f5es de pagamento, fluxos de trabalho de aprova\u00e7\u00e3o e processos de lit\u00edgio. Mantemos perfis completos para cada ag\u00eancia, incluindo informa\u00e7\u00f5es de contacto, condi\u00e7\u00f5es contratuais, hist\u00f3rico de facturas, estado de pagamento e saldos pendentes.<\/p><\/div><\/div>\n\n\n\n<div class=\"wp-block-uagb-info-box uagb-block-n2fwsumm uagb-infobox__content-wrap  uagb-infobox-icon-above-title uagb-infobox-image-valign-top\"><div class=\"uagb-ifb-content\"><div class=\"uagb-ifb-title-wrap\"><p class=\"uagb-ifb-title-prefix\">04<\/p><h3 class=\"uagb-ifb-title\">Cobran\u00e7a e acompanhamento de pagamentos<\/h3><\/div><p class=\"uagb-ifb-desc\">Tratamos do acompanhamento dos pagamentos, do seguimento das facturas em atraso e da gest\u00e3o dos calend\u00e1rios de pagamento. A nossa equipa coordena com os departamentos financeiros das ag\u00eancias para garantir o pagamento atempado e resolver quaisquer quest\u00f5es sobre encargos ou documenta\u00e7\u00e3o.<\/p><\/div><\/div>\n\n\n\n<div class=\"wp-block-uagb-info-box uagb-block-rcnmpqmx uagb-infobox__content-wrap  uagb-infobox-icon-above-title uagb-infobox-image-valign-top\"><div class=\"uagb-ifb-content\"><div class=\"uagb-ifb-title-wrap\"><p class=\"uagb-ifb-title-prefix\">05<\/p><h3 class=\"uagb-ifb-title\">Apoio \u00e0 resolu\u00e7\u00e3o de lit\u00edgios<\/h3><\/div><p class=\"uagb-ifb-desc\">Quando as ag\u00eancias questionam os encargos ou pedem esclarecimentos, gerimos o processo de resolu\u00e7\u00e3o de lit\u00edgios, incluindo a recolha de documenta\u00e7\u00e3o, a prepara\u00e7\u00e3o da justifica\u00e7\u00e3o e a negocia\u00e7\u00e3o. Mant\u00e9m-se informado, mas n\u00e3o tem de gerir diretamente as idas e vindas.<\/p><\/div><\/div>\n\n\n\n<div class=\"wp-block-uagb-info-box uagb-block-3ynpqg9c uagb-infobox__content-wrap  uagb-infobox-icon-above-title uagb-infobox-image-valign-top\"><div class=\"uagb-ifb-content\"><div class=\"uagb-ifb-title-wrap\"><p class=\"uagb-ifb-title-prefix\">06<\/p><h3 class=\"uagb-ifb-title\">Conformidade e relat\u00f3rios<\/h3><\/div><p class=\"uagb-ifb-desc\">Os registos de fatura\u00e7\u00e3o s\u00e3o sens\u00edveis e devem ser protegidos com controlos de seguran\u00e7a, restri\u00e7\u00f5es de acesso e pistas de auditoria adequados. Fornecemos-lhe relat\u00f3rios regulares sobre a atividade de fatura\u00e7\u00e3o, a cobran\u00e7a de receitas e o estado de pagamento da ag\u00eancia, mantendo a total conformidade com os requisitos de prote\u00e7\u00e3o de dados.<\/p><\/div><\/div>\n<\/div>\n<\/div><\/div>","protected":false},"excerpt":{"rendered":"","protected":false},"author":2,"featured_media":0,"parent":13,"menu_order":0,"comment_status":"closed","ping_status":"closed","template":"","meta":{"_uag_custom_page_level_css":"","site-sidebar-layout":"default","site-content-layout":"","ast-site-content-layout":"default","site-content-style":"default","site-sidebar-style":"default","ast-global-header-display":"","ast-banner-title-visibility":"","ast-main-header-display":"","ast-hfb-above-header-display":"","ast-hfb-below-header-display":"","ast-hfb-mobile-header-display":"","site-post-title":"disabled","ast-breadcrumbs-content":"","ast-featured-img":"","footer-sml-layout":"","ast-disable-related-posts":"","theme-transparent-header-meta":"","adv-header-id-meta":"","stick-header-meta":"","header-above-stick-meta":"","header-main-stick-meta":"","header-below-stick-meta":"","astra-migrate-meta-layouts":"default","ast-page-background-enabled":"default","ast-page-background-meta":{"desktop":{"background-color":"var(--ast-global-color-5)","background-image":"","background-repeat":"repeat","background-position":"center center","background-size":"auto","background-attachment":"scroll","background-type":"","background-media":"","overlay-type":"","overlay-color":"","overlay-opacity":"","overlay-gradient":""},"tablet":{"background-color":"","background-image":"","background-repeat":"repeat","background-position":"center center","background-size":"auto","background-attachment":"scroll","background-type":"","background-media":"","overlay-type":"","overlay-color":"","overlay-opacity":"","overlay-gradient":""},"mobile":{"background-color":"","background-image":"","background-repeat":"repeat","background-position":"center center","background-size":"auto","background-attachment":"scroll","background-type":"","background-media":"","overlay-type":"","overlay-color":"","overlay-opacity":"","overlay-gradient":""}},"ast-content-background-meta":{"desktop":{"background-color":"var(--ast-global-color-4)","background-image":"","background-repeat":"repeat","background-position":"center center","background-size":"auto","background-attachment":"scroll","background-type":"","background-media":"","overlay-type":"","overlay-color":"","overlay-opacity":"","overlay-gradient":""},"tablet":{"background-color":"var(--ast-global-color-4)","background-image":"","background-repeat":"repeat","background-position":"center center","background-size":"auto","background-attachment":"scroll","background-type":"","background-media":"","overlay-type":"","overlay-color":"","overlay-opacity":"","overlay-gradient":""},"mobile":{"background-color":"var(--ast-global-color-4)","background-image":"","background-repeat":"repeat","background-position":"center center","background-size":"auto","background-attachment":"scroll","background-type":"","background-media":"","overlay-type":"","overlay-color":"","overlay-opacity":"","overlay-gradient":""}},"footnotes":""},"class_list":["post-1424","page","type-page","status-publish","hentry"],"uagb_featured_image_src":{"full":false,"thumbnail":false,"medium":false,"medium_large":false,"large":false,"1536x1536":false,"2048x2048":false,"trp-custom-language-flag":false},"uagb_author_info":{"display_name":"chatgpt","author_link":"https:\/\/ic-services.io\/pt\/author\/chatgpt\/"},"uagb_comment_info":0,"uagb_excerpt":null,"_links":{"self":[{"href":"https:\/\/ic-services.io\/pt\/wp-json\/wp\/v2\/pages\/1424","targetHints":{"allow":["GET"]}}],"collection":[{"href":"https:\/\/ic-services.io\/pt\/wp-json\/wp\/v2\/pages"}],"about":[{"href":"https:\/\/ic-services.io\/pt\/wp-json\/wp\/v2\/types\/page"}],"author":[{"embeddable":true,"href":"https:\/\/ic-services.io\/pt\/wp-json\/wp\/v2\/users\/2"}],"replies":[{"embeddable":true,"href":"https:\/\/ic-services.io\/pt\/wp-json\/wp\/v2\/comments?post=1424"}],"version-history":[{"count":8,"href":"https:\/\/ic-services.io\/pt\/wp-json\/wp\/v2\/pages\/1424\/revisions"}],"predecessor-version":[{"id":1954,"href":"https:\/\/ic-services.io\/pt\/wp-json\/wp\/v2\/pages\/1424\/revisions\/1954"}],"up":[{"embeddable":true,"href":"https:\/\/ic-services.io\/pt\/wp-json\/wp\/v2\/pages\/13"}],"wp:attachment":[{"href":"https:\/\/ic-services.io\/pt\/wp-json\/wp\/v2\/media?parent=1424"}],"curies":[{"name":"wp","href":"https:\/\/api.w.org\/{rel}","templated":true}]}}