{"id":1432,"date":"2026-01-27T17:37:14","date_gmt":"2026-01-27T16:37:14","guid":{"rendered":"https:\/\/dev.ic-services.io\/?page_id=1432"},"modified":"2026-02-24T21:24:53","modified_gmt":"2026-02-24T20:24:53","slug":"sectores","status":"publish","type":"page","link":"https:\/\/ic-services.io\/pt\/industries\/","title":{"rendered":"Ind\u00fastrias"},"content":{"rendered":"<div class=\"wp-block-uagb-container uagb-block-6oeynbhv alignfull uagb-is-root-container\">\n<div class=\"wp-block-uagb-container uagb-block-stuzq5e9\">\n<div class=\"wp-block-uagb-info-box uagb-block-yr6ug2ct uagb-infobox__content-wrap  uagb-infobox-icon-above-title uagb-infobox-image-valign-top\"><div class=\"uagb-ifb-content\"><div class=\"uagb-ifb-title-wrap\"><h1 class=\"uagb-ifb-title\">Solu\u00e7\u00f5es de interce\u00e7\u00e3o legal em v\u00e1rios sectores<\/h1><\/div><p class=\"uagb-ifb-desc\">A ICS presta servi\u00e7os a fornecedores de servi\u00e7os de comunica\u00e7\u00f5es, fabricantes de autom\u00f3veis, plataformas de mobilidade e organismos reguladores com solu\u00e7\u00f5es especializadas de interce\u00e7\u00e3o legal e conformidade, adaptadas aos requisitos e quadros regulamentares exclusivos de cada sector.<\/p><\/div><\/div>\n\n\n\n<div class=\"wp-block-uagb-buttons uagb-buttons__outer-wrap uagb-btn__default-btn uagb-btn-tablet__default-btn uagb-btn-mobile__default-btn uagb-block-flxj1v5u\"><div class=\"uagb-buttons__wrap uagb-buttons-layout-wrap\">\n<div class=\"wp-block-uagb-buttons-child uagb-buttons__outer-wrap uagb-block-aa68tfxf wp-block-button\"><div class=\"uagb-button__wrapper\"><a class=\"uagb-buttons-repeater wp-block-button__link\" aria-label=\"\" href=\"\/pt\/contacto\/\" rel=\"follow noopener\" target=\"_self\" role=\"button\"><div class=\"uagb-button__link\">Entrar em contacto<\/div><\/a><\/div><\/div>\n<\/div><\/div>\n<\/div>\n\n\n\n<div class=\"wp-block-uagb-container uagb-block-dxtaiukj\"><\/div>\n<\/div>\n\n\n\n<div class=\"wp-block-uagb-container uagb-block-abcyjktc alignfull uagb-is-root-container\"><div class=\"uagb-container-inner-blocks-wrap\">\n<div class=\"wp-block-uagb-container uagb-block-gumcpror\">\n<div class=\"wp-block-uagb-info-box uagb-block-aldn1tgs uagb-infobox__content-wrap  uagb-infobox-icon-above-title uagb-infobox-image-valign-top wp-block-uagb-info-box--has-margin\"><div class=\"uagb-infobox-margin-wrapper\"><div class=\"uagb-ifb-content\"><div class=\"uagb-ifb-title-wrap\"><h2 class=\"uagb-ifb-title\">Ind\u00fastrias que servimos<\/h2><\/div><p class=\"uagb-ifb-desc\">A nossa experi\u00eancia abrange as telecomunica\u00e7\u00f5es tradicionais, as plataformas emergentes de ve\u00edculos ligados e a supervis\u00e3o regulamentar, fornecendo solu\u00e7\u00f5es que equilibram as obriga\u00e7\u00f5es de conformidade com a efici\u00eancia operacional e a prote\u00e7\u00e3o da privacidade.<\/p><\/div><\/div><\/div>\n\n\n\n<div class=\"wp-block-uagb-image alignleft uagb-block-doccc7jx wp-block-uagb-image--layout-default wp-block-uagb-image--effect-static wp-block-uagb-image--align-left\"><figure class=\"wp-block-uagb-image__figure\"><img decoding=\"async\" srcset=\"https:\/\/ic-services.io\/wp-content\/uploads\/2026\/02\/pexels-photo-241316-241316-1024x683.jpg ,https:\/\/ic-services.io\/wp-content\/uploads\/2026\/02\/pexels-photo-241316-241316-scaled.jpg 780w, https:\/\/ic-services.io\/wp-content\/uploads\/2026\/02\/pexels-photo-241316-241316-scaled.jpg 360w\" sizes=\"auto, (max-width: 480px) 150px\" src=\"https:\/\/ic-services.io\/wp-content\/uploads\/2026\/02\/pexels-photo-241316-241316-1024x683.jpg\" alt=\"Elegante Mercedes Benz AMG estacionado ao ar livre, exibindo luxo e estilo.\" class=\"uag-image-1710\" width=\"564\" height=\"376\" title=\"foto pexels 241316 241316\" loading=\"lazy\" role=\"img\"\/><\/figure><\/div>\n\n\n\n<div class=\"wp-block-uagb-info-box uagb-block-irahzfww uagb-infobox__content-wrap  uagb-infobox-icon-above-title uagb-infobox-image-valign-top wp-block-uagb-info-box--has-margin\"><div class=\"uagb-infobox-margin-wrapper\"><div class=\"uagb-ifb-content\"><div class=\"uagb-ifb-title-wrap\"><h3 class=\"uagb-ifb-title\">Autom\u00f3vel<\/h3><\/div><p class=\"uagb-ifb-desc\">Os ve\u00edculos ligados e os servi\u00e7os de mobilidade requerem capacidades de interce\u00e7\u00e3o especializadas alinhadas com o ETSI TR 103 854. Ajudamos os fabricantes de autom\u00f3veis e os fornecedores de mobilidade a implementar sistemas de processamento de respostas seguros para pedidos baseados em VIN, mapeamento de identificadores e divulga\u00e7\u00e3o legal de dados de ve\u00edculos.<\/p><\/div><\/div><\/div>\n\n\n\n<div class=\"wp-block-uagb-buttons uagb-buttons__outer-wrap uagb-btn__default-btn uagb-btn-tablet__default-btn uagb-btn-mobile__default-btn uagb-block-c61193f4\"><div class=\"uagb-buttons__wrap uagb-buttons-layout-wrap\">\n<div class=\"wp-block-uagb-buttons-child uagb-buttons__outer-wrap uagb-block-e40aac00 wp-block-button\"><div class=\"uagb-button__wrapper\"><a class=\"uagb-buttons-repeater wp-block-button__link\" aria-label=\"\" href=\"\/pt\/sectores\/automovel\/\" rel=\"follow noopener\" target=\"_self\" role=\"button\"><div class=\"uagb-button__link\">Ler mais<\/div><span class=\"uagb-button__icon uagb-button__icon-position-after\"><svg xmlns=\"https:\/\/www.w3.org\/2000\/svg\" viewbox=\"0 0 256 512\" aria-hidden=\"true\" focussable=\"false\"><path d=\"M64 448c-8.188 0-16.38-3.125-22.62-9.375c-12.5-12.5-12.5-32.75 0-45.25L178.8 256L41.38 118.6c-12.5-12.5-12.5-32.75 0-45.25s32.75-12.5 45.25 0l160 160c12.5 12.5 12.5 32.75 0 45.25l-160 160C80.38 444.9 72.19 448 64 448z\"><\/path><\/svg><\/span><\/a><\/div><\/div>\n<\/div><\/div>\n<\/div>\n\n\n\n<div class=\"wp-block-uagb-container uagb-block-sqqgb8ny\">\n<div class=\"wp-block-uagb-image alignleft uagb-block-c2mbuqmk wp-block-uagb-image--layout-default wp-block-uagb-image--effect-static wp-block-uagb-image--align-left\"><figure class=\"wp-block-uagb-image__figure\"><img decoding=\"async\" srcset=\"https:\/\/ic-services.io\/wp-content\/uploads\/2026\/02\/pexels-photo-7862565-7862565-1024x683.jpg ,https:\/\/ic-services.io\/wp-content\/uploads\/2026\/02\/pexels-photo-7862565-7862565-scaled.jpg 780w, https:\/\/ic-services.io\/wp-content\/uploads\/2026\/02\/pexels-photo-7862565-7862565-scaled.jpg 360w\" sizes=\"auto, (max-width: 480px) 150px\" src=\"https:\/\/ic-services.io\/wp-content\/uploads\/2026\/02\/pexels-photo-7862565-7862565-1024x683.jpg\" alt=\"Uma imagem de \u00e2ngulo baixo de uma torre de comunica\u00e7\u00f5es alta de metal com v\u00e1rias antenas contra um c\u00e9u azul claro.\" class=\"uag-image-1709\" width=\"564\" height=\"376\" title=\"pexels foto 7862565 7862565\" loading=\"lazy\" role=\"img\"\/><\/figure><\/div>\n\n\n\n<div class=\"wp-block-uagb-info-box uagb-block-esnqnjv4 uagb-infobox__content-wrap  uagb-infobox-icon-above-title uagb-infobox-image-valign-top wp-block-uagb-info-box--has-margin\"><div class=\"uagb-infobox-margin-wrapper\"><div class=\"uagb-ifb-content\"><div class=\"uagb-ifb-title-wrap\"><h3 class=\"uagb-ifb-title\">Telecomunica\u00e7\u00f5es<\/h3><\/div><p class=\"uagb-ifb-desc\">Fornecemos solu\u00e7\u00f5es completas de interce\u00e7\u00e3o legal para servi\u00e7os de comunica\u00e7\u00f5es fixas, m\u00f3veis, VoIP e OTT. As nossas plataformas suportam ETSI TS 102 232, ETSI TS 103 707, 3GPP LI e requisitos nacionais, com op\u00e7\u00f5es para opera\u00e7\u00f5es totalmente geridas, integra\u00e7\u00e3o personalizada ou software e aparelhos aut\u00f3nomos.<\/p><\/div><\/div><\/div>\n\n\n\n<div class=\"wp-block-uagb-buttons uagb-buttons__outer-wrap uagb-btn__default-btn uagb-btn-tablet__default-btn uagb-btn-mobile__default-btn uagb-block-4c39db4f\"><div class=\"uagb-buttons__wrap uagb-buttons-layout-wrap\">\n<div class=\"wp-block-uagb-buttons-child uagb-buttons__outer-wrap uagb-block-10f13494 wp-block-button\"><div class=\"uagb-button__wrapper\"><a class=\"uagb-buttons-repeater wp-block-button__link\" aria-label=\"\" href=\"\/pt\/sectores\/telecomunicacoes\/\" rel=\"follow noopener\" target=\"_self\" role=\"button\"><div class=\"uagb-button__link\">Ler mais<\/div><span class=\"uagb-button__icon uagb-button__icon-position-after\"><svg xmlns=\"https:\/\/www.w3.org\/2000\/svg\" viewbox=\"0 0 256 512\" aria-hidden=\"true\" focussable=\"false\"><path d=\"M64 448c-8.188 0-16.38-3.125-22.62-9.375c-12.5-12.5-12.5-32.75 0-45.25L178.8 256L41.38 118.6c-12.5-12.5-12.5-32.75 0-45.25s32.75-12.5 45.25 0l160 160c12.5 12.5 12.5 32.75 0 45.25l-160 160C80.38 444.9 72.19 448 64 448z\"><\/path><\/svg><\/span><\/a><\/div><\/div>\n<\/div><\/div>\n\n\n\n<div class=\"wp-block-uagb-image alignleft uagb-block-emzajgxy wp-block-uagb-image--layout-default wp-block-uagb-image--effect-static wp-block-uagb-image--align-left\"><figure class=\"wp-block-uagb-image__figure\"><img decoding=\"async\" srcset=\"https:\/\/ic-services.io\/wp-content\/uploads\/2026\/02\/pexels-photo-7785085-7785085-1024x576.jpg ,https:\/\/ic-services.io\/wp-content\/uploads\/2026\/02\/pexels-photo-7785085-7785085-scaled.jpg 780w, https:\/\/ic-services.io\/wp-content\/uploads\/2026\/02\/pexels-photo-7785085-7785085-scaled.jpg 360w\" sizes=\"auto, (max-width: 480px) 150px\" src=\"https:\/\/ic-services.io\/wp-content\/uploads\/2026\/02\/pexels-photo-7785085-7785085-1024x576.jpg\" alt=\"Imagem reflectora de um carro da pol\u00edcia de Tustin estacionado ao ar livre com um emblema da bandeira americana.\" class=\"uag-image-1711\" width=\"564\" height=\"376\" title=\"pexels foto 7785085 7785085\" loading=\"lazy\" role=\"img\"\/><\/figure><\/div>\n\n\n\n<div class=\"wp-block-uagb-info-box uagb-block-jqjfdfmu uagb-infobox__content-wrap  uagb-infobox-icon-above-title uagb-infobox-image-valign-top wp-block-uagb-info-box--has-margin\"><div class=\"uagb-infobox-margin-wrapper\"><div class=\"uagb-ifb-content\"><div class=\"uagb-ifb-title-wrap\"><h3 class=\"uagb-ifb-title\">Regulamenta\u00e7\u00e3o e aplica\u00e7\u00e3o da lei<\/h3><\/div><p class=\"uagb-ifb-desc\">Apoiamos as entidades reguladoras e as ag\u00eancias de aplica\u00e7\u00e3o da lei no desenvolvimento de normas, avalia\u00e7\u00e3o de operadores, integra\u00e7\u00e3o de interfaces LEA, forma\u00e7\u00e3o e coordena\u00e7\u00e3o transfronteiri\u00e7a. A nossa experi\u00eancia neutra ajuda a garantir estruturas de interce\u00e7\u00e3o legal eficazes que servem todas as partes interessadas.<\/p><\/div><\/div><\/div>\n\n\n\n<div class=\"wp-block-uagb-buttons uagb-buttons__outer-wrap uagb-btn__default-btn uagb-btn-tablet__default-btn uagb-btn-mobile__default-btn uagb-block-ca614549\"><div class=\"uagb-buttons__wrap uagb-buttons-layout-wrap\">\n<div class=\"wp-block-uagb-buttons-child uagb-buttons__outer-wrap uagb-block-5418267c wp-block-button\"><div class=\"uagb-button__wrapper\"><a class=\"uagb-buttons-repeater wp-block-button__link\" aria-label=\"\" href=\"\/pt\/sectores\/autoridades-reguladoras-e-de-aplicacao-da-lei\/\" rel=\"follow noopener\" target=\"_self\" role=\"button\"><div class=\"uagb-button__link\">Ler mais<\/div><span class=\"uagb-button__icon uagb-button__icon-position-after\"><svg xmlns=\"https:\/\/www.w3.org\/2000\/svg\" viewbox=\"0 0 256 512\" aria-hidden=\"true\" focussable=\"false\"><path d=\"M64 448c-8.188 0-16.38-3.125-22.62-9.375c-12.5-12.5-12.5-32.75 0-45.25L178.8 256L41.38 118.6c-12.5-12.5-12.5-32.75 0-45.25s32.75-12.5 45.25 0l160 160c12.5 12.5 12.5 32.75 0 45.25l-160 160C80.38 444.9 72.19 448 64 448z\"><\/path><\/svg><\/span><\/a><\/div><\/div>\n<\/div><\/div>\n<\/div>\n<\/div><\/div>\n\n\n\n<div class=\"wp-block-uagb-container uagb-block-lyz9tbcy alignfull uagb-is-root-container\"><div class=\"uagb-container-inner-blocks-wrap\">\n<div class=\"wp-block-uagb-info-box uagb-block-2vp2no9s uagb-infobox__content-wrap  uagb-infobox-icon-above-title uagb-infobox-image-valign-top\"><div class=\"uagb-ifb-content\"><div class=\"uagb-ifb-title-wrap\"><h2 class=\"uagb-ifb-title\">Descubra a nossa viagem at\u00e9 agora<\/h2><\/div><p class=\"uagb-ifb-desc\">Experi\u00eancia intersectorial em interce\u00e7\u00e3o legal e conformidade<\/p><\/div><\/div>\n\n\n\n<div class=\"wp-block-uagb-container uagb-block-waeewcvc\">\n<div class=\"wp-block-uagb-info-box uagb-block-tjmtecsb uagb-infobox__content-wrap  uagb-infobox-icon-above-title uagb-infobox-image-valign-top\"><div class=\"uagb-ifb-content\"><div class=\"uagb-ifb-title-wrap\"><\/div><p class=\"uagb-ifb-desc\">A nossa equipa combina um profundo conhecimento t\u00e9cnico das normas ETSI e 3GPP com experi\u00eancia pr\u00e1tica de implementa\u00e7\u00e3o em v\u00e1rias ind\u00fastrias. Quer se trate da implementa\u00e7\u00e3o de sistemas tradicionais de telecomunica\u00e7\u00f5es LI, da implementa\u00e7\u00e3o de capacidades emergentes de divulga\u00e7\u00e3o autom\u00f3vel ou do aconselhamento de organismos reguladores no desenvolvimento de estruturas, compreendemos tanto os princ\u00edpios universais como os requisitos espec\u00edficos da ind\u00fastria.<\/p><\/div><\/div>\n\n\n\n<div class=\"wp-block-uagb-info-box uagb-block-zyr99nli uagb-infobox__content-wrap  uagb-infobox-icon-above-title uagb-infobox-image-valign-top\"><div class=\"uagb-ifb-content\"><div class=\"uagb-ifb-title-wrap\"><\/div><p class=\"uagb-ifb-desc\">Esta perspetiva inter-industrial permite-nos aplicar as melhores pr\u00e1ticas de um sector para outro, antecipar tend\u00eancias regulamentares \u00e0 medida que se espalham pelas jurisdi\u00e7\u00f5es e ajudar os clientes a prepararem-se para requisitos futuros. Trabalhamos com operadores que servem milh\u00f5es de assinantes, OEMs autom\u00f3veis que lan\u00e7am programas de ve\u00edculos ligados e ag\u00eancias reguladoras que definem quadros nacionais.<\/p><\/div><\/div>\n<\/div>\n<\/div><\/div>","protected":false},"excerpt":{"rendered":"","protected":false},"author":2,"featured_media":0,"parent":0,"menu_order":0,"comment_status":"closed","ping_status":"closed","template":"","meta":{"_uag_custom_page_level_css":"","site-sidebar-layout":"default","site-content-layout":"","ast-site-content-layout":"default","site-content-style":"default","site-sidebar-style":"default","ast-global-header-display":"","ast-banner-title-visibility":"","ast-main-header-display":"","ast-hfb-above-header-display":"","ast-hfb-below-header-display":"","ast-hfb-mobile-header-display":"","site-post-title":"disabled","ast-breadcrumbs-content":"","ast-featured-img":"","footer-sml-layout":"","ast-disable-related-posts":"","theme-transparent-header-meta":"","adv-header-id-meta":"","stick-header-meta":"","header-above-stick-meta":"","header-main-stick-meta":"","header-below-stick-meta":"","astra-migrate-meta-layouts":"default","ast-page-background-enabled":"default","ast-page-background-meta":{"desktop":{"background-color":"var(--ast-global-color-5)","background-image":"","background-repeat":"repeat","background-position":"center center","background-size":"auto","background-attachment":"scroll","background-type":"","background-media":"","overlay-type":"","overlay-color":"","overlay-opacity":"","overlay-gradient":""},"tablet":{"background-color":"","background-image":"","background-repeat":"repeat","background-position":"center center","background-size":"auto","background-attachment":"scroll","background-type":"","background-media":"","overlay-type":"","overlay-color":"","overlay-opacity":"","overlay-gradient":""},"mobile":{"background-color":"","background-image":"","background-repeat":"repeat","background-position":"center center","background-size":"auto","background-attachment":"scroll","background-type":"","background-media":"","overlay-type":"","overlay-color":"","overlay-opacity":"","overlay-gradient":""}},"ast-content-background-meta":{"desktop":{"background-color":"var(--ast-global-color-4)","background-image":"","background-repeat":"repeat","background-position":"center center","background-size":"auto","background-attachment":"scroll","background-type":"","background-media":"","overlay-type":"","overlay-color":"","overlay-opacity":"","overlay-gradient":""},"tablet":{"background-color":"var(--ast-global-color-4)","background-image":"","background-repeat":"repeat","background-position":"center center","background-size":"auto","background-attachment":"scroll","background-type":"","background-media":"","overlay-type":"","overlay-color":"","overlay-opacity":"","overlay-gradient":""},"mobile":{"background-color":"var(--ast-global-color-4)","background-image":"","background-repeat":"repeat","background-position":"center center","background-size":"auto","background-attachment":"scroll","background-type":"","background-media":"","overlay-type":"","overlay-color":"","overlay-opacity":"","overlay-gradient":""}},"footnotes":""},"class_list":["post-1432","page","type-page","status-publish","hentry"],"uagb_featured_image_src":{"full":false,"thumbnail":false,"medium":false,"medium_large":false,"large":false,"1536x1536":false,"2048x2048":false,"trp-custom-language-flag":false},"uagb_author_info":{"display_name":"chatgpt","author_link":"https:\/\/ic-services.io\/pt\/author\/chatgpt\/"},"uagb_comment_info":0,"uagb_excerpt":null,"_links":{"self":[{"href":"https:\/\/ic-services.io\/pt\/wp-json\/wp\/v2\/pages\/1432","targetHints":{"allow":["GET"]}}],"collection":[{"href":"https:\/\/ic-services.io\/pt\/wp-json\/wp\/v2\/pages"}],"about":[{"href":"https:\/\/ic-services.io\/pt\/wp-json\/wp\/v2\/types\/page"}],"author":[{"embeddable":true,"href":"https:\/\/ic-services.io\/pt\/wp-json\/wp\/v2\/users\/2"}],"replies":[{"embeddable":true,"href":"https:\/\/ic-services.io\/pt\/wp-json\/wp\/v2\/comments?post=1432"}],"version-history":[{"count":10,"href":"https:\/\/ic-services.io\/pt\/wp-json\/wp\/v2\/pages\/1432\/revisions"}],"predecessor-version":[{"id":1818,"href":"https:\/\/ic-services.io\/pt\/wp-json\/wp\/v2\/pages\/1432\/revisions\/1818"}],"wp:attachment":[{"href":"https:\/\/ic-services.io\/pt\/wp-json\/wp\/v2\/media?parent=1432"}],"curies":[{"name":"wp","href":"https:\/\/api.w.org\/{rel}","templated":true}]}}