{"id":1434,"date":"2026-01-27T17:37:39","date_gmt":"2026-01-27T16:37:39","guid":{"rendered":"https:\/\/dev.ic-services.io\/?page_id=1434"},"modified":"2026-04-10T12:12:17","modified_gmt":"2026-04-10T11:12:17","slug":"telecomunicacoes","status":"publish","type":"page","link":"https:\/\/ic-services.io\/pt\/industries\/telecoms\/","title":{"rendered":"Telecomunica\u00e7\u00f5es"},"content":{"rendered":"<div class=\"wp-block-uagb-container uagb-block-athr3vye alignfull uagb-is-root-container\">\n<div class=\"wp-block-uagb-info-box uagb-block-2l2isrhr uagb-infobox__content-wrap  uagb-infobox-icon-above-title uagb-infobox-image-valign-top wp-block-uagb-info-box--has-margin\"><div class=\"uagb-infobox-margin-wrapper\"><div class=\"uagb-ifb-content\"><div class=\"uagb-ifb-title-wrap\"><p class=\"uagb-ifb-title-prefix\">OPERADORES DE TELECOMUNICA\u00c7\u00d5ES<\/p><h1 class=\"uagb-ifb-title\">Solu\u00e7\u00f5es de interce\u00e7\u00e3o legal e conformidade para empresas de telecomunica\u00e7\u00f5es<\/h1><\/div><p class=\"uagb-ifb-desc\">Os fornecedores de servi\u00e7os de comunica\u00e7\u00f5es enfrentam obriga\u00e7\u00f5es complexas de interce\u00e7\u00e3o legal em servi\u00e7os fixos, m\u00f3veis, VoIP e OTT. A ICS fornece solu\u00e7\u00f5es de LI de ponta a ponta, incluindo plataformas de software, dispositivos de hardware e servi\u00e7os geridos que garantem a conformidade, minimizando as despesas operacionais.<\/p><\/div><\/div><\/div>\n\n\n\n<div class=\"wp-block-uagb-buttons uagb-buttons__outer-wrap uagb-btn__default-btn uagb-btn-tablet__default-btn uagb-btn-mobile__default-btn uagb-block-3ggqrklp\"><div class=\"uagb-buttons__wrap uagb-buttons-layout-wrap\">\n<div class=\"wp-block-uagb-buttons-child uagb-buttons__outer-wrap uagb-block-us5ia1va wp-block-button\"><div class=\"uagb-button__wrapper\"><a class=\"uagb-buttons-repeater wp-block-button__link\" aria-label=\"\" href=\"\/pt\/contacto\/\" rel=\"follow noopener\" target=\"_self\" role=\"button\"><div class=\"uagb-button__link\">Falar com um especialista<\/div><\/a><\/div><\/div>\n<\/div><\/div>\n\n\n\n<div class=\"wp-block-uagb-container uagb-block-ow7wwlwb alignfull uagb-is-root-container\"><\/div>\n<\/div>\n\n\n\n<div class=\"wp-block-uagb-container uagb-block-wldl7itm alignfull uagb-is-root-container\"><div class=\"uagb-container-inner-blocks-wrap\">\n<div class=\"wp-block-uagb-info-box uagb-block-obgyyxml uagb-infobox__content-wrap  uagb-infobox-icon-above-title uagb-infobox-image-valign-top\"><div class=\"uagb-ifb-content\"><div class=\"uagb-ifb-title-wrap\"><h2 class=\"uagb-ifb-title\">Solu\u00e7\u00f5es e servi\u00e7os para empresas de telecomunica\u00e7\u00f5es<\/h2><\/div><p class=\"uagb-ifb-desc\">A nossa carteira abrange todos os aspectos da interce\u00e7\u00e3o legal e da conformidade, desde plataformas de software e aparelhos at\u00e9 opera\u00e7\u00f5es totalmente geridas e apoio de consultoria.<\/p><\/div><\/div>\n\n\n\n<div class=\"wp-block-uagb-container uagb-layout-grid uagb-block-d8xvxx9z\">\n<div class=\"wp-block-uagb-container uagb-block-db0kadck\">\n<div class=\"wp-block-uagb-info-box uagb-block-pgzmzt8t uagb-infobox__content-wrap  uagb-infobox-icon-above-title uagb-infobox-image-valign-top\"><div class=\"uagb-ifb-content\"><div class=\"uagb-ifb-title-wrap\"><h3 class=\"uagb-ifb-title\">Software de interce\u00e7\u00e3o legal<\/h3><\/div><p class=\"uagb-ifb-desc\">O nosso LIMS e a nossa plataforma de media\u00e7\u00e3o LI fornecem uma gest\u00e3o centralizada de mandados, media\u00e7\u00e3o multi-rede e transfer\u00eancia segura. Suportam ETSI TS 102 232, ETSI TS 103 707, 3GPP LI e requisitos nacionais em servi\u00e7os fixos, m\u00f3veis, IMS, VoIP e OTT, assegurando uma interce\u00e7\u00e3o em conformidade com as normas, desde a ordem legal at\u00e9 \u00e0 entrega.<\/p><\/div><\/div>\n<\/div>\n\n\n\n<div class=\"wp-block-uagb-container uagb-block-udj7og1w\">\n<div class=\"wp-block-uagb-info-box uagb-block-ktm8nupv uagb-infobox__content-wrap  uagb-infobox-icon-above-title uagb-infobox-image-valign-top\"><div class=\"uagb-ifb-content\"><div class=\"uagb-ifb-title-wrap\"><h3 class=\"uagb-ifb-title\">Aparelhos LI<\/h3><\/div><p class=\"uagb-ifb-desc\">Para implementa\u00e7\u00f5es tempor\u00e1rias ou cen\u00e1rios especializados, os nossos equipamentos oferecem interce\u00e7\u00e3o legal plug-and-play. A caixa de LI tempor\u00e1ria suporta interce\u00e7\u00e3o de curto prazo de VoIP, IP e mensagens, enquanto o conversor PSTN\/ISDN para SIP faz a ponte entre redes antigas e SIP moderno para LI cont\u00ednua durante a migra\u00e7\u00e3o.<\/p><\/div><\/div>\n<\/div>\n\n\n\n<div class=\"wp-block-uagb-container uagb-block-gfgin7ki\">\n<div class=\"wp-block-uagb-info-box uagb-block-u2enrjsv uagb-infobox__content-wrap  uagb-infobox-icon-above-title uagb-infobox-image-valign-top\"><div class=\"uagb-ifb-content\"><div class=\"uagb-ifb-title-wrap\"><h3 class=\"uagb-ifb-title\">Opera\u00e7\u00f5es de LI geridas<\/h3><\/div><p class=\"uagb-ifb-desc\">Gerimos a sua infraestrutura de interce\u00e7\u00e3o legal 24 horas por dia, 7 dias por semana, gerindo a gest\u00e3o de mandados, a monitoriza\u00e7\u00e3o do sistema, a transfer\u00eancia segura e os relat\u00f3rios de conformidade. O cliente mant\u00e9m a visibilidade e o controlo enquanto n\u00f3s gerimos as opera\u00e7\u00f5es t\u00e9cnicas, libertando as suas equipas para se concentrarem na gest\u00e3o da rede.<br><\/p><\/div><\/div>\n<\/div>\n\n\n\n<div class=\"wp-block-uagb-container uagb-block-xtm98rg8\">\n<div class=\"wp-block-uagb-info-box uagb-block-sibgnjff uagb-infobox__content-wrap  uagb-infobox-icon-above-title uagb-infobox-image-valign-top\"><div class=\"uagb-ifb-content\"><div class=\"uagb-ifb-title-wrap\"><h3 class=\"uagb-ifb-title\">Integra\u00e7\u00e3o e desenvolvimento personalizado<\/h3><\/div><p class=\"uagb-ifb-desc\">Os nossos especialistas em integra\u00e7\u00e3o adaptam as solu\u00e7\u00f5es LI \u00e0 sua arquitetura de rede espec\u00edfica, sistemas antigos e requisitos regulamentares. Desenvolvemos adaptadores personalizados, conversores de protocolos e fun\u00e7\u00f5es de media\u00e7\u00e3o que fazem a ponte entre o seu ambiente real e as obriga\u00e7\u00f5es de conformidade.<\/p><\/div><\/div>\n<\/div>\n\n\n\n<div class=\"wp-block-uagb-container uagb-block-5fwezb9w\">\n<div class=\"wp-block-uagb-info-box uagb-block-moioryqk uagb-infobox__content-wrap  uagb-infobox-icon-above-title uagb-infobox-image-valign-top\"><div class=\"uagb-ifb-content\"><div class=\"uagb-ifb-title-wrap\"><h3 class=\"uagb-ifb-title\">Consultoria e apoio regulamentar<\/h3><\/div><p class=\"uagb-ifb-desc\">Ajudamo-lo a compreender e a cumprir as obriga\u00e7\u00f5es de LI em v\u00e1rias jurisdi\u00e7\u00f5es. Os nossos servi\u00e7os de consultoria incluem avalia\u00e7\u00f5es de conformidade, alinhamento de normas ETSI, conce\u00e7\u00e3o de arquitetura, prepara\u00e7\u00e3o de auditorias e monitoriza\u00e7\u00e3o regulamentar cont\u00ednua para o manter em conformidade \u00e0 medida que as regras evoluem.<\/p><\/div><\/div>\n<\/div>\n\n\n\n<div class=\"wp-block-uagb-container uagb-block-cva62u4v\">\n<div class=\"wp-block-uagb-info-box uagb-block-iyh7sjbq uagb-infobox__content-wrap  uagb-infobox-icon-above-title uagb-infobox-image-valign-top\"><div class=\"uagb-ifb-content\"><div class=\"uagb-ifb-title-wrap\"><h3 class=\"uagb-ifb-title\">Servi\u00e7os de fatura\u00e7\u00e3o<\/h3><\/div><p class=\"uagb-ifb-desc\">Tratamos de todo o ciclo de fatura\u00e7\u00e3o e reembolso das actividades de interce\u00e7\u00e3o legal, acompanhando automaticamente os eventos, calculando os custos de acordo com os quadros aplic\u00e1veis e gerindo a gera\u00e7\u00e3o de facturas e a cobran\u00e7a de pagamentos junto das ag\u00eancias de aplica\u00e7\u00e3o da lei em diferentes jurisdi\u00e7\u00f5es.<\/p><\/div><\/div>\n<\/div>\n<\/div>\n<\/div><\/div>\n\n\n\n<div class=\"wp-block-group alignfull is-layout-flow wp-block-group-is-layout-flow\" style=\"padding-top:0;padding-right:0;padding-bottom:0;padding-left:0\">\n<div style=\"background: linear-gradient(135deg, #0f1923 0%, #1a2940 100%); padding: 80px 20px; position: relative;\">\n  <div style=\"position: absolute; top: 0; left: 0; right: 0; height: 3px; background: linear-gradient(90deg, #e94560, #ff6b35, #e94560);\"><\/div>\n  <div style=\"max-width: 1000px; margin: 0 auto;\">\n    <p style=\"color: #e94560; font-size: 13px; font-weight: 700; letter-spacing: 3px; text-transform: uppercase; margin-bottom: 8px; text-align: center;\">Prazo de cumprimento: 18 de agosto de 2026<\/p>\n    <h2 style=\"color: #ffffff; font-size: 34px; font-weight: 700; margin-bottom: 20px; line-height: 1.3; text-align: center;\">Conformidade com a prova eletr\u00f3nica para fornecedores de telecomunica\u00e7\u00f5es<\/h2>\n    <p style=\"color: #b0b8c8; font-size: 17px; line-height: 1.7; margin-bottom: 30px; text-align: center;\">Nos termos do Regulamento (UE) n.\u00ba 2023\/1543, os operadores de telecomunica\u00e7\u00f5es s\u00e3o explicitamente abrangidos pelo \u00e2mbito de aplica\u00e7\u00e3o enquanto prestadores de servi\u00e7os de comunica\u00e7\u00f5es electr\u00f3nicas. As autoridades respons\u00e1veis pela aplica\u00e7\u00e3o da lei em toda a Europa podem agora emitir Ordens Europeias de Produ\u00e7\u00e3o (EPOC) e Ordens de Preserva\u00e7\u00e3o (EPOC-PR) diretamente \u00e0s empresas de telecomunica\u00e7\u00f5es, exigindo a divulga\u00e7\u00e3o de dados de assinantes, registos de acesso, CDR e mesmo dados de conte\u00fados dentro de prazos rigorosos.<\/p>\n    \n    <div style=\"display: grid; grid-template-columns: repeat(auto-fit, minmax(280px, 1fr)); gap: 25px; margin-bottom: 35px;\">\n      <div style=\"background: rgba(255,255,255,0.04); border-radius: 8px; padding: 28px; border: 1px solid rgba(255,255,255,0.08);\">\n        <h3 style=\"color: #ffffff; font-size: 20px; font-weight: 600; margin-bottom: 12px;\">Categorias de dados de telecomunica\u00e7\u00f5es no \u00e2mbito do EPOC<\/h3>\n        <p style=\"color: #8892a4; font-size: 15px; line-height: 1.6; margin: 0;\">Os registos do assinante (MSISDN, IMSI, dados do cliente), os dados de acesso (registos IP, cell-ID, carimbos de data\/hora de in\u00edcio de sess\u00e3o), os dados transaccionais (CDR, registos de fatura\u00e7\u00e3o) e os dados de conte\u00fado enquadram-se nas quatro categorias de dados EPOC. O ICS mapeia automaticamente seus dados BSS\/OSS existentes para o regulamento.<\/p>\n      <\/div>\n      <div style=\"background: rgba(255,255,255,0.04); border-radius: 8px; padding: 28px; border: 1px solid rgba(255,255,255,0.08);\">\n        <h3 style=\"color: #ffffff; font-size: 20px; font-weight: 600; margin-bottom: 12px;\">Amplia a sua infraestrutura de LI existente<\/h3>\n        <p style=\"color: #8892a4; font-size: 15px; line-height: 1.6; margin: 0;\">O ICS e-Evidence integra-se diretamente com o seu LIMS existente e com a Plataforma de Media\u00e7\u00e3o LI. Nenhum silo separado. A mesma arquitetura em conformidade com o ETSI que j\u00e1 utiliza para a interce\u00e7\u00e3o legal trata agora dos pedidos do e-Evidence, com extra\u00e7\u00e3o autom\u00e1tica de dados dos seus sistemas de aprovisionamento e CDR.<\/p>\n      <\/div>\n      <div style=\"background: rgba(255,255,255,0.04); border-radius: 8px; padding: 28px; border: 1px solid rgba(255,255,255,0.08);\">\n        <h3 style=\"color: #ffffff; font-size: 20px; font-weight: 600; margin-bottom: 12px;\">Criado para o volume de telecomunica\u00e7\u00f5es<\/h3>\n        <p style=\"color: #8892a4; font-size: 15px; line-height: 1.6; margin: 0;\">As empresas de telecomunica\u00e7\u00f5es que servem milh\u00f5es de assinantes enfrentar\u00e3o grandes volumes de pedidos de EPOC. O nosso motor de automatiza\u00e7\u00e3o trata do processamento em massa, da integra\u00e7\u00e3o de API com BSS\/OSS e da prontid\u00e3o operacional 24\/7, incluindo o SLA de resposta de emerg\u00eancia de 8 horas para casos de terrorismo e amea\u00e7as iminentes.<\/p>\n      <\/div>\n      <div style=\"background: rgba(255,255,255,0.04); border-radius: 8px; padding: 28px; border: 1px solid rgba(255,255,255,0.08);\">\n        <h3 style=\"color: #ffffff; font-size: 20px; font-weight: 600; margin-bottom: 12px;\">Pr\u00f3xima camada de conformidade em TKG\/TK\u00dcV<\/h3>\n        <p style=\"color: #8892a4; font-size: 15px; line-height: 1.6; margin: 0;\">Voc\u00ea j\u00e1 est\u00e1 em conformidade com o TKG \u00a7170ff, TR TK\u00dcV e Vorratsdatenspeicherung\/Quick-Freeze. O e-Evidence \u00e9 a pr\u00f3xima camada de conformidade obrigat\u00f3ria. O ICS posiciona-o como uma extens\u00e3o natural do que j\u00e1 tem - e n\u00e3o como um sistema separado para gerir.<\/p>\n      <\/div>\n    <\/div>\n    \n    <div style=\"text-align: center;\">\n      <a href=\"\/pt\/solucoes\/e-conformidade-das-provas\/\" style=\"display: inline-block; background: #e94560; color: #ffffff; padding: 15px 36px; border-radius: 4px; text-decoration: none; font-weight: 600; font-size: 16px;\">Saiba mais sobre o e-Evidence para empresas de telecomunica\u00e7\u00f5es<\/a>\n    <\/div>\n  <\/div>\n<\/div>\n<\/div>\n\n\n\n<div class=\"wp-block-uagb-container uagb-block-g2drhzrc alignfull uagb-is-root-container\"><div class=\"uagb-container-inner-blocks-wrap\">\n<div class=\"wp-block-uagb-info-box uagb-block-ljqw0ixd uagb-infobox__content-wrap  uagb-infobox-icon-above-title uagb-infobox-image-valign-top\"><div class=\"uagb-ifb-content\"><div class=\"uagb-ifb-title-wrap\"><h2 class=\"uagb-ifb-title\">Porque \u00e9 que as empresas de telecomunica\u00e7\u00f5es escolhem o ICS para a interce\u00e7\u00e3o legal<\/h2><\/div><\/div><\/div>\n\n\n\n<div class=\"wp-block-uagb-container uagb-block-6tcuhtpz\">\n<div class=\"wp-block-uagb-info-box uagb-block-8pg020ul uagb-infobox__content-wrap  uagb-infobox-icon-above-title uagb-infobox-image-valign-top\"><div class=\"uagb-ifb-content\"><div class=\"uagb-ifb-title-wrap\"><p class=\"uagb-ifb-title\">Os operadores de telecomunica\u00e7\u00f5es necessitam de solu\u00e7\u00f5es de interce\u00e7\u00e3o legal que funcionem de forma fi\u00e1vel em diversas tecnologias de rede, que cumpram m\u00faltiplos quadros regulamentares e que sejam escal\u00e1veis, desde opera\u00e7\u00f5es de pequeno a grande volume. A ICS combina uma profunda experi\u00eancia em normas ETSI e 3GPP com conhecimentos pr\u00e1ticos de implementa\u00e7\u00e3o em ambientes fixos, m\u00f3veis, IP e OTT.<\/p><\/div><p class=\"uagb-ifb-desc\">Quer necessite de um servi\u00e7o de gest\u00e3o completo, integra\u00e7\u00e3o personalizada com sistemas antigos, plataformas de software aut\u00f3nomas ou apoio de consultoria especializado, adaptamos as nossas solu\u00e7\u00f5es aos seus requisitos espec\u00edficos. A nossa equipa trabalha diretamente com operadores, reguladores e ag\u00eancias de aplica\u00e7\u00e3o da lei, o que nos d\u00e1 a experi\u00eancia multifuncional necess\u00e1ria para fornecer implementa\u00e7\u00f5es de LI em conformidade e prontas para auditoria.<\/p><\/div><\/div>\n\n\n\n<div class=\"wp-block-uagb-container uagb-block-wbeleqcl\">\n<div class=\"wp-block-uagb-info-box uagb-block-u32x3gei uagb-infobox__content-wrap  uagb-infobox-icon-left-title uagb-infobox-left uagb-infobox-image-valign-middle\"><div class=\"uagb-ifb-content\"><div class=\"uagb-ifb-left-title-image\"><div class=\"uagb-ifb-icon-wrap\"><svg xmlns=\"https:\/\/www.w3.org\/2000\/svg\" viewbox=\"0 0 448 512\"><path d=\"M438.6 105.4C451.1 117.9 451.1 138.1 438.6 150.6L182.6 406.6C170.1 419.1 149.9 419.1 137.4 406.6L9.372 278.6C-3.124 266.1-3.124 245.9 9.372 233.4C21.87 220.9 42.13 220.9 54.63 233.4L159.1 338.7L393.4 105.4C405.9 92.88 426.1 92.88 438.6 105.4H438.6z\"><\/path><\/svg><\/div><div class=\"uagb-ifb-title-wrap\"><p class=\"uagb-ifb-title\">Solu\u00e7\u00f5es orientadas para a inova\u00e7\u00e3o<\/p><\/div><\/div><p class=\"uagb-ifb-desc\">A nossa arquitetura modular permite-lhe come\u00e7ar com capacidades essenciais e expandir \u00e0 medida que as necessidades evoluem. Todas as solu\u00e7\u00f5es seguem os modelos de refer\u00eancia ETSI e 3GPP, assegurando a interoperabilidade, a prepara\u00e7\u00e3o para o futuro e o alinhamento com as melhores pr\u00e1ticas internacionais.<\/p><div class=\"uagb-ifb-separator\"><\/div><\/div><\/div>\n\n\n\n<div class=\"wp-block-uagb-info-box uagb-block-wxv9ztrl uagb-infobox__content-wrap  uagb-infobox-icon-left-title uagb-infobox-left uagb-infobox-image-valign-middle\"><div class=\"uagb-ifb-content\"><div class=\"uagb-ifb-left-title-image\"><div class=\"uagb-ifb-icon-wrap\"><svg xmlns=\"https:\/\/www.w3.org\/2000\/svg\" viewbox=\"0 0 448 512\"><path d=\"M438.6 105.4C451.1 117.9 451.1 138.1 438.6 150.6L182.6 406.6C170.1 419.1 149.9 419.1 137.4 406.6L9.372 278.6C-3.124 266.1-3.124 245.9 9.372 233.4C21.87 220.9 42.13 220.9 54.63 233.4L159.1 338.7L393.4 105.4C405.9 92.88 426.1 92.88 438.6 105.4H438.6z\"><\/path><\/svg><\/div><div class=\"uagb-ifb-title-wrap\"><p class=\"uagb-ifb-title\">Abordagem personalizada<\/p><\/div><\/div><p class=\"uagb-ifb-desc\">Cada operador tem diferentes topologias de rede, portef\u00f3lios de servi\u00e7os e contextos regulamentares. Adaptamos as implementa\u00e7\u00f5es ao seu ambiente espec\u00edfico, quer isso signifique integrar n\u00facleos de v\u00e1rios fornecedores, suportar requisitos nacionais \u00fanicos ou acomodar tipos de servi\u00e7os especializados.<\/p><div class=\"uagb-ifb-separator\"><\/div><\/div><\/div>\n\n\n\n<div class=\"wp-block-uagb-info-box uagb-block-1xtpl6ce uagb-infobox__content-wrap  uagb-infobox-icon-left-title uagb-infobox-left uagb-infobox-image-valign-middle\"><div class=\"uagb-ifb-content\"><div class=\"uagb-ifb-left-title-image\"><div class=\"uagb-ifb-icon-wrap\"><svg xmlns=\"https:\/\/www.w3.org\/2000\/svg\" viewbox=\"0 0 448 512\"><path d=\"M438.6 105.4C451.1 117.9 451.1 138.1 438.6 150.6L182.6 406.6C170.1 419.1 149.9 419.1 137.4 406.6L9.372 278.6C-3.124 266.1-3.124 245.9 9.372 233.4C21.87 220.9 42.13 220.9 54.63 233.4L159.1 338.7L393.4 105.4C405.9 92.88 426.1 92.88 438.6 105.4H438.6z\"><\/path><\/svg><\/div><div class=\"uagb-ifb-title-wrap\"><p class=\"uagb-ifb-title\">Servi\u00e7o superior ao cliente<\/p><\/div><\/div><p class=\"uagb-ifb-desc\">Desde a avalia\u00e7\u00e3o inicial at\u00e9 ao suporte a longo prazo, a nossa equipa fornece assist\u00eancia reactiva para quest\u00f5es t\u00e9cnicas, quest\u00f5es regulamentares e desafios operacionais. Somos o seu parceiro na manuten\u00e7\u00e3o de uma interce\u00e7\u00e3o legal fi\u00e1vel e em conformidade com a evolu\u00e7\u00e3o da sua rede e dos seus servi\u00e7os.<\/p><div class=\"uagb-ifb-separator\"><\/div><\/div><\/div>\n<\/div>\n<\/div>\n<\/div><\/div>","protected":false},"excerpt":{"rendered":"<p>Compliance Deadline: August 18, 2026 e-Evidence Compliance for Telecommunications Providers Under EU Regulation 2023\/1543, telecommunications operators are explicitly in scope [&hellip;]<\/p>\n","protected":false},"author":2,"featured_media":0,"parent":1432,"menu_order":0,"comment_status":"closed","ping_status":"closed","template":"","meta":{"_uag_custom_page_level_css":"","site-sidebar-layout":"default","site-content-layout":"","ast-site-content-layout":"default","site-content-style":"default","site-sidebar-style":"default","ast-global-header-display":"","ast-banner-title-visibility":"","ast-main-header-display":"","ast-hfb-above-header-display":"","ast-hfb-below-header-display":"","ast-hfb-mobile-header-display":"","site-post-title":"disabled","ast-breadcrumbs-content":"","ast-featured-img":"","footer-sml-layout":"","ast-disable-related-posts":"","theme-transparent-header-meta":"","adv-header-id-meta":"","stick-header-meta":"","header-above-stick-meta":"","header-main-stick-meta":"","header-below-stick-meta":"","astra-migrate-meta-layouts":"default","ast-page-background-enabled":"default","ast-page-background-meta":{"desktop":{"background-color":"var(--ast-global-color-5)","background-image":"","background-repeat":"repeat","background-position":"center center","background-size":"auto","background-attachment":"scroll","background-type":"","background-media":"","overlay-type":"","overlay-color":"","overlay-opacity":"","overlay-gradient":""},"tablet":{"background-color":"","background-image":"","background-repeat":"repeat","background-position":"center center","background-size":"auto","background-attachment":"scroll","background-type":"","background-media":"","overlay-type":"","overlay-color":"","overlay-opacity":"","overlay-gradient":""},"mobile":{"background-color":"","background-image":"","background-repeat":"repeat","background-position":"center center","background-size":"auto","background-attachment":"scroll","background-type":"","background-media":"","overlay-type":"","overlay-color":"","overlay-opacity":"","overlay-gradient":""}},"ast-content-background-meta":{"desktop":{"background-color":"var(--ast-global-color-4)","background-image":"","background-repeat":"repeat","background-position":"center center","background-size":"auto","background-attachment":"scroll","background-type":"","background-media":"","overlay-type":"","overlay-color":"","overlay-opacity":"","overlay-gradient":""},"tablet":{"background-color":"var(--ast-global-color-4)","background-image":"","background-repeat":"repeat","background-position":"center center","background-size":"auto","background-attachment":"scroll","background-type":"","background-media":"","overlay-type":"","overlay-color":"","overlay-opacity":"","overlay-gradient":""},"mobile":{"background-color":"var(--ast-global-color-4)","background-image":"","background-repeat":"repeat","background-position":"center center","background-size":"auto","background-attachment":"scroll","background-type":"","background-media":"","overlay-type":"","overlay-color":"","overlay-opacity":"","overlay-gradient":""}},"footnotes":""},"class_list":["post-1434","page","type-page","status-publish","hentry"],"uagb_featured_image_src":{"full":false,"thumbnail":false,"medium":false,"medium_large":false,"large":false,"1536x1536":false,"2048x2048":false,"trp-custom-language-flag":false},"uagb_author_info":{"display_name":"chatgpt","author_link":"https:\/\/ic-services.io\/pt\/author\/chatgpt\/"},"uagb_comment_info":0,"uagb_excerpt":"Compliance Deadline: August 18, 2026 e-Evidence Compliance for Telecommunications Providers Under EU Regulation 2023\/1543, telecommunications operators are explicitly in scope [&hellip;]","_links":{"self":[{"href":"https:\/\/ic-services.io\/pt\/wp-json\/wp\/v2\/pages\/1434","targetHints":{"allow":["GET"]}}],"collection":[{"href":"https:\/\/ic-services.io\/pt\/wp-json\/wp\/v2\/pages"}],"about":[{"href":"https:\/\/ic-services.io\/pt\/wp-json\/wp\/v2\/types\/page"}],"author":[{"embeddable":true,"href":"https:\/\/ic-services.io\/pt\/wp-json\/wp\/v2\/users\/2"}],"replies":[{"embeddable":true,"href":"https:\/\/ic-services.io\/pt\/wp-json\/wp\/v2\/comments?post=1434"}],"version-history":[{"count":9,"href":"https:\/\/ic-services.io\/pt\/wp-json\/wp\/v2\/pages\/1434\/revisions"}],"predecessor-version":[{"id":2296,"href":"https:\/\/ic-services.io\/pt\/wp-json\/wp\/v2\/pages\/1434\/revisions\/2296"}],"up":[{"embeddable":true,"href":"https:\/\/ic-services.io\/pt\/wp-json\/wp\/v2\/pages\/1432"}],"wp:attachment":[{"href":"https:\/\/ic-services.io\/pt\/wp-json\/wp\/v2\/media?parent=1434"}],"curies":[{"name":"wp","href":"https:\/\/api.w.org\/{rel}","templated":true}]}}