{"id":1436,"date":"2026-01-27T17:38:00","date_gmt":"2026-01-27T16:38:00","guid":{"rendered":"https:\/\/dev.ic-services.io\/?page_id=1436"},"modified":"2026-03-14T16:57:23","modified_gmt":"2026-03-14T15:57:23","slug":"intercecao-policial","status":"publish","type":"page","link":"https:\/\/ic-services.io\/pt\/industries\/law-enforcement-interception\/","title":{"rendered":"Autoridades reguladoras e de aplica\u00e7\u00e3o da lei"},"content":{"rendered":"<div class=\"wp-block-uagb-container uagb-block-rrnmnoer alignfull uagb-is-root-container\">\n<div class=\"wp-block-uagb-container uagb-block-896yetqm\">\n<div class=\"wp-block-uagb-info-box uagb-block-igyvepv8 uagb-infobox__content-wrap  uagb-infobox-icon-above-title uagb-infobox-image-valign-top\"><div class=\"uagb-ifb-content\"><div class=\"uagb-ifb-title-wrap\"><h1 class=\"uagb-ifb-title\">Parcerias com entidades reguladoras e respons\u00e1veis pela aplica\u00e7\u00e3o da lei<\/h1><\/div><\/div><\/div>\n\n\n\n<div class=\"wp-block-uagb-container uagb-block-utxhl7gi\">\n<div class=\"wp-block-uagb-info-box uagb-block-kotvdy5k uagb-infobox__content-wrap  uagb-infobox-icon-above-title uagb-infobox-image-valign-top\"><div class=\"uagb-ifb-content\"><div class=\"uagb-ifb-title-wrap\"><\/div><p class=\"uagb-ifb-desc\">A ICS trabalha com organismos reguladores e ag\u00eancias de aplica\u00e7\u00e3o da lei para garantir que os fornecedores de servi\u00e7os de comunica\u00e7\u00f5es implementem capacidades de interce\u00e7\u00e3o legal que satisfa\u00e7am os requisitos nacionais, facilitem a entrega atempada e precisa de dados e apoiem investiga\u00e7\u00f5es eficazes, protegendo simultaneamente os direitos de privacidade.<\/p><\/div><\/div>\n\n\n\n<div class=\"wp-block-uagb-buttons uagb-buttons__outer-wrap uagb-btn__default-btn uagb-btn-tablet__default-btn uagb-btn-mobile__default-btn uagb-block-msaj3tia\"><div class=\"uagb-buttons__wrap uagb-buttons-layout-wrap\">\n<div class=\"wp-block-uagb-buttons-child uagb-buttons__outer-wrap uagb-block-ujc3c5sa wp-block-button\"><div class=\"uagb-button__wrapper\"><a class=\"uagb-buttons-repeater wp-block-button__link\" aria-label=\"\" href=\"\/pt\/contacto\/\" rel=\"follow noopener\" target=\"_self\" role=\"button\"><div class=\"uagb-button__link\">entrar em contacto<\/div><\/a><\/div><\/div>\n<\/div><\/div>\n<\/div>\n<\/div>\n\n\n\n<div class=\"wp-block-uagb-container uagb-block-dghmpdrz alignfull uagb-is-root-container\"><\/div>\n<\/div>\n\n\n\n<div class=\"wp-block-uagb-container uagb-block-ecaxldog alignfull uagb-is-root-container\"><div class=\"uagb-container-inner-blocks-wrap\">\n<div class=\"wp-block-uagb-info-box uagb-block-nlha14ax uagb-infobox__content-wrap  uagb-infobox-icon-above-title uagb-infobox-image-valign-top\"><div class=\"uagb-ifb-content\"><div class=\"uagb-ifb-title-wrap\"><h2 class=\"uagb-ifb-title\">Como apoiamos as ag\u00eancias reguladoras e de aplica\u00e7\u00e3o da lei<\/h2><\/div><p class=\"uagb-ifb-desc\">A nossa experi\u00eancia preenche a lacuna entre as capacidades t\u00e9cnicas, os requisitos legais e a realidade operacional, ajudando as ag\u00eancias a receber os dados de que necessitam em formatos compat\u00edveis e utiliz\u00e1veis.<\/p><\/div><\/div>\n\n\n\n<div class=\"wp-block-uagb-container uagb-layout-grid uagb-block-7e93wkbv\">\n<div class=\"wp-block-uagb-container uagb-block-tjbfbac7\">\n<div class=\"wp-block-uagb-info-box uagb-block-ipnxembk uagb-infobox__content-wrap  uagb-infobox-icon-above-title uagb-infobox-image-valign-top\"><div class=\"uagb-ifb-content\"><div class=\"uagb-ifb-title-wrap\"><p class=\"uagb-ifb-title-prefix\">01<\/p><h3 class=\"uagb-ifb-title\">Apoio \u00e0 implementa\u00e7\u00e3o de normas<\/h3><\/div><p class=\"uagb-ifb-desc\">Ajudamos os reguladores a desenvolver quadros nacionais de interce\u00e7\u00e3o legal alinhados com as normas internacionais ETSI e 3GPP. A nossa equipa presta assist\u00eancia no desenvolvimento de especifica\u00e7\u00f5es t\u00e9cnicas, defini\u00e7\u00e3o de par\u00e2metros nacionais e documentos de orienta\u00e7\u00e3o que os CSP podem implementar de forma consistente em toda a jurisdi\u00e7\u00e3o.<\/p><\/div><\/div>\n<\/div>\n\n\n\n<div class=\"wp-block-uagb-container uagb-block-wvuli0ha\">\n<div class=\"wp-block-uagb-info-box uagb-block-1yy1iobw uagb-infobox__content-wrap  uagb-infobox-icon-above-title uagb-infobox-image-valign-top\"><div class=\"uagb-ifb-content\"><div class=\"uagb-ifb-title-wrap\"><p class=\"uagb-ifb-title-prefix\">02<\/p><h3 class=\"uagb-ifb-title\">Avalia\u00e7\u00e3o e certifica\u00e7\u00e3o de operadores<\/h3><\/div><p class=\"uagb-ifb-desc\">Apoiamos os organismos reguladores na avalia\u00e7\u00e3o da conformidade dos CSP atrav\u00e9s de avalia\u00e7\u00f5es t\u00e9cnicas, testes de interface e auditorias de sistemas. A nossa experi\u00eancia independente ajuda a verificar se os sistemas implementados cumprem os requisitos e podem fornecer dados nos formatos e prazos corretos.<\/p><\/div><\/div>\n<\/div>\n\n\n\n<div class=\"wp-block-uagb-container uagb-block-9ntxx0tf\">\n<div class=\"wp-block-uagb-info-box uagb-block-gcglow86 uagb-infobox__content-wrap  uagb-infobox-icon-above-title uagb-infobox-image-valign-top\"><div class=\"uagb-ifb-content\"><div class=\"uagb-ifb-title-wrap\"><p class=\"uagb-ifb-title-prefix\">03<\/p><h3 class=\"uagb-ifb-title\">Interface LEA e integra\u00e7\u00e3o<\/h3><\/div><p class=\"uagb-ifb-desc\">Ajudamos as instala\u00e7\u00f5es de monitoriza\u00e7\u00e3o das for\u00e7as da ordem com a integra\u00e7\u00e3o t\u00e9cnica nos sistemas CSP, incluindo a configura\u00e7\u00e3o da interface de transfer\u00eancia, a gest\u00e3o de certificados, a valida\u00e7\u00e3o de formatos e os testes de entrega. A nossa equipa assegura uma conetividade segura e fi\u00e1vel para a rece\u00e7\u00e3o de dados de interce\u00e7\u00e3o legal.<\/p><\/div><\/div>\n<\/div>\n\n\n\n<div class=\"wp-block-uagb-container uagb-block-evbiugau\">\n<div class=\"wp-block-uagb-info-box uagb-block-5h9aqapf uagb-infobox__content-wrap  uagb-infobox-icon-above-title uagb-infobox-image-valign-top\"><div class=\"uagb-ifb-content\"><div class=\"uagb-ifb-title-wrap\"><p class=\"uagb-ifb-title-prefix\">04<\/p><h3 class=\"uagb-ifb-title\">Forma\u00e7\u00e3o e refor\u00e7o das capacidades<\/h3><\/div><p class=\"uagb-ifb-desc\">Fornecemos programas de forma\u00e7\u00e3o para o pessoal regulador e para as equipas t\u00e9cnicas de aplica\u00e7\u00e3o da lei, abrangendo normas ETSI, protocolos de interface, formatos de dados e resolu\u00e7\u00e3o de problemas. Isto permite desenvolver compet\u00eancias internas para uma supervis\u00e3o cont\u00ednua e apoio operacional.<\/p><\/div><\/div>\n<\/div>\n\n\n\n<div class=\"wp-block-uagb-container uagb-block-pfvmz39g\">\n<div class=\"wp-block-uagb-info-box uagb-block-5zjp1vkw uagb-infobox__content-wrap  uagb-infobox-icon-above-title uagb-infobox-image-valign-top\"><div class=\"uagb-ifb-content\"><div class=\"uagb-ifb-title-wrap\"><p class=\"uagb-ifb-title-prefix\">05<\/p><h3 class=\"uagb-ifb-title\">Coordena\u00e7\u00e3o multi-jurisdicional<\/h3><\/div><p class=\"uagb-ifb-desc\">Para as ag\u00eancias que trabalham al\u00e9m-fronteiras ou com parceiros internacionais, facilitamos a coordena\u00e7\u00e3o entre jurisdi\u00e7\u00f5es, a harmoniza\u00e7\u00e3o de formatos e os processos de assist\u00eancia jur\u00eddica m\u00fatua. A nossa experi\u00eancia com m\u00faltiplos quadros nacionais ajuda a simplificar a coopera\u00e7\u00e3o internacional.<\/p><\/div><\/div>\n<\/div>\n\n\n\n<div class=\"wp-block-uagb-container uagb-block-8yjpnzxb\">\n<div class=\"wp-block-uagb-info-box uagb-block-hrlv5gym uagb-infobox__content-wrap  uagb-infobox-icon-above-title uagb-infobox-image-valign-top\"><div class=\"uagb-ifb-content\"><div class=\"uagb-ifb-title-wrap\"><p class=\"uagb-ifb-title-prefix\">06<\/p><h3 class=\"uagb-ifb-title\">Garantia de qualidade e controlo<\/h3><\/div><p class=\"uagb-ifb-desc\">Ajudamos as ag\u00eancias a estabelecer processos de controlo de qualidade para os dados recebidos, incluindo valida\u00e7\u00e3o autom\u00e1tica, verifica\u00e7\u00f5es de integralidade e acompanhamento do desempenho da entrega. Isto assegura que os CSP mant\u00eam a conformidade ao longo do tempo e que os dados permanecem utiliz\u00e1veis para as investiga\u00e7\u00f5es.<\/p><\/div><\/div>\n<\/div>\n<\/div>\n<\/div><\/div>\n\n\n\n<div class=\"wp-block-uagb-container uagb-block-murcuvie alignfull uagb-is-root-container\"><div class=\"uagb-container-inner-blocks-wrap\">\n<div class=\"wp-block-uagb-info-box uagb-block-hcero9nd uagb-infobox__content-wrap  uagb-infobox-icon-above-title uagb-infobox-image-valign-top\"><div class=\"uagb-ifb-content\"><div class=\"uagb-ifb-title-wrap\"><h2 class=\"uagb-ifb-title\">Solu\u00e7\u00f5es inovadoras para desafios modernos<\/h2><\/div><\/div><\/div>\n\n\n\n<div class=\"wp-block-uagb-container uagb-block-jkebwqip\">\n<div class=\"wp-block-uagb-info-box uagb-block-sbdkqx8o uagb-infobox__content-wrap  uagb-infobox-icon-above-title uagb-infobox-image-valign-top\"><div class=\"uagb-ifb-content\"><div class=\"uagb-ifb-title-wrap\"><\/div><p class=\"uagb-ifb-desc\">Os organismos reguladores e de aplica\u00e7\u00e3o da lei enfrentam desafios cada vez maiores \u00e0 medida que os servi\u00e7os de comunica\u00e7\u00e3o migram para o IP, as plataformas OTT proliferam e a coopera\u00e7\u00e3o transfronteiri\u00e7a se torna essencial. A ICS fornece os conhecimentos t\u00e9cnicos e a experi\u00eancia pr\u00e1tica para enfrentar estes desafios, equilibrando simultaneamente as necessidades de investiga\u00e7\u00e3o com a prote\u00e7\u00e3o da privacidade e as restri\u00e7\u00f5es operacionais dos CSP.<\/p><\/div><\/div>\n\n\n\n<div class=\"wp-block-uagb-info-box uagb-block-7wob1ylg uagb-infobox__content-wrap  uagb-infobox-icon-above-title uagb-infobox-image-valign-top\"><div class=\"uagb-ifb-content\"><div class=\"uagb-ifb-title-wrap\"><\/div><p class=\"uagb-ifb-desc\">Trabalhamos de forma neutra com todas as partes interessadas - reguladores que definem os requisitos, CSPs que implementam capacidades e ag\u00eancias de aplica\u00e7\u00e3o da lei que recebem os dados - para garantir que os sistemas de interce\u00e7\u00e3o legal fornecem resultados utiliz\u00e1veis, atempados e em conformidade. A nossa equipa compreende tanto os protocolos t\u00e9cnicos como as realidades operacionais que tornam a interce\u00e7\u00e3o eficaz.<\/p><\/div><\/div>\n<\/div>\n\n\n\n<div class=\"wp-block-uagb-separator uagb-block-en3qspjh\"><div class=\"wp-block-uagb-separator__inner\" style=\"--my-background-image:\"><\/div><\/div>\n\n\n\n<div class=\"wp-block-uagb-container uagb-block-2gpisr2j\">\n<div class=\"wp-block-uagb-info-box uagb-block-1oxxbehi uagb-infobox__content-wrap  uagb-infobox-icon-above-title uagb-infobox-image-valign-top\"><div class=\"uagb-ifb-content\"><div class=\"uagb-ifb-icon-wrap\"><svg xmlns=\"https:\/\/www.w3.org\/2000\/svg\" viewbox=\"0 0 448 512\"><path d=\"M438.6 105.4C451.1 117.9 451.1 138.1 438.6 150.6L182.6 406.6C170.1 419.1 149.9 419.1 137.4 406.6L9.372 278.6C-3.124 266.1-3.124 245.9 9.372 233.4C21.87 220.9 42.13 220.9 54.63 233.4L159.1 338.7L393.4 105.4C405.9 92.88 426.1 92.88 438.6 105.4H438.6z\"><\/path><\/svg><\/div><div class=\"uagb-ifb-title-wrap\"><p class=\"uagb-ifb-title\">Neutralidade t\u00e9cnica<\/p><\/div><p class=\"uagb-ifb-desc\">Fornecemos conhecimentos independentes que servem os interesses de todas as partes: ajudando os reguladores a definir requisitos exequ\u00edveis, permitindo que os CSP implementem eficientemente e garantindo que as ag\u00eancias recebem dados utiliz\u00e1veis. As nossas recomenda\u00e7\u00f5es d\u00e3o prioridade a solu\u00e7\u00f5es vi\u00e1veis e baseadas em normas.<\/p><\/div><\/div>\n\n\n\n<div class=\"wp-block-uagb-info-box uagb-block-hvt2qacd uagb-infobox__content-wrap  uagb-infobox-icon-above-title uagb-infobox-image-valign-top\"><div class=\"uagb-ifb-content\"><div class=\"uagb-ifb-icon-wrap\"><svg xmlns=\"https:\/\/www.w3.org\/2000\/svg\" viewbox=\"0 0 448 512\"><path d=\"M438.6 105.4C451.1 117.9 451.1 138.1 438.6 150.6L182.6 406.6C170.1 419.1 149.9 419.1 137.4 406.6L9.372 278.6C-3.124 266.1-3.124 245.9 9.372 233.4C21.87 220.9 42.13 220.9 54.63 233.4L159.1 338.7L393.4 105.4C405.9 92.88 426.1 92.88 438.6 105.4H438.6z\"><\/path><\/svg><\/div><div class=\"uagb-ifb-title-wrap\"><p class=\"uagb-ifb-title\">Alinhamento de normas<\/p><\/div><p class=\"uagb-ifb-desc\">Todas as nossas orienta\u00e7\u00f5es e implementa\u00e7\u00f5es seguem as normas ETSI, 3GPP e as normas nacionais relevantes, garantindo a interoperabilidade, a admissibilidade das provas e a sustentabilidade a longo prazo. Ajudamos a traduzir os quadros internacionais em implementa\u00e7\u00f5es nacionais pr\u00e1ticas.<\/p><\/div><\/div>\n\n\n\n<div class=\"wp-block-uagb-info-box uagb-block-jatmsoq4 uagb-infobox__content-wrap  uagb-infobox-icon-above-title uagb-infobox-image-valign-top\"><div class=\"uagb-ifb-content\"><div class=\"uagb-ifb-icon-wrap\"><svg xmlns=\"https:\/\/www.w3.org\/2000\/svg\" viewbox=\"0 0 448 512\"><path d=\"M438.6 105.4C451.1 117.9 451.1 138.1 438.6 150.6L182.6 406.6C170.1 419.1 149.9 419.1 137.4 406.6L9.372 278.6C-3.124 266.1-3.124 245.9 9.372 233.4C21.87 220.9 42.13 220.9 54.63 233.4L159.1 338.7L393.4 105.4C405.9 92.88 426.1 92.88 438.6 105.4H438.6z\"><\/path><\/svg><\/div><div class=\"uagb-ifb-title-wrap\"><p class=\"uagb-ifb-title\">Experi\u00eancia transfronteiri\u00e7a<\/p><\/div><p class=\"uagb-ifb-desc\">A nossa equipa tem trabalhado com organismos e ag\u00eancias reguladoras em v\u00e1rios pa\u00edses europeus, o que nos d\u00e1 uma vis\u00e3o profunda das diferentes abordagens, desafios comuns e pr\u00e1ticas eficazes que podem ser adaptadas a jurisdi\u00e7\u00f5es espec\u00edficas.<\/p><\/div><\/div>\n\n\n\n<div class=\"wp-block-uagb-info-box uagb-block-ejfb27cw uagb-infobox__content-wrap  uagb-infobox-icon-above-title uagb-infobox-image-valign-top\"><div class=\"uagb-ifb-content\"><div class=\"uagb-ifb-icon-wrap\"><svg xmlns=\"https:\/\/www.w3.org\/2000\/svg\" viewbox=\"0 0 448 512\"><path d=\"M438.6 105.4C451.1 117.9 451.1 138.1 438.6 150.6L182.6 406.6C170.1 419.1 149.9 419.1 137.4 406.6L9.372 278.6C-3.124 266.1-3.124 245.9 9.372 233.4C21.87 220.9 42.13 220.9 54.63 233.4L159.1 338.7L393.4 105.4C405.9 92.88 426.1 92.88 438.6 105.4H438.6z\"><\/path><\/svg><\/div><div class=\"uagb-ifb-title-wrap\"><p class=\"uagb-ifb-title\">Foco operacional<\/p><\/div><p class=\"uagb-ifb-desc\">Para al\u00e9m da conformidade t\u00e9cnica, damos \u00eanfase \u00e0 efic\u00e1cia operacional - assegurando que os dados chegam a tempo de apoiar as investiga\u00e7\u00f5es, que os formatos s\u00e3o utiliz\u00e1veis pelos analistas e que os processos s\u00e3o sustent\u00e1veis, tanto para os CSP como para as ag\u00eancias, a longo prazo.<\/p><\/div><\/div>\n<\/div>\n<\/div><\/div>","protected":false},"excerpt":{"rendered":"","protected":false},"author":2,"featured_media":0,"parent":1432,"menu_order":0,"comment_status":"closed","ping_status":"closed","template":"","meta":{"_uag_custom_page_level_css":"","site-sidebar-layout":"default","site-content-layout":"","ast-site-content-layout":"default","site-content-style":"default","site-sidebar-style":"default","ast-global-header-display":"","ast-banner-title-visibility":"","ast-main-header-display":"","ast-hfb-above-header-display":"","ast-hfb-below-header-display":"","ast-hfb-mobile-header-display":"","site-post-title":"disabled","ast-breadcrumbs-content":"","ast-featured-img":"","footer-sml-layout":"","ast-disable-related-posts":"","theme-transparent-header-meta":"","adv-header-id-meta":"","stick-header-meta":"","header-above-stick-meta":"","header-main-stick-meta":"","header-below-stick-meta":"","astra-migrate-meta-layouts":"default","ast-page-background-enabled":"default","ast-page-background-meta":{"desktop":{"background-color":"var(--ast-global-color-5)","background-image":"","background-repeat":"repeat","background-position":"center center","background-size":"auto","background-attachment":"scroll","background-type":"","background-media":"","overlay-type":"","overlay-color":"","overlay-opacity":"","overlay-gradient":""},"tablet":{"background-color":"","background-image":"","background-repeat":"repeat","background-position":"center center","background-size":"auto","background-attachment":"scroll","background-type":"","background-media":"","overlay-type":"","overlay-color":"","overlay-opacity":"","overlay-gradient":""},"mobile":{"background-color":"","background-image":"","background-repeat":"repeat","background-position":"center center","background-size":"auto","background-attachment":"scroll","background-type":"","background-media":"","overlay-type":"","overlay-color":"","overlay-opacity":"","overlay-gradient":""}},"ast-content-background-meta":{"desktop":{"background-color":"var(--ast-global-color-4)","background-image":"","background-repeat":"repeat","background-position":"center center","background-size":"auto","background-attachment":"scroll","background-type":"","background-media":"","overlay-type":"","overlay-color":"","overlay-opacity":"","overlay-gradient":""},"tablet":{"background-color":"var(--ast-global-color-4)","background-image":"","background-repeat":"repeat","background-position":"center center","background-size":"auto","background-attachment":"scroll","background-type":"","background-media":"","overlay-type":"","overlay-color":"","overlay-opacity":"","overlay-gradient":""},"mobile":{"background-color":"var(--ast-global-color-4)","background-image":"","background-repeat":"repeat","background-position":"center center","background-size":"auto","background-attachment":"scroll","background-type":"","background-media":"","overlay-type":"","overlay-color":"","overlay-opacity":"","overlay-gradient":""}},"footnotes":""},"class_list":["post-1436","page","type-page","status-publish","hentry"],"uagb_featured_image_src":{"full":false,"thumbnail":false,"medium":false,"medium_large":false,"large":false,"1536x1536":false,"2048x2048":false,"trp-custom-language-flag":false},"uagb_author_info":{"display_name":"chatgpt","author_link":"https:\/\/ic-services.io\/pt\/author\/chatgpt\/"},"uagb_comment_info":0,"uagb_excerpt":null,"_links":{"self":[{"href":"https:\/\/ic-services.io\/pt\/wp-json\/wp\/v2\/pages\/1436","targetHints":{"allow":["GET"]}}],"collection":[{"href":"https:\/\/ic-services.io\/pt\/wp-json\/wp\/v2\/pages"}],"about":[{"href":"https:\/\/ic-services.io\/pt\/wp-json\/wp\/v2\/types\/page"}],"author":[{"embeddable":true,"href":"https:\/\/ic-services.io\/pt\/wp-json\/wp\/v2\/users\/2"}],"replies":[{"embeddable":true,"href":"https:\/\/ic-services.io\/pt\/wp-json\/wp\/v2\/comments?post=1436"}],"version-history":[{"count":5,"href":"https:\/\/ic-services.io\/pt\/wp-json\/wp\/v2\/pages\/1436\/revisions"}],"predecessor-version":[{"id":1839,"href":"https:\/\/ic-services.io\/pt\/wp-json\/wp\/v2\/pages\/1436\/revisions\/1839"}],"up":[{"embeddable":true,"href":"https:\/\/ic-services.io\/pt\/wp-json\/wp\/v2\/pages\/1432"}],"wp:attachment":[{"href":"https:\/\/ic-services.io\/pt\/wp-json\/wp\/v2\/media?parent=1436"}],"curies":[{"name":"wp","href":"https:\/\/api.w.org\/{rel}","templated":true}]}}