{"id":1478,"date":"2026-01-30T11:38:22","date_gmt":"2026-01-30T10:38:22","guid":{"rendered":"https:\/\/dev.ic-services.io\/?page_id=1478"},"modified":"2026-03-15T20:23:17","modified_gmt":"2026-03-15T19:23:17","slug":"automovel","status":"publish","type":"page","link":"https:\/\/ic-services.io\/pt\/industries\/automotive\/","title":{"rendered":"Autom\u00f3vel"},"content":{"rendered":"<div class=\"wp-block-uagb-container uagb-block-ep9sklms alignfull uagb-is-root-container\"><div class=\"uagb-container-inner-blocks-wrap\">\n<div class=\"wp-block-uagb-info-box uagb-block-yvwi3mtt uagb-infobox__content-wrap  uagb-infobox-icon-above-title uagb-infobox-image-valign-top\"><div class=\"uagb-ifb-content\"><div class=\"uagb-ifb-title-wrap\"><p class=\"uagb-ifb-title-prefix\">Interce\u00e7\u00e3o legal para autom\u00f3veis<\/p><h2 class=\"uagb-ifb-title translation-block\">A ICS ajuda os OEMs automotivos e os provedores de mobilidade a implementar recursos de interceta\u00e7\u00e3o e divulga\u00e7\u00e3o <strong>ilegais<\/strong> e sens\u00edveis \u00e0 privacidade que atendem ao ETSI TR 103 854 e aos requisitos regulat\u00f3rios emergentes para ve\u00edculos conectados.<\/h2><\/div><p class=\"uagb-ifb-desc\">Os ve\u00edculos modernos conectados geram dados telem\u00e1ticos, de localiza\u00e7\u00e3o e de diagn\u00f3stico muito ricos, aos quais as autoridades policiais querem cada vez mais aceder nas investiga\u00e7\u00f5es criminais. Com o ETSI TR 103 854, a Europa disp\u00f5e agora de um quadro t\u00e9cnico para interfaces normalizadas e audit\u00e1veis entre os detentores de dados de ve\u00edculos e as autoridades, abrangendo casos de utiliza\u00e7\u00e3o como o mapeamento VIN-to-IMEI\/IMSI, a localiza\u00e7\u00e3o de ve\u00edculos e a divulga\u00e7\u00e3o de dados de ve\u00edculos. A ICS fornece plataformas de interce\u00e7\u00e3o e divulga\u00e7\u00e3o ao n\u00edvel do transportador que alargam estes princ\u00edpios ao mundo autom\u00f3vel, permitindo que os fabricantes e as plataformas de mobilidade respondam a pedidos legais de forma eficiente, segura e em conformidade com as leis nacionais.<\/p><\/div><\/div>\n\n\n\n<div class=\"wp-block-uagb-container uagb-block-2fw462qi\">\n<div class=\"wp-block-uagb-container uagb-block-4hoonbs1\">\n<div class=\"wp-block-uagb-container uagb-block-z3a3v1uz\">\n<div class=\"wp-block-uagb-advanced-heading uagb-block-2xcyoeyx\"><h3 class=\"uagb-heading-text\">Declara\u00e7\u00e3o do problema (privacidade e conformidade)<\/h3><\/div>\n<\/div>\n\n\n\n<div class=\"wp-block-uagb-container uagb-block-2yx9jfdi\">\n<div class=\"wp-block-uagb-advanced-heading uagb-block-8nky4qft\"><p class=\"uagb-heading-text\">Os autom\u00f3veis conectados comportam-se como dispositivos IoT em rede: os SIM incorporados interagem continuamente com as redes m\u00f3veis, o que torna tecnicamente poss\u00edvel seguir os ve\u00edculos, correlacionar os VIN com os identificadores IMEI\/IMSI e reconstruir os hist\u00f3ricos de condu\u00e7\u00e3o. Simultaneamente, os condutores esperam uma forte prote\u00e7\u00e3o da privacidade e uma limita\u00e7\u00e3o rigorosa da vigil\u00e2ncia, tal como salientado pelas preocupa\u00e7\u00f5es da sociedade civil sobre o desvio de fun\u00e7\u00f5es de sistemas que salvam vidas, como o eCall, para o rastreio generalizado de ve\u00edculos. Por conseguinte, os OEM do sector autom\u00f3vel enfrentam um duplo desafio: devem ser capazes de apoiar investiga\u00e7\u00f5es leg\u00edtimas e pedidos transfronteiri\u00e7os, minimizando simultaneamente a exposi\u00e7\u00e3o dos dados, impondo a limita\u00e7\u00e3o da finalidade e garantindo total transpar\u00eancia e auditabilidade.<\/p><\/div>\n<\/div>\n<\/div>\n\n\n\n<div class=\"wp-block-uagb-container uagb-block-av61gljh\">\n<div class=\"wp-block-uagb-container uagb-block-7nvv1bus\">\n<div class=\"wp-block-uagb-advanced-heading uagb-block-qmjwizjd\"><h3 class=\"uagb-heading-text\">ETSI TR 103 854 no sector autom\u00f3vel<\/h3><\/div>\n<\/div>\n\n\n\n<div class=\"wp-block-uagb-container uagb-block-zpzqmrjo\">\n<div class=\"wp-block-uagb-advanced-heading uagb-block-tpk07ehe\"><p class=\"uagb-heading-text\">A ETSI TR 103 854 define um modelo de refer\u00eancia e uma interface para pedidos de ag\u00eancias de aplica\u00e7\u00e3o da lei (LEAs) a organiza\u00e7\u00f5es que det\u00eam dados relacionados com ve\u00edculos, denominadas Sistemas de Processamento de Respostas (RPS). Descreve casos de utiliza\u00e7\u00e3o concretos, como VIN-para-IMEI, IMEI-para-VIN, VIN-para-IMSI, VIN-para-localiza\u00e7\u00e3o e VIN-para-dados do ve\u00edculo, al\u00e9m de recomenda\u00e7\u00f5es para interc\u00e2mbios de pedidos\/respostas baseados em HTTPS e orientados por esquemas em XML ou JSON. O relat\u00f3rio tamb\u00e9m introduz categorias de dados (identifica\u00e7\u00e3o, localiza\u00e7\u00e3o, encaminhamento, comportamento de condu\u00e7\u00e3o, estado do componente, detalhes do cliente e mais) e salienta a clareza, efici\u00eancia, auditabilidade, seguran\u00e7a e privacidade em cada fluxo de trabalho de divulga\u00e7\u00e3o.<\/p><\/div>\n<\/div>\n<\/div>\n<\/div>\n<\/div><\/div>\n\n\n\n<div class=\"wp-block-uagb-container uagb-block-bxejflgc alignfull uagb-is-root-container\">\n<div class=\"wp-block-uagb-container uagb-block-id1c6o0j\">\n<div class=\"wp-block-uagb-info-box uagb-block-fog0fshn uagb-infobox__content-wrap  uagb-infobox-icon-above-title uagb-infobox-image-valign-top\"><div class=\"uagb-ifb-content\"><div class=\"uagb-ifb-title-wrap\"><h1 class=\"uagb-ifb-title\">O que a ICS oferece aos fabricantes de autom\u00f3veis<\/h1><\/div><\/div><\/div>\n\n\n\n<div class=\"wp-block-uagb-container uagb-block-mi9rrrzo\">\n<div class=\"wp-block-uagb-info-box uagb-block-5f5rmiz2 uagb-infobox__content-wrap  uagb-infobox-icon-above-title uagb-infobox-image-valign-top\"><div class=\"uagb-ifb-content\"><div class=\"uagb-ifb-title-wrap\"><\/div><p class=\"uagb-ifb-desc\">A ICS adapta a tecnologia de interce\u00e7\u00e3o legal e divulga\u00e7\u00e3o legal de n\u00edvel de telecomunica\u00e7\u00f5es \u00e0s necessidades espec\u00edficas dos ve\u00edculos ligados e dos backends de ve\u00edculos alargados. As nossas solu\u00e7\u00f5es ajudam-no a implementar uma camada RPS alinhada com o ETSI TR 103 854 que pode:<\/p><\/div><\/div>\n\n\n\n<div class=\"wp-block-uagb-buttons uagb-buttons__outer-wrap uagb-btn__default-btn uagb-btn-tablet__default-btn uagb-btn-mobile__default-btn uagb-block-mlrouv8s\"><div class=\"uagb-buttons__wrap uagb-buttons-layout-wrap\">\n<div class=\"wp-block-uagb-buttons-child uagb-buttons__outer-wrap uagb-block-ts8fjoq6 wp-block-button\"><div class=\"uagb-button__wrapper\"><a class=\"uagb-buttons-repeater wp-block-button__link\" aria-label=\"\" href=\"\/pt\/contacto\/\" rel=\"follow noopener\" target=\"_self\" role=\"button\"><div class=\"uagb-button__link\">Falar com um especialista<\/div><\/a><\/div><\/div>\n<\/div><\/div>\n<\/div>\n<\/div>\n\n\n\n<div class=\"wp-block-uagb-container uagb-block-40828fa6\">\n<div class=\"wp-block-uagb-image uagb-block-068a331b wp-block-uagb-image--layout-default wp-block-uagb-image--effect-static wp-block-uagb-image--align-none\"><figure class=\"wp-block-uagb-image__figure\"><img decoding=\"async\" srcset=\"https:\/\/ic-services.io\/wp-content\/uploads\/2026\/01\/pexels-photo-3757226-3757226-1024x683.jpg ,https:\/\/ic-services.io\/wp-content\/uploads\/2026\/01\/pexels-photo-3757226-3757226-scaled.jpg 780w, https:\/\/ic-services.io\/wp-content\/uploads\/2026\/01\/pexels-photo-3757226-3757226-scaled.jpg 360w\" sizes=\"auto, (max-width: 480px) 150px\" src=\"https:\/\/ic-services.io\/wp-content\/uploads\/2026\/01\/pexels-photo-3757226-3757226-1024x683.jpg\" alt=\"Grande plano de alta resolu\u00e7\u00e3o de um motor de autom\u00f3vel mostrando pe\u00e7as mec\u00e2nicas complexas e pormenores met\u00e1licos.\" class=\"uag-image-1484\" width=\"1450\" height=\"775\" title=\"foto pexels 3757226 3757226\" loading=\"lazy\" role=\"img\"\/><\/figure><\/div>\n<\/div>\n<\/div>\n\n\n\n<div class=\"wp-block-uagb-container uagb-block-k87qsl04 alignfull uagb-is-root-container\"><div class=\"uagb-container-inner-blocks-wrap\">\n<div class=\"wp-block-uagb-info-box uagb-block-pup7tikg uagb-infobox__content-wrap  uagb-infobox-icon-above-title uagb-infobox-image-valign-top\"><div class=\"uagb-ifb-content\"><div class=\"uagb-ifb-title-wrap\"><h2 class=\"uagb-ifb-title\">Os nossos servi\u00e7os potenciam a sua marca<\/h2><\/div><p class=\"uagb-ifb-desc\">Explore a gama de servi\u00e7os que oferecemos para elevar o seu neg\u00f3cio.<\/p><\/div><\/div>\n\n\n\n<div class=\"wp-block-uagb-container uagb-layout-grid uagb-block-tenzvery\">\n<div class=\"wp-block-uagb-container uagb-block-4ksgwu32\">\n<div class=\"wp-block-uagb-info-box uagb-block-jlbngmqt uagb-infobox__content-wrap  uagb-infobox-icon-above-title uagb-infobox-image-valign-top\"><div class=\"uagb-ifb-content\"><div class=\"uagb-ifb-title-wrap\"><h3 class=\"uagb-ifb-title\">VIN para IMEI\/IMSI<\/h3><\/div><p class=\"uagb-ifb-desc\">Orquestrar a resolu\u00e7\u00e3o VIN-para-IMEI\/IMSI e outros mapeamentos de identificadores em fontes de dados de OEM, telem\u00e1tica e telecomunica\u00e7\u00f5es.<\/p><\/div><\/div>\n<\/div>\n\n\n\n<div class=\"wp-block-uagb-container uagb-block-tnupfwf4\">\n<div class=\"wp-block-uagb-info-box uagb-block-vfnabhd6 uagb-infobox__content-wrap  uagb-infobox-icon-above-title uagb-infobox-image-valign-top\"><div class=\"uagb-ifb-content\"><div class=\"uagb-ifb-title-wrap\"><h3 class=\"uagb-ifb-title\">Tratar dos pedidos do LEA<\/h3><\/div><p class=\"uagb-ifb-desc\">Aceitar, validar e registar pedidos LEA, incluindo refer\u00eancias de autoriza\u00e7\u00e3o, prioridades e intervalos de tempo, e devolver apenas os dados que correspondem a um mandato claro e legal.<\/p><\/div><\/div>\n<\/div>\n\n\n\n<div class=\"wp-block-uagb-container uagb-block-anjtjmyj\">\n<div class=\"wp-block-uagb-info-box uagb-block-t5q8sn84 uagb-infobox__content-wrap  uagb-infobox-icon-above-title uagb-infobox-image-valign-top\"><div class=\"uagb-ifb-content\"><div class=\"uagb-ifb-title-wrap\"><h3 class=\"uagb-ifb-title\">Transfer\u00eancia segura<\/h3><\/div><p class=\"uagb-ifb-desc\">Entregar respostas atrav\u00e9s de interfaces HTTPS seguras, utilizando estruturas e categorias de dados normalizadas, prontas a serem utilizadas como provas.<\/p><\/div><\/div>\n<\/div>\n\n\n\n<div class=\"wp-block-uagb-container uagb-block-kkmh5ymw\">\n<div class=\"wp-block-uagb-info-box uagb-block-luw5rbiq uagb-infobox__content-wrap  uagb-infobox-icon-above-title uagb-infobox-image-valign-top\"><div class=\"uagb-ifb-content\"><div class=\"uagb-ifb-title-wrap\"><h3 class=\"uagb-ifb-title\">Prote\u00e7\u00e3o de dados<\/h3><\/div><p class=\"uagb-ifb-desc\">Aplicar pol\u00edticas configur\u00e1veis de reten\u00e7\u00e3o, minimiza\u00e7\u00e3o e mascaramento para reduzir o impacto na privacidade e cumprir as regras de prote\u00e7\u00e3o de dados nacionais e da UE.<\/p><\/div><\/div>\n<\/div>\n\n\n\n<div class=\"wp-block-uagb-container uagb-block-hojqaaor\">\n<div class=\"wp-block-uagb-info-box uagb-block-fferdmlg uagb-infobox__content-wrap  uagb-infobox-icon-above-title uagb-infobox-image-valign-top\"><div class=\"uagb-ifb-content\"><div class=\"uagb-ifb-title-wrap\"><h3 class=\"uagb-ifb-title\">Auditoria e elabora\u00e7\u00e3o de relat\u00f3rios<\/h3><\/div><p class=\"uagb-ifb-desc\">Apoiar os cen\u00e1rios de auditoria, comunica\u00e7\u00e3o de informa\u00e7\u00f5es e coopera\u00e7\u00e3o transfronteiras previstos nas iniciativas europeias em mat\u00e9ria de ordens de produ\u00e7\u00e3o e de provas electr\u00f3nicas.<\/p><\/div><\/div>\n<\/div>\n\n\n\n<div class=\"wp-block-uagb-container uagb-block-bb7rmdy7\">\n<div class=\"wp-block-uagb-info-box uagb-block-2bpn0v1w uagb-infobox__content-wrap  uagb-infobox-icon-above-title uagb-infobox-image-valign-top\"><div class=\"uagb-ifb-content\"><div class=\"uagb-ifb-title-wrap\"><h3 class=\"uagb-ifb-title\">Benef\u00edcios para a sua organiza\u00e7\u00e3o<\/h3><\/div><p class=\"uagb-ifb-desc\">Ao estabelecer uma parceria com a ICS, os fabricantes de autom\u00f3veis e os fornecedores de mobilidade podem operacionalizar a interce\u00e7\u00e3o e a divulga\u00e7\u00e3o legais sem criar infra-estruturas personalizadas por pa\u00eds ou por LEA. Ganha-se uma capacidade consistente, baseada em normas, para responder a pedidos leg\u00edtimos de investiga\u00e7\u00e3o, reduzir o risco legal e de reputa\u00e7\u00e3o em torno da vigil\u00e2ncia de ve\u00edculos e demonstrar aos reguladores e defensores da privacidade que a conformidade e os direitos dos condutores est\u00e3o incorporados no design.<\/p><\/div><\/div>\n<\/div>\n<\/div>\n<\/div><\/div>","protected":false},"excerpt":{"rendered":"<p>Problem statement (privacy &amp; compliance) Connected cars behave like networked IoT devices: embedded SIMs continuously interact with mobile networks, making [&hellip;]<\/p>\n","protected":false},"author":1,"featured_media":0,"parent":1432,"menu_order":0,"comment_status":"closed","ping_status":"closed","template":"","meta":{"_uag_custom_page_level_css":"","site-sidebar-layout":"default","site-content-layout":"","ast-site-content-layout":"default","site-content-style":"default","site-sidebar-style":"default","ast-global-header-display":"","ast-banner-title-visibility":"","ast-main-header-display":"","ast-hfb-above-header-display":"","ast-hfb-below-header-display":"","ast-hfb-mobile-header-display":"","site-post-title":"disabled","ast-breadcrumbs-content":"","ast-featured-img":"","footer-sml-layout":"","ast-disable-related-posts":"","theme-transparent-header-meta":"default","adv-header-id-meta":"","stick-header-meta":"","header-above-stick-meta":"","header-main-stick-meta":"","header-below-stick-meta":"","astra-migrate-meta-layouts":"default","ast-page-background-enabled":"default","ast-page-background-meta":{"desktop":{"background-color":"var(--ast-global-color-5)","background-image":"","background-repeat":"repeat","background-position":"center center","background-size":"auto","background-attachment":"scroll","background-type":"","background-media":"","overlay-type":"","overlay-color":"","overlay-opacity":"","overlay-gradient":""},"tablet":{"background-color":"","background-image":"","background-repeat":"repeat","background-position":"center center","background-size":"auto","background-attachment":"scroll","background-type":"","background-media":"","overlay-type":"","overlay-color":"","overlay-opacity":"","overlay-gradient":""},"mobile":{"background-color":"","background-image":"","background-repeat":"repeat","background-position":"center center","background-size":"auto","background-attachment":"scroll","background-type":"","background-media":"","overlay-type":"","overlay-color":"","overlay-opacity":"","overlay-gradient":""}},"ast-content-background-meta":{"desktop":{"background-color":"var(--ast-global-color-4)","background-image":"","background-repeat":"repeat","background-position":"center center","background-size":"auto","background-attachment":"scroll","background-type":"","background-media":"","overlay-type":"","overlay-color":"","overlay-opacity":"","overlay-gradient":""},"tablet":{"background-color":"var(--ast-global-color-4)","background-image":"","background-repeat":"repeat","background-position":"center center","background-size":"auto","background-attachment":"scroll","background-type":"","background-media":"","overlay-type":"","overlay-color":"","overlay-opacity":"","overlay-gradient":""},"mobile":{"background-color":"var(--ast-global-color-4)","background-image":"","background-repeat":"repeat","background-position":"center center","background-size":"auto","background-attachment":"scroll","background-type":"","background-media":"","overlay-type":"","overlay-color":"","overlay-opacity":"","overlay-gradient":""}},"footnotes":""},"class_list":["post-1478","page","type-page","status-publish","hentry"],"uagb_featured_image_src":{"full":false,"thumbnail":false,"medium":false,"medium_large":false,"large":false,"1536x1536":false,"2048x2048":false,"trp-custom-language-flag":false},"uagb_author_info":{"display_name":"ICS Team","author_link":"https:\/\/ic-services.io\/pt\/author\/operations_q0xnxjbe\/"},"uagb_comment_info":0,"uagb_excerpt":"Problem statement (privacy &amp; compliance) Connected cars behave like networked IoT devices: embedded SIMs continuously interact with mobile networks, making [&hellip;]","_links":{"self":[{"href":"https:\/\/ic-services.io\/pt\/wp-json\/wp\/v2\/pages\/1478","targetHints":{"allow":["GET"]}}],"collection":[{"href":"https:\/\/ic-services.io\/pt\/wp-json\/wp\/v2\/pages"}],"about":[{"href":"https:\/\/ic-services.io\/pt\/wp-json\/wp\/v2\/types\/page"}],"author":[{"embeddable":true,"href":"https:\/\/ic-services.io\/pt\/wp-json\/wp\/v2\/users\/1"}],"replies":[{"embeddable":true,"href":"https:\/\/ic-services.io\/pt\/wp-json\/wp\/v2\/comments?post=1478"}],"version-history":[{"count":8,"href":"https:\/\/ic-services.io\/pt\/wp-json\/wp\/v2\/pages\/1478\/revisions"}],"predecessor-version":[{"id":1965,"href":"https:\/\/ic-services.io\/pt\/wp-json\/wp\/v2\/pages\/1478\/revisions\/1965"}],"up":[{"embeddable":true,"href":"https:\/\/ic-services.io\/pt\/wp-json\/wp\/v2\/pages\/1432"}],"wp:attachment":[{"href":"https:\/\/ic-services.io\/pt\/wp-json\/wp\/v2\/media?parent=1478"}],"curies":[{"name":"wp","href":"https:\/\/api.w.org\/{rel}","templated":true}]}}