{"id":2299,"date":"2026-04-10T12:14:58","date_gmt":"2026-04-10T11:14:58","guid":{"rendered":"https:\/\/ic-services.io\/solutions\/e-evidence-enterprise\/"},"modified":"2026-04-10T12:14:58","modified_gmt":"2026-04-10T11:14:58","slug":"e-empresa-de-provas","status":"publish","type":"page","link":"https:\/\/ic-services.io\/pt\/solutions\/e-evidence-enterprise\/","title":{"rendered":"e-Evidence para empresas e grandes plataformas"},"content":{"rendered":"<div class=\"wp-block-group alignfull is-layout-flow wp-block-group-is-layout-flow\" style=\"padding-top:0;padding-right:0;padding-bottom:0;padding-left:0\">\n<div style=\"background: linear-gradient(135deg, #0a1628 0%, #132040 100%); padding: 80px 20px;\">\n  <div style=\"max-width: 800px; margin: 0 auto; text-align: center;\">\n    <p style=\"color: #e94560; font-size: 13px; font-weight: 700; letter-spacing: 3px; text-transform: uppercase; margin-bottom: 8px;\">Provas electr\u00f3nicas da empresa<\/p>\n    <h1 style=\"color: #ffffff; font-size: 42px; font-weight: 700; margin-bottom: 20px; line-height: 1.2;\">Conformidade de provas electr\u00f3nicas para grandes plataformas e empresas<\/h1>\n    <p style=\"color: #b0b8c8; font-size: 18px; line-height: 1.7; margin-bottom: 30px;\">Orquestra\u00e7\u00e3o de fluxos de trabalho de n\u00edvel empresarial para plataformas muito grandes com elevados volumes de pedidos. Desde o processamento autom\u00e1tico de encomendas at\u00e9 aos servi\u00e7os de estabelecimento designados e \u00e0 integra\u00e7\u00e3o da equipa jur\u00eddica.<\/p>\n    <a href=\"\/pt\/contacto\/\" style=\"display: inline-block; background: #e94560; color: #ffffff; padding: 16px 40px; border-radius: 4px; text-decoration: none; font-weight: 600; font-size: 16px;\">Pedir uma demonstra\u00e7\u00e3o<\/a>\n  <\/div>\n<\/div>\n<\/div>\n\n\n\n<h2 class=\"wp-block-heading\">Criado para ser dimensionado: Orquestra\u00e7\u00e3o do fluxo de trabalho empresarial<\/h2>\n\n\n\n<p>As plataformas digitais de muito grande dimens\u00e3o, os grandes grupos de telecomunica\u00e7\u00f5es, os fornecedores de servi\u00e7os de computa\u00e7\u00e3o em nuvem em hiperescala e os operadores de servi\u00e7os pan-europeus enfrentam um desafio fundamentalmente diferente ao abrigo do regulamento da UE relativo \u00e0s provas electr\u00f3nicas. Com bases de subscritores na ordem das dezenas de milh\u00f5es e opera\u00e7\u00f5es que abrangem v\u00e1rias jurisdi\u00e7\u00f5es da UE, estas organiza\u00e7\u00f5es receber\u00e3o anualmente milhares de ordens de produ\u00e7\u00e3o e de conserva\u00e7\u00e3o de provas europeias. Precisam de mais do que uma simples ferramenta de conformidade. Precisam de uma plataforma de orquestra\u00e7\u00e3o do fluxo de trabalho de n\u00edvel empresarial que se integre nas suas opera\u00e7\u00f5es jur\u00eddicas, equipas de confian\u00e7a e seguran\u00e7a e infra-estruturas de dados existentes.<\/p>\n\n\n\n<h2 class=\"wp-block-heading\">Capacidades da plataforma empresarial<\/h2>\n\n\n\n<h3 class=\"wp-block-heading\">Gest\u00e3o do fluxo de trabalho de v\u00e1rias equipas<\/h3>\n\n\n\n<p>A plataforma ICS Enterprise e-Evidence suporta estruturas organizacionais complexas com controlo de acesso baseado em fun\u00e7\u00f5es, cadeias de aprova\u00e7\u00e3o em v\u00e1rias fases e pain\u00e9is de controlo espec\u00edficos para cada equipa. As equipas jur\u00eddicas analisam a validade e a autoridade jurisdicional dos pedidos recebidos. As equipas de conformidade gerem o acompanhamento de SLA e os relat\u00f3rios regulamentares. As equipas de engenharia de dados configuram e monitorizam os pipelines de extra\u00e7\u00e3o automatizados. Cada equipa v\u00ea apenas o que precisa, mantendo uma pista de auditoria completa em todo o processo.<\/p>\n\n\n\n<h3 class=\"wp-block-heading\">Arquitetura API-First<\/h3>\n\n\n\n<p>As grandes plataformas j\u00e1 operam sofisticadas cadeias de ferramentas de opera\u00e7\u00f5es jur\u00eddicas baseadas em ServiceNow, Jira, sistemas de gest\u00e3o de processos personalizados ou plataformas de opera\u00e7\u00f5es jur\u00eddicas dedicadas. A plataforma ICS e-Evidence integra-se atrav\u00e9s de uma API REST abrangente que permite o fluxo de dados bidirecional. Os pedidos de EPOC recebidos s\u00e3o automaticamente encaminhados para o seu sistema de emiss\u00e3o de bilhetes existente. Atualiza\u00e7\u00f5es de status, obje\u00e7\u00f5es e confirma\u00e7\u00f5es de entrega retornam atrav\u00e9s da API. Isto elimina a duplica\u00e7\u00e3o da introdu\u00e7\u00e3o de dados e garante que a sua equipa jur\u00eddica trabalha no seu ambiente familiar.<\/p>\n\n\n\n<h3 class=\"wp-block-heading\">Processamento de encomendas de grande volume<\/h3>\n\n\n\n<p>A plataforma processa milhares de encomendas em simult\u00e2neo com a atribui\u00e7\u00e3o autom\u00e1tica de prioridades com base na categoria dos dados, na classifica\u00e7\u00e3o da urg\u00eancia e nos requisitos jurisdicionais. As capacidades de processamento em massa garantem que, mesmo durante os per\u00edodos de pico, os prazos normais de 10 dias e as janelas de emerg\u00eancia de 8 horas s\u00e3o cumpridos de forma consistente. Os pain\u00e9is de controlo em tempo real proporcionam visibilidade ao n\u00edvel da dire\u00e7\u00e3o sobre o estado de conformidade, os pedidos pendentes e as m\u00e9tricas de resposta.<\/p>\n\n\n\n<h2 class=\"wp-block-heading\">Estabelecimento designado como um servi\u00e7o<\/h2>\n\n\n\n<p>As plataformas com sede fora da UE devem nomear um estabelecimento designado ou um representante legal na UE, registado junto da autoridade nacional (na Alemanha: o Bundesamt fuer Justiz). O ICS oferece isto como um servi\u00e7o gerido: actuamos como o seu ponto de contacto registado na UE (Adressat), recebemos e validamos as encomendas EPOC recebidas em seu nome, realizamos a avalia\u00e7\u00e3o jur\u00eddica inicial e encaminhamos os casos complexos para a sua equipa interna jur\u00eddica ou de confian\u00e7a e seguran\u00e7a. Este front-end de opera\u00e7\u00f5es jur\u00eddicas subcontratadas significa que n\u00e3o precisa de criar de raiz uma equipa de rece\u00e7\u00e3o de pedidos jur\u00eddicos na UE, 24 horas por dia, 7 dias por semana.<\/p>\n\n\n\n<h2 class=\"wp-block-heading\">Porqu\u00ea o ICS em vez de construir internamente<\/h2>\n\n\n\n<p>As grandes plataformas consideram por vezes a possibilidade de construir internamente uma infraestrutura de resposta a provas electr\u00f3nicas. O ICS oferece uma alternativa interessante: uma plataforma comprovada e certificada pelo ETSI que pode ser implantada em semanas, em vez dos meses necess\u00e1rios para uma constru\u00e7\u00e3o interna. Ao contr\u00e1rio das ferramentas de fluxo de trabalho puro que apenas gerem o processo jur\u00eddico, o ICS combina a orquestra\u00e7\u00e3o do fluxo de trabalho com capacidades reais de extra\u00e7\u00e3o de dados. A nossa plataforma liga-se \u00e0 sua infraestrutura de rede, bases de dados e sistemas de armazenamento para automatizar todo o processo, desde a rece\u00e7\u00e3o da encomenda at\u00e9 \u00e0 entrega dos dados encriptados. Esta \u00e9 a camada de fluxo de trabalho mais o backend t\u00e9cnico numa plataforma \u00fanica e audit\u00e1vel.<\/p>\n\n\n\n<h2 class=\"wp-block-heading\">Aumento da equipa de confian\u00e7a e seguran\u00e7a<\/h2>\n\n\n\n<p>Para as plataformas que n\u00e3o pretendem criar ou expandir uma equipa interna de opera\u00e7\u00f5es jur\u00eddicas 24\/7 dedicada \u00e0s provas electr\u00f3nicas, o ICS oferece um servi\u00e7o de gest\u00e3o de opera\u00e7\u00f5es jur\u00eddicas. O nosso pessoal, que possui todas as autoriza\u00e7\u00f5es de seguran\u00e7a necess\u00e1rias, serve como equipa de an\u00e1lise de primeira linha para as encomendas EPOC recebidas. Validamos a autoridade jur\u00eddica, verificamos os requisitos jurisdicionais e iniciamos fluxos de trabalho de extra\u00e7\u00e3o de dados padr\u00e3o. Apenas os casos complexos que requerem um parecer jur\u00eddico s\u00e3o encaminhados para a sua equipa interna. Isto reduz drasticamente a carga operacional, mantendo a conformidade total.<\/p>\n\n\n\n<div class=\"wp-block-buttons is-content-justification-center is-layout-flex wp-container-core-buttons-is-layout-a89b3969 wp-block-buttons-is-layout-flex\">\n<div class=\"wp-block-button\"><a class=\"wp-block-button__link has-white-color has-vivid-red-background-color has-text-color has-background wp-element-button\" href=\"\/pt\/contacto\/\">Discutir os requisitos da sua empresa<\/a><\/div>\n<\/div>","protected":false},"excerpt":{"rendered":"<p>Enterprise e-Evidence e-Evidence Compliance for Large Platforms and Enterprises Enterprise-grade workflow orchestration for very large platforms with high request volumes. [&hellip;]<\/p>\n","protected":false},"author":7,"featured_media":0,"parent":1293,"menu_order":0,"comment_status":"closed","ping_status":"closed","template":"","meta":{"_uag_custom_page_level_css":"","site-sidebar-layout":"default","site-content-layout":"","ast-site-content-layout":"default","site-content-style":"default","site-sidebar-style":"default","ast-global-header-display":"","ast-banner-title-visibility":"","ast-main-header-display":"","ast-hfb-above-header-display":"","ast-hfb-below-header-display":"","ast-hfb-mobile-header-display":"","site-post-title":"","ast-breadcrumbs-content":"","ast-featured-img":"","footer-sml-layout":"","ast-disable-related-posts":"","theme-transparent-header-meta":"","adv-header-id-meta":"","stick-header-meta":"","header-above-stick-meta":"","header-main-stick-meta":"","header-below-stick-meta":"","astra-migrate-meta-layouts":"default","ast-page-background-enabled":"default","ast-page-background-meta":{"desktop":{"background-color":"var(--ast-global-color-5)","background-image":"","background-repeat":"repeat","background-position":"center center","background-size":"auto","background-attachment":"scroll","background-type":"","background-media":"","overlay-type":"","overlay-color":"","overlay-opacity":"","overlay-gradient":""},"tablet":{"background-color":"","background-image":"","background-repeat":"repeat","background-position":"center center","background-size":"auto","background-attachment":"scroll","background-type":"","background-media":"","overlay-type":"","overlay-color":"","overlay-opacity":"","overlay-gradient":""},"mobile":{"background-color":"","background-image":"","background-repeat":"repeat","background-position":"center center","background-size":"auto","background-attachment":"scroll","background-type":"","background-media":"","overlay-type":"","overlay-color":"","overlay-opacity":"","overlay-gradient":""}},"ast-content-background-meta":{"desktop":{"background-color":"var(--ast-global-color-4)","background-image":"","background-repeat":"repeat","background-position":"center center","background-size":"auto","background-attachment":"scroll","background-type":"","background-media":"","overlay-type":"","overlay-color":"","overlay-opacity":"","overlay-gradient":""},"tablet":{"background-color":"var(--ast-global-color-4)","background-image":"","background-repeat":"repeat","background-position":"center center","background-size":"auto","background-attachment":"scroll","background-type":"","background-media":"","overlay-type":"","overlay-color":"","overlay-opacity":"","overlay-gradient":""},"mobile":{"background-color":"var(--ast-global-color-4)","background-image":"","background-repeat":"repeat","background-position":"center center","background-size":"auto","background-attachment":"scroll","background-type":"","background-media":"","overlay-type":"","overlay-color":"","overlay-opacity":"","overlay-gradient":""}},"footnotes":""},"class_list":["post-2299","page","type-page","status-publish","hentry"],"uagb_featured_image_src":{"full":false,"thumbnail":false,"medium":false,"medium_large":false,"large":false,"1536x1536":false,"2048x2048":false,"trp-custom-language-flag":false},"uagb_author_info":{"display_name":"David Son","author_link":"https:\/\/ic-services.io\/pt\/author\/david\/"},"uagb_comment_info":0,"uagb_excerpt":"Enterprise e-Evidence e-Evidence Compliance for Large Platforms and Enterprises Enterprise-grade workflow orchestration for very large platforms with high request volumes. [&hellip;]","_links":{"self":[{"href":"https:\/\/ic-services.io\/pt\/wp-json\/wp\/v2\/pages\/2299","targetHints":{"allow":["GET"]}}],"collection":[{"href":"https:\/\/ic-services.io\/pt\/wp-json\/wp\/v2\/pages"}],"about":[{"href":"https:\/\/ic-services.io\/pt\/wp-json\/wp\/v2\/types\/page"}],"author":[{"embeddable":true,"href":"https:\/\/ic-services.io\/pt\/wp-json\/wp\/v2\/users\/7"}],"replies":[{"embeddable":true,"href":"https:\/\/ic-services.io\/pt\/wp-json\/wp\/v2\/comments?post=2299"}],"version-history":[{"count":0,"href":"https:\/\/ic-services.io\/pt\/wp-json\/wp\/v2\/pages\/2299\/revisions"}],"up":[{"embeddable":true,"href":"https:\/\/ic-services.io\/pt\/wp-json\/wp\/v2\/pages\/1293"}],"wp:attachment":[{"href":"https:\/\/ic-services.io\/pt\/wp-json\/wp\/v2\/media?parent=2299"}],"curies":[{"name":"wp","href":"https:\/\/api.w.org\/{rel}","templated":true}]}}