{"id":2307,"date":"2026-04-10T12:18:03","date_gmt":"2026-04-10T11:18:03","guid":{"rendered":"https:\/\/ic-services.io\/industries\/saas-cloud-digital-platforms\/"},"modified":"2026-04-10T12:18:03","modified_gmt":"2026-04-10T11:18:03","slug":"saas-plataformas-digitais-em-nuvem","status":"publish","type":"page","link":"https:\/\/ic-services.io\/pt\/industries\/saas-cloud-digital-platforms\/","title":{"rendered":"SaaS, Nuvem e Plataformas Digitais"},"content":{"rendered":"<div class=\"wp-block-group alignfull is-layout-flow wp-block-group-is-layout-flow\" style=\"padding-top:0;padding-right:0;padding-bottom:0;padding-left:0\">\n<div style=\"background: linear-gradient(135deg, #0a1628 0%, #132040 100%); padding: 80px 20px;\">\n  <div style=\"max-width: 800px; margin: 0 auto; text-align: center;\">\n    <p style=\"color: #e94560; font-size: 13px; font-weight: 700; letter-spacing: 3px; text-transform: uppercase; margin-bottom: 8px;\">Solu\u00e7\u00f5es para o sector<\/p>\n    <h1 style=\"color: #ffffff; font-size: 42px; font-weight: 700; margin-bottom: 20px; line-height: 1.2;\">Conformidade de provas electr\u00f3nicas para SaaS, nuvem e plataformas digitais<\/h1>\n    <p style=\"color: #b0b8c8; font-size: 18px; line-height: 1.7; margin-bottom: 30px;\">Os fornecedores de servi\u00e7os em nuvem, plataformas SaaS, mercados online e fornecedores de servi\u00e7os digitais enfrentam novas obriga\u00e7\u00f5es de conformidade ao abrigo do Regulamento da UE 2023\/1543. O ICS fornece a tecnologia e a experi\u00eancia para atender a todos os requisitos.<\/p>\n    <a href=\"\/pt\/contacto\/\" style=\"display: inline-block; background: #e94560; color: #ffffff; padding: 16px 40px; border-radius: 4px; text-decoration: none; font-weight: 600; font-size: 16px;\">Falar com um especialista<\/a>\n  <\/div>\n<\/div>\n<\/div>\n\n\n\n<h2 class=\"wp-block-heading\">Quem est\u00e1 abrangido pelo \u00e2mbito de aplica\u00e7\u00e3o?<\/h2>\n\n\n\n<p>O regulamento da UE relativo \u00e0s provas electr\u00f3nicas aplica-se muito para al\u00e9m das telecomunica\u00e7\u00f5es tradicionais. Os fornecedores de armazenamento em nuvem, as plataformas SaaS, os mercados em linha, as redes sociais, os servi\u00e7os de mensagens, os fornecedores de alojamento, os servi\u00e7os de correio eletr\u00f3nico e os servi\u00e7os de dom\u00ednio Internet e de numera\u00e7\u00e3o IP est\u00e3o explicitamente abrangidos. As obriga\u00e7\u00f5es estendem-se \u00e0s empresas n\u00e3o comunit\u00e1rias que oferecem servi\u00e7os na Uni\u00e3o. Estima-se que, s\u00f3 na Alemanha, 9 000 empresas sejam abrangidas pelo \u00e2mbito de aplica\u00e7\u00e3o.<\/p>\n\n\n\n<h2 class=\"wp-block-heading\">Desafios de conformidade para as plataformas digitais<\/h2>\n\n\n\n<p>Ao contr\u00e1rio dos operadores de telecomunica\u00e7\u00f5es com quadros de interce\u00e7\u00e3o legal estabelecidos, muitos fornecedores de SaaS e de servi\u00e7os de computa\u00e7\u00e3o em nuvem nunca tiveram de processar pedidos de dados obrigat\u00f3rios de aplica\u00e7\u00e3o da lei a esta escala. O regulamento relativo \u00e0s provas electr\u00f3nicas exige a entrada automatizada de pedidos atrav\u00e9s do sistema e-CODEX da UE, a capacidade de extrair e fornecer quatro categorias de dados (assinante, acesso, transa\u00e7\u00e3o, conte\u00fado) dentro de prazos rigorosos, um ponto de contacto designado na UE registado junto da autoridade nacional e uma documenta\u00e7\u00e3o exaustiva da pista de auditoria. O ICS fornece uma plataforma de conformidade pronta a utilizar, especificamente concebida para os fornecedores de servi\u00e7os digitais que entram pela primeira vez neste cen\u00e1rio regulamentar.<\/p>\n\n\n\n<h2 class=\"wp-block-heading\">As nossas solu\u00e7\u00f5es para plataformas digitais<\/h2>\n\n\n\n<p>A plataforma de conformidade ICS e-Evidence se adapta \u00e0 arquitetura t\u00e9cnica de ambientes modernos de nuvem e SaaS. Os conectores pr\u00e9-constru\u00eddos suportam provedores comuns de infraestrutura de nuvem, sistemas de banco de dados e estruturas de aplicativos. A plataforma integra-se com os seus sistemas existentes de autentica\u00e7\u00e3o, registo e gest\u00e3o de dados para automatizar a extra\u00e7\u00e3o de provas. Para plataformas sem infraestrutura de conformidade existente, o ICS fornece um servi\u00e7o gerenciado completo, incluindo estabelecimento designado, processamento de pedidos e entrega segura de dados.<\/p>\n\n\n\n<div class=\"wp-block-buttons is-content-justification-center is-layout-flex wp-container-core-buttons-is-layout-a89b3969 wp-block-buttons-is-layout-flex\">\n<div class=\"wp-block-button\"><a class=\"wp-block-button__link has-white-color has-vivid-red-background-color has-text-color has-background wp-element-button\" href=\"\/pt\/solucoes\/e-conformidade-das-provas\/\">Explore a nossa solu\u00e7\u00e3o e-Evidence<\/a><\/div>\n<\/div>","protected":false},"excerpt":{"rendered":"<p>Industry Solutions e-Evidence Compliance for SaaS, Cloud and Digital Platforms Cloud providers, SaaS platforms, online marketplaces and digital service providers [&hellip;]<\/p>\n","protected":false},"author":7,"featured_media":0,"parent":1432,"menu_order":0,"comment_status":"closed","ping_status":"closed","template":"","meta":{"_uag_custom_page_level_css":"","site-sidebar-layout":"default","site-content-layout":"","ast-site-content-layout":"default","site-content-style":"default","site-sidebar-style":"default","ast-global-header-display":"","ast-banner-title-visibility":"","ast-main-header-display":"","ast-hfb-above-header-display":"","ast-hfb-below-header-display":"","ast-hfb-mobile-header-display":"","site-post-title":"","ast-breadcrumbs-content":"","ast-featured-img":"","footer-sml-layout":"","ast-disable-related-posts":"","theme-transparent-header-meta":"","adv-header-id-meta":"","stick-header-meta":"","header-above-stick-meta":"","header-main-stick-meta":"","header-below-stick-meta":"","astra-migrate-meta-layouts":"default","ast-page-background-enabled":"default","ast-page-background-meta":{"desktop":{"background-color":"var(--ast-global-color-5)","background-image":"","background-repeat":"repeat","background-position":"center center","background-size":"auto","background-attachment":"scroll","background-type":"","background-media":"","overlay-type":"","overlay-color":"","overlay-opacity":"","overlay-gradient":""},"tablet":{"background-color":"","background-image":"","background-repeat":"repeat","background-position":"center center","background-size":"auto","background-attachment":"scroll","background-type":"","background-media":"","overlay-type":"","overlay-color":"","overlay-opacity":"","overlay-gradient":""},"mobile":{"background-color":"","background-image":"","background-repeat":"repeat","background-position":"center center","background-size":"auto","background-attachment":"scroll","background-type":"","background-media":"","overlay-type":"","overlay-color":"","overlay-opacity":"","overlay-gradient":""}},"ast-content-background-meta":{"desktop":{"background-color":"var(--ast-global-color-4)","background-image":"","background-repeat":"repeat","background-position":"center center","background-size":"auto","background-attachment":"scroll","background-type":"","background-media":"","overlay-type":"","overlay-color":"","overlay-opacity":"","overlay-gradient":""},"tablet":{"background-color":"var(--ast-global-color-4)","background-image":"","background-repeat":"repeat","background-position":"center center","background-size":"auto","background-attachment":"scroll","background-type":"","background-media":"","overlay-type":"","overlay-color":"","overlay-opacity":"","overlay-gradient":""},"mobile":{"background-color":"var(--ast-global-color-4)","background-image":"","background-repeat":"repeat","background-position":"center center","background-size":"auto","background-attachment":"scroll","background-type":"","background-media":"","overlay-type":"","overlay-color":"","overlay-opacity":"","overlay-gradient":""}},"footnotes":""},"class_list":["post-2307","page","type-page","status-publish","hentry"],"uagb_featured_image_src":{"full":false,"thumbnail":false,"medium":false,"medium_large":false,"large":false,"1536x1536":false,"2048x2048":false,"trp-custom-language-flag":false},"uagb_author_info":{"display_name":"David Son","author_link":"https:\/\/ic-services.io\/pt\/author\/david\/"},"uagb_comment_info":0,"uagb_excerpt":"Industry Solutions e-Evidence Compliance for SaaS, Cloud and Digital Platforms Cloud providers, SaaS platforms, online marketplaces and digital service providers [&hellip;]","_links":{"self":[{"href":"https:\/\/ic-services.io\/pt\/wp-json\/wp\/v2\/pages\/2307","targetHints":{"allow":["GET"]}}],"collection":[{"href":"https:\/\/ic-services.io\/pt\/wp-json\/wp\/v2\/pages"}],"about":[{"href":"https:\/\/ic-services.io\/pt\/wp-json\/wp\/v2\/types\/page"}],"author":[{"embeddable":true,"href":"https:\/\/ic-services.io\/pt\/wp-json\/wp\/v2\/users\/7"}],"replies":[{"embeddable":true,"href":"https:\/\/ic-services.io\/pt\/wp-json\/wp\/v2\/comments?post=2307"}],"version-history":[{"count":0,"href":"https:\/\/ic-services.io\/pt\/wp-json\/wp\/v2\/pages\/2307\/revisions"}],"up":[{"embeddable":true,"href":"https:\/\/ic-services.io\/pt\/wp-json\/wp\/v2\/pages\/1432"}],"wp:attachment":[{"href":"https:\/\/ic-services.io\/pt\/wp-json\/wp\/v2\/media?parent=2307"}],"curies":[{"name":"wp","href":"https:\/\/api.w.org\/{rel}","templated":true}]}}